{"id":580,"date":"2019-02-05T08:53:53","date_gmt":"2019-02-05T07:53:53","guid":{"rendered":"http:\/\/websrv.saske.sk\/uef\/en\/?page_id=580"},"modified":"2019-02-05T09:50:14","modified_gmt":"2019-02-05T08:50:14","slug":"staff","status":"publish","type":"page","link":"https:\/\/websrv.saske.sk\/uef\/en\/departments\/department-of-subnuclear-physics\/staff\/","title":{"rendered":"Staff"},"content":{"rendered":"\n<table class=\"wp-block-table alignleft\"><tbody><tr><th><strong>Head of the department:<\/strong><\/th><\/tr><tr><td><a href=\"http:\/\/www.sav.sk\/index.php?lang=sk&amp;charset=&amp;doc=org-user&amp;user_no=4003\">RNDr. Ivan Kr\u00e1lik, CSc.<\/a><\/td><\/tr><\/tbody><\/table>\n\n\n\n<table class=\"wp-block-table aligncenter\"><tbody><tr><td><a href=\"http:\/\/www.sav.sk\/index.php?lang=sk&amp;charset=&amp;doc=org-user&amp;user_no=2805\">Doc. RNDr. Du\u0161an Bruncko, CSc.<\/a><\/td><\/tr><tr><th><a href=\"http:\/\/www.sav.sk\/index.php?lang=sk&amp;charset=&amp;doc=org-user&amp;user_no=4029\">Ing. Mari\u00e1n Krivda, PhD.<\/a><\/th><\/tr><tr><th><a href=\"http:\/\/www.sav.sk\/index.php?lang=sk&amp;charset=&amp;doc=org-user&amp;user_no=3997\">Ing. Ingrid Ku\u013ekov\u00e1<\/a><\/th><\/tr><tr><th><a href=\"http:\/\/www.sav.sk\/index.php?lang=sk&amp;charset=&amp;doc=org-user&amp;user_no=10448\">RNDr. Pavel Mur\u00edn,CSc.<\/a><\/th><\/tr><tr><th><a href=\"http:\/\/www.sav.sk\/index.php?lang=sk&amp;charset=&amp;doc=org-user&amp;user_no=6268\">Ing. Miloslav Straka<\/a><\/th><\/tr><tr><th><a href=\"http:\/\/www.sav.sk\/index.php?lang=sk&amp;charset=&amp;doc=org-user&amp;user_no=4011\">&nbsp;RNDr. Pavol Str\u00ed\u017eenec, CSc.<\/a><\/th><\/tr><tr><th><a href=\"http:\/\/www.sav.sk\/index.php?lang=sk&amp;charset=&amp;doc=user-org-user&amp;user_no=9153\">Doc. RNDr. Jozef Urb\u00e1n, CSc<\/a>.<\/th><\/tr><tr><th><a href=\"http:\/\/www.sav.sk\/index.php?lang=sk&amp;charset=&amp;doc=org-user&amp;user_no=4230\">&nbsp;Ing. Jozef \u0160palek<\/a><\/th><\/tr><tr><th><a href=\"http:\/\/www.sav.sk\/index.php?lang=sk&amp;charset=&amp;doc=org-user&amp;user_no=7001\">RNDr. Peter Kali\u0148\u00e1k, PhD.<\/a><\/th><\/tr><tr><th><a href=\"http:\/\/www.sav.sk\/index.php?lang=sk&amp;charset=&amp;doc=user-org-user&amp;user_no=9026\">Mgr. J\u00e1n Mu\u0161insk\u00fd, PhD.<\/a><\/th><\/tr><tr><th><a href=\"http:\/\/www.sav.sk\/index.php?lang=sk&amp;charset=&amp;doc=user-org-user&amp;user_no=10530\">Mgr. Filom\u00e9na Sopkov\u00e1<\/a><\/th><\/tr><\/tbody><\/table>\n","protected":false},"excerpt":{"rendered":"<p>Head of the department: RNDr. Ivan Kr\u00e1lik, CSc. Doc. RNDr. Du\u0161an Bruncko, CSc. Ing. Mari\u00e1n Krivda, PhD. Ing. Ingrid Ku\u013ekov\u00e1 RNDr. Pavel Mur\u00edn,CSc. Ing. Miloslav&#8230;<\/p>\n","protected":false},"author":1,"featured_media":0,"parent":306,"menu_order":5,"comment_status":"closed","ping_status":"closed","template":"","meta":{"footnotes":""},"_links":{"self":[{"href":"https:\/\/websrv.saske.sk\/uef\/en\/wp-json\/wp\/v2\/pages\/580"}],"collection":[{"href":"https:\/\/websrv.saske.sk\/uef\/en\/wp-json\/wp\/v2\/pages"}],"about":[{"href":"https:\/\/websrv.saske.sk\/uef\/en\/wp-json\/wp\/v2\/types\/page"}],"author":[{"embeddable":true,"href":"https:\/\/websrv.saske.sk\/uef\/en\/wp-json\/wp\/v2\/users\/1"}],"replies":[{"embeddable":true,"href":"https:\/\/websrv.saske.sk\/uef\/en\/wp-json\/wp\/v2\/comments?post=580"}],"version-history":[{"count":4,"href":"https:\/\/websrv.saske.sk\/uef\/en\/wp-json\/wp\/v2\/pages\/580\/revisions"}],"predecessor-version":[{"id":702,"href":"https:\/\/websrv.saske.sk\/uef\/en\/wp-json\/wp\/v2\/pages\/580\/revisions\/702"}],"up":[{"embeddable":true,"href":"https:\/\/websrv.saske.sk\/uef\/en\/wp-json\/wp\/v2\/pages\/306"}],"wp:attachment":[{"href":"https:\/\/websrv.saske.sk\/uef\/en\/wp-json\/wp\/v2\/media?parent=580"}],"curies":[{"name":"wp","href":"https:\/\/api.w.org\/{rel}","templated":true}]}}