{"id":543,"date":"2019-02-04T16:09:10","date_gmt":"2019-02-04T15:09:10","guid":{"rendered":"http:\/\/websrv.saske.sk\/uef\/en\/?page_id=543"},"modified":"2019-02-05T15:49:39","modified_gmt":"2019-02-05T14:49:39","slug":"staff","status":"publish","type":"page","link":"https:\/\/websrv.saske.sk\/uef\/en\/departments\/department-of-theoretical-physics\/staff\/","title":{"rendered":"Staff"},"content":{"rendered":"\n<table class=\"wp-block-table\"><tbody><tr><td><strong>Head of Department<\/strong><\/td><\/tr><tr><td><br><a href=\"http:\/\/www.sav.sk\/index.php?lang=en&amp;doc=user-org-user&amp;user_no=4007\">RNDr. Pavol Farka\u0161ovsk\u00fd, DrSc.<\/a><br><a href=\"http:\/\/www.saske.sk\/farky\/\">\ufeff[Personal Homepage]<\/a><\/td><\/tr><tr><td><br><strong>Deputy Head of Department<\/strong><\/td><\/tr><tr><td><a href=\"http:\/\/www.sav.sk\/index.php?lang=en&amp;doc=user-org-user&amp;user_no=6281\">RNDr. Mari\u00e1n Jur\u010di\u0161in, PhD.<\/a><\/td><\/tr><tr><td><br><strong>Researchers<\/strong><\/td><\/tr><tr><td><a href=\"http:\/\/www.sav.sk\/index.php?lang=en&amp;doc=user-org-user&amp;user_no=5431\">RNDr. Hana \u010cen\u010darikov\u00e1, PhD.<\/a><\/td><\/tr><tr><td><a href=\"http:\/\/www.sav.sk\/index.php?lang=sk&amp;doc=user-org-user&amp;user_no=2808\">prof.&nbsp;RNDr. Michal Hnati\u010d, DrSc.<\/a><\/td><\/tr><tr><td><a href=\"http:\/\/www.sav.sk\/index.php?lang=en&amp;doc=user-org-user&amp;user_no=6288\">RNDr. Eva Jur\u010di\u0161inov\u00e1, PhD.<\/a><\/td><\/tr><tr><td><a href=\"http:\/\/www.sav.sk\/index.php?lang=en&amp;doc=user-org-user&amp;user_no=4000\">doc. RNDr. Peter Kop\u010dansk\u00fd, CSc.<\/a><\/td><\/tr><tr><td><a href=\"http:\/\/www.sav.sk\/index.php?lang=sk&amp;doc=user-org-user&amp;user_no=4023\">RNDr. Martin Kupka, CSc.<\/a><\/td><\/tr><tr><td><a href=\"http:\/\/www.sav.sk\/index.php?lang=en&amp;doc=user-org-user&amp;user_no=4014\">RNDr. J\u00e1n Nem\u010d\u00edk, CSc.<\/a><\/td><\/tr><tr><td><a href=\"http:\/\/www.sav.sk\/index.php?lang=sk&amp;doc=user-org-user&amp;user_no=6283\">RNDr. Richard Pin\u010d\u00e1k, PhD.<\/a><\/td><\/tr><tr><td><br><strong>Doktorandi:<\/strong><\/td><\/tr><tr><td><\/td><\/tr><tr><td><a href=\"http:\/\/www.sav.sk\/?lang=sk&amp;doc=user-org-user&amp;user_no=10968&amp;lang_change=en\">Mgr. \u013dubom\u00edra Reg\u00e9ciov\u00e1<\/a><\/td><\/tr><\/tbody><\/table>\n","protected":false},"excerpt":{"rendered":"<p>Head of Department RNDr. Pavol Farka\u0161ovsk\u00fd, DrSc.\ufeff[Personal Homepage] Deputy Head of Department RNDr. Mari\u00e1n Jur\u010di\u0161in, PhD. Researchers RNDr. Hana \u010cen\u010darikov\u00e1, PhD. prof.&nbsp;RNDr. Michal Hnati\u010d, DrSc&#8230;.<\/p>\n","protected":false},"author":1,"featured_media":0,"parent":308,"menu_order":0,"comment_status":"closed","ping_status":"closed","template":"","meta":{"footnotes":""},"_links":{"self":[{"href":"https:\/\/websrv.saske.sk\/uef\/en\/wp-json\/wp\/v2\/pages\/543"}],"collection":[{"href":"https:\/\/websrv.saske.sk\/uef\/en\/wp-json\/wp\/v2\/pages"}],"about":[{"href":"https:\/\/websrv.saske.sk\/uef\/en\/wp-json\/wp\/v2\/types\/page"}],"author":[{"embeddable":true,"href":"https:\/\/websrv.saske.sk\/uef\/en\/wp-json\/wp\/v2\/users\/1"}],"replies":[{"embeddable":true,"href":"https:\/\/websrv.saske.sk\/uef\/en\/wp-json\/wp\/v2\/comments?post=543"}],"version-history":[{"count":5,"href":"https:\/\/websrv.saske.sk\/uef\/en\/wp-json\/wp\/v2\/pages\/543\/revisions"}],"predecessor-version":[{"id":750,"href":"https:\/\/websrv.saske.sk\/uef\/en\/wp-json\/wp\/v2\/pages\/543\/revisions\/750"}],"up":[{"embeddable":true,"href":"https:\/\/websrv.saske.sk\/uef\/en\/wp-json\/wp\/v2\/pages\/308"}],"wp:attachment":[{"href":"https:\/\/websrv.saske.sk\/uef\/en\/wp-json\/wp\/v2\/media?parent=543"}],"curies":[{"name":"wp","href":"https:\/\/api.w.org\/{rel}","templated":true}]}}