{"id":53,"date":"2018-09-14T16:38:24","date_gmt":"2018-09-14T14:38:24","guid":{"rendered":"http:\/\/websrv.saske.sk\/uef\/en\/?page_id=53"},"modified":"2024-03-27T13:52:22","modified_gmt":"2024-03-27T12:52:22","slug":"conferences","status":"publish","type":"page","link":"https:\/\/websrv.saske.sk\/uef\/en\/news\/conferences\/","title":{"rendered":"Conferences"},"content":{"rendered":"\r\n<ul>\r\n<li><a href=\"https:\/\/neon.dpp.fmph.uniba.sk\/kcsf21\/\"><strong>21. konferencia \u010desk\u00fdch a slovensk\u00fdch fyzikov,<\/strong><\/a> September 4-7, 2023, FMFI UK Bratislava<\/li>\r\n<li><a href=\"https:\/\/websrv.saske.sk\/EMP-UserMeeting2022\/\"><strong>EMP User Meeting<\/strong><\/a><strong>,<\/strong> September 18-22, 2022, High Tatras<\/li>\r\n<li><strong><a href=\"http:\/\/kf.elf.stuba.sk\/~26konferencia\/\">26. konferencia slovensk\u00fdch fyzikov<\/a>,<\/strong> September 5-8, 2022, Ko\u0161ice<\/li>\r\n<\/ul>\r\n<p>&nbsp;<\/p>\r\n<p><span style=\"color: #000000;\">Older conferences:<\/span><\/p>\r\n<ul>\r\n<li><strong><a href=\"http:\/\/kf.elf.stuba.sk\/~25konferencia\/\">25. konferencia slovensk\u00fdch fyzikov<\/a>,<\/strong> September 6-9, 2021, F\u00da SAV Bratislava<\/li>\r\n<li><strong><a href=\"https:\/\/nanocohybri.inc.uam.es\/superconducting-hybrids-extreme-hybrid-online-in-person-meeting-slovakia-28th-june-to-02-july-2021-2\/\">Superconducting Hybrids @ Extreme<\/a>,<\/strong> June 27-July 2, 2021, High Tatras<\/li>\r\n<li><strong><a href=\"http:\/\/indico.cern.ch\/event\/20kcsf\">20th Conference of Czech and Slovak Physicists<\/a>,<\/strong> September 7-10, 2020, Prague<\/li>\r\n<li><strong><a href=\"http:\/\/cryocourse2019.saske.sk\/\"> Cryocourse of EMP<\/a>, <\/strong> September 8-19, 2019, Zempl\u00ednska \u0161\u00edrava and Ko\u0161ice<\/li>\r\n<li><strong><a href=\"https:\/\/www.ssb2019.saske.sk\/\"> 11th International Conference Structure and Stability of Biomacromolecules<\/a>, <\/strong> September 3-9, 2019, Ko\u0161ice<\/li>\r\n<li><strong><a href=\"http:\/\/kf.elf.stuba.sk\/~24konferencia\/\">24th Conference of Slovak Physicist<\/a>,<\/strong> September 2-5, 2019, \u017dilina<\/li>\r\n<li><strong><a href=\"http:\/\/www.pasreg2019.org\/\"> 11th International Workshop on Processing and Applications of Superconducting Bulk Materials<\/a>,<\/strong> August 29-30, 2019, Prague<\/li>\r\n<\/ul>\r\n<ul>\r\n<li><a href=\"https:\/\/indico-hlit.jinr.ru\/event\/122\/\">20-th Small Triangle Meeting<\/a><\/li>\r\n<li><a href=\"http:\/\/konferencie.net\/metalo\/\">17-th International Symposium \u201cMetallography &amp; Fractography 2019\u201d <\/a><\/li>\r\n<li><a href=\"https:\/\/csmag.saske.sk\/\">17-th Czech and Slovak Conference on Magnetism<\/a><\/li>\r\n<li><a href=\"https:\/\/www.sav.sk\/index.php?lang=sk&amp;doc=intranet-conf_author&amp;actionX=edit&amp;conference_no=3021\">The International Conference \u201c<\/a><a href=\"https:\/\/indico-new.jinr.ru\/conferenceDisplay.py?confId=137\">Mathematical Modeling and Computational Physics, 2017<\/a><a href=\"https:\/\/www.sav.sk\/index.php?lang=sk&amp;doc=intranet-conf_author&amp;actionX=edit&amp;conference_no=3021\">\u201d (MMCP2017)<\/a><\/li>\r\n<li><a href=\"http:\/\/www.cmsim.org\/chaos2017.html\">10-th International Conference on Chaotic Modeling, Simulation and Applications, CHAOS 2017<\/a><\/li>\r\n<li><a href=\"http:\/\/aw2017.dnp.fmph.uniba.sk\/\">ATLAS Overview Week 2017<\/a><\/li>\r\n<li><a href=\"http:\/\/www.cmsim.org\/chaos2017.html\">19-th S<\/a><a href=\"https:\/\/indico-hlit.jinr.ru\/event\/96\/\">mall Triangle Meeting 2017<\/a><\/li>\r\n<li><a href=\"http:\/\/kf.elf.stuba.sk\/~19kcsf\/\">19. Konferencia \u010desk\u00fdch a slovensk\u00fdch fyzikov<\/a><\/li>\r\n<li><a href=\"http:\/\/conferences.maggenome.com\/\">International Conference on biological application of nanoparticles<\/a><\/li>\r\n<li><a href=\"http:\/\/ngp-net17.saske.sk\/\">3-rd NGP-NET SYMPOSIUM ON NON-GLOBULAR PROTEINS &#8211; COST Action BM 1405 <\/a><\/li>\r\n<li><a href=\"http:\/\/ssb17.saske.sk\/\">10-th International Conference Structure and Stability of Biomacromolecules, SSB 2017<\/a><\/li>\r\n<li>Metallography 16<\/li>\r\n<li><a href=\"http:\/\/exphys.science.upjs.sk\/?q=sk\/content\/csmag16\">CSMAG&#8217;16, \u010cesk\u00e1 a slovensk\u00e1 konferencia o magnetizme<\/a><\/li>\r\n<li><a href=\"https:\/\/www.sav.sk\/index.php?lang=sk&amp;doc=intranet-conf_author&amp;actionX=edit&amp;conference_no=2431\">Small Triangle Meeting on Theoretical Physics<\/a><\/li>\r\n<li>3. Workshop on Dispersion Methods for Hadronic Contributions to QED Effects<\/li>\r\n<li>Mathematical Modeling and Computational Physics 2015<\/li>\r\n<\/ul>\r\n\r\n<p>&nbsp;<\/p>","protected":false},"excerpt":{"rendered":"<p>21. konferencia \u010desk\u00fdch a slovensk\u00fdch fyzikov, September 4-7, 2023, FMFI UK Bratislava EMP User Meeting, September 18-22, 2022, High Tatras 26. konferencia slovensk\u00fdch fyzikov, September&#8230;<\/p>\n","protected":false},"author":1,"featured_media":0,"parent":49,"menu_order":10,"comment_status":"closed","ping_status":"closed","template":"","meta":{"footnotes":""},"_links":{"self":[{"href":"https:\/\/websrv.saske.sk\/uef\/en\/wp-json\/wp\/v2\/pages\/53"}],"collection":[{"href":"https:\/\/websrv.saske.sk\/uef\/en\/wp-json\/wp\/v2\/pages"}],"about":[{"href":"https:\/\/websrv.saske.sk\/uef\/en\/wp-json\/wp\/v2\/types\/page"}],"author":[{"embeddable":true,"href":"https:\/\/websrv.saske.sk\/uef\/en\/wp-json\/wp\/v2\/users\/1"}],"replies":[{"embeddable":true,"href":"https:\/\/websrv.saske.sk\/uef\/en\/wp-json\/wp\/v2\/comments?post=53"}],"version-history":[{"count":15,"href":"https:\/\/websrv.saske.sk\/uef\/en\/wp-json\/wp\/v2\/pages\/53\/revisions"}],"predecessor-version":[{"id":3092,"href":"https:\/\/websrv.saske.sk\/uef\/en\/wp-json\/wp\/v2\/pages\/53\/revisions\/3092"}],"up":[{"embeddable":true,"href":"https:\/\/websrv.saske.sk\/uef\/en\/wp-json\/wp\/v2\/pages\/49"}],"wp:attachment":[{"href":"https:\/\/websrv.saske.sk\/uef\/en\/wp-json\/wp\/v2\/media?parent=53"}],"curies":[{"name":"wp","href":"https:\/\/api.w.org\/{rel}","templated":true}]}}