{"id":527,"date":"2019-02-04T16:00:41","date_gmt":"2019-02-04T15:00:41","guid":{"rendered":"http:\/\/websrv.saske.sk\/uef\/en\/?page_id=527"},"modified":"2019-02-05T09:28:45","modified_gmt":"2019-02-05T08:28:45","slug":"publications","status":"publish","type":"page","link":"https:\/\/websrv.saske.sk\/uef\/en\/departments\/department-of-metal-physics\/publications\/","title":{"rendered":"Publications"},"content":{"rendered":"\n<p style=\"text-align:center\" class=\"has-text-color has-medium-font-size has-vivid-cyan-blue-color\"><strong>2016<\/strong><\/p>\n\n\n\n<p>Mitrofanov Yu.P.,&nbsp;Csach K., Jurikova A., Miskuf J., Wang W.H., Khonik V.A.: Densification-induced heat release upon structural relaxation of Zr-based bulk metallic glasses, Journal of Non-Crystalline Solids 448 (2016) pp. 31 \u2013 35.<\/p>\n\n\n\n<p style=\"text-align:center\" class=\"has-text-color has-medium-font-size has-vivid-cyan-blue-color\"><strong>2015<\/strong><\/p>\n\n\n\n<p>HUR\u00c1KOV\u00c1, M\u00e1ria-&nbsp;CSACH, Kornel&nbsp;&#8211;&nbsp;JUR\u00cdKOV\u00c1, Alena&nbsp;&#8211;&nbsp;MI\u0160KUF, Jozef&nbsp;&#8211;&nbsp;RAJ\u0147\u00c1K, Michal&nbsp;&#8211; \u010eURI\u0160IN, Martin &#8211; KVA\u010cKAJ, Tibor. Structural stability of amorphous alloy of modified finemet type. In&nbsp;<em>Acta Physica Polonica A<\/em>, 2015, vol. 127, no. 2, p. 564-566. (0.530 &#8211; IF2014). (2015 &#8211; Current Contents, WOS, SCOPUS). ISSN 1898-794X.<\/p>\n\n\n\n<p>JUR\u00cdKOV\u00c1, Alena-&nbsp;CSACH, Kornel&nbsp;&#8211;&nbsp;MI\u0160KUF, Jozef&nbsp;&#8211;&nbsp;TOMA\u0160OVI\u010cOV\u00c1, Nat\u00e1lia&nbsp;&#8211;&nbsp;MITR\u00d3OV\u00c1, Zuzana&nbsp;-Z\u00c1VI\u0160OV\u00c1, Vlasta&nbsp;&#8211;&nbsp;KONERACK\u00c1, Martina&nbsp;&#8211;&nbsp;KOP\u010cANSK\u00dd, Peter&nbsp;&#8211;&nbsp;TIMKO, Milan&nbsp;&#8211; \u00c9BER, N\u00e1ndor &#8211; FODOR-CSORBA, Katalin &#8211; VAJDA, Anik\u00f3. Thermal Stability of Bent-Core Liquid Crystals Doped with Magnetic Nanoparticles. In&nbsp;<em>Acta Physica Polonica A<\/em>, 2015, vol. 127, no. 2, p. 638-640. (0.530 &#8211; IF2014). (2015 &#8211; Current Contents, WOS, SCOPUS). ISSN 1898-794X.<\/p>\n\n\n\n<p>JUR\u00cdKOV\u00c1, Alena-&nbsp;CSACH, Kornel&nbsp;&#8211;&nbsp;MI\u0160KUF, Jozef&nbsp;&#8211;&nbsp;TOMA\u0160OVI\u010cOV\u00c1, Nat\u00e1lia&nbsp;&#8211;&nbsp;MITR\u00d3OV\u00c1, Zuzana&nbsp;-KOP\u010cANSK\u00dd, Peter&nbsp;&#8211; \u00c9BER, N\u00e1ndor &#8211; FODOR-CSORBA, Katalin &#8211; VAJDA, Anik\u00f3. DSC Study of Bent-Core and Rod-Shaped Liquid Crystal Mixtures. In&nbsp;<em>Molecular Crystals and Liquid Crystals<\/em>, 2015, vol. 610, no. 1, p. 187-192. (0.493 &#8211; IF2014). (2015 &#8211; Current Contents, WOS, SCOPUS). ISSN 1542-1406.<\/p>\n\n\n\n<p>MI\u0160KUF, Jozef-&nbsp;CSACH, Kornel&nbsp;&#8211;&nbsp;JUR\u00cdKOV\u00c1, Alena&nbsp;&#8211;&nbsp;HUR\u00c1KOV\u00c1, M\u00e1ria&nbsp;&#8211; TABACHNIKOVA, E. D. Fragmentation of Co-Fe-Ta-B Soft Magnetic Amorphous Alloy. In&nbsp;<em>Acta Physica Polonica A<\/em>, 2015, vol. 127, no. 2, p. 558-560. (0.530 &#8211; IF2014). (2015 &#8211; Current Contents, WOS, SCOPUS). ISSN 1898-794X.<\/p>\n\n\n\n<p>CSACH, Kornel-&nbsp;MI\u0160KUF, Jozef&nbsp;&#8211;&nbsp;JUR\u00cdKOV\u00c1, Alena&nbsp;&#8211;&nbsp;HUR\u00c1KOV\u00c1, M\u00e1ria&nbsp;&#8211; OCEL\u00cdK, V\u00e1clav &#8211; DE HOSSON, J. Th. M. Nanoindentation in Metallic Glasses with Different Plasticity. In&nbsp;<em>Key Engineering Materials<\/em>, 2015, vol. 662, p. 19-22. (2015 &#8211; SCOPUS). ISSN 1013-9826.<\/p>\n\n\n\n<p>HUR\u00c1KOV\u00c1, M\u00e1ria-&nbsp;CSACH, Kornel&nbsp;&#8211;&nbsp;JUR\u00cdKOV\u00c1, Alena&nbsp;&#8211;&nbsp;MI\u0160KUF, Jozef&nbsp;&#8211; DEM\u010c\u00c1K, \u0160tefan &#8211; OCEL\u00cdK, V\u00e1clav &#8211; DE HOSSON, J. Th. M. Nanoindentation Study of the Influence of the Loading Rate on the Deformation of Metallic Glasses. In&nbsp;<em>Key Engineering Materials<\/em>, 2015, vol. 662, p. 23-26. (2015 &#8211; SCOPUS). ISSN 1013-9826.<\/p>\n\n\n\n<p>LONGAUEROV\u00c1, Margita &#8211; FEDOROV\u00c1, M\u00e1ria &#8211; BEKE\u010c, Pavel &#8211; DU\u0160KA, Jaroslav &#8211;&nbsp;HUR\u00c1KOV\u00c1, M\u00e1ria&nbsp;&#8211; LONGAUER, Sv\u00e4toboj &#8211; KONR\u00c1DYOV\u00c1, Jana. Effect of Sample Thickness on Slab Surface Zone Toughness in IF and Microalloyed Steels. In&nbsp;<em>Key Engineering Materials<\/em>, 2015, vol. 647, p. 47-55. (2015 &#8211; SCOPUS). ISSN 1013-9826.<\/p>\n\n\n\n<p>LONGAUEROV\u00c1, Margita &#8211;&nbsp;HUR\u00c1KOV\u00c1, M\u00e1ria&nbsp;&#8211; BEKE\u010c, Pavel &#8211; LONGAUER, Sv\u00e4toboj &#8211; FEDOROV\u00c1, M\u00e1ria &#8211; KONR\u00c1DYOV\u00c1, Jana. Local Notch Toughness of Slab Surface Zone in ULC\/IF and HSLA Steels. In&nbsp;<em>Key Engineering Materials<\/em>, 2015, vol. 662, p. 209-212. (2015 &#8211; SCOPUS). ISSN 1013-9826.<\/p>\n\n\n\n<p>MI\u0160KUF, Jozef-&nbsp;CSACH, Kornel&nbsp;&#8211;&nbsp;JUR\u00cdKOV\u00c1, Alena&nbsp;&#8211;&nbsp;HUR\u00c1KOV\u00c1, M\u00e1ria&nbsp;&#8211; MI\u0160KUF, Martin &#8211; TABACHNIKOVA, E. D. &#8211; PSARUK, I.A. &#8211; LAKTIONOVA, Marina &#8211; PODOLSKIY, A.V. Generation of Nanoscale Stripes at Failure of Amorphous Metals. In&nbsp;<em>Key Engineering Materials<\/em>, 2015, vol. 662, p. 221-224. (2015 &#8211; SCOPUS). ISSN 1013-9826.<\/p>\n\n\n\n<p>HUR\u00c1KOV\u00c1, M\u00e1ria-&nbsp;CSACH, Kornel&nbsp;&#8211;&nbsp;MI\u0160KUF, Jozef&nbsp;&#8211;&nbsp;JUR\u00cdKOV\u00c1, Alena&nbsp;&#8211; DEM\u010c\u00c1K, \u0160tefan &#8211; OCEL\u00cdK, V\u00e1clav &#8211; DE HOSSON, J. Th. M. Discontinuities of Plastic Deformation in Metallic Glasses with Different Glass Forming Ability. In&nbsp;<em>Physics Procedia<\/em>, 2015, vol. 75, p. 1265-1270. (2015 &#8211; SCOPUS). ISSN 1875-3892.<\/p>\n\n\n\n<p>HUR\u00c1KOV\u00c1, M\u00e1ria-&nbsp;CSACH, Kornel&nbsp;&#8211;&nbsp;MI\u0160KUF, Jozef&nbsp;&#8211;&nbsp;JUR\u00cdKOV\u00c1, Alena&nbsp;&#8211; DEM\u010c\u00c1K, \u0160tefan &#8211; OCEL\u00cdK, V\u00e1clav &#8211; DE HOSSON, J. Th. M. Shear failure of amorphous alloy at nanoindentation. In&nbsp;<em>Powder Metallurgy Progress : Journal of Science and Technology of Particle Materials<\/em>, 2015, vol. 15, sp. iss., 105-109. ISSN 1335-8978.<\/p>\n\n\n\n<p style=\"text-align:center\" class=\"has-text-color has-medium-font-size has-vivid-cyan-blue-color\"><strong>2014<\/strong><\/p>\n\n\n\n<p>BILANYCH, V.S. &#8211; LOFAJ, Franti\u0161ek &#8211;&nbsp;FLACHBART, Karol&nbsp;&#8211;&nbsp;CSACH, Kornel&nbsp;&#8211; KU\u017dMA, V.V. &#8211; RIZAK, V.M. Nanoindentation of amorphous Ge-As-Se films. In&nbsp;<em>Physics of the Solid State<\/em>, 2014, vol. 56, no. 6, p. 1163-1167. (0.782 &#8211; IF2013). (2014 &#8211; Current Contents, WOS, SCOPUS). ISSN 1063-7834.<\/p>\n\n\n\n<p>CSACH, Kornel-&nbsp;MI\u0160KUF, Jozef&nbsp;&#8211;&nbsp;JUR\u00cdKOV\u00c1, Alena. Influence of Plastic Deformation on Devitrification of Fe73.5Nb3Cu1Si13.5B9 Amorphous Alloy. In&nbsp;<em>Acta Physica Polonica A<\/em>, 2014, vol. 126, no. 1, p. 98-99. (0.604 &#8211; IF2013). (2014 &#8211; Current Contents, WOS, SCOPUS). ISSN 1898-794X.<\/p>\n\n\n\n<p>HEMMATI, Ismail &#8211; OCEL\u00cdK, V\u00e1clav &#8211;&nbsp;CSACH, Kornel&nbsp;&#8211; DE HOSSON, J. Th. M. Microstructure and Phase Formation in a Rapidly Solidified Laser-Deposited Ni-Cr-B-Si-C Hardfacing Alloy. In&nbsp;<em>Metallurgical and materials transactions A : physical metallurgy and materials science<\/em>, 2014, vol. 45A, no. 2, p. 878-892. (1.730 &#8211; IF2013). (2014 &#8211; Current Contents, WOS, SCOPUS). ISSN 1073-5623.<\/p>\n\n\n\n<p>IVANISENKO, Yu. &#8211; TABACHNIKOVA, E. D. &#8211; PSARUK, I.A. &#8211; SMIRNOV, S.N. &#8211; KILMAMETOV, A. &#8211; KOBLER, A. &#8211; K\u00dcBEL, Ch. &#8211; KURMANAEVA, L. &#8211;&nbsp;CSACH, Kornel&nbsp;&#8211;&nbsp;MI\u0160KUF, Jozef&nbsp;&#8211; SCHERER, T. &#8211; SEMERENKO, Y.A. &#8211; HAHN, H. Variation of the deformation mechanisms in a nanocrystalline Pd\u201310 at.% Au alloy at room and cryogenic temperatures. In&nbsp;<em>International Journal of Plasticity<\/em>, 2014, vol. 60, p. 40-57. (5.971 &#8211; IF2013). (2014 &#8211; Current Contents, WOS, SCOPUS). ISSN 0749-6419.<\/p>\n\n\n\n<p>MI\u0160KUF, Jozef-&nbsp;CSACH, Kornel&nbsp;&#8211;&nbsp;JUR\u00cdKOV\u00c1, Alena&nbsp;&#8211; HUR\u00c1KOV\u00c1, M\u00e1ria. Nanoscale Fracture Morphologies of Soft Magnetic CoFeTaB Amorphous Alloy. In&nbsp;<em>Acta Physica Polonica A<\/em>, 2014, vol. 126, no. 1, p. 96-97. (0.604 &#8211; IF2013). (2014 &#8211; Current Contents, WOS, SCOPUS). ISSN 1898-794X.<\/p>\n\n\n\n<p>CSACH, Kornel-&nbsp;JUR\u00cdKOV\u00c1, Alena&nbsp;&#8211;&nbsp;MI\u0160KUF, Jozef&nbsp;&#8211;&nbsp;KONERACK\u00c1, Martina&nbsp;&#8211;&nbsp;Z\u00c1VI\u0160OV\u00c1, Vlasta&nbsp;-KUBOV\u010c\u00cdKOV\u00c1, Martina&nbsp;&#8211;&nbsp;KOP\u010cANSK\u00dd, Peter. Degradation of BSA Coating on Magnetite Nanoparticles. In<em>Materials Science Forum<\/em>, 2014, vol. 782, p. 607-610. (2014 &#8211; WOS, SCOPUS). ISSN 0255-5476.<\/p>\n\n\n\n<p>CSACH, Kornel-&nbsp;MI\u0160KUF, Jozef&nbsp;&#8211;&nbsp;JUR\u00cdKOV\u00c1, Alena. Fracture Stress of Ultrahigh Strength Ribbons Determined by Microhardness. In&nbsp;<em>Key Engineering Materials<\/em>, 2014, vol. 586, p. 108-111. (2014 &#8211; SCOPUS). ISSN 1013-9826.<\/p>\n\n\n\n<p>HUR\u00c1KOV\u00c1, M\u00e1ria-&nbsp;CSACH, Kornel&nbsp;&#8211;&nbsp;JUR\u00cdKOV\u00c1, Alena&nbsp;&#8211;&nbsp;MI\u0160KUF, Jozef. Shear Band Creation in Amorphous Ribbon under Bending. In&nbsp;<em>Materials Science Forum<\/em>, 2014, vol. 782, p. 557-560. (2014 &#8211; WOS, SCOPUS). ISSN 0255-5476.<\/p>\n\n\n\n<p>JUR\u00cdKOV\u00c1, Alena-&nbsp;CSACH, Kornel&nbsp;&#8211;&nbsp;MI\u0160KUF, Jozef. Creep Modified Structural Relaxation of Fe-Based Amorphous Alloy. In&nbsp;<em>Key Engineering Materials<\/em>, 2014, vol. 586, p. 158-161. (2014 &#8211; SCOPUS). ISSN 1013-9826.<\/p>\n\n\n\n<p>LONGAUEROV\u00c1, Margita &#8211;&nbsp;HUR\u00c1KOV\u00c1, M\u00e1ria&nbsp;&#8211; LONGAUER, Sv\u00e4toboj. Precipitation in Surface Zone of Continuously-Cast Slab of ULC\/IF Steel Microalloyed with Titanium. In&nbsp;<em>Materials Science Forum<\/em>, 2014, vol. 782, p. 73-80. (2014 &#8211; WOS, SCOPUS). ISSN 0255-5476.<\/p>\n\n\n\n<p>MI\u0160KUF, Jozef-&nbsp;CSACH, Kornel&nbsp;&#8211;&nbsp;JUR\u00cdKOV\u00c1, Alena. Fragmentation of Co-Fe-Ta-B Bulk Metallic Glass. In<em>Materials Science Forum<\/em>, 2014, vol. 782, p. 553-556. (2014 &#8211; WOS, SCOPUS). ISSN 0255-5476.<\/p>\n\n\n\n<p>MI\u0160KUF, Jozef-&nbsp;CSACH, Kornel&nbsp;&#8211;&nbsp;JUR\u00cdKOV\u00c1, Alena&nbsp;&#8211; TABACHNIKOVA, E. D. &#8211; BENGUS, V.Z. Local Deformation of Microsized Amorphous Powder at Low Temperatures. In&nbsp;<em>Key Engineering Materials<\/em>, 2014, vol. 586, p. 210-213. (2014 &#8211; SCOPUS). ISSN 1013-9826.<\/p>\n\n\n\n<p style=\"text-align:center\" class=\"has-text-color has-medium-font-size has-vivid-cyan-blue-color\"><strong>2013<\/strong><\/p>\n\n\n\n<p>BILANYCH, V.S. &#8211; ONYSHCHAK, V.B. &#8211; RIZAK, I.M. &#8211;&nbsp;CSACH, Kornel&nbsp;&#8211;&nbsp;FLACHBART, Karol&nbsp;&#8211; RIZAK, V.M. Investigation of thermal properties of the Ge-As-Se glasses by differential scanning calorimetry with heat flow harmonic modulation. In&nbsp;<em>Journal of Non-Crystalline Solids<\/em>, 2013, vol. 366, no. 1, p. 48-53. (1.597 &#8211; IF2012). (2013 &#8211; Current Contents, WOS, SCOPUS). ISSN 0022-3093.<\/p>\n\n\n\n<p>JUR\u00cdKOV\u00c1, Alena-&nbsp;CSACH, Kornel&nbsp;&#8211;&nbsp;MI\u0160KUF, Jozef&nbsp;&#8211;&nbsp;KONERACK\u00c1, Martina&nbsp;&#8211;&nbsp;Z\u00c1VI\u0160OV\u00c1, Vlasta&nbsp;-KUBOV\u010c\u00cdKOV\u00c1, Martina&nbsp;&#8211;&nbsp;KOP\u010cANSK\u00dd, Peter&nbsp;&#8211; M\u00da\u010cKOV\u00c1, Marta. Thermal Properties of Magnetic Nanoparticles Modified With Polyethylene Glycol. In&nbsp;<em>IEEE Transactions on Magnetics<\/em>, 2013, vol. 49, no. 1, p. 236-239. (1.422 &#8211; IF2012). (2013 &#8211; Current Contents, WOS, SCOPUS). ISSN 0018-9464.<\/p>\n\n\n\n<p>KOVA\u013d, Vladim\u00edr &#8211;&nbsp;\u0160KORV\u00c1NEK, Ivan&nbsp;&#8211; \u010eURI\u0160IN, Juraj &#8211;&nbsp;CSACH, Kornel. Synthesis and multiferroic properties of rare-earth substituted BiFeO3 ceramics. In&nbsp;<em>Preparation of ceramic materials : 10th international conference. Her\u013eany, 18.-20.6.2013<\/em>. Eds. Beatrice Ple\u0161ingerov\u00e1 et al. &#8211; Ko\u0161ice : Technical University of Ko\u0161ice, 2013, p. 112-113. ISBN 978-80-553-1424-2.<\/p>\n\n\n\n<p>MIHALIK, Mari\u00e1n-&nbsp;ANTO\u0147\u00c1K, Marek&nbsp;&#8211;&nbsp;CSACH, Kornel&nbsp;&#8211; FITTA, Magdalena &#8211;&nbsp;MIH\u00c1LIK, Mat\u00fa\u0161&nbsp;&#8211;&nbsp;VAVRA, Martin. Exchange Bias Effect in La1-xAgxMnO3 Nanopowders. In&nbsp;<em>EPJ Web of Conferences<\/em>, 2013, vol. 40, art. no.15006. (2013 &#8211; SCOPUS). ISSN 2100-014X.<\/p>\n\n\n\n<p>VAVRA, Martin-&nbsp;HRAB\u010c\u00c1K, Pavol&nbsp;&#8211;&nbsp;ZENTKOV\u00c1, M\u00e1ria&nbsp;&#8211;&nbsp;MIHALIK, Mari\u00e1n&nbsp;&#8211;&nbsp;MIH\u00c1LIK, Mat\u00fa\u0161&nbsp;&#8211;&nbsp;CSACH, Kornel. The Effect of Pressure on Magnetic Properties of KMnCr(CN)6. In&nbsp;<em>EPJ Web of Conferences<\/em>, 2013, vol. 40, art. no. 14001. (2013 &#8211; SCOPUS). ISSN 2100-014X.<\/p>\n\n\n\n<p>CSACH, Kornel-&nbsp;MI\u0160KUF, Jozef&nbsp;&#8211;&nbsp;JUR\u00cdKOV\u00c1, Alena&nbsp;&#8211; BENGUS, V.Z. &#8211; TABACHNIKOVA, E. D. &#8211; SHUMILIN, Sergiy E. Fracture of Zr56Ni24Al20 amorphous alloys at ultralow temperatures. In&nbsp;<em>Acta Metallurgica Slovaca Conference<\/em>, 2013, vol. 3, p. 175-179. ISSN 1338-1660.<\/p>\n\n\n\n<p>JUR\u00cdKOV\u00c1, Alena-&nbsp;MI\u0160KUF, Jozef&nbsp;&#8211;&nbsp;CSACH, Kornel&nbsp;&#8211; TABACHNIKOVA, E. D. &#8211; BENGUS, V.Z. Fracture surface morphology of&nbsp; Pd40Cu30Ni10P20 amorphous alloy. In&nbsp;<em>Acta Metallurgica Slovaca Conference<\/em>, 2013, vol. 3, p. 191-195. ISSN 1338-1660.<\/p>\n\n\n\n<p>MI\u0160KUF, Jozef-&nbsp;CSACH, Kornel&nbsp;&#8211;&nbsp;JUR\u00cdKOV\u00c1, Alena&nbsp;&#8211; BENGUS, V.Z. &#8211; TABACHNIKOVA, E. D. Note to the ductile shear fracture in amorphous alloys. In&nbsp;<em>Acta Metallurgica Slovaca Conference<\/em>, 2013, vol. 3, p. 180-184. ISSN 1338-1660.<\/p>\n\n\n\n<p>KUBOV\u010c\u00cdKOV\u00c1, Martina-&nbsp;ANTAL, Iryna&nbsp;&#8211;&nbsp;KONERACK\u00c1, Martina&nbsp;&#8211;&nbsp;Z\u00c1VI\u0160OV\u00c1, Vlasta&nbsp;&#8211;&nbsp;JUR\u00cdKOV\u00c1, Alena&nbsp;-\u0160IPO\u0160OV\u00c1, Katar\u00edna&nbsp;&#8211;&nbsp;GA\u017dOV\u00c1, Zuzana&nbsp;&#8211;&nbsp;KOV\u00c1\u010c, Jozef&nbsp;&#8211; KOVA\u0158\u00cdK, Michal &#8211; KUPKA, Daniel &#8211;&nbsp;KOP\u010cANSK\u00dd, Peter. Magnetic nanoparticles modified with polyethylene glycol. In&nbsp;<em>Magnetohydrodynamics<\/em>, 2013, vol. 49, no. 3-4, p. 282-286. (0.550 &#8211; IF2012). (2013 &#8211; WOS, SCOPUS). ISSN 0024-998X.<\/p>\n\n\n\n<p style=\"text-align:center\" class=\"has-text-color has-medium-font-size has-vivid-cyan-blue-color\"><strong><em>2012<\/em><\/strong><\/p>\n\n\n\n<p>CSACH, Kornel-&nbsp;JUR\u00cdKOV\u00c1, Alena&nbsp;&#8211;&nbsp;MI\u0160KUF, Jozef&nbsp;&#8211;&nbsp;KONERACK\u00c1, Martina&nbsp;&#8211;&nbsp;Z\u00c1VI\u0160OV\u00c1, Vlasta&nbsp;-KUBOV\u010c\u00cdKOV\u00c1, Martina&nbsp;&#8211;&nbsp;KOP\u010cANSK\u00dd, Peter. Thermogravimetric Study of the Decomposition of BSA-Coated Magnetic Nanoparticles. In&nbsp;<em>Acta Physica Polonica A<\/em>, 2012, vol. 121, no. 5-6, p. 1293-1295. (0.444 &#8211; IF2011). (2012 &#8211; Current Contents, WOS, SCOPUS). ISSN 1898-794X.&nbsp;<em>PM\u00b411 : proceedings of the European Conference Physics of Magnetism, Poznan, Poland, June 27-July 1, 2011<\/em>. (0.444 &#8211; IF2011).<\/p>\n\n\n\n<p>JUR\u00cdKOV\u00c1, Alena-&nbsp;CSACH, Kornel&nbsp;&#8211;&nbsp;MI\u0160KUF, Jozef&nbsp;&#8211;&nbsp;KONERACK\u00c1, Martina&nbsp;&#8211;&nbsp;Z\u00c1VI\u0160OV\u00c1, Vlasta&nbsp;-KUBOV\u010c\u00cdKOV\u00c1, Martina&nbsp;&#8211;&nbsp;KOP\u010cANSK\u00dd, Peter. Thermal Analysis of Magnetic Nanoparticles Modified with Dextran. In&nbsp;<em>Acta Physica Polonica A<\/em>, 2012, vol. 121, no. 5-6, p. 1296-1298. (0.444 &#8211; IF2011). (2012 &#8211; Current Contents, WOS, SCOPUS). ISSN 1898-794X.&nbsp;<em>PM\u00b411 : proceedings of the European Conference Physics of Magnetism, Poznan, Poland, June 27-July 1, 2011<\/em>. (0.444 &#8211; IF2011).<\/p>\n\n\n\n<p>JUR\u00cdKOV\u00c1, Alena-&nbsp;CSACH, Kornel&nbsp;&#8211;&nbsp;MI\u0160KUF, Jozef. Evolution of structure during local plastic deformation in Fe-Ni-B metallic glass. In&nbsp;<em>Chemick\u00e9 listy<\/em>, 2012, vol. 106, sp. iss. s3, p. s448-s449. (0.529 &#8211; IF2011). (2012 &#8211; Current Contents, WOS, SCOPUS). ISSN 0009-2770.&nbsp;<em>LMP 2011: Local Mechanical Properties, Olomouc, Czech Republic, 9-11 November 2011<\/em>. (0.529 &#8211; IF2011).<\/p>\n\n\n\n<p>MI\u0160KUF, Jozef-&nbsp;CSACH, Kornel&nbsp;&#8211;&nbsp;JUR\u00cdKOV\u00c1, Alena. Influence of Plastic deformation on Magnetic Transition in Soft Magnetic Amorphous Alloys. In&nbsp;<em>Acta Physica Polonica A<\/em>, 2012, vol. 121, no. 5-6, p. 1273-1275. (0.444 &#8211; IF2011). (2012 &#8211; Current Contents, WOS, SCOPUS). ISSN 1898-794X.&nbsp;<em>PM\u00b411 : proceedings of the European Conference Physics of Magnetism, Poznan, Poland, June 27-July 1, 2011<\/em>. (0.444 &#8211; IF2011).<\/p>\n\n\n\n<p>MI\u0160KUF, Jozef-&nbsp;CSACH, Kornel&nbsp;&#8211;&nbsp;JUR\u00cdKOV\u00c1, Alena&nbsp;&#8211; TABACHNIKOVA, E. D. &#8211; BENGUS, V.Z. &#8211; PODOLSKIY, A.V. &#8211; SMIRNOV, S.N. &#8211; LI, Hongqi &#8211; LIAW, Peter &#8211; CHOO, H. Local plasticity and failure of nanocrystalline Ni-Fe alloy at low temperatures. In&nbsp;<em>Chemick\u00e9 listy<\/em>, 2012, vol. 106, sp. iss. s3, p. s489-s490. (0.529 &#8211; IF2011). (2012 &#8211; Current Contents, WOS, SCOPUS). ISSN 0009-2770.&nbsp;<em>LMP 2011: Local Mechanical Properties, Olomouc, Czech Republic, 9-11 November 2011<\/em>. (0.529 &#8211; IF2011).<\/p>\n\n\n\n<p>BUTVINOV\u00c1, Beata &#8211; BUTVIN, Pavol &#8211; KADLE\u010c\u00cdKOV\u00c1, M. &#8211; KUZMINSKI, M. &#8211;&nbsp;CSACH, Kornel. Changes of magnetic&nbsp; properties and surfaces condition due to thermal treatment of FeNbCuBSi ribbons. In&nbsp;<em>APCOM 2012 : proceedings of the 18th International Conference on Applied Physics of Condensed Matter, June 20 &#8211; 22, 2012, \u0160trbsk\u00e9 Pleso, Slovak Republic<\/em>. Eds. J. Vajda, I. Jamnick\u00fd. &#8211; Bratislava : Slovensk\u00e1 technick\u00e1 univerzita v Bratislave, 2012, p. 169-172. ISBN 978-80-227-3720-3.<\/p>\n","protected":false},"excerpt":{"rendered":"<p>2016 Mitrofanov Yu.P.,&nbsp;Csach K., Jurikova A., Miskuf J., Wang W.H., Khonik V.A.: Densification-induced heat release upon structural relaxation of Zr-based bulk metallic glasses, Journal of&#8230;<\/p>\n","protected":false},"author":1,"featured_media":0,"parent":302,"menu_order":10,"comment_status":"closed","ping_status":"closed","template":"","meta":{"footnotes":""},"_links":{"self":[{"href":"https:\/\/websrv.saske.sk\/uef\/en\/wp-json\/wp\/v2\/pages\/527"}],"collection":[{"href":"https:\/\/websrv.saske.sk\/uef\/en\/wp-json\/wp\/v2\/pages"}],"about":[{"href":"https:\/\/websrv.saske.sk\/uef\/en\/wp-json\/wp\/v2\/types\/page"}],"author":[{"embeddable":true,"href":"https:\/\/websrv.saske.sk\/uef\/en\/wp-json\/wp\/v2\/users\/1"}],"replies":[{"embeddable":true,"href":"https:\/\/websrv.saske.sk\/uef\/en\/wp-json\/wp\/v2\/comments?post=527"}],"version-history":[{"count":3,"href":"https:\/\/websrv.saske.sk\/uef\/en\/wp-json\/wp\/v2\/pages\/527\/revisions"}],"predecessor-version":[{"id":670,"href":"https:\/\/websrv.saske.sk\/uef\/en\/wp-json\/wp\/v2\/pages\/527\/revisions\/670"}],"up":[{"embeddable":true,"href":"https:\/\/websrv.saske.sk\/uef\/en\/wp-json\/wp\/v2\/pages\/302"}],"wp:attachment":[{"href":"https:\/\/websrv.saske.sk\/uef\/en\/wp-json\/wp\/v2\/media?parent=527"}],"curies":[{"name":"wp","href":"https:\/\/api.w.org\/{rel}","templated":true}]}}