{"id":525,"date":"2019-02-04T16:00:40","date_gmt":"2019-02-04T15:00:40","guid":{"rendered":"http:\/\/websrv.saske.sk\/uef\/en\/?page_id=525"},"modified":"2019-02-05T09:25:38","modified_gmt":"2019-02-05T08:25:38","slug":"staff","status":"publish","type":"page","link":"https:\/\/websrv.saske.sk\/uef\/en\/departments\/department-of-metal-physics\/staff\/","title":{"rendered":"Staff"},"content":{"rendered":"\n<table class=\"wp-block-table\"><tbody><tr><td><strong>Head of department:<\/strong><\/td><td>RNDr. Kornel Csach, CSc.<\/td><\/tr><tr><td><strong>Researchers:<\/strong><\/td><td>Ing. Jozef Mi\u0161kuf, CSc.<\/td><\/tr><tr><td><\/td><td>RNDr. Alena Jur\u00edkov\u00e1, CSc.<\/td><\/tr><tr><td><strong>Technician:<\/strong><\/td><td>Ivan Jur\u010do<\/td><\/tr><\/tbody><\/table>\n","protected":false},"excerpt":{"rendered":"<p>Head of department: RNDr. Kornel Csach, CSc. Researchers: Ing. Jozef Mi\u0161kuf, CSc. RNDr. Alena Jur\u00edkov\u00e1, CSc. Technician: Ivan Jur\u010do<\/p>\n","protected":false},"author":1,"featured_media":0,"parent":302,"menu_order":0,"comment_status":"closed","ping_status":"closed","template":"","meta":{"footnotes":""},"_links":{"self":[{"href":"https:\/\/websrv.saske.sk\/uef\/en\/wp-json\/wp\/v2\/pages\/525"}],"collection":[{"href":"https:\/\/websrv.saske.sk\/uef\/en\/wp-json\/wp\/v2\/pages"}],"about":[{"href":"https:\/\/websrv.saske.sk\/uef\/en\/wp-json\/wp\/v2\/types\/page"}],"author":[{"embeddable":true,"href":"https:\/\/websrv.saske.sk\/uef\/en\/wp-json\/wp\/v2\/users\/1"}],"replies":[{"embeddable":true,"href":"https:\/\/websrv.saske.sk\/uef\/en\/wp-json\/wp\/v2\/comments?post=525"}],"version-history":[{"count":3,"href":"https:\/\/websrv.saske.sk\/uef\/en\/wp-json\/wp\/v2\/pages\/525\/revisions"}],"predecessor-version":[{"id":657,"href":"https:\/\/websrv.saske.sk\/uef\/en\/wp-json\/wp\/v2\/pages\/525\/revisions\/657"}],"up":[{"embeddable":true,"href":"https:\/\/websrv.saske.sk\/uef\/en\/wp-json\/wp\/v2\/pages\/302"}],"wp:attachment":[{"href":"https:\/\/websrv.saske.sk\/uef\/en\/wp-json\/wp\/v2\/media?parent=525"}],"curies":[{"name":"wp","href":"https:\/\/api.w.org\/{rel}","templated":true}]}}