{"id":518,"date":"2019-02-04T15:57:13","date_gmt":"2019-02-04T14:57:13","guid":{"rendered":"http:\/\/websrv.saske.sk\/uef\/en\/?page_id=518"},"modified":"2019-02-07T09:22:50","modified_gmt":"2019-02-07T08:22:50","slug":"staff","status":"publish","type":"page","link":"https:\/\/websrv.saske.sk\/uef\/en\/departments\/department-of-space-physics-and-detached-observatory-at-lomnicky-stit\/staff\/","title":{"rendered":"Staff"},"content":{"rendered":"\n<table class=\"wp-block-table\"><tbody><tr><td><strong><em>Head of the department<\/em><\/strong><\/td><\/tr><tr><td>RNDr. Pavol Bob\u00edk, PhD.<\/td><\/tr><tr><td><strong><em>Researchers&nbsp;<\/em><\/strong><\/td><\/tr><tr><td>Ing. J\u00e1n Bal\u00e1\u017e, PhD.<\/td><\/tr><tr><td>Ing. Marek Kollarik<\/td><\/tr><tr><td>Mgr. Ronald Langer &#8211; responsible for the operation of the Observ.&nbsp; at Lomn. stit<\/td><\/tr><tr><td>RNDr. \u0160imon Mackovjak, PhD.<\/td><\/tr><tr><td>RNDr. Blahoslav Pastir\u010d\u00e1k, CSc<\/td><\/tr><tr><td>RNDr. Mari\u00e1n Puti\u0161, PhD.<\/td><\/tr><tr><td>Ing. Igor Strh\u00e1rsk\u00fd&nbsp;<\/td><\/tr><tr><td>Samuel \u0160tef\u00e1nik<\/td><\/tr><tr><td>Mgr. Jana \u0160tetiarov\u00e1<\/td><\/tr><\/tbody><\/table>\n","protected":false},"excerpt":{"rendered":"<p>Head of the department RNDr. Pavol Bob\u00edk, PhD. Researchers&nbsp; Ing. J\u00e1n Bal\u00e1\u017e, PhD. Ing. Marek Kollarik Mgr. Ronald Langer &#8211; responsible for the operation of&#8230;<\/p>\n","protected":false},"author":1,"featured_media":0,"parent":304,"menu_order":0,"comment_status":"closed","ping_status":"closed","template":"","meta":{"footnotes":""},"_links":{"self":[{"href":"https:\/\/websrv.saske.sk\/uef\/en\/wp-json\/wp\/v2\/pages\/518"}],"collection":[{"href":"https:\/\/websrv.saske.sk\/uef\/en\/wp-json\/wp\/v2\/pages"}],"about":[{"href":"https:\/\/websrv.saske.sk\/uef\/en\/wp-json\/wp\/v2\/types\/page"}],"author":[{"embeddable":true,"href":"https:\/\/websrv.saske.sk\/uef\/en\/wp-json\/wp\/v2\/users\/1"}],"replies":[{"embeddable":true,"href":"https:\/\/websrv.saske.sk\/uef\/en\/wp-json\/wp\/v2\/comments?post=518"}],"version-history":[{"count":5,"href":"https:\/\/websrv.saske.sk\/uef\/en\/wp-json\/wp\/v2\/pages\/518\/revisions"}],"predecessor-version":[{"id":830,"href":"https:\/\/websrv.saske.sk\/uef\/en\/wp-json\/wp\/v2\/pages\/518\/revisions\/830"}],"up":[{"embeddable":true,"href":"https:\/\/websrv.saske.sk\/uef\/en\/wp-json\/wp\/v2\/pages\/304"}],"wp:attachment":[{"href":"https:\/\/websrv.saske.sk\/uef\/en\/wp-json\/wp\/v2\/media?parent=518"}],"curies":[{"name":"wp","href":"https:\/\/api.w.org\/{rel}","templated":true}]}}