{"id":501,"date":"2019-02-04T15:51:47","date_gmt":"2019-02-04T14:51:47","guid":{"rendered":"http:\/\/websrv.saske.sk\/uef\/en\/?page_id=501"},"modified":"2023-10-23T14:06:40","modified_gmt":"2023-10-23T12:06:40","slug":"projects","status":"publish","type":"page","link":"https:\/\/websrv.saske.sk\/uef\/en\/departments\/department-of-magnetism\/projects\/","title":{"rendered":"Projects"},"content":{"rendered":"<h4><strong><em>VEGA &#8211; Scientific Grant Agency of the Ministry of Education, Science, Research and Sport of the Slovak Republic and Slovak Academy of Sciences\u00a0<\/em><\/strong><\/h4>\n<ul>\n<li>VEGA 2\/0011\/20 <em>Structure and Dynamics of Magnetic Liquids in an Electric Field<\/em><\/li>\n<\/ul>\n<p>Principal Investigator: <strong>Michal Raj\u0148\u00e1k <\/strong>(2020-2023)<\/p>\n<ul>\n<li>VEGA 2\/0043\/21 <em>Self-Organization Processes in Soft Hybrid Mixtures of Liquid Crystals and Nanoparticles<br \/>\n<\/em><\/li>\n<\/ul>\n<p>Principal Investigator: <strong>N. Toma\u0161ovi\u010dov\u00e1 <\/strong>(2021-2024)<\/p>\n<ul>\n<li>VEGA &#8211; <em>Functional Magnetic Materials with a Perovskite Structure Based on Rare Earth Oxides and Transition Metals<\/em><\/li>\n<\/ul>\n<p>Principal Investigator: <strong>M. Mihalik <\/strong>(2022-2024)<\/p>\n<ul>\n<li>VEGA 2\/0049\/23 Functionalized magnetic nanoparticles for MRI imaging of drug distribution in the lungs in experimental acute respiratory distress syndrome (ARDS)<\/li>\n<\/ul>\n<p>Principal Investigator: <strong>M. Konerack\u00e1 <\/strong>(2023-2026)<\/p>\n<hr \/>\n<h4><strong><em>APVV &#8211; Slovak Research and Development Agency<\/em><\/strong><\/h4>\n<ul>\n<li>APVV <strong>22-0115<\/strong> <em>Nano-Functionalization of Liquids for Oil Transformers (NANOFLIT)<\/em><\/li>\n<\/ul>\n<p>Principal Investigator:<strong>\u00a0M. Raj\u0148\u00e1k <\/strong>(2023-2027)<\/p>\n<ul>\n<li>APVV <strong>22-0060<\/strong> <em>Magnetically Modified Textiles (MAMOTEX)<\/em><\/li>\n<\/ul>\n<p>Principal Investigator:<strong> P. Kop\u010dansk\u00fd <\/strong>(2023-2027)<\/p>\n<ul>\n<li>APVV\u00a0 HERO &#8211;\u00a0<em>Electrocatalysts for Efficient Hydrogen Production for Future Electrolyzers and Fuel Cells<\/em><\/li>\n<\/ul>\n<p>Principal Investigator: <strong>M. Ba\u0165kov\u00e1<\/strong> (2021\u20132025)<\/p>\n<ul>\n<li>APVV DS-FR-22-0037 <em>Self-heating Magnetic Nanoconstructs for Theranostic Applications (SeNaTa)<br \/>\n<\/em><\/li>\n<\/ul>\n<p>Principal Investigator: <strong>M. Kubov\u010d\u00edkov\u00e1 <\/strong>(2023-2025)<strong><br \/>\n<\/strong><\/p>\n<hr \/>\n<h4><strong><em>Others<\/em><\/strong><\/h4>\n<ul>\n<li><span class=\"HwtZe\" lang=\"en\"><span class=\"jCAhz ChMk0b\"><span class=\"ryNqvb\">Small project scheme of the SAS &#8211; <em>Ubiquitous Magnetism<\/em><br \/>\n<\/span><\/span><\/span><\/li>\n<\/ul>\n<p>Principal Investigator: Mat\u00fa\u0161 Mol\u010dan (2023)<\/p>\n","protected":false},"excerpt":{"rendered":"<p>VEGA &#8211; Scientific Grant Agency of the Ministry of Education, Science, Research and Sport of the Slovak Republic and Slovak Academy of Sciences\u00a0 VEGA 2\/0011\/20&#8230;<\/p>\n","protected":false},"author":1,"featured_media":0,"parent":300,"menu_order":5,"comment_status":"closed","ping_status":"closed","template":"","meta":{"footnotes":""},"_links":{"self":[{"href":"https:\/\/websrv.saske.sk\/uef\/en\/wp-json\/wp\/v2\/pages\/501"}],"collection":[{"href":"https:\/\/websrv.saske.sk\/uef\/en\/wp-json\/wp\/v2\/pages"}],"about":[{"href":"https:\/\/websrv.saske.sk\/uef\/en\/wp-json\/wp\/v2\/types\/page"}],"author":[{"embeddable":true,"href":"https:\/\/websrv.saske.sk\/uef\/en\/wp-json\/wp\/v2\/users\/1"}],"replies":[{"embeddable":true,"href":"https:\/\/websrv.saske.sk\/uef\/en\/wp-json\/wp\/v2\/comments?post=501"}],"version-history":[{"count":12,"href":"https:\/\/websrv.saske.sk\/uef\/en\/wp-json\/wp\/v2\/pages\/501\/revisions"}],"predecessor-version":[{"id":2933,"href":"https:\/\/websrv.saske.sk\/uef\/en\/wp-json\/wp\/v2\/pages\/501\/revisions\/2933"}],"up":[{"embeddable":true,"href":"https:\/\/websrv.saske.sk\/uef\/en\/wp-json\/wp\/v2\/pages\/300"}],"wp:attachment":[{"href":"https:\/\/websrv.saske.sk\/uef\/en\/wp-json\/wp\/v2\/media?parent=501"}],"curies":[{"name":"wp","href":"https:\/\/api.w.org\/{rel}","templated":true}]}}