{"id":500,"date":"2019-02-04T15:51:47","date_gmt":"2019-02-04T14:51:47","guid":{"rendered":"http:\/\/websrv.saske.sk\/uef\/en\/?page_id=500"},"modified":"2026-03-18T14:34:42","modified_gmt":"2026-03-18T13:34:42","slug":"staff","status":"publish","type":"page","link":"https:\/\/websrv.saske.sk\/uef\/en\/departments\/department-of-magnetism\/staff\/","title":{"rendered":"Staff"},"content":{"rendered":"\r\n<p><strong>Head of the Department:<\/strong><\/p>\r\n<p><a href=\"https:\/\/www.sav.sk\/index.php?lang=sk&amp;doc=user-org-user&amp;user_no=4063\"><span style=\"color: #3366ff\"><span style=\"color: #0000ff\"><span style=\"color: #3366ff\"><span style=\"color: #0000ff\">RNDr. Nat\u00e1lia Toma\u0161ovi\u010dov\u00e1, CSc.<\/span><\/span><\/span><\/span><\/a><\/p>\r\n\r\n\r\n\r\n\r\n\r\n<p><strong>Researchers:\u00a0<\/strong><\/p>\r\n\r\n\r\n\r\n\r\n\r\n\r\n\r\n<p class=\"org-title margin-bottom-0 center\"><span style=\"color: #3366ff\"><a style=\"color: #3366ff\" href=\"https:\/\/www.sav.sk\/?lang=sk&amp;doc=user-org-user&amp;user_no=11079\"><span style=\"color: #0000ff\">doc. Mgr. Iryna Antal, PhD.<\/span><\/a><\/span><\/p>\r\n<p><span style=\"color: #0000ff\"><a style=\"color: #0000ff\" href=\"https:\/\/www.sav.sk\/index.php?lang=sk&amp;doc=user-org-user&amp;user_no=6300\">RNDr. Marianna Ba\u0165kov\u00e1, PhD.<\/a><\/span><\/p>\r\n<p><span style=\"color: #0000ff\"><a style=\"color: #0000ff\" href=\"https:\/\/www.sav.sk\/?lang=sk&amp;doc=user-org-user&amp;user_no=4021\">RNDr. Alena Jur\u00edkov\u00e1, CSc.<\/a><\/span><\/p>\r\n<p><span style=\"color: #0000ff\">\r\n\r\n<\/span><\/p>\r\n<p><span style=\"color: #0000ff\"><a style=\"color: #0000ff\" href=\"https:\/\/www.sav.sk\/index.php?lang=sk&amp;doc=user-org-user&amp;user_no=4037\">Ing. Martina Konerack\u00e1, CSc.<\/a><\/span><\/p>\r\n<p><span style=\"color: #0000ff\"><a style=\"color: #0000ff\" href=\"https:\/\/www.sav.sk\/?lang=sk&amp;doc=user-org-user&amp;user_no=4000\">doc. RNDr. Peter Kop\u010dansk\u00fd, CSc.<\/a><\/span><\/p>\r\n<p><span style=\"color: #0000ff\">Mgr. Martin Koval\u00edk, PhD.<\/span><\/p>\r\n<p><span style=\"color: #0000ff\"><a style=\"color: #0000ff\" href=\"https:\/\/www.sav.sk\/index.php?lang=sk&amp;doc=user-org-user&amp;user_no=8168\">RNDr. Martina Kubov\u010d\u00edkov\u00e1, PhD.<\/a><\/span><\/p>\r\n<p><span style=\"color: #0000ff\">\r\n\r\n<\/span><\/p>\r\n<p><a href=\"https:\/\/www.sav.sk\/index.php?lang=sk&amp;doc=user-org-user&amp;user_no=10527\">RNDr<\/a><a href=\"https:\/\/www.sav.sk\/index.php?lang=sk&amp;doc=user-org-user&amp;user_no=10971\">. Katar\u00edna K\u00f3nyov\u00e1, PhD.<\/a><\/p>\r\n<p><a href=\"https:\/\/www.sav.sk\/?lang=sk&amp;doc=user-org-user&amp;user_no=14761\">RNDr. Liliia Kotvytska, PhD.<\/a><\/p>\r\n<p><span style=\"color: #0000ff\"><a style=\"color: #0000ff\" href=\"https:\/\/www.sav.sk\/index.php?lang=sk&amp;doc=user-org-user&amp;user_no=10440\">RNDr. Veronika Lackov\u00e1, PhD.<\/a><\/span><\/p>\r\n<p><span style=\"color: #0000ff\">\r\n\r\n\r\n\r\n<\/span><\/p>\r\n<p><span style=\"color: #0000ff\"><a style=\"color: #0000ff\" href=\"https:\/\/www.sav.sk\/index.php?lang=sk&amp;doc=user-org-user&amp;user_no=4043\">RNDr. Mari\u00e1n Mihalik, CSc.<\/a><\/span><\/p>\r\n<p><span style=\"color: #0000ff\">\r\n\r\n<\/span><\/p>\r\n<p><span style=\"color: #0000ff\">\r\n\r\n\r\n\r\n<\/span><\/p>\r\n<p><span style=\"color: #0000ff\"><a style=\"color: #0000ff\" href=\"https:\/\/www.sav.sk\/index.php?lang=sk&amp;doc=user-org-user&amp;user_no=8170\">Ing. Mat\u00fa\u0161 Mol\u010dan, PhD.<\/a><\/span><\/p>\r\n<p><a href=\"https:\/\/www.sav.sk\/?lang=sk&amp;doc=user-org-user&amp;user_no=12824\">Mgr. Dmytro Miakota, PhD.<\/a><\/p>\r\n<p><span style=\"color: #0000ff\">\r\n\r\n<\/span><\/p>\r\n<p><span style=\"color: #0000ff\"><a style=\"color: #0000ff\" href=\"https:\/\/www.sav.sk\/index.php?lang=sk&amp;doc=user-org-user&amp;user_no=4036\">Ing. Katar\u00edna Paulovi\u010dov\u00e1, PhD.<\/a><\/span><\/p>\r\n<p><span style=\"color: #0000ff\">\r\n\r\n<\/span><\/p>\r\n<p><span style=\"color: #0000ff\"><a style=\"color: #0000ff\" href=\"https:\/\/www.sav.sk\/index.php?lang=sk&amp;doc=user-org-user&amp;user_no=8649\">RNDr. Michal Raj\u0148\u00e1k, PhD.<\/a><\/span><\/p>\r\n<p><span style=\"color: #0000ff\">\r\n\r\n<\/span><\/p>\r\n<p><span style=\"color: #0000ff\">\r\n\r\n<\/span><\/p>\r\n<p><span style=\"color: #0000ff\"><a style=\"color: #0000ff\" href=\"https:\/\/www.sav.sk\/?lang=en&amp;doc=user-org-user&amp;user_no=2393&amp;action=cv\">RNDr.\u00a0 Milan\u00a0 Timko , CSc.<\/a><\/span><\/p>\r\n<p><span style=\"color: #0000ff\">\r\n\r\n<\/span><\/p>\r\n<p><span style=\"color: #0000ff\"><a style=\"color: #0000ff\" href=\"https:\/\/www.sav.sk\/index.php?lang=sk&amp;doc=user-org-user&amp;user_no=4047\">Ing. Vlasta Z\u00e1vi\u0161ov\u00e1, PhD.<\/a><\/span><\/p>\r\n<p><span style=\"color: #0000ff\">\r\n\r\n<\/span><\/p>\r\n<p>&nbsp;<\/p>\r\n\r\n\r\n\r\n\r\n\r\n<p><strong>PhD students:<\/strong><\/p>\r\n\r\n\r\n\r\n<p><a href=\"https:\/\/www.sav.sk\/?lang=sk&amp;doc=user-org-user&amp;user_no=12823\">Mgr. <\/a><a href=\"https:\/\/www.sav.sk\/?lang=en&amp;doc=user-org-user&amp;user_no=14123\">Valent\u00edn Jedin\u00e1k<\/a><\/p>\r\n<p><a href=\"https:\/\/www.sav.sk\/?lang=en&amp;doc=user-org-user&amp;user_no=14124\">Mgr. <\/a><a href=\"https:\/\/www.sav.sk\/?lang=sk&amp;doc=user-org-user&amp;user_no=14124\">Paula Pill\u00e1rov\u00e1<\/a><\/p>\r\n\r\n\r\n\r\n\r\n\r\n\r\n\r\n\r\n","protected":false},"excerpt":{"rendered":"<p>Head of the Department: RNDr. Nat\u00e1lia Toma\u0161ovi\u010dov\u00e1, CSc. Researchers:\u00a0 doc. Mgr. Iryna Antal, PhD. RNDr. Marianna Ba\u0165kov\u00e1, PhD. RNDr. Alena Jur\u00edkov\u00e1, CSc. Ing. Martina Konerack\u00e1,&#8230;<\/p>\n","protected":false},"author":1,"featured_media":0,"parent":300,"menu_order":1,"comment_status":"closed","ping_status":"closed","template":"","meta":{"footnotes":""},"_links":{"self":[{"href":"https:\/\/websrv.saske.sk\/uef\/en\/wp-json\/wp\/v2\/pages\/500"}],"collection":[{"href":"https:\/\/websrv.saske.sk\/uef\/en\/wp-json\/wp\/v2\/pages"}],"about":[{"href":"https:\/\/websrv.saske.sk\/uef\/en\/wp-json\/wp\/v2\/types\/page"}],"author":[{"embeddable":true,"href":"https:\/\/websrv.saske.sk\/uef\/en\/wp-json\/wp\/v2\/users\/1"}],"replies":[{"embeddable":true,"href":"https:\/\/websrv.saske.sk\/uef\/en\/wp-json\/wp\/v2\/comments?post=500"}],"version-history":[{"count":34,"href":"https:\/\/websrv.saske.sk\/uef\/en\/wp-json\/wp\/v2\/pages\/500\/revisions"}],"predecessor-version":[{"id":3861,"href":"https:\/\/websrv.saske.sk\/uef\/en\/wp-json\/wp\/v2\/pages\/500\/revisions\/3861"}],"up":[{"embeddable":true,"href":"https:\/\/websrv.saske.sk\/uef\/en\/wp-json\/wp\/v2\/pages\/300"}],"wp:attachment":[{"href":"https:\/\/websrv.saske.sk\/uef\/en\/wp-json\/wp\/v2\/media?parent=500"}],"curies":[{"name":"wp","href":"https:\/\/api.w.org\/{rel}","templated":true}]}}