{"id":440,"date":"2019-02-04T14:32:16","date_gmt":"2019-02-04T13:32:16","guid":{"rendered":"http:\/\/websrv.saske.sk\/uef\/en\/?page_id=440"},"modified":"2025-03-19T10:41:00","modified_gmt":"2025-03-19T09:41:00","slug":"projects","status":"publish","type":"page","link":"https:\/\/websrv.saske.sk\/uef\/en\/departments\/department-of-biophysics\/projects\/","title":{"rendered":"Projects"},"content":{"rendered":"<p>\r\n\r\n<\/p>\r\n<p>&nbsp;<\/p>\r\n<p><!--more--><\/p>\r\n<hr \/>\r\n<p><span style=\"color: #0f41af\"><strong>Running Projects<\/strong><\/span><\/p>\r\n<hr \/>\r\n<p><span style=\"color: #000000\"><strong><em>International Projects<\/em><\/strong><\/span><\/p>\r\n<hr \/>\r\n<ul>\r\n<li><strong>Horizon 2020<\/strong>: Research and Innovation Staff Exchange (RISE) H2020-MSCA-RISE-2020<br \/><a href=\"https:\/\/cordis.europa.eu\/project\/id\/101007642\"><strong><em>Innovative water-soluble phytomaterial inhibitors for Alzheimer\u2019s and Parkinson\u2019s disease prevention<\/em> <\/strong><\/a><br \/>Principal investigator for Slovak republic: Dr. Katarina Siposova, PhD (since 07\/2024); MUDr. Andrej Musatov, DrSc. (10\/2022 &#8211; 06\/2024)<br \/>Duration: 28.10. 2022 \u2013 28. 2. 2026<\/li>\r\n<li><strong>COST<\/strong>: European Cooperation in Science and Technology<br \/><a href=\"https:\/\/www.cost.eu\/actions\/CA21146\/\"><strong><em>Fundamentals and applications of purple bacteria biotechnology for resource recovery from waste (PurpleGain)<\/em> <\/strong><\/a><br \/>Principal investigator for Slovak republic: RNDr. Michal Pudlak, PhD.<br \/>Duration: 10. 10. 2022 \u2013 09. 10. 2026<\/li>\r\n<li><strong>COST<\/strong>: European Cooperation in Science and Technology<br \/><a href=\"https:\/\/www.cost.eu\/actions\/CA21146\/\"><strong><em>Non-Globular proteins in the era of Machine Learning (ML4NGP)<\/em> <\/strong><\/a><br \/>Principal investigator for Slovak republic: RNDr. Zuzana Bednarikova, PhD.<br \/>Duration: 25. 10. 2022 \u2013 24. 10. 2026<\/li>\r\n<\/ul>\r\n<p>Bilateral projects<\/p>\r\n<ul>\r\n<li><strong>SAS-MOST Joint Research Project<\/strong><br \/><span style=\"color: #104196\"><strong><em>Exploring Protein Amyloid Superstructures and Dynamics Using Single-Molecule Microscopy with the Deep-Learning Modeling<\/em> <\/strong><\/span><br \/>Principal investigator: RNDr., Ing. Katarina Siposova, PhD.<br \/>Duration: 01. 01. 2025 \u2013 31. 12. 2027<\/li>\r\n<\/ul>\r\n<ul>\r\n<li><strong>PPP SK-DAAD Project<\/strong><br \/><span style=\"color: #0f4196\"><strong><em>Hybrid DNA-functionalized fibrils as nanostructured material for bioanalytical applications<\/em> <\/strong><\/span><br \/>Principal investigator: RNDr., Ing. Katarina Siposova, PhD.<br \/>Duration: 01. 01. 2024 \u2013 31. 12. 2025<\/li>\r\n<li><strong>APVV SK-PL<\/strong><br \/><span style=\"color: #0f4196\"><strong><em>Ultrasound- and Magnetic-induced Hyperthermia as a Treatment Modality for Amyloid-related Diseases<\/em> <\/strong><\/span><br \/>Principal investigator: RNDr., Ing. Katarina Siposova, PhD.<br \/>Duration: 01. 01. 2024 \u2013 31. 12. 2025<\/li>\r\n<\/ul>\r\n<hr \/><hr \/>\r\n\r\n\r\n\r\n\r\n<p><strong><em>National Projects<\/em><\/strong><\/p>\r\n<hr \/>\r\n<p><strong><em>Slovak Research and Development Agency (SRDA) \u00a0<\/em><\/strong><\/p>\r\n<p><strong><em>\u00a0 <\/em><\/strong><span style=\"color: #0f4196\"><em><strong>Programmable self-organization of hybrid DNA-protein nanosystems for controlled binding and release of biologicals<\/strong><\/em><\/span> <\/p>\r\n<ul>\r\n<li>Principal investigator: RNDr., Ing. Katarina Siposova, PhD. <br \/>Duration: 01.07.2024 \u2013 30.06.2028<\/li>\r\n<\/ul>\r\n<ul>\r\n<li><span style=\"color: #0f4196\"><em><strong>Multicomponent ligands as modulators of Azheimer\u00b4s disease\u00a0 pathology-relevant targets<\/strong><\/em><\/span> <br \/>Principal investigator: Doc. RNDr. Zuzana Ga\u017eov\u00e1, DrSc. <br \/>Duration: 01.07.2023 \u2013 30.06.2027<\/li>\r\n<\/ul>\r\n<ul>\r\n<li><span style=\"color: #104196\"><em><strong>Flexible microstructures and micro-robots for biomedical lab-on-chip applications<\/strong><\/em><\/span><br \/>Principal investigator: Doc. Ing. Zoltan Tomori, CSc.<br \/>Duration: 01.07.2022 \u2013 30.06.2026<\/li>\r\n<\/ul>\r\n<hr \/>\r\n<p><strong><em>Scientific Grant Agency of the Slovak Academy of Sciences and Ministry of Education of Slovak Republic \u00a0(VEGA)<\/em><\/strong><\/p>\r\n<ul>\r\n<li><span style=\"color: #104196\"><em><strong>Ionic liquids and deep eutectic solvents as modulators of protein stability and aggregation<\/strong><\/em><\/span><br \/>Principal investigator: RNDr. Diana Fedunova, PhD. <br \/>Duration: 01.01.2022 \u2013 31.12.2025<\/li>\r\n<li><em><strong><span style=\"color: #0f4196\">Study and modification of properties of spider protein overexpressed in Escherichia coli<\/span> <\/strong><\/em><br \/>Principal investigator: RNDr., Ing. Katar\u00edna \u0160ipo\u0161ov\u00e1, PhD. <br \/>Duration: 01.01.2022 \u2013 31.12.2025<\/li>\r\n<li><span style=\"color: #104196\"><em><strong><span class=\"VIiyi\" lang=\"en\"><span class=\"JLqJ4b ChMk0b\" data-language-for-alternatives=\"en\" data-language-to-translate-into=\"sk\" data-phrase-index=\"0\">Analysis of image sequences by deep learning methods in selected biophysical experiments<\/span><\/span> <\/strong><\/em><\/span><br \/>Principal investigator: Doc. RNDr. Zoltan Tomori, CSc.<br \/>Duration: 01.01.2022 \u2013 31.12.2024<\/li>\r\n<li><span style=\"color: #0f4196\"><em><strong><span class=\"VIiyi\" lang=\"en\"><span class=\"JLqJ4b ChMk0b\" data-language-for-alternatives=\"en\" data-language-to-translate-into=\"sk\" data-phrase-index=\"0\">Elucidation of the initial stages of amyloid aggregation of proteins &#8211; from mechanism to therapy<\/span><\/span> <\/strong><\/em><\/span><br \/>Principal investigator: Doc. RNDr. Zuzana Gazova, DrSc. <br \/>Duration: 01.01.2021 \u2013 31.12.2024<\/li>\r\n<\/ul>\r\n<hr \/>\r\n<p><strong>PostdocGrant of Slovak Academy of Sciences <br \/><\/strong><\/p>\r\n<ul>\r\n<li><span style=\"color: #0f4196\"><em><strong>Low-molecular-weight compounds targeting amyloid-related diseases<\/strong><\/em><\/span><br \/>Principal investigator: RNDr. Miroslav Gancar, PhD. <br \/>Duration: 1. 7. 2024 \u2013 31. 12. 2025<\/li>\r\n<\/ul>\r\n<hr \/>\r\n<p><strong>SAS Research Grants for PhD Students (DoktoGrant)<\/strong><\/p>\r\n<ul>\r\n<li><span style=\"color: #0f4196\"><em><strong><span lang=\"EN-US\">Functional ligand utilization as assembly agent for protein-DNA bioconjugates<\/span><\/strong><\/em><\/span><br \/>Principal investigator: RNDr. Viktoria Fedorova<br \/>Duration: 1. 1. 2025 \u2013 31. 12. 2025<\/li>\r\n<\/ul>\r\n<hr \/><hr \/>\r\n<p><span style=\"color: #0f41af\"><strong>Finished Projects<\/strong><\/span><\/p>\r\n<ul>\r\n<li><strong>NATO<\/strong>: The Science for Peace and Security Programme<br \/><span style=\"color: #0f4196\"><a style=\"color: #0f4196\" href=\"https:\/\/sites.fct.unl.pt\/natosps5683\"><em>Novel Composites Based on Cerium Oxide Nanoparticles and Carbon Enterosorbents for Acute Radiation Sickness Therapy<\/em> <\/a><\/span><br \/>Principal investigator for Slovak republic: MUDr. Andrej Musatov, DrSc.<br \/>Duration: 15. 7. 2020 \u2013 14. 01. 2024<\/li>\r\n<li>COST Action<br \/><span style=\"color: #104196\"><em>083\/14 action BM1405 \u2013 Non-globular proteins \u2013 from sequence to structure, function and application in molecular physiopathology (NGP-NET)<\/em><\/span> <br \/>Principal investigator for Slovak Republic: Doc. RNDr. Zuzana Ga\u017eov\u00e1, CSc. <br \/>Duration: 01. 08. 2015 \u2013 31. 05. 2019<\/li>\r\n<\/ul>\r\n<hr \/>\r\n<p>Bilateral projects<\/p>\r\n<ul>\r\n<li>Bilateral Joint Research Project between Institute of Experimental Physics and College of Photonics, National Chiao Tung University, Tainan (Taiwan)<br \/><span style=\"color: #0f4196\"><em>Anti-amyloid activity of zeolite-based composites and analysis with real-time 3D super-resolution imaging<\/em><\/span> <br \/>Principal investigator: RNDr., Ing. Katarina Siposova, PhD.<br \/>Duration: 01. 01. 2022 \u2013 31. 12. 2024<\/li>\r\n<li><em>Slovak Research and Development Agency (SRDA)\u00a0 <\/em>Bilateral project between Department of Biophysics Institute of Experimental Physics SAS and Taiwan<br \/><span style=\"color: #0f4196\"><em>Interactions of nanoparticles with amyloid fibrils: from therapy to nanomaterials<\/em><\/span> <br \/>Principal investigator: Doc. RNDr. Zuzana Gazova, DrSc. <br \/>Duration: 01.01.2022 \u2013 31.12.2023<\/li>\r\n<li><em>Mobility SK-PL<\/em><br \/><span style=\"color: #0f4196\"><em>Azobenzenes as potential Alzheimer&#8217;s therapeutic agents<\/em> <\/span><br \/>Principal investigator: RNDr. Zuzana Bednarikova, PhD. <br \/>Duration: 01.01.2023 \u2013 31.12.2024<\/li>\r\n<li>PPP SVK-DAAD project<br \/><span style=\"color: #0f4196\"><em>Self assembly and functionalization of nanofibrillar DNA-spider silk hybrid materials<\/em><\/span> <br \/>Principal investigator: RNDr., Ing. Katarina Siposova, PhD.<br \/>Duration: 1. 1. 2022 \u2013 31. 12. 2023<\/li>\r\n<li>Bilateral Mobility BAS-SAS Project<br \/><span style=\"color: #0f4196\"><em>Stability and aggregation of globular proteins in the presence of biocompatible ionic liquids\u00a0<\/em><\/span><br \/>Principal investigator: RNDr. Diana Fedunova, PhD.<br \/>Duration: 01. 01. 2020 \u2013 31. 12. 2022<\/li>\r\n<li>Bilateral Joint Research Project between Institute of Experimental Physics and Vernadskii Institute of General and Inorganic Chemistry of NAS of Ukraine (Ukraine)<br \/><span style=\"color: #0f4196\"><em>Enhancement of Bioactivity of Cerium Oxide Nanoparticles<\/em> <\/span><br \/>Principal investigator: MUDr. Andrej Musatov, DrSc.<br \/>Duration: 01. 01. 2020 \u2013 31. 12. 2022<\/li>\r\n<li>Bilateral Joint Research Project between Institute of Experimental Physics and Biological Research Centre, Institute of Biophysics, Szeged (Hungary)<br \/><span style=\"color: #0f4196\"><em>Elastic micro-tools for optical manipulation of biological object<\/em> <\/span><br \/>Principal investigator: Doc. RNDr. Zoltan Tomori, CSc.<br \/>Duration: 01. 01. 2019 \u2013 31. 12. 2021<\/li>\r\n<li>Bilateral Joint Research Project between Institute of Experimental Physics and National Institute of Mental Health (Czech Republic)<br \/><span style=\"color: #0f4196\"><em>Study of the amyloid aggregation in vitro and in cerebrospinal fluid<\/em>\u00a0<\/span><br \/>Principal investigator for Slovak Republic: Doc. RNDr. Zuzana Ga\u017eov\u00e1, CSc..<br \/>Duration: 01. 01. 2015 \u2013 31. 12. 2020<\/li>\r\n<\/ul>\r\n<ul>\r\n<li>Bilateral Joint Research Project between Institute of Experimental Physics and National Institute of Mental Health (Czech Republic)<br \/><span style=\"color: #0f4196\"><em>Study of the amyloid aggregation in vitro and in cerebrospinal fluid<\/em><\/span> <br \/>Principal investigator: Doc. RNDr. Zuzana Ga\u017eov\u00e1, CSc. <br \/>Duration: 01. 01. 2015 \u2013 31. 12. 2020<\/li>\r\n<li>Bilateral Project between Department of Biophysics Institute of Experimental Physics SAS and Department of Pharmaceutical Science, School of Pharmacy, East China University of Science and Technology, Shanghai, China<br \/><span style=\"color: #104196\"><em>SK-CN-2017-0033\u00a0&#8211; Discovery and Mechanism of Small Molecule Compounds from Traditional Chinese Medicine for treatment of Alzheimer&#8217;s Disease<\/em><\/span> <br \/>Principal investigator for Slovak Republic: Doc. RNDr. Zuzana Ga\u017eov\u00e1, CSc. <br \/>Duration: 01. 01. 2018 \u2013 31. 12. 2019<\/li>\r\n<\/ul>\r\n<ul>\r\n<li>Bilateral Joint Research project between Department of Biophysics Institute of Experimental Physics SAS and National Cheng-Chi University &amp; Academia Sinica<br \/><span style=\"color: #104196\"><em>SK-TW-2017-0012 Study of orientation ordering and self-assembly in biopolymer and liquid crystal<\/em><\/span> <br \/>Principal investigator for Slovak Republic: RNDr., Ing. Katar\u00edna \u0160ipo\u0161ov\u00e1, PhD.<br \/>Duration: 01. 01. 2018 \u2013 31. 12. 2019<\/li>\r\n<\/ul>\r\n<ul>\r\n<li>Bilateral Project between Department of Biophysics Institute of Experimental Physics SAS and Taiwan<br \/><span style=\"color: #104196\"><em>Effect of small molecules and nanoparticles on amyloid aggregation of poly\/peptides<\/em><\/span> <br \/>Principal investigator for Slovak Republic: Doc. RNDr. Zuzana Ga\u017eov\u00e1, CSc. <br \/>Duration: 01. 01. 2016 \u2013 31. 12. 2018<\/li>\r\n<\/ul>\r\n<ul>\r\n<li>Bilateral Project between Department of Biophysics Institute of Experimental Physics SAS and Department of Pharmaceutical Science, School of Pharmacy, East China University of Science and Technology, Shanghai, China<br \/><span style=\"color: #104196\"><em>The multitarget low molecular compounds from traditional Chinese herbs in treatment of Alzheimer\u00b4s disease<\/em><\/span> <br \/>Principal investigator for Slovak Republic: Doc. RNDr. Zuzana Ga\u017eov\u00e1, CSc. <br \/>Duration: 01. 01. 2016 \u2013 31. 12. 2017<\/li>\r\n<li>Bilateral Project between Department of Biophysics Institute of Experimental Physics SAS and aInstituto per lo Studio dei Materiali Nanostrutturati, Consiglio Nazionale delle Ricerche, Bologna, Italy<br \/><span style=\"color: #104196\"><em>Amyloid aggregation of proteins in hybrid interfaces\u00a0<\/em><\/span><br \/>Principal investigator for Slovak Republic: Doc. RNDr. Zuzana Ga\u017eov\u00e1, CSc. <br \/>Duration: 01. 01. 2013 \u2013 31. 12. 2017<\/li>\r\n<\/ul>\r\n<hr \/>\r\n<p>National Projects<\/p>\r\n<hr \/>\r\n<p><em>Slovak Research and Development Agency (SRDA) \u00a0<\/em><strong><em> \u00a0<\/em><\/strong><\/p>\r\n<ul>\r\n<li><span style=\"color: #104196\"><em>Interactive methods of image acquisition and processing in microscopy using natural user interface<\/em><\/span> <br \/>Principal investigator: Doc. Ing. Zolt\u00e1n Tomori, CSc. <br \/>Duration: 01.07.2012 \u2013 31.12.2015<\/li>\r\n<li><span style=\"color: #0f4196\"><em>Automation of biophysical experiments using light-driven microrobots<\/em><\/span> <br \/>Principal investigator: Doc. Ing. Zoltan Tomori, CSc.<br \/>Duration: 01.07.2016 \u2013 30.06.2020<\/li>\r\n<li><span style=\"color: #0f4196\"><em>Multi-target inhibitors of poly\/peptides associated with Alzheimer\u00b4s disease<\/em><\/span> <br \/>Principal investigator: Doc. RNDr. Zuzana Ga\u017eov\u00e1, DrSc. <br \/>Duration: 01.07.2019 \u2013 01.06.2023<\/li>\r\n<li><span style=\"color: #0f4196\"><em>The development of translationally relevant regenerative and reparative strategies after spinal cord trauma<\/em><\/span> <br \/>Principal investigator: MUDr. Andrey Musatov, DrSc. <br \/>Duration: 01.07.2020 \u2013 30.06.2024<\/li>\r\n<\/ul>\r\n<hr \/>\r\n<p>VEGA<\/p>\r\n<ul>\r\n<li><span style=\"color: #0f4196\"><em>New Insight into the Role of Hydrophobic Interactions in Formation and Stability of Proteins Aggregates. Link to Oxidative Stress<\/em><\/span><br \/>Principal investigator: MUDr. Andrey Musatov, DrSc.<br \/>Duration: 01.01.2020 &#8211; 31.12.2023<\/li>\r\n<li><span style=\"color: #0f4196\"><em>Supramolecular complexes of proteins \u2013 conformational transitions, stability and aggregation<\/em><\/span><br \/>Principal investigator: RNDr. Diana Fedunov\u00e1, PhD.<br \/>Duration: 01.01.2018 &#8211; 31.12.2021<\/li>\r\n<li><span style=\"color: #0f4196\"><em>Novel statistical and correlation methods in analysis of parametric models of surfaces and their distributions<\/em><\/span><br \/>Principal investigator: RNDr. Jozef Marek, PhD. <br \/>Duration: 01.01.2019 \u2013 31.12.2021<\/li>\r\n<li><span style=\"color: #0f4196\"><em>Self-assembly of poly\/peptides into amyloid aggregates \u2013 mechanism, inhibition and cytotoxicity<\/em><\/span><br \/>Principal investigator: Doc. RNDr. Zuzana Ga\u017eov\u00e1, CSc. <br \/>Duration: 01.01.2017 &#8211; 31.12.2020<\/li>\r\n<\/ul>\r\n<ul>\r\n<li><span style=\"color: #0f4196\"><em>Functional and structural Insights into the phospholipid-protein interaction during oxidative stress\u00a0<\/em><\/span><br \/>Principal investigator: MUDr. Andrej Musatov, DrSc.<br \/>Duration: 01.01.2017 \u2013 31.12.2020<\/li>\r\n<\/ul>\r\n<ul>\r\n<li><em><span style=\"color: #104196\">Supramolecular complexes of biomacromolecules<\/span> <\/em><br \/>Principal investigator: RNDr. Eva Valu\u0161ov\u00e1, PhD. <br \/>Duration: 01. 01. 2016 \u2013 31. 12. 2019<\/li>\r\n<\/ul>\r\n<ul>\r\n<li><span style=\"color: #104196\"><em><span class=\"tlid-translation translation\" lang=\"en\"><span class=\"\" title=\"\">Spintronics on carbon nanoparticles<\/span><\/span><\/em><\/span><br \/>Principal investigator: RNDr. Michal Pudl\u00e1k, PhD. <br \/>Duration: 01. 01. 2016 \u2013 31. 12. 2018<\/li>\r\n<\/ul>\r\n<ul>\r\n<li><span style=\"color: #104196\"><em>Natural User Interface based on RGB-D Image Processing Algorithms and their Application in Biomedicine\u00a0<\/em><\/span><br \/>Principal investigator: Doc. Ing. Zoltan Tomori, CSc.<br \/>Duration: 01. 01. 2016 \u2013 31. 12. 2018<\/li>\r\n<\/ul>\r\n<ul>\r\n<li><em><span style=\"color: #104196\">Study of the intrinsically disordered protein stability and aggregation<\/span><\/em><br \/>Principal investigator: RNDr. Diana Fedunov\u00e1, PhD. <br \/>Duration: 01. 01. 2014 \u2013 31. 12. 2017<\/li>\r\n<\/ul>\r\n<ul>\r\n<li><span style=\"color: #104196\"><em>Development and implementation of algorithms and methods for the study of fiber like objects using image processing and mathematical modeling<\/em><\/span><br \/>Principal investigator: Ing. Erna Demj\u00e9n, PhD. <br \/>Duration: 01. 01. 2014 \u2013 31. 12. 2016<\/li>\r\n<\/ul>\r\n<ul>\r\n<li><span style=\"color: #104196\"><em>Functionality and Structural Integrity of Proteins in Bicelles \u2013 Implications for Mitochondrial and Amyloidogenic Proteins<\/em><\/span><br \/>Principal investigator: MUDr. Andrey Musatov, DrSc. <br \/>Duration: 01. 01. 2014 \u2013 31. 12. 2016<\/li>\r\n<\/ul>\r\n<ul>\r\n<li><span style=\"color: #104196\"><em>Inhibitors of protein amyloid aggregation<\/em><\/span><br \/>Principal investigator: Doc. RNDr. Zuzana Ga\u017eov\u00e1, CSc. <br \/>Duration: 01. 01. 2013 \u2013 31. 12. 2016<\/li>\r\n<\/ul>\r\n<ul>\r\n<li><em><span style=\"color: #104196\">Supramolecular complexes of proteins <\/span><\/em><br \/>Principal investigator: Prof. Ing. Mari\u00e1n Antal\u00edk, DrSc. <br \/>Duration: 01. 01. 2012 \u2013 31. 12. 2015<\/li>\r\n<\/ul>\r\n<hr \/>\r\n<p><em>SAS Research Grants for PhD Students (DoktoGrant)<\/em><\/p>\r\n<ul>\r\n<li><span style=\"color: #0f4196\"><em>Study of the effects of molecular hybrids on amyloid aggregation of globular proteins and IDPs<\/em><\/span><br \/>Principal investigator: RNDr. Barbora Borovsk\u00e1<br \/>Duration: 01.01.2022 \u2013 31.12.2022<\/li>\r\n<li><span style=\"color: #0f4196\"><em><span class=\"VIiyi\" lang=\"en\"><span class=\"JLqJ4b ChMk0b\" data-language-for-alternatives=\"en\" data-language-to-translate-into=\"sk\" data-phrase-index=\"0\">Study of anti-oxidant and enhanced anti-amyloid activity of cerium nanoparticles for biomedical applications<\/span><\/span> <\/em><\/span><br \/>Principal investigator: Mgr. Ivana Gar\u010d\u00e1rov\u00e1<br \/>Duration: 01.01.2021 \u2013 31.12.2021<\/li>\r\n<li><span style=\"color: #0f4196\"><em>Ionic liquids as amyloid aggregation modulators\u00a0<\/em><\/span><br \/>Principal investigator: RNDr. Vladim\u00edr Van\u00edk<br \/>Duration: 01.01.2020 \u2013 31.12.2020<\/li>\r\n<\/ul>\r\n\r\n\r\n","protected":false},"excerpt":{"rendered":"<p>&nbsp;<\/p>\n","protected":false},"author":1,"featured_media":0,"parent":296,"menu_order":10,"comment_status":"closed","ping_status":"closed","template":"","meta":{"footnotes":""},"_links":{"self":[{"href":"https:\/\/websrv.saske.sk\/uef\/en\/wp-json\/wp\/v2\/pages\/440"}],"collection":[{"href":"https:\/\/websrv.saske.sk\/uef\/en\/wp-json\/wp\/v2\/pages"}],"about":[{"href":"https:\/\/websrv.saske.sk\/uef\/en\/wp-json\/wp\/v2\/types\/page"}],"author":[{"embeddable":true,"href":"https:\/\/websrv.saske.sk\/uef\/en\/wp-json\/wp\/v2\/users\/1"}],"replies":[{"embeddable":true,"href":"https:\/\/websrv.saske.sk\/uef\/en\/wp-json\/wp\/v2\/comments?post=440"}],"version-history":[{"count":62,"href":"https:\/\/websrv.saske.sk\/uef\/en\/wp-json\/wp\/v2\/pages\/440\/revisions"}],"predecessor-version":[{"id":3419,"href":"https:\/\/websrv.saske.sk\/uef\/en\/wp-json\/wp\/v2\/pages\/440\/revisions\/3419"}],"up":[{"embeddable":true,"href":"https:\/\/websrv.saske.sk\/uef\/en\/wp-json\/wp\/v2\/pages\/296"}],"wp:attachment":[{"href":"https:\/\/websrv.saske.sk\/uef\/en\/wp-json\/wp\/v2\/media?parent=440"}],"curies":[{"name":"wp","href":"https:\/\/api.w.org\/{rel}","templated":true}]}}