{"id":304,"date":"2018-10-03T21:15:14","date_gmt":"2018-10-03T19:15:14","guid":{"rendered":"http:\/\/websrv.saske.sk\/uef\/en\/?page_id=304"},"modified":"2019-02-18T14:25:40","modified_gmt":"2019-02-18T13:25:40","slug":"department-of-space-physics-and-detached-observatory-at-lomnicky-stit","status":"publish","type":"page","link":"https:\/\/websrv.saske.sk\/uef\/en\/departments\/department-of-space-physics-and-detached-observatory-at-lomnicky-stit\/","title":{"rendered":"Department of Space Physics and detached Observatory at Lomnicky stit"},"content":{"rendered":"\r\n<figure class=\"wp-block-image\"><img decoding=\"async\" src=\"\/uef-intranet-old\/files\/vesmir\/Logo50px.jpg\" alt=\"\" \/><\/figure>\r\n\r\n\r\n\r\n<p>\u00a0 \u00a0<a href=\"http:\/\/space.saske.sk\/?lang=1\">Web-page of Department of Space Physics\u00a0<\/a><\/p>\r\n\r\n\r\n\r\n<p><strong>Department of Space Physics<\/strong>&nbsp;is engaged with study of physical processes in space that are particularly &nbsp;investigated &nbsp;by space energetic particles, including the galactic cosmic rays. Research of&nbsp;<strong>Earth&#8217;s magnetosphere<\/strong>,&nbsp;<strong>Interplanetary &nbsp;environment,&nbsp;<\/strong><strong>Solar surface&nbsp;<\/strong>and&nbsp;<strong>Heliosphere<\/strong>&nbsp;is involved. Since its establishment in 1969, the Department participated on plentitude of space satellite experiments. Continuous registration of Galactic cosmic rays is provided by neutron supermonitor located in mountain observatory at&nbsp; Lomnick\u00fd \u0161t\u00edt&nbsp; at the altitude of 2634 metres above the sea level.\r\n\r\n<\/p>\r\n","protected":false},"excerpt":{"rendered":"<p>\u00a0 \u00a0Web-page of Department of Space Physics\u00a0 Department of Space Physics&nbsp;is engaged with study of physical processes in space that are particularly &nbsp;investigated &nbsp;by space&#8230;<\/p>\n","protected":false},"author":1,"featured_media":0,"parent":26,"menu_order":40,"comment_status":"closed","ping_status":"closed","template":"","meta":{"footnotes":""},"_links":{"self":[{"href":"https:\/\/websrv.saske.sk\/uef\/en\/wp-json\/wp\/v2\/pages\/304"}],"collection":[{"href":"https:\/\/websrv.saske.sk\/uef\/en\/wp-json\/wp\/v2\/pages"}],"about":[{"href":"https:\/\/websrv.saske.sk\/uef\/en\/wp-json\/wp\/v2\/types\/page"}],"author":[{"embeddable":true,"href":"https:\/\/websrv.saske.sk\/uef\/en\/wp-json\/wp\/v2\/users\/1"}],"replies":[{"embeddable":true,"href":"https:\/\/websrv.saske.sk\/uef\/en\/wp-json\/wp\/v2\/comments?post=304"}],"version-history":[{"count":4,"href":"https:\/\/websrv.saske.sk\/uef\/en\/wp-json\/wp\/v2\/pages\/304\/revisions"}],"predecessor-version":[{"id":990,"href":"https:\/\/websrv.saske.sk\/uef\/en\/wp-json\/wp\/v2\/pages\/304\/revisions\/990"}],"up":[{"embeddable":true,"href":"https:\/\/websrv.saske.sk\/uef\/en\/wp-json\/wp\/v2\/pages\/26"}],"wp:attachment":[{"href":"https:\/\/websrv.saske.sk\/uef\/en\/wp-json\/wp\/v2\/media?parent=304"}],"curies":[{"name":"wp","href":"https:\/\/api.w.org\/{rel}","templated":true}]}}