{"id":2553,"date":"2022-10-06T10:25:25","date_gmt":"2022-10-06T08:25:25","guid":{"rendered":"https:\/\/websrv.saske.sk\/uef\/en\/?page_id=2553"},"modified":"2026-01-15T09:45:12","modified_gmt":"2026-01-15T08:45:12","slug":"invited-talks","status":"publish","type":"page","link":"https:\/\/websrv.saske.sk\/uef\/en\/departments\/damn\/invited-talks\/","title":{"rendered":"Invited talks"},"content":{"rendered":"<h2>2025<\/h2>\n<p><strong>I. \u0160KORV\u00c1NEK<\/strong>, B. KUNCA, J. MARCIN, P. \u0160VEC<br \/>\n<strong>Rapidly Annealed High-Bs FeCo-Based Nanocrystalline Soft Magnetic Alloys for High-Temperature Applications<\/strong><br \/>\n7th International Conference of Asian Union of Magnetic Societies (IcUAMS 2025), Okinawa, Japan, April 21-25, 2025 (invited talk)<\/p>\n<p><strong>I. \u0160KORV\u00c1NEK<\/strong>, J. MARCIN, B. KUNCA, P. \u0160VEC<br \/>\n<strong>Role of Rapid Annealing in Improving Grain Refinement and Magnetic Softness of FeNi-based Nanocrystalline Alloys<\/strong><br \/>\n10th International Conference on Superconductivity and Magnetism (ICSM 2025), Fethiye, Turkey, 28.04. \u2013 2.5.2025 (invited talk)<\/p>\n<p><b>I. \u0160KORV\u00c1NEK, <\/b>B. KUNCA, J. MARCIN, P. \u0160VEC, P. \u0160VEC SR.<br \/>\n<strong>Impact of elevated temperature on soft magnetic properties of rapidly annealed nanocrystalline high-Bs Fe-Co-B-Cu alloys<\/strong><br \/>\n29th International Symposium on Metastable, Amorphous, and Nanostructured Materials (ISMANAM 2025), June 22\u201227, 2025, Bratislava, (invited talk)<\/p>\n<p>L. FECOVA, O. VAHOVSKY, M. KOZACHOK, M. ELIAS, <b>K. RICHTER<br \/>\n<\/b><strong>Magnetooptical observations of cylindrical magnetic microwires with Matteucci Effect<\/strong><br \/>\n29th International Symposium on Metastable, Amorphous, and Nanostructured Materials (ISMANAM 2025), June 22\u201227, 2025, Bratislava, (invited talk)<\/p>\n<p><b>I. \u0160KORV\u00c1NEK, <\/b>B. KUNCA, J. MARCIN, P. \u0160VEC<br \/>\n<strong>Rapidly Annealed High-Bs Soft Magnetic FeCo-Based Amorphous and Nanocrystalline Ribbons for High Temperature Applications<\/strong><br \/>\nInternational Conference on Processing and Manufacturing of Advanced Materials &#8211; Processing, Fabrication, Properties, Applications (THERMEC 2025), Tours, France, June 29 \u2013 July 4, 2025, (invited talk)<\/p>\n<p><b>I. \u0160KORV\u00c1NEK, <\/b>B. KUNCA, J. MARCIN, P. \u0160VEC<br \/>\n<strong>Soft magnetic nanocrystalline alloys prepared by ultra-rapid annealing<\/strong><br \/>\n18th Czech and Slovak Conference on Magnetism (CSMAG&#8217;25), \u0160trbsk\u00e9 Pleso, Slovakia, July 7-11, 2025, (invited talk)<\/p>\n<h2>2024<\/h2>\n<p><strong>I. \u0160KORV\u00c1NEK<\/strong>, B. KUNCA, J. MARCIN, P. \u0160VEC<br \/>\n<strong>Impact of conventional and ultra-rapid annealing on microstructure and coercivity of Ni-rich nanocrystalline Fe-Ni-Nb-B alloys<\/strong><br \/>\nIEEE International Magnetics Conference &#8211; INTERMAG 2024, Rio de Janeiro, Brazil, May 5-10, 2024, (invited talk)<\/p>\n<h2>2023<\/h2>\n<p><strong>I. \u0160KORV\u00c1NEK<\/strong>, B. KUNCA, J. MARCIN, P. \u0160VEC<br \/>\n<strong>Ultra-Rapidly Annealed High-Bs Fe(Co)-Based Soft Magnetic Nanocrystalline Alloys for Applications at Elevated Temperatures<\/strong><br \/>\n8th International Conference on Superconductivity and Magnetism, Fethiye, Turkey, 4th -11th May 2023, (invited talk)<\/p>\n<p><strong>I. \u0160KORV\u00c1NEK<\/strong>, B. KUNCA, J. MARCIN, P. \u0160VEC<br \/>\n<strong>Ultra-rapidly annealed Ni-rich nanocrystalline Fe-Ni-Nb-B alloys with excellent magnetic softness<\/strong><br \/>\nThe 4th International Workshop in Advanced Materials and Devices (IWAMD 2023) Thai Nguyen, Vietnam, August 10-13, 2023, (invited talk)<\/p>\n<p><strong>I. \u0160KORV\u00c1NEK<\/strong>, B. KUNCA, J. MARCIN, P. \u0160VEC<br \/>\n<strong>Rapidly Annealed High-Bs Soft Magnetic FeCo-Based Nanocrystalline Alloys for Applications at Elevated Temperatures<\/strong><br \/>\n17th Rapidly Quenched and Metastable Materials (RQ 17) and 27th International Symposium on Metastable, Amorphous and Nanostructured Materials (ISMANAM 27), Warsaw, Poland, August 21 \u2013 25, 2023 (invited talk)<\/p>\n<h2>2022<\/h2>\n<div>\n<p><b>I. \u0160KORV\u00c1NEK<\/b>, B. KUNCA, J. MARCIN, P. \u0160VEC<br \/>\n<b>Impact of Thermomagnetic Processing on Soft Magnetic Behavior of High-Bs FeCo-based Nanocrystalline Alloys<\/b><br \/>\nThe 12th Pamir International Conference on Fundamental and Applied MHD, Krakov, Poland, July 3 &#8211; 7, 2022 (keynote lecture)<\/p>\n<p><b>I. \u0160KORV\u00c1NEK<\/b>, B. KUNCA, J. MARCIN, P. \u0160VEC<br \/>\n<b>Soft Magnetic Fe(Co)-based High Bs Nanocrystalline Alloys for Applications at Elevated Temperatures<\/b><br \/>\n6th International Symposium on Frontiers in Materials Science FMS 2022, Nov. 21 &#8211; 23, 2022, Phu Quoc, Vietnam, (invited talk)<\/p>\n<\/div>\n<h2>2021<\/h2>\n<div>\n<p><b>I. \u0160KORV\u00c1NEK<\/b>, F. ANDREJKA, B. KUNCA, J. MARCIN, P. \u0160VEC<br \/>\n<b>Soft magnetic amorphous and nanocrystalline bilayer ribbons for sensor applications<\/b><br \/>\nThe European Conference Physics of Magnetism PM&#8217;21, June 28 &#8211; July 2, 2021, Pozna\u0148, Poland, (plenary talk)<\/p>\n<p>F. ANDREJKA, B. KUNCA, J. MARCIN, P. \u0160VEC, P. \u0160VEC Sr., <b>I. \u0160KORV\u00c1NEK<\/b><br \/>\n<b>Tailoring of GMI Sensor Characteristics of Soft Magnetic Ribbons by Layering and Magnetic Field Annealing<\/b><br \/>\nThe 7th International Conference on Superconductivity and Magnetism- ICSM2021, Milas-Bodrum, Turkey, October 21-27, 2021, (invited talk)<\/p>\n<\/div>\n<h2>2020<\/h2>\n<div>\n<p><b>I. \u0160KORV\u00c1NEK<\/b>, F. ANDREJKA, B. KUNCA, J. MARCIN, P. \u0160VEC<br \/>\n<b>Soft Magnetic Amorphous and Nanocrystalline Bilayer Ribbons for GMI Sensors<\/b><br \/>\nTMS 2020, 149-th Annual Meeting and Exhibition, San Diego, California, USA, February 23-27, 2020 (invited talk)<\/p>\n<\/div>\n<h2>2019<\/h2>\n<div>\n<p><b>I. \u0160KORV\u00c1NEK<\/b>, B. KUNCA, F. ANDREJKA, J. MARCIN, P. \u0160VEC<br \/>\n<b>Soft magnetic Fe(Co)-based nanocrystalline alloys for applications at elevated temperatures<\/b><br \/>\nTMS 2019, 148-th Annual Meeting and Exhibition, San Antonio, Texas, USA, March 10-14, 2019 (invited talk)<\/p>\n<\/div>\n<h2>2018<\/h2>\n<div>\n<p><b>I. \u0160KORV\u00c1NEK<\/b>, I. JANOTOVA, F. ANDREJKA, B. KUNCA, J. MARCIN, P. \u0160VEC a P. \u0160VEC Sr.<br \/>\n<b>Field-annealed amorphous and nanocrystalline ribbons and composites with improved energy performance<\/b><br \/>\nTMS 2018, 147-th Annual Meeting and Exhibition, Phoenix, Arizona, USA, March 11-15, 2018 (invited talk)<\/p>\n<p><b>I. \u0160KORV\u00c1NEK<\/b>, B. KUNCA, F. ANDREJKA, P. \u0160VEC, J. MARCIN, P. \u0160VEC Sr.<br \/>\n<b>Development of new rapidly quenched bilayer ribbons with tunable soft magnetic properties<\/b><br \/>\nIcAUMS 2018, International Conference of Asian Union of Magnetic Societies, Jeju, Korea, June 3-7, 2018 (invited talk)<\/p>\n<p><b>J. KOV\u00c1\u010c<\/b><br \/>\n<b>Testing and Comparison of models for fitting of magnetic hysteresis loops<\/b><br \/>\nThe XIX International Scientific Conference New Technologies and Achievements in Metallurgy and Material Engineering and Production Engineering and Physics,<br \/>\nCzestochowa, Poland, June 7 &#8211; 8, 2018 (invited talk)<\/p>\n<p><b>I. \u0160KORV\u00c1NEK<\/b>, B. KUNCA, F. ANDREJKA, J. MARCIN, P. \u0160VEC, P. \u0160VEC Sr.<br \/>\n<b>Rapidly quenched amorphous and nanocrystalline bilayer ribbons for magnetic sensors<\/b><br \/>\nInternational Conference on Processing and Manufacturing of Advanced Materials THERMEC 2018, Paris, France, July 8-13, 2018 (invited talk)<\/p>\n<p><b>I. \u0160KORV\u00c1NEK<\/b>, J. MARCIN, B. KUNCA, F. ANDREJKA a P. \u0160VEC<br \/>\n<b>Soft magnetic nanocrystalline bilayer ribbons for sensor applications<\/b><br \/>\nSymposium of 30th Anniversary of Nano Crystalline Soft Magnetic Alloys, FINEMET 30, Sendai, Japan, August 29-31, 2018, (invited talk)<\/p>\n<p><b>I. \u0160KORV\u00c1NEK<\/b>, J. MARCIN, B. KUNCA, F. ANDREJKA, P. \u0160VEC<br \/>\n<b>Amorphous and nanocrystalline bilayer composites with tailorable soft magnetic properties<\/b><br \/>\nThe 9th International Workshop on Advanced Materials Science and Nanotechnology, IWAMSN 2018, Ninh Binh, Vietnam, 7.-11. 11. 2018, (invited talk)<\/p>\n<\/div>\n<h2>2017<\/h2>\n<div>\n<p><b>I. \u0160KORV\u00c1NEK<\/b>, F. ANDREJKA, B. KUNCA, L. GONZALEZ-LEGARRETA, J. MARCIN, P. \u0160VEC, P. \u0160VEC Sr<br \/>\n<b>Rapidly quenched amorphous and nanocrystalline bilayers for sensor applications<\/b><br \/>\n24TH INTERNATIONAL SYMPOSIUM ON METASTABLE, AMORPHOUS AND NANOSTRUCTURED MATERIALS (ISMANAM 2017), 18-23 JUNE, 2017, SAN SEBASTI\u00c1N-DONOSTIA, SPAIN (invited talk)<\/p>\n<p><b>I. SKORVANEK<\/b>, F. ANDREJKA, B. KUNCA, J. MARCIN, P. SVEC<br \/>\n<b>Rapidly quenched amorphous and nanocrystalline bilayer ribbons with tailorable soft magnetic properties<\/b><br \/>\nThe 4th International Symposium on Advanced Magnetic Materials and Applications (ISAMMA 2017) 10-13 December 2017, Phu Quoc, Vietnam (invited talk)<\/p>\n<p><b>I. \u0160KORV\u00c1NEK<\/b>, F. ANDREJKA, B. KUNCA, J. MARCIN, P. \u0160VEC, P. \u0160VEC Sr.<br \/>\n<b>Soft magnetic nanocomposites for sensor applications<\/b><br \/>\n19. Conference of Czech and Slovak Physicists 4. &#8211; 7. Sept. 2017, Pre\u0161ov, Slovakia (invited talk)<\/p>\n<\/div>\n<h2>2016<\/h2>\n<div>\n<p><b>I. \u0160KORV\u00c1NEK<\/b>, J. MARCIN, P. \u0160VEC<br \/>\n<b>Advanced nanocrystalline magnetic materials for energy and sensor applications<\/b><br \/>\n8th International Conference NANOCON 2016, October 19th &#8211; 21st 2016, Brno, Czech Republic (invited talk)<\/p>\n<\/div>\n<h2>2015<\/h2>\n<div>\n<p><b>I. \u0160KORV\u00c1NEK<\/b>, J. MARCIN, F. ANDREJKA, M. VARGA, I. MATKO and P. SVEC<br \/>\n<b>Rapidly quenched amorphous and nanocrystalline bilayer ribbons with tailorable magnetic properties<\/b><br \/>\nFrontiers in Materials Processing, Applications, Research &amp; Technology, FIMPART&#8217;15, 2015, Hyderabad, India, June 12-15, 2015 (invited talk)<\/p>\n<p><b>I. \u0160KORV\u00c1NEK<\/b><br \/>\n<b>Soft magnetic multiphase composites with tunable magnetocaloric properties<\/b><br \/>\nXXIV International Materials Research Congress, IMRC-2015, Cancun, Mexico, 16.-21.8.2015 (invited talk)<\/p>\n<p><b>I. \u0160KORV\u00c1NEK<\/b>, L. GONZ\u00c1LEZ-LEGARRETA, F. ANDREJKA, J. MARCIN, I. MA\u0164KO and P. \u0160VEC<br \/>\n<b>Fe-based Bilayer Ribbons with Tailorable Magnetic Properties<\/b><br \/>\nDonostia International Workshop on Energy, Materials and Nanotechnology, San Sebastian, Spain, 31.8.-4.9.2015 (invited talk)<\/p>\n<p><b>I. \u0160KORV\u00c1NEK<\/b>, J. MARCIN, L. GONZ\u00c1LEZ-LEGARRETA, F. ANDREJKA, M. VARGA, I. MA\u0164KO and P. \u0160VEC<br \/>\n<b>Amorphous and nanocrystalline bilayer ribbons for magnetic sensors<\/b><br \/>\n7th International Workshop on Amorphous and Nanostructured Magnetic Materials, ANMM 2015, Iasi, Romania, 21.-25.9. 2015 (invited talk)<\/p>\n<\/div>\n<h2>2014<\/h2>\n<div>\n<p><b>I. \u0160KORV\u00c1NEK<\/b>, M. CAPIK, J. MARCIN, J. HO\u0160KO, I. MA\u0164KO and P. \u0160VEC<br \/>\n<b>Soft magnetic rapidly solidified bilayer ribbons for energy applications<\/b><br \/>\nAnnual Meeting of the Minerals, Metals and Materials Society (TMS 2014), Symposium &#8220;Magnetic Materials for Energy Applications IV&#8221;,<br \/>\nSan Diego, CA, USA, Febr. 16-20, 2014 (invited talk)<\/p>\n<p><b>I. \u0160KORV\u00c1NEK<\/b>, J. MARCIN, M. CAPIK, D. JANI\u010cKOVI\u010c, P. \u0160VEC<br \/>\n<b>Amorphous and nanocrystalline bilayer ribbons with tailorable soft magnetic properties<\/b><br \/>\n4th International conference on Superconductivity and Magnetism, ICSM 2014, Antalya, Turkey, Apr 27-May 2, 2014 (invited talk)<\/p>\n<p><b>I. \u0160KORV\u00c1NEK<\/b><br \/>\n<b>Field-annealed soft magnetic amorphous and nanocrystalline ribbons with improved energy performance<\/b><br \/>\n13th International Conference on Modern Materials and Technologies &#8211; CIMTEC 2014, Syposium FF, Magnetic Materialsfor Energy,<br \/>\nMontecatini-Terme, Italy, June 15-19, 2014 (invited talk)<\/p>\n<p><b>I. \u0160KORV\u00c1NEK<\/b>, J. MARCIN, M. CAPIK, M. VARGA, I. JANOTOV\u00c1, P. \u0160VEC<br \/>\n<b>Field-annealed amorphous and nanocrystalline bilayer ribbons with tailorable soft magnetic properties<\/b><br \/>\n6th International Workshop on Materials Analysis and Processing in Magnetic Fields, Okinawa, Japan, July 8-11, 2014 (invited talk)<\/p>\n<p><b>I. \u0160KORV\u00c1NEK<\/b>, J. MARCIN, M. VARGA, I. MA\u0164KO and P. \u0160VEC<br \/>\n<b>Rapidly quenched amorphous and nanocrystalline bilayer ribbons for energy and sensor applications<\/b><br \/>\nEMN Fall Meeting &#8211; Energy Materials Nanotechnology, Orlando, USA, November 22-25, 2014 (invited talk)<\/p>\n<\/div>\n<h2>2013<\/h2>\n<div>\n<p><b>I. \u0160KORV\u00c1NEK<\/b>, J. MARCIN, B. IDZIKOWSKI, P. GEBARA, P. PAWLIK<br \/>\n<b>LaFeCoSi- and GdFeAl-Based Composites with Enhanced Refrigerant Capacity and Table-Like Magnetocaloric Effect<\/b><br \/>\nAnnual Meeting of the Minerals, Metals and Materials Society (TMS 2013), Symposium &#8220;Magnetic Materials for Energy Applications III&#8221;,<br \/>\nSan Antonio, TX, USA, March. 3-7, 2013 (invited talk)<\/p>\n<p><b>I. \u0160KORV\u00c1NEK<\/b><br \/>\n<b>Soft magnetic composites with tunable magnetocaloric properties<\/b><br \/>\nInt. Conf. Soft Magnetic Materials, SMM-21, Budapest, Hungary, Sept. 1-4, 2013 (invited talk)<\/p>\n<p><b>I. \u0160KORV\u00c1NEK<\/b>, M. CAPIK , J. MARCIN. D. JANI\u010cKOVI\u010c and P. \u0160VEC<br \/>\n<b>Soft magnetic amorphous and nanocrystalline bilayer ribbons<\/b><br \/>\nThe 6th International Workshop on Amorphous and Nanostructured Magnetic Materials (ANMM&#8217;2013), Sendai, Japan, Sept. 30 &#8211; Oct. 3, 2013 (invited talk)<\/p>\n<p><b>I. \u0160KORV\u00c1NEK<\/b>, J. MARCIN, P. \u0160VEC, N. LUPU and H. CHIRIAC<br \/>\n<b>Tuning of soft magnetic properties in FeCo- and FeNi-based amorphous and nanocrystalline alloys by thermal processing in external magnetic field<\/b><br \/>\n8-th International Conference on Processing &amp; Manufacturing of Advance Materials, THERMEC 2013, Las Vegas Nevada USA, December 2-6, 2013 (invited talk)<\/p>\n<\/div>\n<h2>2012<\/h2>\n<div>\n<p>J. MARCIN, Z. SNIADECKI, J. KOV\u00c1\u010c, B. IDZIKOWSKI, <b>I. \u0160KORV\u00c1NEK<\/b><br \/>\n<b>Magnetocaloric effect in GdFeCo-based melt spun ribbons<\/b><br \/>\nAnnual Meeting of the Minerals, Metals and Materials Society (TMS 2012), Symposium &#8220;Magnetic Materials for Energy Applications&#8221;,<br \/>\nOrlando, FL, USA, March. 11-15, 2012 (invited talk)<\/p>\n<p>M. VARGA, J. MARCIN, M. CAPIK, P. \u0160VEC, <b>I. \u0160KORV\u00c1NEK<\/b><br \/>\n<b>Field-annealed Fe-Ni-Nb-B amorphous and nanocrystalline alloys for magnetic sensor applications<\/b><br \/>\nThe 19th International Conference on Magnetism, ICM 2012, Busan, South Korea, July 8.-13, 2012 (invited talk)<\/p>\n<\/div>\n<h2>2011<\/h2>\n<div>\n<p><b>I. SKORVANEK<\/b>, J. MARCIN, P. SVEC<br \/>\n<b>Field-Annealed FeCo-Based Amorphous and Nanocrystalline Alloys with Improved Magnetic Softness<\/b><br \/>\n140th Annual Meeting &amp; Exhibition, TMS2011, San Diego, February 27 &#8211; March 3, 2011 (invited talk)<\/p>\n<p><b>I. \u0160KORV\u00c1NEK<\/b>, J. MARCIN, J. KOV\u00c1\u010c, P, \u0160VEC<br \/>\n<b>Recent progress in FeCo-based soft magnetic nanocrystalline alloys<\/b><br \/>\nThe European Conference PHYSICS OF MAGNETISM 2011, Poznan, June 27 &#8211; July 1, 2011 (invited talk)<\/p>\n<p><b>I. \u0160KORV\u00c1NEK<\/b>, J. Marcin, J. Kov\u00e1\u010d, B. Idzikowski, P. \u0160vec<br \/>\n<b>Amorphous and nanocrystalline FeCo- and GdFeCo-based alloys with improved application-oriented properties<\/b><br \/>\n5th International Workshop on Amorphous and Nanostructured magnetic materials, 5-7 Septembner 2011, Iasi, Romania (invited talk)<\/p>\n<p><b>I. \u0160KORV\u00c1NEK<\/b>, J. MARCIN, M. CAPIK, M. VARGA, J. TUR\u010cANOV\u00c1, J. KOV\u00c1\u010c, P. \u0160VEC, D. JANI\u010cKOVI\u010c, F. KOV\u00c1\u010c, V. STOYKA<br \/>\n<b>Tailoring of functional properties in Fe-based soft magnetic alloys by thermal processing under magnetic field<\/b><br \/>\n8th International PAMIR Conference on Fundamental and Applied MHD, Borgo, Corsica, France, September 5-9, 2011 (invited talk)<\/p>\n<p><b>I. \u0160KORV\u00c1NEK<\/b><br \/>\n<b>Magnetostatic Applications<\/b><br \/>\nGAMAS Summer School, Borgo,Corsica, France, September 5-9, 2011 (invited lecture)<\/p>\n<\/div>\n","protected":false},"excerpt":{"rendered":"<p>2025 I. \u0160KORV\u00c1NEK, B. KUNCA, J. MARCIN, P. \u0160VEC Rapidly Annealed High-Bs FeCo-Based Nanocrystalline Soft Magnetic Alloys for High-Temperature Applications 7th International Conference of Asian&#8230;<\/p>\n","protected":false},"author":18,"featured_media":0,"parent":314,"menu_order":60,"comment_status":"closed","ping_status":"closed","template":"","meta":{"footnotes":""},"_links":{"self":[{"href":"https:\/\/websrv.saske.sk\/uef\/en\/wp-json\/wp\/v2\/pages\/2553"}],"collection":[{"href":"https:\/\/websrv.saske.sk\/uef\/en\/wp-json\/wp\/v2\/pages"}],"about":[{"href":"https:\/\/websrv.saske.sk\/uef\/en\/wp-json\/wp\/v2\/types\/page"}],"author":[{"embeddable":true,"href":"https:\/\/websrv.saske.sk\/uef\/en\/wp-json\/wp\/v2\/users\/18"}],"replies":[{"embeddable":true,"href":"https:\/\/websrv.saske.sk\/uef\/en\/wp-json\/wp\/v2\/comments?post=2553"}],"version-history":[{"count":6,"href":"https:\/\/websrv.saske.sk\/uef\/en\/wp-json\/wp\/v2\/pages\/2553\/revisions"}],"predecessor-version":[{"id":3821,"href":"https:\/\/websrv.saske.sk\/uef\/en\/wp-json\/wp\/v2\/pages\/2553\/revisions\/3821"}],"up":[{"embeddable":true,"href":"https:\/\/websrv.saske.sk\/uef\/en\/wp-json\/wp\/v2\/pages\/314"}],"wp:attachment":[{"href":"https:\/\/websrv.saske.sk\/uef\/en\/wp-json\/wp\/v2\/media?parent=2553"}],"curies":[{"name":"wp","href":"https:\/\/api.w.org\/{rel}","templated":true}]}}