{"id":185,"date":"2018-09-18T07:04:42","date_gmt":"2018-09-18T05:04:42","guid":{"rendered":"http:\/\/websrv.saske.sk\/uef\/en\/?page_id=185"},"modified":"2026-01-07T12:57:09","modified_gmt":"2026-01-07T11:57:09","slug":"internal-scientific-board","status":"publish","type":"page","link":"https:\/\/websrv.saske.sk\/uef\/en\/about\/internal-scientific-board\/","title":{"rendered":"Scientific Board"},"content":{"rendered":"<p><strong>Scientific Board of the Institute of Experimental Physics SAS<\/strong><\/p>\n<p>&nbsp;<\/p>\n<p><strong>Chairman:<\/strong> RNDr. Ivan \u0160korv\u00e1nek, CSc.<\/p>\n<p><strong>Vice-chair:<\/strong> RNDr. Diana Fedunov\u00e1, PhD.<\/p>\n<p><strong>Members:<\/strong><\/p>\n<p>Ing. Martina Konerack\u00e1, CSc.<\/p>\n<p>RNDr. Ivan Kr\u00e1lik, CSc.<\/p>\n<p>RNDr. Mari\u00e1n Sedl\u00e1k, DrSc.<\/p>\n<p>prof. RNDr. Peter Samualy, DrSc.<\/p>\n<p>RNDr. Nat\u00e1lia Toma\u0161ovi\u010dov\u00e1, CSc.<\/p>\n<p><strong>External members:<\/strong><\/p>\n<p>doc. RNDr. Erik \u010ci\u017em\u00e1r, PhD. \u2013 \u00dastav fyzik\u00e1lnych vied PF UPJ\u0160 Ko\u0161ice<\/p>\n<p>prof. Mgr. Daniel Jancura, PhD. \u2013 \u00dastav fyzik\u00e1lnych vied PF UPJ\u0160 Ko\u0161ice<\/p>\n<p>doc. RNDr. Jozef Krav\u010d\u00e1k, PhD. \u2013 Fakulta elektrotechniky a informatiky TU Ko\u0161ice<\/p>\n<p>Ing. Zdenko Krasnay\u00a0 \u2013 Siemens Healthcare, s.r.o.<\/p>\n","protected":false},"excerpt":{"rendered":"<p>Scientific Board of the Institute of Experimental Physics SAS &nbsp; Chairman: RNDr. Ivan \u0160korv\u00e1nek, CSc. Vice-chair: RNDr. Diana Fedunov\u00e1, PhD. Members: Ing. Martina Konerack\u00e1, CSc&#8230;.<\/p>\n","protected":false},"author":1,"featured_media":0,"parent":21,"menu_order":30,"comment_status":"closed","ping_status":"closed","template":"","meta":{"footnotes":""},"_links":{"self":[{"href":"https:\/\/websrv.saske.sk\/uef\/en\/wp-json\/wp\/v2\/pages\/185"}],"collection":[{"href":"https:\/\/websrv.saske.sk\/uef\/en\/wp-json\/wp\/v2\/pages"}],"about":[{"href":"https:\/\/websrv.saske.sk\/uef\/en\/wp-json\/wp\/v2\/types\/page"}],"author":[{"embeddable":true,"href":"https:\/\/websrv.saske.sk\/uef\/en\/wp-json\/wp\/v2\/users\/1"}],"replies":[{"embeddable":true,"href":"https:\/\/websrv.saske.sk\/uef\/en\/wp-json\/wp\/v2\/comments?post=185"}],"version-history":[{"count":13,"href":"https:\/\/websrv.saske.sk\/uef\/en\/wp-json\/wp\/v2\/pages\/185\/revisions"}],"predecessor-version":[{"id":3817,"href":"https:\/\/websrv.saske.sk\/uef\/en\/wp-json\/wp\/v2\/pages\/185\/revisions\/3817"}],"up":[{"embeddable":true,"href":"https:\/\/websrv.saske.sk\/uef\/en\/wp-json\/wp\/v2\/pages\/21"}],"wp:attachment":[{"href":"https:\/\/websrv.saske.sk\/uef\/en\/wp-json\/wp\/v2\/media?parent=185"}],"curies":[{"name":"wp","href":"https:\/\/api.w.org\/{rel}","templated":true}]}}