{"id":178,"date":"2018-09-18T07:03:14","date_gmt":"2018-09-18T05:03:14","guid":{"rendered":"http:\/\/websrv.saske.sk\/uef\/en\/?page_id=178"},"modified":"2025-10-15T11:57:33","modified_gmt":"2025-10-15T09:57:33","slug":"management-board","status":"publish","type":"page","link":"https:\/\/websrv.saske.sk\/uef\/en\/about\/management-board\/","title":{"rendered":"Management Board"},"content":{"rendered":"<ul>\n<li>director: \u00a0 <a href=\"https:\/\/www.sav.sk\/index.php?lang=sk&amp;doc=user-org-user&amp;user_no=5425\">Doc. RNDr. Zuzana Ga\u017eov\u00e1, DSc.<\/a><\/li>\n<li>deputy director: \u00a0 <a href=\"https:\/\/www.sav.sk\/index.php?lang=sk&amp;doc=user-org-user&amp;user_no=4021\">RNDr. Alena Jur\u00edkov\u00e1, CSc.<\/a><\/li>\n<li>scientific secretary: \u00a0 <a href=\"https:\/\/www.sav.sk\/index.php?lang=sk&amp;doc=user-org-user&amp;user_no=4057\">Doc. RNDr. Slavom\u00edr Gab\u00e1ni, PhD.<\/a><\/li>\n<\/ul>\n<p>&nbsp;<\/p>\n<ul>\n<li>secretary:<\/li>\n<\/ul>\n<p><a href=\"https:\/\/www.sav.sk\/index.php?lang=sk&amp;doc=user-org-user&amp;user_no=7175\">Ing. Val\u00e9ria Ko\u010danov\u00e1<\/a><\/p>\n<p><a href=\"https:\/\/www.sav.sk\/index.php?lang=sk&amp;doc=user-org-user&amp;user_no=8786\">Ing. Judita Pribi\u0161ov\u00e1<\/a><\/p>\n<p><a href=\"https:\/\/www.sav.sk\/?lang=sk&amp;doc=user-org-user&amp;user_no=13088\">Ing. Martina \u0160ef\u010d\u00edkov\u00e1, PhD.<\/a><\/p>\n<p><a href=\"https:\/\/www.sav.sk\/index.php?lang=sk&amp;doc=user-org-user&amp;user_no=2812\">Viera \u0160trbinov\u00e1<\/a><\/p>\n<p>&nbsp;<\/p>\n<p><strong>Public information officer<\/strong>: Pavol Bob\u00edk<\/p>\n<p>e-mail: public_information _officer@saske.sk<\/p>\n<p>&nbsp;<\/p>\n<p><strong>SUPERVISORY BOARD:<\/strong><\/p>\n<ul class=\"ullivvi\">\n<li>doc. RNDr. Pavol Hvizdo\u0161, DrSc.\u00a0 &#8211; chairman\u2013 (Presidium SAS)<\/li>\n<\/ul>\n<p><strong> MEMBERS<\/strong><\/p>\n<ul class=\"ullivvi\">\n<li>doc. Ing. Iveta Vaskov\u00e1, PhD<b>., (<\/b>FMMR TUKE)<\/li>\n<li>Ing. Romana Jurkiewiczov\u00e1 \u2013 (Office of the SAS)<\/li>\n<\/ul>\n<p>&nbsp;<\/p>\n<p>&nbsp;<\/p>\n<p><strong>MANAGEMENT BOARD:<\/strong><\/p>\n<ul>\n<li>doc. RNDr. Zuzana Ga\u017eov\u00e1, DrSc. \u2013 chairman<\/li>\n<li>RNDr. Pavol Bob\u00edk, PhD.<\/li>\n<li>doc. RNDr. Slavom\u00edr Gab\u00e1ni, PhD.<\/li>\n<li>RNDr. Alena Jur\u00edkov\u00e1, CSc.<\/li>\n<li>RNDr. Pavol Str\u00ed\u017eenec, CSc.<\/li>\n<\/ul>\n<p>&nbsp;<\/p>\n","protected":false},"excerpt":{"rendered":"<p>director: \u00a0 Doc. RNDr. Zuzana Ga\u017eov\u00e1, DSc. deputy director: \u00a0 RNDr. Alena Jur\u00edkov\u00e1, CSc. scientific secretary: \u00a0 Doc. RNDr. Slavom\u00edr Gab\u00e1ni, PhD. &nbsp; secretary: Ing&#8230;.<\/p>\n","protected":false},"author":1,"featured_media":0,"parent":21,"menu_order":15,"comment_status":"closed","ping_status":"closed","template":"","meta":{"footnotes":""},"_links":{"self":[{"href":"https:\/\/websrv.saske.sk\/uef\/en\/wp-json\/wp\/v2\/pages\/178"}],"collection":[{"href":"https:\/\/websrv.saske.sk\/uef\/en\/wp-json\/wp\/v2\/pages"}],"about":[{"href":"https:\/\/websrv.saske.sk\/uef\/en\/wp-json\/wp\/v2\/types\/page"}],"author":[{"embeddable":true,"href":"https:\/\/websrv.saske.sk\/uef\/en\/wp-json\/wp\/v2\/users\/1"}],"replies":[{"embeddable":true,"href":"https:\/\/websrv.saske.sk\/uef\/en\/wp-json\/wp\/v2\/comments?post=178"}],"version-history":[{"count":17,"href":"https:\/\/websrv.saske.sk\/uef\/en\/wp-json\/wp\/v2\/pages\/178\/revisions"}],"predecessor-version":[{"id":3728,"href":"https:\/\/websrv.saske.sk\/uef\/en\/wp-json\/wp\/v2\/pages\/178\/revisions\/3728"}],"up":[{"embeddable":true,"href":"https:\/\/websrv.saske.sk\/uef\/en\/wp-json\/wp\/v2\/pages\/21"}],"wp:attachment":[{"href":"https:\/\/websrv.saske.sk\/uef\/en\/wp-json\/wp\/v2\/media?parent=178"}],"curies":[{"name":"wp","href":"https:\/\/api.w.org\/{rel}","templated":true}]}}