{"id":175,"date":"2018-09-18T07:01:18","date_gmt":"2018-09-18T05:01:18","guid":{"rendered":"http:\/\/websrv.saske.sk\/uef\/en\/?page_id=175"},"modified":"2022-06-29T11:47:32","modified_gmt":"2022-06-29T09:47:32","slug":"interne-predpisy-uef-a-sav","status":"publish","type":"page","link":"https:\/\/websrv.saske.sk\/uef\/en\/about\/documents\/interne-predpisy-uef-a-sav\/","title":{"rendered":"Internal regulations of IEP and SAS"},"content":{"rendered":"<p><em>Available only in Slovak<\/em><\/p>\n<p><em><u>Intern\u00e9 predpisy \u00daEF SAV, v. v. i.<\/u><\/em><br \/>\n\u00a7 37<br \/>\n(1) Verejn\u00e1 v\u00fdskumn\u00e1 in\u0161tit\u00facia vyd\u00e1va<br \/>\na) \u0161tat\u00fat,<br \/>\nb) organiza\u010dn\u00fd poriadok,<br \/>\nc) volebn\u00fd poriadok na funkciu \u010dlena spr\u00e1vnej rady,<br \/>\nd) volebn\u00fd a nomina\u010dn\u00fd poriadok na funkciu \u010dlena vedeckej rady,<br \/>\ne) pracovn\u00fd poriadok,<br \/>\nf) pravidl\u00e1 tvorby rozpo\u010dtu,<br \/>\ng) pravidl\u00e1 hodnotenia v\u00fdskumn\u00fdch pracovn\u00edkov.<\/p>\n<p>&nbsp;<\/p>\n<p><em><u>Intern\u00e9 predpisy SAV<\/u><\/em><br \/>\n\u00a7 38<br \/>\n(1) Zakladate\u013e vyd\u00e1va<br \/>\na) pravidl\u00e1 v\u00fdberov\u00e9ho konania na obsadenie miesta riadite\u013ea,<br \/>\nb) pravidl\u00e1 v\u00fdberov\u00e9ho konania na obsadenie miesta ved\u00faceho organiza\u010dnej zlo\u017eky,<br \/>\nc) pravidl\u00e1 odme\u0148ovania riadite\u013ea,<br \/>\nd) pravidl\u00e1 odme\u0148ovania \u010dlenov dozornej rady,<br \/>\ne) pravidl\u00e1 odme\u0148ovania ved\u00faceho organiza\u010dnej zlo\u017eky,<br \/>\nf) vn\u00fatorn\u00e9 pravidl\u00e1 hospod\u00e1renia verejnej v\u00fdskumnej in\u0161tit\u00facie vr\u00e1tane pravidiel na vykon\u00e1vanie<br \/>\npodnikate\u013eskej \u010dinnosti,<br \/>\ng) z\u00e1sady rozpisu finan\u010dn\u00fdch prostriedkov poskytovan\u00fdch zakladate\u013eom verejn\u00fdm v\u00fdskumn\u00fdm<br \/>\nin\u0161tit\u00faci\u00e1m v jeho zakladate\u013eskej p\u00f4sobnosti.<\/p>\n","protected":false},"excerpt":{"rendered":"<p>Available only in Slovak Intern\u00e9 predpisy \u00daEF SAV, v. v. i. \u00a7 37 (1) Verejn\u00e1 v\u00fdskumn\u00e1 in\u0161tit\u00facia vyd\u00e1va a) \u0161tat\u00fat, b) organiza\u010dn\u00fd poriadok, c) volebn\u00fd&#8230;<\/p>\n","protected":false},"author":1,"featured_media":0,"parent":149,"menu_order":40,"comment_status":"closed","ping_status":"closed","template":"","meta":{"footnotes":""},"_links":{"self":[{"href":"https:\/\/websrv.saske.sk\/uef\/en\/wp-json\/wp\/v2\/pages\/175"}],"collection":[{"href":"https:\/\/websrv.saske.sk\/uef\/en\/wp-json\/wp\/v2\/pages"}],"about":[{"href":"https:\/\/websrv.saske.sk\/uef\/en\/wp-json\/wp\/v2\/types\/page"}],"author":[{"embeddable":true,"href":"https:\/\/websrv.saske.sk\/uef\/en\/wp-json\/wp\/v2\/users\/1"}],"replies":[{"embeddable":true,"href":"https:\/\/websrv.saske.sk\/uef\/en\/wp-json\/wp\/v2\/comments?post=175"}],"version-history":[{"count":4,"href":"https:\/\/websrv.saske.sk\/uef\/en\/wp-json\/wp\/v2\/pages\/175\/revisions"}],"predecessor-version":[{"id":2352,"href":"https:\/\/websrv.saske.sk\/uef\/en\/wp-json\/wp\/v2\/pages\/175\/revisions\/2352"}],"up":[{"embeddable":true,"href":"https:\/\/websrv.saske.sk\/uef\/en\/wp-json\/wp\/v2\/pages\/149"}],"wp:attachment":[{"href":"https:\/\/websrv.saske.sk\/uef\/en\/wp-json\/wp\/v2\/media?parent=175"}],"curies":[{"name":"wp","href":"https:\/\/api.w.org\/{rel}","templated":true}]}}