{"id":173,"date":"2018-09-18T06:59:05","date_gmt":"2018-09-18T04:59:05","guid":{"rendered":"http:\/\/websrv.saske.sk\/uef\/en\/?page_id=173"},"modified":"2022-07-04T09:36:29","modified_gmt":"2022-07-04T07:36:29","slug":"gdpr","status":"publish","type":"page","link":"https:\/\/websrv.saske.sk\/uef\/en\/about\/documents\/gdpr\/","title":{"rendered":"Personal Data Protection"},"content":{"rendered":"<h2 class=\"content-title\">Personal Data Protection<\/h2>\n<p><em>Legislative texts available only in Slovak<\/em>.<\/p>\n<p>Pr\u00e1va pri sprac\u00favan\u00ed osobn\u00fdch \u00fadajov s\u00fa upraven\u00e9 v <a href=\"http:\/\/eur-lex.europa.eu\/legal-content\/SK\/TXT\/PDF\/?uri=CELEX:32016R0679\" target=\"_blank\" rel=\"noopener\">Nariaden\u00ed Eur\u00f3pskeho parlamentu a\u00a0Rady (E\u00da) \u010d. 2016\/679 z\u00a027. apr\u00edla 2016 o\u00a0ochrane fyzick\u00fdch os\u00f4b pri sprac\u00favan\u00ed osobn\u00fdch \u00fadajov a\u00a0o\u00a0vo\u013enom pohybe tak\u00fdchto \u00fadajov<\/a>, ktor\u00fdm sa zru\u0161uje smernica 95\/46\/ES (v\u0161eobecn\u00e9 nariadenie o\u00a0ochrane \u00fadajov) (\u010falej len ako \u201eGDPR\u201c) a <a href=\"https:\/\/www.slov-lex.sk\/pravne-predpisy\/SK\/ZZ\/2018\/18\/20180525\" target=\"_blank\" rel=\"noopener\">Z\u00e1kone \u010d. 18\/2018 Z.z. o ochrane osobn\u00fdch \u00fadajov a o zmene a doplnen\u00ed niektor\u00fdch z\u00e1konov<\/a>.<\/p>\n<p>\u00dastav experiment\u00e1lnej fyziky Slovenskej akad\u00e9mie vied je prev\u00e1dzkovate\u013eom, ktor\u00fd sprac\u00fava osobn\u00e9 \u00fadaje.<\/p>\n<p class=\"western\">Poskytovate\u013e: MONITOR BP+, s.r.o.<\/p>\n<p class=\"western\">zodpovedn\u00e1 osoba: <b>Ing. Lenka \u0160\u0165avov\u00e1<\/b><\/p>\n<p>e-mail: <a href=\"mailto:gdpr.uef@saske.sk\"><b>gdpr.uef@saske.sk<\/b><\/a><\/p>\n<p class=\"western\">v\u0161eobecn\u00e1 osoba: <b>sekr@saske.sk<\/b><b> <\/b><\/p>\n<p class=\"western\">Zodpovedn\u00e1 osoba najm\u00e4:<\/p>\n<ul>\n<li>poskytuje inform\u00e1cie a poradenstvo prev\u00e1dzkovate\u013eovi alebo sprostredkovate\u013eovi a zamestnancom, ktor\u00ed vykon\u00e1vaj\u00fa sprac\u00favanie osobn\u00fdch \u00fadajov, o ich povinnostiach pod\u013ea tohto z\u00e1kona, osobitn\u00fdch predpisov alebo medzin\u00e1rodn\u00fdch zml\u00fav, ktor\u00fdmi je Slovensk\u00e1 republika viazan\u00e1, t\u00fdkaj\u00facich sa ochrany osobn\u00fdch \u00fadajov,<\/li>\n<li>monitoruje s\u00falad s t\u00fdmto z\u00e1konom, osobitn\u00fdmi predpismi alebo medzin\u00e1rodn\u00fdmi zmluvami, ktor\u00fdmi je Slovensk\u00e1 republika viazan\u00e1, t\u00fdkaj\u00facimi sa ochrany osobn\u00fdch \u00fadajov a s pravidlami prev\u00e1dzkovate\u013ea s\u00favisiacimi s ochranou osobn\u00fdch \u00fadajov vr\u00e1tane rozdelenia povinnost\u00ed, zvy\u0161ovania povedomia a odbornej pr\u00edpravy os\u00f4b, ktor\u00e9 s\u00fa zapojen\u00e9 do spracovate\u013esk\u00fdch oper\u00e1ci\u00ed a s\u00favisiacich auditov ochrany osobn\u00fdch \u00fadajov<\/li>\n<li>poskytuje na po\u017eiadanie poradenstvo, ak ide o pos\u00fadenie vplyvu na ochranu osobn\u00fdch \u00fadajov a monitorovanie jeho vykon\u00e1vania pod\u013ea \u00a7 42,<\/li>\n<li>Zodpovedn\u00e1 osoba pri v\u00fdkone svojich \u00faloh n\u00e1le\u017eite zoh\u013ead\u0148uje riziko spojen\u00e9 so spracovate\u013esk\u00fdmi oper\u00e1ciami, pri\u010dom berie do \u00favahy povahu, rozsah, kontext a \u00fa\u010del sprac\u00favania osobn\u00fdch \u00fadajov.<\/li>\n<li>Vypracuje smernice o ochrane osobn\u00fdch \u00fadajov, pravidl\u00e1 ochrany osobn\u00fdch \u00fadajov, v\u00a0s\u00falade so z\u00e1konom \u010d. 18\/2018.<\/li>\n<\/ul>\n<div class=\"page-right\">\n<div class=\"menu-o-nas_menu-container\"><\/div>\n<\/div>\n","protected":false},"excerpt":{"rendered":"<p>Personal Data Protection Legislative texts available only in Slovak. Pr\u00e1va pri sprac\u00favan\u00ed osobn\u00fdch \u00fadajov s\u00fa upraven\u00e9 v Nariaden\u00ed Eur\u00f3pskeho parlamentu a\u00a0Rady (E\u00da) \u010d. 2016\/679 z\u00a027&#8230;.<\/p>\n","protected":false},"author":1,"featured_media":0,"parent":149,"menu_order":30,"comment_status":"closed","ping_status":"closed","template":"","meta":{"footnotes":""},"_links":{"self":[{"href":"https:\/\/websrv.saske.sk\/uef\/en\/wp-json\/wp\/v2\/pages\/173"}],"collection":[{"href":"https:\/\/websrv.saske.sk\/uef\/en\/wp-json\/wp\/v2\/pages"}],"about":[{"href":"https:\/\/websrv.saske.sk\/uef\/en\/wp-json\/wp\/v2\/types\/page"}],"author":[{"embeddable":true,"href":"https:\/\/websrv.saske.sk\/uef\/en\/wp-json\/wp\/v2\/users\/1"}],"replies":[{"embeddable":true,"href":"https:\/\/websrv.saske.sk\/uef\/en\/wp-json\/wp\/v2\/comments?post=173"}],"version-history":[{"count":10,"href":"https:\/\/websrv.saske.sk\/uef\/en\/wp-json\/wp\/v2\/pages\/173\/revisions"}],"predecessor-version":[{"id":2402,"href":"https:\/\/websrv.saske.sk\/uef\/en\/wp-json\/wp\/v2\/pages\/173\/revisions\/2402"}],"up":[{"embeddable":true,"href":"https:\/\/websrv.saske.sk\/uef\/en\/wp-json\/wp\/v2\/pages\/149"}],"wp:attachment":[{"href":"https:\/\/websrv.saske.sk\/uef\/en\/wp-json\/wp\/v2\/media?parent=173"}],"curies":[{"name":"wp","href":"https:\/\/api.w.org\/{rel}","templated":true}]}}