{"id":165,"date":"2018-09-18T06:57:23","date_gmt":"2018-09-18T04:57:23","guid":{"rendered":"http:\/\/websrv.saske.sk\/uef\/en\/?page_id=165"},"modified":"2022-07-04T12:37:25","modified_gmt":"2022-07-04T10:37:25","slug":"technologies-and-materials","status":"publish","type":"page","link":"https:\/\/websrv.saske.sk\/uef\/en\/about\/infrastructure\/technologies-and-materials\/","title":{"rendered":"Technologies and Materials"},"content":{"rendered":"\r\n<p><strong>Department of Metal Physics &#8211;\u00a0<\/strong>head K. Csach, csach@saske.sk<\/p>\r\n\r\n\r\n\r\n<ul>\r\n<li>\u00a0\u00a0\u00a0\u00a0\u00a0\u00a0\u00a0\u00a0\u00a0\u00a0\u00a0\u00a0\u00a0\u00a0 &#8211;\u00a0<a href=\"https:\/\/websrv.saske.sk\/uef-intranet-old\/files\/vedeckainfrastruktura\/Techno\/OFK-TA-sk.pdf\">Laboratory of thermal analysis<\/a><\/li>\r\n<\/ul>\r\n\r\n\r\n\r\n<ul>\r\n<li>\u00a0 \u00a0 \u00a0 \u00a0 \u00a0 \u00a0 \u00a0 \u00a0&#8211;\u00a0<a href=\"https:\/\/websrv.saske.sk\/uef-intranet-old\/files\/vedeckainfrastruktura\/Techno\/OFK-ELMI-sk.pdf\">Laboratory of electron microscopy<\/a><\/li>\r\n<\/ul>\r\n\r\n\r\n\r\n<p><strong>Department of<\/strong><strong>\u00a0Magnetism &#8211;\u00a0<\/strong>head N. Toma\u0161ovi\u010dov\u00e1, nhudak@saske.sk<\/p>\r\n\r\n\r\n\r\n<ul>\r\n<li>\u00a0\u00a0\u00a0\u00a0\u00a0\u00a0\u00a0\u00a0\u00a0\u00a0\u00a0\u00a0\u00a0\u00a0 &#8211;\u00a0<a href=\"https:\/\/websrv.saske.sk\/uef-intranet-old\/files\/vedeckainfrastruktura\/Techno\/OFMJ.jpg\">Technological laboratory<\/a><\/li>\r\n<\/ul>\r\n\r\n\r\n\r\n<p><strong>Department of<\/strong><strong>\u00a0Space Physics &#8211;\u00a0<\/strong>head P. Bob\u00edk, bobik@saske.sk<\/p>\r\n\r\n\r\n\r\n<ul>\r\n<li>\u00a0\u00a0\u00a0\u00a0\u00a0\u00a0\u00a0\u00a0\u00a0\u00a0\u00a0\u00a0\u00a0\u00a0 &#8211;\u00a0<a href=\"https:\/\/websrv.saske.sk\/uef-intranet-old\/files\/vedeckainfrastruktura\/Techno\/Infrastruktura_OKF.pdf\">Infrastructure of the Space Physics<\/a><\/li>\r\n<\/ul>\r\n\r\n\r\n\r\n<p><strong>Laboratory of Material physics<\/strong><strong>\u00a0&#8211;\u00a0<\/strong>head P. Diko, diko@saske.sk<\/p>\r\n\r\n\r\n\r\n<ul>\r\n<li>\u00a0 \u00a0 \u00a0 \u00a0 \u00a0 \u00a0 \u00a0 \u00a0&#8211;\u00a0<a href=\"https:\/\/websrv.saske.sk\/uef-intranet-old\/files\/vedeckainfrastruktura\/Techno\/LMF-sem.jpg\">Scanning electron microscope<\/a><\/li>\r\n<\/ul>\r\n\r\n\r\n\r\n<ul>\r\n<li>\u00a0\u00a0\u00a0\u00a0\u00a0\u00a0\u00a0\u00a0\u00a0\u00a0\u00a0\u00a0\u00a0\u00a0 &#8211; <a href=\"https:\/\/websrv.saske.sk\/uef-intranet-old\/files\/vedeckainfrastruktura\/Techno\/LMF-tan.JPG\">Thermal analysis laboratory<\/a><\/li>\r\n<\/ul>\r\n\r\n\r\n\r\n<ul>\r\n<li>\u00a0\u00a0\u00a0\u00a0\u00a0\u00a0\u00a0\u00a0\u00a0\u00a0\u00a0\u00a0\u00a0\u00a0 &#8211; <a href=\"http:\/\/uef.saske.sk\/public\/files\/Infrastructure\/tm\/x-ray.JPG\">X-ray diffractional analysis system<\/a><\/li>\r\n<\/ul>\r\n\r\n\r\n\r\n<ul>\r\n<li>\u00a0\u00a0\u00a0\u00a0\u00a0\u00a0\u00a0\u00a0\u00a0\u00a0\u00a0\u00a0\u00a0\u00a0 &#8211; <a href=\"http:\/\/uef.saske.sk\/public\/files\/Infrastructure\/tm\/calibration.JPG\">Callibration furnace with assesories<\/a><\/li>\r\n<\/ul>\r\n\r\n\r\n\r\n<ul>\r\n<li>\u00a0\u00a0\u00a0\u00a0\u00a0\u00a0\u00a0\u00a0\u00a0\u00a0\u00a0\u00a0\u00a0\u00a0 &#8211;\u00a0<a href=\"http:\/\/uef.saske.sk\/public\/files\/Infrastructure\/tm\/metallography.JPG\">Metallography<\/a><\/li>\r\n<\/ul>\r\n\r\n\r\n\r\n<ul>\r\n<li>\u00a0 \u00a0 \u00a0 \u00a0 \u00a0 \u00a0 \u00a0 \u00a0&#8211; <a href=\"https:\/\/websrv.saske.sk\/uef-intranet-old\/files\/vedeckainfrastruktura\/Techno\/LMF-prisl2.JPG\">Multimedia laboratory<\/a><\/li>\r\n<\/ul>\r\n\r\n\r\n\r\n<ul>\r\n<li>\u00a0\u00a0\u00a0\u00a0\u00a0\u00a0\u00a0\u00a0\u00a0\u00a0\u00a0\u00a0\u00a0\u00a0 &#8211;\u00a0<a href=\"http:\/\/uef.saske.sk\/public\/files\/Infrastructure\/tm\/particle_size.JPG\">Particle size measurement<\/a><\/li>\r\n<\/ul>\r\n\r\n\r\n\r\n<ul>\r\n<li>\u00a0\u00a0\u00a0\u00a0\u00a0\u00a0\u00a0\u00a0\u00a0\u00a0\u00a0\u00a0\u00a0\u00a0 &#8211;\u00a0<a href=\"https:\/\/websrv.saske.sk\/uef-intranet-old\/files\/vedeckainfrastruktura\/Techno\/LMF-komPec.JPG\">Chamber furnacde wit all side heating<\/a><\/li>\r\n<\/ul>\r\n\r\n\r\n\r\n\r\n\r\n<ul>\r\n<li>\u00a0\u00a0\u00a0\u00a0\u00a0\u00a0\u00a0\u00a0\u00a0\u00a0\u00a0\u00a0\u00a0\u00a0 &#8211;\u00a0<a href=\"https:\/\/websrv.saske.sk\/uef-intranet-old\/files\/vedeckainfrastruktura\/Techno\/LMF-GB.JPG\">Glow box<\/a><\/li>\r\n<\/ul>\r\n\r\n\r\n\r\n<p><strong>\u00a0 \u00a0 Department of Applied Magnetism and Nanomaterials &#8211; <\/strong>head I. \u0160korv\u00e1nek, skorvi@saske.sk<\/p>\r\n\r\n\r\n\r\n<ul>\r\n<li>\u00a0 \u00a0 \u00a0 \u00a0 \u00a0 \u00a0 \u00a0\u00a0 \u00a0&#8211; <a href=\"https:\/\/websrv.saske.sk\/uef-intranet-old\/files\/vedeckainfrastruktura\/Techno\/LNAM-magn.JPG\">Furnace for processing of the materials in the presence of high magnetic field<\/a><\/li>\r\n<\/ul>\r\n","protected":false},"excerpt":{"rendered":"<p>Department of Metal Physics &#8211;\u00a0head K. Csach, csach@saske.sk \u00a0\u00a0\u00a0\u00a0\u00a0\u00a0\u00a0\u00a0\u00a0\u00a0\u00a0\u00a0\u00a0\u00a0 &#8211;\u00a0Laboratory of thermal analysis \u00a0 \u00a0 \u00a0 \u00a0 \u00a0 \u00a0 \u00a0 \u00a0&#8211;\u00a0Laboratory of electron microscopy Department&#8230;<\/p>\n","protected":false},"author":1,"featured_media":0,"parent":153,"menu_order":20,"comment_status":"closed","ping_status":"closed","template":"","meta":{"footnotes":""},"_links":{"self":[{"href":"https:\/\/websrv.saske.sk\/uef\/en\/wp-json\/wp\/v2\/pages\/165"}],"collection":[{"href":"https:\/\/websrv.saske.sk\/uef\/en\/wp-json\/wp\/v2\/pages"}],"about":[{"href":"https:\/\/websrv.saske.sk\/uef\/en\/wp-json\/wp\/v2\/types\/page"}],"author":[{"embeddable":true,"href":"https:\/\/websrv.saske.sk\/uef\/en\/wp-json\/wp\/v2\/users\/1"}],"replies":[{"embeddable":true,"href":"https:\/\/websrv.saske.sk\/uef\/en\/wp-json\/wp\/v2\/comments?post=165"}],"version-history":[{"count":11,"href":"https:\/\/websrv.saske.sk\/uef\/en\/wp-json\/wp\/v2\/pages\/165\/revisions"}],"predecessor-version":[{"id":2412,"href":"https:\/\/websrv.saske.sk\/uef\/en\/wp-json\/wp\/v2\/pages\/165\/revisions\/2412"}],"up":[{"embeddable":true,"href":"https:\/\/websrv.saske.sk\/uef\/en\/wp-json\/wp\/v2\/pages\/153"}],"wp:attachment":[{"href":"https:\/\/websrv.saske.sk\/uef\/en\/wp-json\/wp\/v2\/media?parent=165"}],"curies":[{"name":"wp","href":"https:\/\/api.w.org\/{rel}","templated":true}]}}