{"id":159,"date":"2018-09-18T06:55:47","date_gmt":"2018-09-18T04:55:47","guid":{"rendered":"http:\/\/websrv.saske.sk\/uef\/en\/?page_id=159"},"modified":"2024-03-27T09:14:45","modified_gmt":"2024-03-27T08:14:45","slug":"news","status":"publish","type":"page","link":"https:\/\/websrv.saske.sk\/uef\/en\/about\/news\/","title":{"rendered":"News"},"content":{"rendered":"<p><strong>2024 <\/strong><\/p>\n<p class=\"has-text-color has-medium-font-size has-vivid-red-color\"><a href=\"http:\/\/space.saske.sk\/results\/popul\/2024-03-04-markiza.mp4\">Aurora<\/a>\u00a0 (TV Mark\u00edza, 4. 3. 2024)<\/p>\n<p class=\"has-text-color has-medium-font-size has-vivid-red-color\"><span class=\"Y2IQFc\" lang=\"en\"><a href=\"https:\/\/www.rtvs.sk\/radio\/archiv\/1567\/2241678\">Black holes and dark energy\u00a0<\/a> (<\/span>R\u00e1dio Regina V\u00fdchod, 10. 2. 2024)<\/p>\n<p><strong>2022 <\/strong><\/p>\n<p><a href=\"https:\/\/www.sav.sk\/?lang=sk&amp;doc=services-news&amp;source_no=20&amp;news_no=10458\"><b>SPACE::LAB summer school 2022<\/b><\/a> <span style=\"color: #000000;\">(Aktuality SAV, 27.6.2022)<\/span><\/p>\n<p><strong><a href=\"https:\/\/www.rtvs.sk\/televizia\/archiv\/14067\/326844\">Magnetic field generator<\/a> \u00a0 <\/strong>(VAT, RTVS, 14.5.2022)<\/p>\n<p class=\"group margin-bottom-0 left uppercase\"><strong><a href=\"https:\/\/websrv.saske.sk\/uef\/wp-content\/uploads\/2022\/04\/presporsky_podnikatel_2204_str5-1.pdf\">The new magnetic field generator to make measuring the properties of progressive materials easier<\/a> <\/strong>(Pre\u0161porsk\u00fd podnikate\u013e, apr\u00edl 2022)<\/p>\n<p>&nbsp;<\/p>\n","protected":false},"excerpt":{"rendered":"<p>2024 Aurora\u00a0 (TV Mark\u00edza, 4. 3. 2024) Black holes and dark energy\u00a0 (R\u00e1dio Regina V\u00fdchod, 10. 2. 2024) 2022 SPACE::LAB summer school 2022 (Aktuality SAV,&#8230;<\/p>\n","protected":false},"author":1,"featured_media":0,"parent":21,"menu_order":60,"comment_status":"closed","ping_status":"closed","template":"","meta":{"footnotes":""},"_links":{"self":[{"href":"https:\/\/websrv.saske.sk\/uef\/en\/wp-json\/wp\/v2\/pages\/159"}],"collection":[{"href":"https:\/\/websrv.saske.sk\/uef\/en\/wp-json\/wp\/v2\/pages"}],"about":[{"href":"https:\/\/websrv.saske.sk\/uef\/en\/wp-json\/wp\/v2\/types\/page"}],"author":[{"embeddable":true,"href":"https:\/\/websrv.saske.sk\/uef\/en\/wp-json\/wp\/v2\/users\/1"}],"replies":[{"embeddable":true,"href":"https:\/\/websrv.saske.sk\/uef\/en\/wp-json\/wp\/v2\/comments?post=159"}],"version-history":[{"count":10,"href":"https:\/\/websrv.saske.sk\/uef\/en\/wp-json\/wp\/v2\/pages\/159\/revisions"}],"predecessor-version":[{"id":3085,"href":"https:\/\/websrv.saske.sk\/uef\/en\/wp-json\/wp\/v2\/pages\/159\/revisions\/3085"}],"up":[{"embeddable":true,"href":"https:\/\/websrv.saske.sk\/uef\/en\/wp-json\/wp\/v2\/pages\/21"}],"wp:attachment":[{"href":"https:\/\/websrv.saske.sk\/uef\/en\/wp-json\/wp\/v2\/media?parent=159"}],"curies":[{"name":"wp","href":"https:\/\/api.w.org\/{rel}","templated":true}]}}