{"id":1205,"date":"2019-12-12T14:55:42","date_gmt":"2019-12-12T13:55:42","guid":{"rendered":"http:\/\/websrv.saske.sk\/uef\/en\/?page_id=1205"},"modified":"2022-10-13T14:21:50","modified_gmt":"2022-10-13T12:21:50","slug":"contact","status":"publish","type":"page","link":"https:\/\/websrv.saske.sk\/uef\/en\/departments\/damn\/contact\/","title":{"rendered":"Contact"},"content":{"rendered":"<p><strong>Head of department<\/strong><\/p>\n<p>RNDr. Ivan \u0160korv\u00e1nek, CSc.<\/p>\n<p>Institute of Experimental Physics SAS<br \/>\nWatsonova 47<br \/>\n040 01 Ko\u0161ice<br \/>\nSlovakia<\/p>\n<table border=\"0\" cellspacing=\"1\" cellpadding=\"1\" align=\"left\">\n<tbody>\n<tr>\n<td><strong>Phone:<\/strong><\/td>\n<td>+421 55 792 2274<\/td>\n<\/tr>\n<tr>\n<td><strong>Fax:<\/strong><\/td>\n<td>+421 55 633 6292<\/td>\n<\/tr>\n<tr>\n<td><strong>E-mail:<\/strong><\/td>\n<td>\u00a0<a href=\"mailto:skorvi@saske.sk\">skorvi@saske.sk<\/a><\/td>\n<\/tr>\n<\/tbody>\n<\/table>\n","protected":false},"excerpt":{"rendered":"<p>Head of department RNDr. Ivan \u0160korv\u00e1nek, CSc. Institute of Experimental Physics SAS Watsonova 47 040 01 Ko\u0161ice Slovakia Phone: +421 55 792 2274 Fax: +421&#8230;<\/p>\n","protected":false},"author":18,"featured_media":0,"parent":314,"menu_order":80,"comment_status":"closed","ping_status":"closed","template":"","meta":{"footnotes":""},"_links":{"self":[{"href":"https:\/\/websrv.saske.sk\/uef\/en\/wp-json\/wp\/v2\/pages\/1205"}],"collection":[{"href":"https:\/\/websrv.saske.sk\/uef\/en\/wp-json\/wp\/v2\/pages"}],"about":[{"href":"https:\/\/websrv.saske.sk\/uef\/en\/wp-json\/wp\/v2\/types\/page"}],"author":[{"embeddable":true,"href":"https:\/\/websrv.saske.sk\/uef\/en\/wp-json\/wp\/v2\/users\/18"}],"replies":[{"embeddable":true,"href":"https:\/\/websrv.saske.sk\/uef\/en\/wp-json\/wp\/v2\/comments?post=1205"}],"version-history":[{"count":5,"href":"https:\/\/websrv.saske.sk\/uef\/en\/wp-json\/wp\/v2\/pages\/1205\/revisions"}],"predecessor-version":[{"id":2575,"href":"https:\/\/websrv.saske.sk\/uef\/en\/wp-json\/wp\/v2\/pages\/1205\/revisions\/2575"}],"up":[{"embeddable":true,"href":"https:\/\/websrv.saske.sk\/uef\/en\/wp-json\/wp\/v2\/pages\/314"}],"wp:attachment":[{"href":"https:\/\/websrv.saske.sk\/uef\/en\/wp-json\/wp\/v2\/media?parent=1205"}],"curies":[{"name":"wp","href":"https:\/\/api.w.org\/{rel}","templated":true}]}}