{"id":1060,"date":"2019-04-30T10:37:38","date_gmt":"2019-04-30T08:37:38","guid":{"rendered":"http:\/\/websrv.saske.sk\/uef\/en\/?page_id=1060"},"modified":"2022-10-06T16:15:12","modified_gmt":"2022-10-06T14:15:12","slug":"projects","status":"publish","type":"page","link":"https:\/\/websrv.saske.sk\/uef\/en\/departments\/centre-of-low-temperature-physics\/projects\/","title":{"rendered":"Projects"},"content":{"rendered":"<div id=\"outer-wrap\" class=\"site clr\">\n<div id=\"wrap\" class=\"clr\">\n<header id=\"site-header\" class=\"minimal-header header-replace effect-one clr\" data-height=\"100\">\n<div id=\"site-header-inner\" class=\"clr container\">\n<div id=\"site-logo\" class=\"clr\"><\/div>\n<\/div>\n<\/header>\n<div id=\"content-wrap\" class=\"container clr\">\n<div id=\"primary\" class=\"content-area clr\">\n<div id=\"content\" class=\"site-content clr\">\n<article class=\"single-page-article clr\">\n<div class=\"entry clr\">\n<div class=\"elementor elementor-16\" data-elementor-type=\"wp-post\" data-elementor-id=\"16\" data-elementor-settings=\"[]\">\n<div class=\"elementor-inner\">\n<div class=\"elementor-section-wrap\">\n<section class=\"elementor-element elementor-element-d4760e8 elementor-section-stretched elementor-section-boxed elementor-section-height-default elementor-section-height-default elementor-section elementor-top-section\" data-id=\"d4760e8\" data-settings=\"{&quot;background_background&quot;:&quot;gradient&quot;,&quot;stretch_section&quot;:&quot;section-stretched&quot;}\">\n<div class=\"elementor-container elementor-column-gap-default\">\n<div class=\"elementor-row\">\n<div class=\"elementor-element elementor-element-3a0b6c3 elementor-column elementor-col-50 elementor-top-column\" data-id=\"3a0b6c3\">\n<div class=\"elementor-column-wrap elementor-element-populated\">\n<div class=\"elementor-widget-wrap\">\n<div class=\"elementor-element elementor-element-a056a13 elementor-widget elementor-widget-heading animated fadeIn\" data-id=\"a056a13\" data-settings=\"{&quot;_animation&quot;:&quot;fadeIn&quot;}\">\n<div class=\"elementor-widget-container\"><\/div>\n<\/div>\n<\/div>\n<\/div>\n<\/div>\n<div class=\"elementor-element elementor-element-255593c elementor-column elementor-col-50 elementor-top-column\" data-id=\"255593c\">\n<div class=\"elementor-column-wrap elementor-element-populated\">\n<div class=\"elementor-widget-wrap\">\n<div class=\"elementor-element elementor-element-7756369 elementor-widget elementor-widget-image\" data-id=\"7756369\">\n<div class=\"elementor-widget-container\">\n<div class=\"elementor-image\"><\/div>\n<\/div>\n<\/div>\n<\/div>\n<\/div>\n<\/div>\n<\/div>\n<\/div>\n<\/section>\n<section class=\"elementor-element elementor-element-4c62814 elementor-section-boxed elementor-section-height-default elementor-section-height-default elementor-section elementor-top-section\" data-id=\"4c62814\">\n<div class=\"elementor-container elementor-column-gap-default\">\n<div class=\"elementor-row\">\n<div class=\"elementor-element elementor-element-979d77b elementor-column elementor-col-100 elementor-top-column\" data-id=\"979d77b\">\n<div class=\"elementor-column-wrap elementor-element-populated\">\n<div class=\"elementor-widget-wrap\">\n<div class=\"elementor-element elementor-element-bc3f5cb elementor-widget elementor-widget-spacer\" data-id=\"bc3f5cb\">\n<div class=\"elementor-widget-container\">\n<div class=\"elementor-spacer\">\n<div class=\"elementor-spacer-inner\"><\/div>\n<\/div>\n<\/div>\n<\/div>\n<div class=\"elementor-element elementor-element-b0d70cd elementor-widget elementor-widget-shortcode\" data-id=\"b0d70cd\">\n<div class=\"elementor-widget-container\">\n<div class=\"elementor-shortcode\">\n<div id=\"tablepress-1_wrapper\" class=\"dataTables_wrapper no-footer\">\n<table id=\"tablepress-1\" class=\"tablepress tablepress-id-1 dataTable no-footer\" role=\"grid\">\n<thead>\n<tr class=\"row-1 odd\" role=\"row\">\n<th class=\"column-1 sorting\" colspan=\"1\" rowspan=\"1\" aria-label=\"Grant Number: activate to sort column ascending\">Grant Number<\/th>\n<th class=\"column-2 sorting\" colspan=\"1\" rowspan=\"1\" aria-label=\"Principal Investigator: activate to sort column ascending\">Principal Investigator<\/th>\n<th class=\"column-3 sorting\" colspan=\"1\" rowspan=\"1\" aria-label=\"Grant Title: activate to sort column ascending\">Grant Title<\/th>\n<th class=\"column-4 sorting\" colspan=\"1\" rowspan=\"1\" aria-label=\"Duration: activate to sort column ascending\">Duration<\/th>\n<\/tr>\n<\/thead>\n<tbody class=\"row-hover\">\n<tr class=\"row-2 even\" role=\"row\">\n<td class=\"column-1\"><\/td>\n<td class=\"column-2\"><\/td>\n<td class=\"column-3\"><\/td>\n<td class=\"column-4\"><\/td>\n<\/tr>\n<tr class=\"row-3 odd\" role=\"row\">\n<td class=\"column-1\">VA SR ITMS2014+ 313011W856<\/td>\n<td class=\"column-2\">Peter Skyba<\/td>\n<td class=\"column-3\">Quantum matters at very low temperatures<\/td>\n<td class=\"column-4\">2020-2023<\/td>\n<\/tr>\n<tr class=\"row-4 even\" role=\"row\">\n<td class=\"column-1\">H2020-824109<\/td>\n<td class=\"column-2\">Ch. Enss \/ Peter Skyba<\/td>\n<td class=\"column-3\"><a href=\"http:\/\/emplatform.eu\/\" target=\"_blank\" rel=\"noopener\">European microkelvin platform<\/a><\/td>\n<td class=\"column-4\">2019-2022<\/td>\n<\/tr>\n<tr class=\"row-5 odd\" role=\"row\">\n<td class=\"column-1\">APVV-17-0020<\/td>\n<td class=\"column-2\">Slavom\u00edr Gab\u00e1ni<\/td>\n<td class=\"column-3\"><a href=\"http:\/\/extremeconditions.saske.sk\/projects\/\" target=\"_blank\" rel=\"noopener\">Frustrated metallic magnetic systems<\/a><\/td>\n<td class=\"column-4\">2018-2022<\/td>\n<\/tr>\n<tr class=\"row-6 even\" role=\"row\">\n<td class=\"column-1\">APVV-18-0358<\/td>\n<td class=\"column-2\">Pavol Szab\u00f3<\/td>\n<td class=\"column-3\">Electron correlations in disordered superconductors<\/td>\n<td class=\"column-4\">2019-2023<\/td>\n<\/tr>\n<tr class=\"row-7 odd\" role=\"row\">\n<td class=\"column-1\">APVV-20-0425<\/td>\n<td class=\"column-2\">T. Samuely \/ Peter Samuely<\/td>\n<td class=\"column-3\">Quantum Technologies, Materials and Devices<\/td>\n<td class=\"column-4\">2021-2025<\/td>\n<\/tr>\n<tr class=\"row-8 even\" role=\"row\">\n<td class=\"column-1\">VEGA 1\/0743\/19<\/td>\n<td class=\"column-2\">T. Samuely \/ Pavol Szab\u00f3<\/td>\n<td class=\"column-3\">Ising superconductors for topological phases of matter<\/td>\n<td class=\"column-4\">2019-2022<\/td>\n<\/tr>\n<tr class=\"row-9 odd\" role=\"row\">\n<td class=\"column-1\">VEGA 2\/0032\/20<\/td>\n<td class=\"column-2\">Gabriel Prist\u00e1\u0161<\/td>\n<td class=\"column-3\">Magnetic frustration and superconductivity in 2D and 3D borides<\/td>\n<td class=\"column-4\">2020-2023<\/td>\n<\/tr>\n<tr class=\"row-10 even\" role=\"row\">\n<td class=\"column-1\">VEGA 2\/0058\/20<\/td>\n<td class=\"column-2\">Jozef Ka\u010dmar\u010d\u00edk<\/td>\n<td class=\"column-3\">Research of non-trivial superconductivity on selected materials<\/td>\n<td class=\"column-4\">2020-2023<\/td>\n<\/tr>\n<tr class=\"row-11 odd\" role=\"row\">\n<td class=\"column-1\">VEGA 2\/0093\/22<\/td>\n<td class=\"column-2\">Marcel \u010clove\u010dko<\/td>\n<td class=\"column-3\">Decoherency in mechanical resonators at low temperatures<\/td>\n<td class=\"column-4\">2022-2025<\/td>\n<\/tr>\n<tr class=\"row-12 even\" role=\"row\">\n<td class=\"column-1\">DAAD-57561069<\/td>\n<td class=\"column-2\">Slavom\u00edr Gab\u00e1ni<\/td>\n<td class=\"column-3\">Tuning of frustrated metallic quantum magnets<\/td>\n<td class=\"column-4\">2021-2022<\/td>\n<\/tr>\n<tr class=\"row-13 odd\" role=\"row\">\n<td class=\"column-1\">M-ERA.NET<\/td>\n<td class=\"column-2\">S. Z. Karashanov\/K. Flachbart<\/td>\n<td class=\"column-3\">Theoretical and Experimental Study of Transition Metal Oxyhydride<br \/>\nNanomaterials for Superconductivity and Photocatalysis<\/td>\n<td class=\"column-4\">2019-2022<\/td>\n<\/tr>\n<tr class=\"row-14 even\" role=\"row\">\n<td class=\"column-1\">MOBILITY<\/td>\n<td class=\"column-2\">Karol Flachbart<\/td>\n<td class=\"column-3\">Superconducting properties of boride thin films<\/td>\n<td class=\"column-4\">2021-2022<\/td>\n<\/tr>\n<\/tbody>\n<\/table>\n<\/div>\n<p><!-- #tablepress-1 from cache --><\/p>\n<\/div>\n<\/div>\n<\/div>\n<div class=\"elementor-element elementor-element-45e338e elementor-widget elementor-widget-spacer\" data-id=\"45e338e\">\n<div class=\"elementor-widget-container\">\n<div class=\"elementor-spacer\">\n<div class=\"elementor-spacer-inner\"><\/div>\n<\/div>\n<\/div>\n<\/div>\n<div class=\"elementor-element elementor-element-f1cf353 elementor-widget elementor-widget-shortcode\" data-id=\"f1cf353\">\n<div class=\"elementor-widget-container\">\n<div class=\"elementor-shortcode\">\n<div id=\"tablepress-2_wrapper\" class=\"dataTables_wrapper no-footer\">\n<table id=\"tablepress-2\" class=\"tablepress tablepress-id-2 dataTable no-footer\" role=\"grid\">\n<thead>\n<tr class=\"row-1 odd\" role=\"row\">\n<th class=\"column-1 sorting_disabled\" colspan=\"1\" rowspan=\"1\">Partners<\/th>\n<th class=\"column-2 sorting_disabled\" colspan=\"1\" rowspan=\"1\">Principal Investigator<\/th>\n<th class=\"column-3 sorting_disabled\" colspan=\"1\" rowspan=\"1\">Name of project<\/th>\n<\/tr>\n<\/thead>\n<tbody class=\"row-hover\">\n<tr class=\"row-2 even\" role=\"row\">\n<td class=\"column-1\">Bilateral project between<br \/>\nGPI RAS Moscow and IEP SAS Ko\u0161ice<\/td>\n<td class=\"column-2\">N. Sluchanko \/ K. Flachbart<\/td>\n<td class=\"column-3\">Transport, thermal and magnetic properties of rare earth compounds<\/td>\n<\/tr>\n<tr class=\"row-3 odd\" role=\"row\">\n<td class=\"column-1\">Bilateral project between<br \/>\nInst. Problems of Mater. Sci., Kiev and IEP SAS Ko\u0161ice<\/td>\n<td class=\"column-2\">V. Paderno \/ K. Flachbart<\/td>\n<td class=\"column-3\">Investigation of rare earth borides and composites based on them<\/td>\n<\/tr>\n<tr class=\"row-4 even\" role=\"row\">\n<td class=\"column-1\">Bilateral project between<br \/>\nLancaster University and IEP SAS Ko\u0161ice<\/td>\n<td class=\"column-2\">George Pickett \/ Peter Skyba<\/td>\n<td class=\"column-3\">Quasiparticle and spin dynamics in superfluid 3He phases at ultralow temperatures<\/td>\n<\/tr>\n<tr class=\"row-5 odd\" role=\"row\">\n<td class=\"column-1\">Bilateral project between<br \/>\nComisi\u00f3n Nacional de Energ\u00eda At\u00f3mica, Bariloche, Argentina and IEP SAS Ko\u0161ice, Slovakia<\/td>\n<td class=\"column-2\">Yanina Fasano \/<br \/>\nZ. Vargae\u0161tokov\u00e1<\/td>\n<td class=\"column-3\">Spectroscopic properties of strongly-correlated electronic systems with competing orders<\/td>\n<\/tr>\n<tr class=\"row-6 even\" role=\"row\">\n<td class=\"column-1\">Bilateral project between<br \/>\nNASU Ukraine and IEP SAS Ko\u0161ice<\/td>\n<td class=\"column-2\">P. Samuely<\/td>\n<td class=\"column-3\">Point-contact and tunneling spectroscopy of emergent iron-based superconductors<\/td>\n<\/tr>\n<\/tbody>\n<\/table>\n<\/div>\n<p><!-- #tablepress-2 from cache --><\/p>\n<\/div>\n<\/div>\n<\/div>\n<div class=\"elementor-element elementor-element-d977ed6 elementor-widget elementor-widget-spacer\" data-id=\"d977ed6\">\n<div class=\"elementor-widget-container\">\n<div class=\"elementor-spacer\"><\/div>\n<\/div>\n<\/div>\n<\/div>\n<\/div>\n<\/div>\n<\/div>\n<\/div>\n<\/section>\n<\/div>\n<\/div>\n<\/div>\n<\/div>\n<\/article>\n<\/div>\n<\/div>\n<\/div>\n<\/div>\n<\/div>\n<div id=\"sidr\" class=\"sidr right\">\n<div class=\"sidr-inner\"><\/div>\n<\/div>\n","protected":false},"excerpt":{"rendered":"<p>Grant Number Principal Investigator Grant Title Duration VA SR ITMS2014+ 313011W856 Peter Skyba Quantum matters at very low temperatures 2020-2023 H2020-824109 Ch. Enss \/ Peter&#8230;<\/p>\n","protected":false},"author":1,"featured_media":0,"parent":1041,"menu_order":95,"comment_status":"closed","ping_status":"closed","template":"","meta":{"footnotes":""},"_links":{"self":[{"href":"https:\/\/websrv.saske.sk\/uef\/en\/wp-json\/wp\/v2\/pages\/1060"}],"collection":[{"href":"https:\/\/websrv.saske.sk\/uef\/en\/wp-json\/wp\/v2\/pages"}],"about":[{"href":"https:\/\/websrv.saske.sk\/uef\/en\/wp-json\/wp\/v2\/types\/page"}],"author":[{"embeddable":true,"href":"https:\/\/websrv.saske.sk\/uef\/en\/wp-json\/wp\/v2\/users\/1"}],"replies":[{"embeddable":true,"href":"https:\/\/websrv.saske.sk\/uef\/en\/wp-json\/wp\/v2\/comments?post=1060"}],"version-history":[{"count":9,"href":"https:\/\/websrv.saske.sk\/uef\/en\/wp-json\/wp\/v2\/pages\/1060\/revisions"}],"predecessor-version":[{"id":2568,"href":"https:\/\/websrv.saske.sk\/uef\/en\/wp-json\/wp\/v2\/pages\/1060\/revisions\/2568"}],"up":[{"embeddable":true,"href":"https:\/\/websrv.saske.sk\/uef\/en\/wp-json\/wp\/v2\/pages\/1041"}],"wp:attachment":[{"href":"https:\/\/websrv.saske.sk\/uef\/en\/wp-json\/wp\/v2\/media?parent=1060"}],"curies":[{"name":"wp","href":"https:\/\/api.w.org\/{rel}","templated":true}]}}