{"id":1057,"date":"2019-04-30T10:35:45","date_gmt":"2019-04-30T08:35:45","guid":{"rendered":"http:\/\/websrv.saske.sk\/uef\/en\/?page_id=1057"},"modified":"2022-10-06T15:36:49","modified_gmt":"2022-10-06T13:36:49","slug":"staff","status":"publish","type":"page","link":"https:\/\/websrv.saske.sk\/uef\/en\/departments\/centre-of-low-temperature-physics\/staff\/","title":{"rendered":"Staff"},"content":{"rendered":"<table border=\"0\" cellspacing=\"1\" cellpadding=\"1\" align=\"center\">\n<tbody>\n<tr>\n<td><strong><em>Head of the department:<\/em><\/strong><\/td>\n<td><a href=\"https:\/\/www.sav.sk\/index.php?lang=en&amp;doc=user-org-user&amp;user_no=4062\">Mgr. Pavol Szab\u00f3, CSc.<\/a><\/td>\n<\/tr>\n<tr>\n<td><\/td>\n<td><\/td>\n<\/tr>\n<tr>\n<td><strong><em>Researchers:<\/em><\/strong><\/td>\n<td><a href=\"https:\/\/www.sav.sk\/index.php?lang=en&amp;doc=user-org-user&amp;user_no=6301\">RNDr. Marcel \u010clove\u010dko, PhD.<\/a><\/td>\n<\/tr>\n<tr>\n<td><\/td>\n<td><a href=\"https:\/\/www.sav.sk\/index.php?lang=en&amp;doc=user-org-user&amp;user_no=4006\">Doc. RNDr. Karol Flachbart, DrSc.<\/a><\/td>\n<\/tr>\n<tr>\n<td><\/td>\n<td><a href=\"https:\/\/www.sav.sk\/index.php?lang=en&amp;doc=user-org-user&amp;user_no=4057\">Doc. RNDr. Slavom\u00edr Gab\u00e1ni, PhD.<\/a><\/td>\n<\/tr>\n<tr>\n<td><\/td>\n<td><a href=\"https:\/\/www.sav.sk\/index.php?lang=en&amp;doc=user-org-user&amp;user_no=4025\">RNDr. Jozef Ka\u010dmar\u010d\u00edk, PhD.<\/a><\/td>\n<\/tr>\n<tr>\n<td><\/td>\n<td><a href=\"https:\/\/www.sav.sk\/index.php?lang=en&amp;doc=user-org-user&amp;user_no=10076\">RNDr. Mat\u00fa\u0161 Orend\u00e1\u010d, PhD.<\/a><\/td>\n<\/tr>\n<tr>\n<td><\/td>\n<td><a href=\"https:\/\/www.sav.sk\/index.php?lang=en&amp;doc=user-org-user&amp;user_no=4071\">RNDr. Gabriel Prist\u00e1\u0161, PhD.<\/a><\/td>\n<\/tr>\n<tr>\n<td><\/td>\n<td><a href=\"https:\/\/www.sav.sk\/index.php?lang=en&amp;doc=user-org-user&amp;user_no=2803\">Prof. RNDr. Peter Samuely, DrSc.<\/a><\/td>\n<\/tr>\n<tr>\n<td><\/td>\n<td><a href=\"https:\/\/www.sav.sk\/index.php?lang=en&amp;doc=user-org-user&amp;user_no=4005\">RNDr. Peter Skyba, DrSc.<\/a><\/td>\n<\/tr>\n<tr>\n<td><\/td>\n<td><a href=\"https:\/\/www.sav.sk\/index.php?lang=en&amp;doc=user-org-user&amp;user_no=4070\">RNDr. Zuzana Vargae\u0161tokov\u00e1, PhD.<\/a><\/td>\n<\/tr>\n<tr>\n<td>\n<hr \/>\n<\/td>\n<td>\n<hr \/>\n<\/td>\n<\/tr>\n<tr>\n<td><strong><em>Cryo- and electroengineers:<\/em><\/strong><\/td>\n<td><a href=\"https:\/\/www.sav.sk\/index.php?lang=en&amp;doc=user-org-user&amp;user_no=4058\">Ing. Marcela Medeov\u00e1<\/a><\/td>\n<\/tr>\n<tr>\n<td><\/td>\n<\/tr>\n<tr>\n<td>\n<hr \/>\n<\/td>\n<td>\n<hr \/>\n<\/td>\n<\/tr>\n<tr>\n<td><\/td>\n<td><\/td>\n<\/tr>\n<tr>\n<td><strong><em>PhD students:<\/em><\/strong><\/td>\n<td><a href=\"https:\/\/www.sav.sk\/?lang=en&amp;doc=user-org-user&amp;user_no=12396\">Ing. J\u00falius Ba\u010dkai<\/a><\/td>\n<\/tr>\n<tr>\n<td><\/td>\n<td><a href=\"https:\/\/www.sav.sk\/?lang=en&amp;doc=user-org-user&amp;user_no=12821\">Ing. Kamil Golia\u0161<\/a><\/td>\n<\/tr>\n<tr>\n<td><\/td>\n<td><a href=\"https:\/\/www.sav.sk\/?lang=en&amp;doc=user-org-user&amp;user_no=12822\">Mgr. Filip Ko\u0161uth<\/a><\/td>\n<\/tr>\n<tr>\n<td><\/td>\n<td><a href=\"https:\/\/www.sav.sk\/index.php?lang=en&amp;doc=user-org-user&amp;user_no=11849\">Ing. Marek Kuzmiak<\/a><\/td>\n<\/tr>\n<tr>\n<td><\/td>\n<td><a href=\"https:\/\/www.sav.sk\/?lang=en&amp;doc=user-org-user&amp;user_no=12397\">Oleksandr Podopryhora<\/a><\/td>\n<\/tr>\n<tr>\n<td>\n<hr \/>\n<\/td>\n<td>\n<hr \/>\n<\/td>\n<\/tr>\n<tr>\n<td><strong><em>Helium Liquefier:<\/em><\/strong><\/td>\n<td><a href=\"https:\/\/www.sav.sk\/index.php?lang=en&amp;doc=user-org-user&amp;user_no=11340\">Ing. Du\u0161an G\u00e1bor<\/a><\/td>\n<\/tr>\n<tr>\n<td><\/td>\n<td><a href=\"https:\/\/www.sav.sk\/index.php?lang=en&amp;doc=user-org-user&amp;user_no=11441\">RNDr. Oleksandr Onufriienko, PhD.<\/a><\/td>\n<\/tr>\n<\/tbody>\n<\/table>\n","protected":false},"excerpt":{"rendered":"<p>Head of the department: Mgr. Pavol Szab\u00f3, CSc. Researchers: RNDr. Marcel \u010clove\u010dko, PhD. Doc. RNDr. Karol Flachbart, DrSc. Doc. RNDr. Slavom\u00edr Gab\u00e1ni, PhD. RNDr. Jozef&#8230;<\/p>\n","protected":false},"author":1,"featured_media":0,"parent":1041,"menu_order":95,"comment_status":"closed","ping_status":"closed","template":"","meta":{"footnotes":""},"_links":{"self":[{"href":"https:\/\/websrv.saske.sk\/uef\/en\/wp-json\/wp\/v2\/pages\/1057"}],"collection":[{"href":"https:\/\/websrv.saske.sk\/uef\/en\/wp-json\/wp\/v2\/pages"}],"about":[{"href":"https:\/\/websrv.saske.sk\/uef\/en\/wp-json\/wp\/v2\/types\/page"}],"author":[{"embeddable":true,"href":"https:\/\/websrv.saske.sk\/uef\/en\/wp-json\/wp\/v2\/users\/1"}],"replies":[{"embeddable":true,"href":"https:\/\/websrv.saske.sk\/uef\/en\/wp-json\/wp\/v2\/comments?post=1057"}],"version-history":[{"count":10,"href":"https:\/\/websrv.saske.sk\/uef\/en\/wp-json\/wp\/v2\/pages\/1057\/revisions"}],"predecessor-version":[{"id":2563,"href":"https:\/\/websrv.saske.sk\/uef\/en\/wp-json\/wp\/v2\/pages\/1057\/revisions\/2563"}],"up":[{"embeddable":true,"href":"https:\/\/websrv.saske.sk\/uef\/en\/wp-json\/wp\/v2\/pages\/1041"}],"wp:attachment":[{"href":"https:\/\/websrv.saske.sk\/uef\/en\/wp-json\/wp\/v2\/media?parent=1057"}],"curies":[{"name":"wp","href":"https:\/\/api.w.org\/{rel}","templated":true}]}}