{"id":87,"date":"2019-02-13T07:16:40","date_gmt":"2019-02-13T06:16:40","guid":{"rendered":"http:\/\/websrv.saske.sk\/imr\/?page_id=87"},"modified":"2024-05-15T13:43:50","modified_gmt":"2024-05-15T11:43:50","slug":"aktuality","status":"publish","type":"page","link":"https:\/\/websrv.saske.sk\/imr\/udalosti\/aktuality\/","title":{"rendered":"Aktuality"},"content":{"rendered":"<p><span style=\"color: #ff6600;\"><strong><span class=\"fontstyle0\">FALLING WALLS LAB SLOVAKIA \u2013 FWLS<\/span><\/strong><\/span><\/p>\n<p><a href=\"https:\/\/falling-walls.com\/\" target=\"_blank\" rel=\"noopener\"><span style=\"color: #ff6600;\"><strong><span class=\"fontstyle2\">https:\/\/falling-walls.com<\/span><\/strong><\/span><\/a><\/p>\n<p><span style=\"color: #ff6600;\"><strong><span class=\"fontstyle0\">s\u00fa\u010das\u0165 Eur\u00f3pskej Noci Vedy 2024<\/span><\/strong><\/span><\/p>\n<p><a href=\"https:\/\/websrv.saske.sk\/imr\/wp-content\/uploads\/2024\/05\/Flyer-and-Manual-FWLS-2024.pdf\" target=\"_blank\" rel=\"noopener\"><span style=\"color: #0000ff;\"><strong>Flyer and Manual FWLS 2024<\/strong><\/span><\/a><\/p>\n<p>&nbsp;<\/p>\n<h1><strong>\u00a0<\/strong><\/h1>\n<p>&nbsp;<\/p>\n<p>&nbsp;<\/p>\n<h1><\/h1>\n<p>&nbsp;<\/p>\n<p>&nbsp;<\/p>\n<h1><\/h1>\n<p>&nbsp;<\/p>\n<p>&nbsp;<\/p>\n<p>&nbsp;<\/p>\n","protected":false},"excerpt":{"rendered":"<p>FALLING WALLS LAB SLOVAKIA \u2013 FWLS https:\/\/falling-walls.com s\u00fa\u010das\u0165 Eur\u00f3pskej Noci Vedy 2024 Flyer and Manual FWLS 2024 &nbsp; \u00a0 &nbsp; &nbsp; &nbsp; &nbsp; &nbsp; &nbsp;&#8230;<\/p>\n","protected":false},"author":1,"featured_media":0,"parent":85,"menu_order":0,"comment_status":"closed","ping_status":"closed","template":"","meta":{"footnotes":""},"class_list":["post-87","page","type-page","status-publish","hentry"],"_links":{"self":[{"href":"https:\/\/websrv.saske.sk\/imr\/wp-json\/wp\/v2\/pages\/87","targetHints":{"allow":["GET"]}}],"collection":[{"href":"https:\/\/websrv.saske.sk\/imr\/wp-json\/wp\/v2\/pages"}],"about":[{"href":"https:\/\/websrv.saske.sk\/imr\/wp-json\/wp\/v2\/types\/page"}],"author":[{"embeddable":true,"href":"https:\/\/websrv.saske.sk\/imr\/wp-json\/wp\/v2\/users\/1"}],"replies":[{"embeddable":true,"href":"https:\/\/websrv.saske.sk\/imr\/wp-json\/wp\/v2\/comments?post=87"}],"version-history":[{"count":20,"href":"https:\/\/websrv.saske.sk\/imr\/wp-json\/wp\/v2\/pages\/87\/revisions"}],"predecessor-version":[{"id":2051,"href":"https:\/\/websrv.saske.sk\/imr\/wp-json\/wp\/v2\/pages\/87\/revisions\/2051"}],"up":[{"embeddable":true,"href":"https:\/\/websrv.saske.sk\/imr\/wp-json\/wp\/v2\/pages\/85"}],"wp:attachment":[{"href":"https:\/\/websrv.saske.sk\/imr\/wp-json\/wp\/v2\/media?parent=87"}],"curies":[{"name":"wp","href":"https:\/\/api.w.org\/{rel}","templated":true}]}}