{"id":85,"date":"2019-02-13T07:16:32","date_gmt":"2019-02-13T06:16:32","guid":{"rendered":"http:\/\/websrv.saske.sk\/imr\/?page_id=85"},"modified":"2019-03-04T18:35:13","modified_gmt":"2019-03-04T17:35:13","slug":"udalosti","status":"publish","type":"page","link":"https:\/\/websrv.saske.sk\/imr\/udalosti\/","title":{"rendered":"Udalosti"},"content":{"rendered":"<div class=\"news-list\">\n    <a href=\"https:\/\/websrv.saske.sk\/imr\/den-otvorenych-dveri\/\"><\/p>\n<div class=\"news-img\">\n      <img decoding=\"async\" src=\"https:\/\/websrv.saske.sk\/imr\/wp-content\/uploads\/2025\/11\/plagat.jpg\" alt=\"902\">      <\/div>\n<div class=\"news-time\">11. 11. 2025<\/div>\n<h2>De\u0148 otvoren\u00fdch dver\u00ed<\/h2>\n<div class=\"news-content\">\n<p>De\u0148 Otvoren\u00fdch Dver\u00ed 2025 na \u00daMV SAV, v. v. i. D\u0148a 12. novembra 2025 sa v\u00a0r\u00e1mci T\u00fd\u017ed\u0148a vedy a\u00a0techniky na Slovensku bude na na\u0161om \u00fastave&#8230;<\/p>\n<\/div>\n<p>    <\/a><\/p>\n<div class=\"news-more\">\n      <span class=\"news-more-link\"><a href=\"https:\/\/websrv.saske.sk\/imr\/den-otvorenych-dveri\/\">\u010d\u00edta\u0165 \u010falej<\/a><\/span>\n    <\/div>\n<\/p><\/div>\n<div class=\"news-list\">\n    <a href=\"https:\/\/websrv.saske.sk\/imr\/tyzden-vedy-a-techniky-na-slovensku\/\"><\/p>\n<div class=\"news-img\">\n                <img decoding=\"async\" src=\"https:\/\/websrv.saske.sk\/imr\/wp-content\/themes\/akademia\/img\/layout\/content\/no-image.jpg\" alt=\"Bez obr\u00e1zku\">\n              <\/div>\n<div class=\"news-time\">31. 10. 2025<\/div>\n<h2>T\u00fd\u017ede\u0148 vedy a techniky na Slovensku<\/h2>\n<div class=\"news-content\">\n<p>Z\u00e1bavn\u00e1 pr\u00edrodoveda &nbsp; D\u0148a 11.11. a 13.11.2025 v \u010dase od 9:00 hod. do 12:00 hod. organizujeme populariza\u010dn\u00fa aktivitu v r\u00e1mci u\u017e tradi\u010dn\u00e9ho z\u00e1bavno-vzdel\u00e1vacieho cyklu \u201eZ\u00e1bavn\u00e1&#8230;<\/p>\n<\/div>\n<p>    <\/a><\/p>\n<div class=\"news-more\">\n      <span class=\"news-more-link\"><a href=\"https:\/\/websrv.saske.sk\/imr\/tyzden-vedy-a-techniky-na-slovensku\/\">\u010d\u00edta\u0165 \u010falej<\/a><\/span>\n    <\/div>\n<\/p><\/div>\n<div class=\"news-list\">\n    <a href=\"https:\/\/websrv.saske.sk\/imr\/popularizacia-vedy-cez-mechanochemiu-a-materialovy-vyskum-chalkogenidy-pre-udrzatelnu-energiu\/\"><\/p>\n<div class=\"news-img\">\n      <img decoding=\"async\" src=\"https:\/\/websrv.saske.sk\/imr\/wp-content\/uploads\/2025\/10\/promo.jpg\" alt=\"1588\">      <\/div>\n<div class=\"news-time\">31. 10. 2025<\/div>\n<h2>Populariz\u00e1cia vedy cez mechanoch\u00e9miu a materi\u00e1lov\u00fd v\u00fdskum: Chalkogenidy pre udr\u017eate\u013en\u00fa energiu<\/h2>\n<div class=\"news-content\">\n<p>Cie\u013eom dan\u00e9ho projektu je: vyv\u00edja\u0165 nov\u00e9 prekurzory kovov a chalkog\u00e9nov, skon\u0161truova\u0165 zariadenie na sledovanie tlaku a teploty po\u010das mletia, sk\u00fama\u0165 reakcie ved\u00face k tvorbe bin\u00e1rnych&#8230;<\/p>\n<\/div>\n<p>    <\/a><\/p>\n<div class=\"news-more\">\n      <span class=\"news-more-link\"><a href=\"https:\/\/websrv.saske.sk\/imr\/popularizacia-vedy-cez-mechanochemiu-a-materialovy-vyskum-chalkogenidy-pre-udrzatelnu-energiu\/\">\u010d\u00edta\u0165 \u010falej<\/a><\/span>\n    <\/div>\n<\/p><\/div>\n<div class=\"news-list\">\n    <a href=\"https:\/\/websrv.saske.sk\/imr\/memorandum-o-vzajomnej-vedeckej-spolupraci\/\"><\/p>\n<div class=\"news-img\">\n      <img decoding=\"async\" src=\"https:\/\/websrv.saske.sk\/imr\/wp-content\/uploads\/2025\/05\/Bouzek-scaled.jpg\" alt=\"2560\">      <\/div>\n<div class=\"news-time\">21. 5. 2025<\/div>\n<h2>Memorandum o vz\u00e1jomnej vedeckej spolupr\u00e1ci<\/h2>\n<div class=\"news-content\">\n<p>D\u0148a 13. m\u00e1ja 2025 bolo medzi \u00dastavom materi\u00e1lov\u00e9ho v\u00fdskumu Slovenskej Akad\u00e9mie Vied a Vysokou \u0161kolou chemicko-technologickou v Prahe podp\u00edsan\u00e9 MEMORADNUM O VZ\u00c1JOMNEJ VEDECKEJ SPOLUPR\u00c1CI. Obe&#8230;<\/p>\n<\/div>\n<p>    <\/a><\/p>\n<div class=\"news-more\">\n      <span class=\"news-more-link\"><a href=\"https:\/\/websrv.saske.sk\/imr\/memorandum-o-vzajomnej-vedeckej-spolupraci\/\">\u010d\u00edta\u0165 \u010falej<\/a><\/span>\n    <\/div>\n<\/p><\/div>\n<div class=\"news-list\">\n    <a href=\"https:\/\/websrv.saske.sk\/imr\/seminar-ako-riadit-projekty-s-podporou-umelej-inteligencie\/\"><\/p>\n<div class=\"news-img\">\n      <img decoding=\"async\" src=\"https:\/\/websrv.saske.sk\/imr\/wp-content\/uploads\/2024\/09\/seminaria.jpg\" alt=\"200\">      <\/div>\n<div class=\"news-time\">13. 9. 2024<\/div>\n<h2>Semin\u00e1r Ako riadi\u0165 projekty s podporou umelej inteligencie<\/h2>\n<div class=\"news-content\">\n<p>Semin\u00e1r_ Ako riadi\u0165 projekty s podporou umelej inteligencie<\/p>\n<\/div>\n<p>    <\/a><\/p>\n<div class=\"news-more\">\n      <span class=\"news-more-link\"><a href=\"https:\/\/websrv.saske.sk\/imr\/seminar-ako-riadit-projekty-s-podporou-umelej-inteligencie\/\">\u010d\u00edta\u0165 \u010falej<\/a><\/span>\n    <\/div>\n<\/p><\/div>\n<div class=\"news-list\">\n    <a href=\"https:\/\/websrv.saske.sk\/imr\/skolkoveda\/\"><\/p>\n<div class=\"news-img\">\n      <img decoding=\"async\" src=\"https:\/\/websrv.saske.sk\/imr\/wp-content\/uploads\/2024\/05\/Skolkoveda.jpg\" alt=\"720\">      <\/div>\n<div class=\"news-time\">15. 5. 2024<\/div>\n<h2>Populariz\u00e1cia vedy pre verejnos\u0165<\/h2>\n<div class=\"news-content\"><\/div>\n<p>    <\/a><\/p>\n<div class=\"news-more\">\n      <span class=\"news-more-link\"><a href=\"https:\/\/websrv.saske.sk\/imr\/skolkoveda\/\">\u010d\u00edta\u0165 \u010falej<\/a><\/span>\n    <\/div>\n<\/p><\/div>\n<div class=\"news-list\">\n    <a href=\"https:\/\/websrv.saske.sk\/imr\/aktualita1\/\"><\/p>\n<div class=\"news-img\">\n      <img decoding=\"async\" src=\"https:\/\/websrv.saske.sk\/imr\/wp-content\/uploads\/2022\/09\/obrazok_2022-09-14_121144131-e1663150450369.png\" alt=\"200\">      <\/div>\n<div class=\"news-time\">12. 2. 2019<\/div>\n<h2>Ocenenia \u00fastavu<\/h2>\n<div class=\"news-content\">\n<p>Cena mesta Ko\u0161ice pre \u00dastav materi\u00e1lov\u00e9ho v\u00fdskumu SAV udelen\u00e1 v roku 2016 &nbsp; &nbsp; &nbsp; &nbsp; &nbsp; &nbsp; &nbsp; &nbsp; &nbsp; Strieborn\u00e1 medaila pre \u00dastav&#8230;<\/p>\n<\/div>\n<p>    <\/a><\/p>\n<div class=\"news-more\">\n      <span class=\"news-more-link\"><a href=\"https:\/\/websrv.saske.sk\/imr\/aktualita1\/\">\u010d\u00edta\u0165 \u010falej<\/a><\/span>\n    <\/div>\n<\/p><\/div>\n","protected":false},"excerpt":{"rendered":"<p>11. 11. 2025 De\u0148 otvoren\u00fdch dver\u00ed De\u0148 Otvoren\u00fdch Dver\u00ed 2025 na \u00daMV SAV, v. v. i. D\u0148a 12. novembra 2025 sa v\u00a0r\u00e1mci T\u00fd\u017ed\u0148a vedy a\u00a0techniky&#8230;<\/p>\n","protected":false},"author":1,"featured_media":0,"parent":0,"menu_order":800,"comment_status":"closed","ping_status":"closed","template":"","meta":{"footnotes":""},"class_list":["post-85","page","type-page","status-publish","hentry"],"_links":{"self":[{"href":"https:\/\/websrv.saske.sk\/imr\/wp-json\/wp\/v2\/pages\/85","targetHints":{"allow":["GET"]}}],"collection":[{"href":"https:\/\/websrv.saske.sk\/imr\/wp-json\/wp\/v2\/pages"}],"about":[{"href":"https:\/\/websrv.saske.sk\/imr\/wp-json\/wp\/v2\/types\/page"}],"author":[{"embeddable":true,"href":"https:\/\/websrv.saske.sk\/imr\/wp-json\/wp\/v2\/users\/1"}],"replies":[{"embeddable":true,"href":"https:\/\/websrv.saske.sk\/imr\/wp-json\/wp\/v2\/comments?post=85"}],"version-history":[{"count":2,"href":"https:\/\/websrv.saske.sk\/imr\/wp-json\/wp\/v2\/pages\/85\/revisions"}],"predecessor-version":[{"id":199,"href":"https:\/\/websrv.saske.sk\/imr\/wp-json\/wp\/v2\/pages\/85\/revisions\/199"}],"wp:attachment":[{"href":"https:\/\/websrv.saske.sk\/imr\/wp-json\/wp\/v2\/media?parent=85"}],"curies":[{"name":"wp","href":"https:\/\/api.w.org\/{rel}","templated":true}]}}