{"id":73,"date":"2019-02-13T07:14:09","date_gmt":"2019-02-13T06:14:09","guid":{"rendered":"http:\/\/websrv.saske.sk\/imr\/?page_id=73"},"modified":"2026-01-29T09:12:13","modified_gmt":"2026-01-29T08:12:13","slug":"vyrocne-spravy","status":"publish","type":"page","link":"https:\/\/websrv.saske.sk\/imr\/dokumenty\/vyrocne-spravy\/","title":{"rendered":"V\u00fdro\u010dn\u00e9 spr\u00e1vy"},"content":{"rendered":"<ul>\n<li><strong>V\u00fdro\u010dn\u00e1 spr\u00e1va \u00daMV SAV Ko\u0161ice, v.v.i. za rok <a href=\"https:\/\/websrv.saske.sk\/imr\/wp-content\/uploads\/2026\/01\/UMV_SAV_Annual_Report_2025.pdf\">2025<\/a><\/strong><\/li>\n<li><strong>V\u00fdro\u010dn\u00e1 spr\u00e1va \u00daMV SAV Ko\u0161ice, v.v.i. za rok <a href=\"https:\/\/websrv.saske.sk\/imr\/wp-content\/uploads\/2025\/07\/AB-UMV_SAV_Annual_Report_2024.pdf\">2024<\/a><\/strong><\/li>\n<li><strong>V\u00fdro\u010dn\u00e1 spr\u00e1va \u00daMV SAV Ko\u0161ice, v.v.i. za rok <a href=\"https:\/\/websrv.saske.sk\/imr\/wp-content\/uploads\/2024\/07\/UMV_SAV_Annual_Report_2023-A-B-sig-1.pdf\" target=\"_blank\" rel=\"noopener\">2023<\/a><\/strong><\/li>\n<li><strong>V\u00fdro\u010dn\u00e1 spr\u00e1va \u00daMV SAV Ko\u0161ice, v.v.i. za rok <a href=\"https:\/\/websrv.saske.sk\/imr\/wp-content\/uploads\/2023\/01\/1OV_UMVSAV_Annual_Report_2022.pdf\">2022<\/a><\/strong><\/li>\n<li><strong>V\u00fdro\u010dn\u00e1 spr\u00e1va \u00daMV SAV Ko\u0161ice za rok (1. \u010das\u0165) <a href=\"https:\/\/websrv.saske.sk\/imr\/wp-content\/uploads\/2022\/02\/VS2021_1.pdf\">2021<\/a><br \/>\n<\/strong><\/li>\n<li><strong>V\u00fdro\u010dn\u00e1 spr\u00e1va \u00daMV SAV Ko\u0161ice za rok (2. \u010das\u0165)<a href=\"https:\/\/websrv.saske.sk\/imr\/wp-content\/uploads\/2022\/02\/VS2021_2.pdf\"> 2021<\/a><br \/>\n<\/strong><\/li>\n<li><strong>V\u00fdro\u010dn\u00e1 spr\u00e1va \u00daMV SAV Ko\u0161ice za rok (1. \u010das\u0165) <a href=\"https:\/\/websrv.saske.sk\/imr\/wp-content\/uploads\/2021\/04\/Cast1Annual_report_2020.pdf\">2020<\/a><br \/>\n<\/strong><\/li>\n<li><strong>V\u00fdro\u010dn\u00e1 spr\u00e1va \u00daMV SAV Ko\u0161ice za rok (2. \u010das\u0165) <a href=\"https:\/\/websrv.saske.sk\/imr\/wp-content\/uploads\/2021\/04\/Cast2Annual_report_2020.pdf\">2020<\/a><br \/>\n<\/strong><\/li>\n<li><strong>V\u00fdro\u010dn\u00e1 spr\u00e1va \u00daMV SAV Ko\u0161ice za rok <a href=\"https:\/\/websrv.saske.sk\/imr\/wp-content\/uploads\/2023\/04\/UMV_SAV_Annual_Report_2019.pdf\">2019<\/a><br \/>\n<\/strong><\/li>\n<li><span style=\"color: #ff0000;\"><strong><span style=\"color: #000000;\">V\u00fdro\u010dn\u00e1 spr\u00e1va \u00daMV SAV Ko\u0161ice za rok\u00a0<\/span><a href=\"https:\/\/www.sav.sk\/php\/download.php?inst_no=53&amp;annual_year=2018\">2018<\/a><\/strong><\/span><\/li>\n<li><span style=\"color: #ff0000;\"><strong><span style=\"color: #000000;\">V\u00fdro\u010dn\u00e1 spr\u00e1va \u00daMV SAV Ko\u0161ice za rok\u00a0<\/span><a href=\"https:\/\/www.sav.sk\/php\/download.php?inst_no=53&amp;annual_year=2017\">2017<\/a><\/strong><\/span><\/li>\n<li><span style=\"color: #ff0000;\"><strong><span style=\"color: #000000;\">V\u00fdro\u010dn\u00e1 spr\u00e1va \u00daMV SAV Ko\u0161ice za rok\u00a0<\/span><a href=\"https:\/\/www.sav.sk\/php\/download.php?inst_no=53&amp;annual_year=2016\">2016<\/a><\/strong><\/span><\/li>\n<li><span style=\"color: #ff0000;\"><strong><span style=\"color: #000000;\">V\u00fdro\u010dn\u00e1 spr\u00e1va \u00daMV SAV Ko\u0161ice za rok\u00a0<\/span><a href=\"https:\/\/www.sav.sk\/php\/download.php?inst_no=53&amp;annual_year=2015\">2015<\/a><\/strong><\/span><\/li>\n<li><span style=\"color: #ff0000;\"><strong><span style=\"color: #000000;\">V\u00fdro\u010dn\u00e1 spr\u00e1va \u00daMV SAV Ko\u0161ice za rok\u00a0<\/span><a href=\"https:\/\/www.sav.sk\/php\/download.php?inst_no=53&amp;annual_year=2014\">2014<\/a><\/strong><\/span><\/li>\n<li><span style=\"color: #ff0000;\"><strong><span style=\"color: #000000;\">V\u00fdro\u010dn\u00e1 spr\u00e1va \u00daMV SAV Ko\u0161ice za rok\u00a0<\/span><a href=\"https:\/\/www.sav.sk\/php\/download.php?inst_no=53&amp;annual_year=2013\">2013<\/a><\/strong><\/span><\/li>\n<li><span style=\"color: #ff0000;\"><strong><span style=\"color: #000000;\">V\u00fdro\u010dn\u00e1 spr\u00e1va \u00daMV SAV Ko\u0161ice za rok\u00a0<\/span><a href=\"https:\/\/www.sav.sk\/php\/download.php?inst_no=53&amp;annual_year=2012\">2012<\/a><\/strong><\/span><\/li>\n<li><span style=\"color: #ff0000;\"><strong><span style=\"color: #000000;\">V\u00fdro\u010dn\u00e1 spr\u00e1va \u00daMV SAV Ko\u0161ice za rok\u00a0<\/span><a href=\"https:\/\/www.sav.sk\/php\/download.php?inst_no=53&amp;annual_year=2011\">2011<\/a><\/strong><\/span><\/li>\n<li><span style=\"color: #ff0000;\"><strong><span style=\"color: #000000;\">V\u00fdro\u010dn\u00e1 spr\u00e1va \u00daMV SAV Ko\u0161ice za rok\u00a0<\/span><a href=\"https:\/\/www.sav.sk\/php\/download.php?inst_no=53&amp;annual_year=2010\">2010<\/a><\/strong><\/span><\/li>\n<li><span style=\"color: #ff0000;\"><strong><span style=\"color: #000000;\">V\u00fdro\u010dn\u00e1 spr\u00e1va \u00daMV SAV Ko\u0161ice za rok\u00a0<\/span><a href=\"https:\/\/www.sav.sk\/php\/download.php?inst_no=53&amp;annual_year=2009\">2009<\/a><\/strong><\/span><\/li>\n<li><span style=\"color: #ff0000;\"><strong><span style=\"color: #000000;\">V\u00fdro\u010dn\u00e1 spr\u00e1va \u00daMV SAV Ko\u0161ice za rok\u00a0<\/span><a href=\"https:\/\/www.sav.sk\/php\/download.php?inst_no=53&amp;annual_year=2008\">2008<\/a><\/strong><\/span><\/li>\n<li><span style=\"color: #ff0000;\"><strong><span style=\"color: #000000;\">V\u00fdro\u010dn\u00e1 spr\u00e1va \u00daMV SAV Ko\u0161ice za rok\u00a0<\/span><a href=\"https:\/\/www.sav.sk\/php\/download.php?inst_no=53&amp;annual_year=2007\">2007<\/a><\/strong><\/span><\/li>\n<\/ul>\n","protected":false},"excerpt":{"rendered":"<p>V\u00fdro\u010dn\u00e1 spr\u00e1va \u00daMV SAV Ko\u0161ice, v.v.i. za rok 2025 V\u00fdro\u010dn\u00e1 spr\u00e1va \u00daMV SAV Ko\u0161ice, v.v.i. za rok 2024 V\u00fdro\u010dn\u00e1 spr\u00e1va \u00daMV SAV Ko\u0161ice, v.v.i. za&#8230;<\/p>\n","protected":false},"author":1,"featured_media":0,"parent":43,"menu_order":0,"comment_status":"closed","ping_status":"closed","template":"","meta":{"footnotes":""},"class_list":["post-73","page","type-page","status-publish","hentry"],"_links":{"self":[{"href":"https:\/\/websrv.saske.sk\/imr\/wp-json\/wp\/v2\/pages\/73","targetHints":{"allow":["GET"]}}],"collection":[{"href":"https:\/\/websrv.saske.sk\/imr\/wp-json\/wp\/v2\/pages"}],"about":[{"href":"https:\/\/websrv.saske.sk\/imr\/wp-json\/wp\/v2\/types\/page"}],"author":[{"embeddable":true,"href":"https:\/\/websrv.saske.sk\/imr\/wp-json\/wp\/v2\/users\/1"}],"replies":[{"embeddable":true,"href":"https:\/\/websrv.saske.sk\/imr\/wp-json\/wp\/v2\/comments?post=73"}],"version-history":[{"count":35,"href":"https:\/\/websrv.saske.sk\/imr\/wp-json\/wp\/v2\/pages\/73\/revisions"}],"predecessor-version":[{"id":2307,"href":"https:\/\/websrv.saske.sk\/imr\/wp-json\/wp\/v2\/pages\/73\/revisions\/2307"}],"up":[{"embeddable":true,"href":"https:\/\/websrv.saske.sk\/imr\/wp-json\/wp\/v2\/pages\/43"}],"wp:attachment":[{"href":"https:\/\/websrv.saske.sk\/imr\/wp-json\/wp\/v2\/media?parent=73"}],"curies":[{"name":"wp","href":"https:\/\/api.w.org\/{rel}","templated":true}]}}