{"id":66,"date":"2019-02-13T07:11:07","date_gmt":"2019-02-13T06:11:07","guid":{"rendered":"http:\/\/websrv.saske.sk\/imr\/?page_id=66"},"modified":"2025-06-12T11:39:48","modified_gmt":"2025-06-12T09:39:48","slug":"kontakty","status":"publish","type":"page","link":"https:\/\/websrv.saske.sk\/imr\/o-nas\/kontakty\/","title":{"rendered":"Kontakty"},"content":{"rendered":"<ul>\n<li><span style=\"color: #ff6600;\"><strong>Mana\u017ement \u00daMV SAV, v. v. i.<\/strong><\/span><\/li>\n<\/ul>\n<p><span style=\"color: #993300; font-size: large;\">Riadite\u013e:<\/span><\/p>\n<p><strong>Ing. \u013dubom\u00edr Medveck\u00fd, DrSc.<\/strong><br \/>\ntel +421-55-7922 401, +421-55-7922 460<br \/>\nmail lmedvecky(at)saske.sk<\/p>\n<p><span style=\"color: #000000; font-size: large;\"><span style=\"color: #993300;\">Z\u00e1stupca:<\/span><br \/>\n<\/span><\/p>\n<p><strong>RNDr. J\u00e1n Mihalik<\/strong><br \/>\ntel +421-55-7922 403<br \/>\nmail jmihalik(at)saske.sk<\/p>\n<p><span style=\"color: #000000; font-size: large;\"><span style=\"color: #993300;\">Vedeck\u00e1 tajomn\u00ed\u010dka:<\/span><\/span><\/p>\n<p><span style=\"color: #000000;\"><strong>Ing. Alexandra Koval\u010d\u00edkov\u00e1, PhD.<\/strong><\/span><\/p>\n<p>tel +421-55-7922 426<br \/>\nmail akovalcikova(at)saske.sk<\/p>\n<p><span style=\"color: #993300; font-size: large;\">Predsedn\u00ed\u010dka vedeckej rady:<\/span><\/p>\n<p><strong>Ing. Alexandra Koval\u010d\u00edkov\u00e1, PhD.<\/strong><br \/>\ntel +421-55-7922 814<br \/>\nmail akovalcikova(at)saske.sk<\/p>\n<p><span style=\"color: #993300; font-size: large;\">Podpredsedn\u00ed\u010dka vedeckej rady:<\/span><\/p>\n<p><strong>RNDr. Magdal\u00e9na Stre\u010dkov\u00e1, PhD.<\/strong><br \/>\ntel +421-55-7922 455<br \/>\nmail mstreckova(at)saske.sk<\/p>\n<ul>\n<li><span style=\"color: #ff6600;\"><strong>Sekretari\u00e1t &#8211; \u00dasek administrat\u00edvnej podpory<\/strong><\/span><\/li>\n<\/ul>\n<p><span style=\"color: #993300; font-size: large;\">Ved\u00faca:<\/span><strong><br \/>\nTer\u00e9zia R\u00e1cov\u00e1 <\/strong><br \/>\ntel +421-55-7922 402<br \/>\nmail imrsas(at)saske.sk<\/p>\n<p><span style=\"color: #993300;\">Z\u00e1stupky\u0148a:<\/span><strong><br \/>\nMgr. M\u00e1ria Hricov\u00e1 <\/strong><br \/>\ntel +421-55-7922 404<br \/>\nmail mhricova(at)saske.sk<\/p>\n<p><a href=\"https:\/\/goo.gl\/maps\/WLBeoquPn7K2\" target=\"_blank\" rel=\"noopener\"><img loading=\"lazy\" decoding=\"async\" class=\"aligncenter\" src=\"https:\/\/websrv.saske.sk\/imr\/wp-content\/uploads\/2019\/03\/mapa.png\" width=\"369\" height=\"151\" \/><\/a><\/p>\n<p>&nbsp;<\/p>\n","protected":false},"excerpt":{"rendered":"<p>Mana\u017ement \u00daMV SAV, v. v. i. Riadite\u013e: Ing. \u013dubom\u00edr Medveck\u00fd, DrSc. tel +421-55-7922 401, +421-55-7922 460 mail lmedvecky(at)saske.sk Z\u00e1stupca: RNDr. J\u00e1n Mihalik tel +421-55-7922 403&#8230;<\/p>\n","protected":false},"author":1,"featured_media":562,"parent":39,"menu_order":40,"comment_status":"closed","ping_status":"closed","template":"","meta":{"footnotes":""},"class_list":["post-66","page","type-page","status-publish","has-post-thumbnail","hentry"],"_links":{"self":[{"href":"https:\/\/websrv.saske.sk\/imr\/wp-json\/wp\/v2\/pages\/66","targetHints":{"allow":["GET"]}}],"collection":[{"href":"https:\/\/websrv.saske.sk\/imr\/wp-json\/wp\/v2\/pages"}],"about":[{"href":"https:\/\/websrv.saske.sk\/imr\/wp-json\/wp\/v2\/types\/page"}],"author":[{"embeddable":true,"href":"https:\/\/websrv.saske.sk\/imr\/wp-json\/wp\/v2\/users\/1"}],"replies":[{"embeddable":true,"href":"https:\/\/websrv.saske.sk\/imr\/wp-json\/wp\/v2\/comments?post=66"}],"version-history":[{"count":20,"href":"https:\/\/websrv.saske.sk\/imr\/wp-json\/wp\/v2\/pages\/66\/revisions"}],"predecessor-version":[{"id":2204,"href":"https:\/\/websrv.saske.sk\/imr\/wp-json\/wp\/v2\/pages\/66\/revisions\/2204"}],"up":[{"embeddable":true,"href":"https:\/\/websrv.saske.sk\/imr\/wp-json\/wp\/v2\/pages\/39"}],"wp:featuredmedia":[{"embeddable":true,"href":"https:\/\/websrv.saske.sk\/imr\/wp-json\/wp\/v2\/media\/562"}],"wp:attachment":[{"href":"https:\/\/websrv.saske.sk\/imr\/wp-json\/wp\/v2\/media?parent=66"}],"curies":[{"name":"wp","href":"https:\/\/api.w.org\/{rel}","templated":true}]}}