{"id":612,"date":"2019-03-13T14:49:16","date_gmt":"2019-03-13T13:49:16","guid":{"rendered":"http:\/\/websrv.saske.sk\/imr\/?page_id=612"},"modified":"2022-02-18T13:12:33","modified_gmt":"2022-02-18T12:12:33","slug":"medzinarodny-poradny-zbor","status":"publish","type":"page","link":"https:\/\/websrv.saske.sk\/imr\/o-nas\/struktura\/medzinarodny-poradny-zbor\/","title":{"rendered":"Medzin\u00e1rodn\u00fd poradn\u00fd zbor"},"content":{"rendered":"<p><strong>Dr. Csaba Bal\u00e1zsi<\/strong><br \/>\nInstitute for Tech. Physics and Mat. Science, Centre for Energy Research, Hungarian Academy of Sciences<br \/>\nKonkoly-Thege M. 29-33, 1121 Budapest, Hungary<br \/>\nE-mail: balazsi.csaba(at)energia.mta.hu<\/p>\n<p><strong>dr in\u017c. \u0141ukasz Ciupi\u0144ski<\/strong><br \/>\nWarsaw University of Technology, Research Centre Functional Materials<br \/>\n141 Wo\u0142oska str., 02-507 Warsaw, Poland<br \/>\nE-mail: ucb.mf(at)pw.edu.pl<\/p>\n<p><strong>Prof. Bikramjit Basu, PhD.<\/strong><br \/>\nMaterials Research Center, Indian Institute of Science<br \/>\nBangalore \u2013 560012, Karnataka, INDIA<br \/>\nE-mail: bikram(at)mrc.iisc.ernet.in<\/p>\n","protected":false},"excerpt":{"rendered":"<p>Dr. Csaba Bal\u00e1zsi Institute for Tech. Physics and Mat. Science, Centre for Energy Research, Hungarian Academy of Sciences Konkoly-Thege M. 29-33, 1121 Budapest, Hungary E-mail:&#8230;<\/p>\n","protected":false},"author":1,"featured_media":0,"parent":60,"menu_order":40,"comment_status":"closed","ping_status":"closed","template":"","meta":{"footnotes":""},"class_list":["post-612","page","type-page","status-publish","hentry"],"_links":{"self":[{"href":"https:\/\/websrv.saske.sk\/imr\/wp-json\/wp\/v2\/pages\/612","targetHints":{"allow":["GET"]}}],"collection":[{"href":"https:\/\/websrv.saske.sk\/imr\/wp-json\/wp\/v2\/pages"}],"about":[{"href":"https:\/\/websrv.saske.sk\/imr\/wp-json\/wp\/v2\/types\/page"}],"author":[{"embeddable":true,"href":"https:\/\/websrv.saske.sk\/imr\/wp-json\/wp\/v2\/users\/1"}],"replies":[{"embeddable":true,"href":"https:\/\/websrv.saske.sk\/imr\/wp-json\/wp\/v2\/comments?post=612"}],"version-history":[{"count":3,"href":"https:\/\/websrv.saske.sk\/imr\/wp-json\/wp\/v2\/pages\/612\/revisions"}],"predecessor-version":[{"id":1742,"href":"https:\/\/websrv.saske.sk\/imr\/wp-json\/wp\/v2\/pages\/612\/revisions\/1742"}],"up":[{"embeddable":true,"href":"https:\/\/websrv.saske.sk\/imr\/wp-json\/wp\/v2\/pages\/60"}],"wp:attachment":[{"href":"https:\/\/websrv.saske.sk\/imr\/wp-json\/wp\/v2\/media?parent=612"}],"curies":[{"name":"wp","href":"https:\/\/api.w.org\/{rel}","templated":true}]}}