{"id":610,"date":"2019-03-13T14:48:46","date_gmt":"2019-03-13T13:48:46","guid":{"rendered":"http:\/\/websrv.saske.sk\/imr\/?page_id=610"},"modified":"2019-03-18T13:23:46","modified_gmt":"2019-03-18T12:23:46","slug":"usek-administrativnej-podpory","status":"publish","type":"page","link":"https:\/\/websrv.saske.sk\/imr\/o-nas\/struktura\/usek-administrativnej-podpory\/","title":{"rendered":"\u00dasek administrat\u00edvnej podpory"},"content":{"rendered":"<table class='list'>\n<tr class='list_header'>\n<td>Meno \/ Poz\u00edcia<\/td>\n<td>E-mail<\/td>\n<td>Telef\u00f3n<\/td>\n<\/tr>\n<tr>\n<td width='50%'><a class='bold' href='\/imr\/pracovnici\/zakladne-info\/?user_no=10722'>Ba\u010dov\u00e1, Janette <\/a><br \/><span>ostatn\u00fd pracovn\u00edk<\/span><\/td>\n<td width='35%'><a href='mailto:'><\/a><\/td>\n<td width='15%'>+421\/55\/7922803<\/td>\n<\/tr>\n<tr>\n<td width='50%'><a class='bold' href='\/imr\/pracovnici\/zakladne-info\/?user_no=14174'>Barger, Gabriel <\/a><br \/><span><\/span><\/td>\n<td width='35%'><a href='mailto:gbarger@saske.sk'>gbarger@saske.sk<\/a><\/td>\n<td width='15%'>+421\/55\/7922414<\/td>\n<\/tr>\n<tr>\n<td width='50%'><a class='bold' href='\/imr\/pracovnici\/zakladne-info\/?user_no=5386'>Gonc, Marek <\/a><br \/><span>odborn\u00fd pracovn\u00edk \u00daSV<\/span><\/td>\n<td width='35%'><a href='mailto:mgonc@saske.sk'>mgonc@saske.sk<\/a><\/td>\n<td width='15%'>+421\/55\/7922 405<\/td>\n<\/tr>\n<tr>\n<td width='50%'><a class='bold' href='\/imr\/pracovnici\/zakladne-info\/?user_no=5450'>Hricov\u00e1, Maria Mgr.<\/a><br \/><span>administrat\u00edvny pracovn\u00edk<\/span><\/td>\n<td width='35%'><a href='mailto:mhricova@saske.sk'>mhricova@saske.sk<\/a><\/td>\n<td width='15%'>+421\/55\/ 7922 404<\/td>\n<\/tr>\n<tr>\n<td width='50%'><a class='bold' href='\/imr\/pracovnici\/zakladne-info\/?user_no=11171'>Icsov\u00e1, Jarmila <\/a><br \/><span>ostatn\u00fd pracovn\u00edk<\/span><\/td>\n<td width='35%'><a href='mailto:'><\/a><\/td>\n<td width='15%'>+421\/55\/7922115<\/td>\n<\/tr>\n<tr>\n<td width='50%'><a class='bold' href='\/imr\/pracovnici\/zakladne-info\/?user_no=7471'>Igriniov\u00e1, So\u0148a <\/a><br \/><span>ostatn\u00fd pracovn\u00edk<\/span><\/td>\n<td width='35%'><a href='mailto:'><\/a><\/td>\n<td width='15%'>+421\/55\/7922115<\/td>\n<\/tr>\n<tr>\n<td width='50%'><a class='bold' href='\/imr\/pracovnici\/zakladne-info\/?user_no=15059'>Juh\u00e1rov\u00e1, Michaela <\/a><br \/><span>ostatn\u00fd pracovn\u00edk<\/span><\/td>\n<td width='35%'><a href='mailto:mjuharova@saske.sk'>mjuharova@saske.sk<\/a><\/td>\n<td width='15%'><\/td>\n<\/tr>\n<tr>\n<td width='50%'><a class='bold' href='\/imr\/pracovnici\/zakladne-info\/?user_no=1428&#038;publication_author_id=0150766'>Ko\u010d\u00edk, Marek Ing.<\/a><br \/><span>odborn\u00fd pracovn\u00edk s V\u0160 vzdelan\u00edm, spr\u00e1vca lok\u00e1lnej po\u010d\u00edta\u010dovej siete \u00daMV SAV<\/span><\/td>\n<td width='35%'><a href='mailto:mkocik@saske.sk'>mkocik@saske.sk<\/a><\/td>\n<td width='15%'>+421\/55\/7922414<\/td>\n<\/tr>\n<tr>\n<td width='50%'><a class='bold' href='\/imr\/pracovnici\/zakladne-info\/?user_no=14067'>Kostov\u010dik, Franti\u0161ek Ing.<\/a><br \/><span>ostatn\u00fd pracovn\u00edk<\/span><\/td>\n<td width='35%'><a href='mailto:'><\/a><\/td>\n<td width='15%'>+421\/55\/7922115<\/td>\n<\/tr>\n<tr>\n<td width='50%'><a class='bold' href='\/imr\/pracovnici\/zakladne-info\/?user_no=14009'>Mihalikov\u00e1, Alena <\/a><br \/><span>ostatn\u00fd pracovn\u00edk<\/span><\/td>\n<td width='35%'><a href='mailto:amihalikova@saske.sk'>amihalikova@saske.sk<\/a><\/td>\n<td width='15%'>055\/7922803<\/td>\n<\/tr>\n<tr>\n<td width='50%'><a class='bold' href='\/imr\/pracovnici\/zakladne-info\/?user_no=1438'>Ondrejov\u00e1, Katar\u00edna Mgr.<\/a><br \/><span>odborn\u00fd pracovn\u00edk s V\u0160 vzdelan\u00edm<\/span><\/td>\n<td width='35%'><a href='mailto:zis@saske.sk'>zis@saske.sk<\/a><\/td>\n<td width='15%'>+421\/55\/7922409<\/td>\n<\/tr>\n<tr>\n<td width='50%'><a class='bold' href='\/imr\/pracovnici\/zakladne-info\/?user_no=14643'>Rabada, Kamila Ing.<\/a><br \/><span>odborn\u00fd pracovn\u00edk V\u0160<\/span><\/td>\n<td width='35%'><a href='mailto:krabada@saske.sk'>krabada@saske.sk<\/a><\/td>\n<td width='15%'>055\/7922404<\/td>\n<\/tr>\n<tr>\n<td width='50%'><a class='bold' href='\/imr\/pracovnici\/zakladne-info\/?user_no=5376'>R\u00e1cov\u00e1, Ter\u00e9zia <\/a><br \/><span>administrat\u00edvny pracovn\u00edk<\/span><\/td>\n<td width='35%'><a href='mailto:imrsas@saske.sk'>imrsas@saske.sk<\/a><\/td>\n<td width='15%'>+421\/55\/7922402<\/td>\n<\/tr>\n<tr>\n<td width='50%'><a class='bold' href='\/imr\/pracovnici\/zakladne-info\/?user_no=10727'>Sabol, Peter <\/a><br \/><span>ostatn\u00fd pracovn\u00edk<\/span><\/td>\n<td width='35%'><a href='mailto:'><\/a><\/td>\n<td width='15%'>+421\/55\/7922115<\/td>\n<\/tr>\n<tr>\n<td width='50%'><a class='bold' href='\/imr\/pracovnici\/zakladne-info\/?user_no=5381'>Sedl\u00e1k, Tom\u00e1\u0161 <\/a><br \/><span>odborn\u00fd pracovn\u00edk \u00daSV<\/span><\/td>\n<td width='35%'><a href='mailto:tsedlak@saske.sk'>tsedlak@saske.sk<\/a><\/td>\n<td width='15%'>+421\/55\/7922405<\/td>\n<\/tr>\n<tr>\n<td width='50%'><a class='bold' href='\/imr\/pracovnici\/zakladne-info\/?user_no=11569'>Su\u0161inov\u00e1, Anna <\/a><br \/><span>ostatn\u00fd pracovn\u00edk<\/span><\/td>\n<td width='35%'><a href='mailto:'><\/a><\/td>\n<td width='15%'>+421\/55\/7922115<\/td>\n<\/tr>\n<\/table>\n","protected":false},"excerpt":{"rendered":"<p>Meno \/ Poz\u00edcia E-mail Telef\u00f3n Ba\u010dov\u00e1, Janette ostatn\u00fd pracovn\u00edk +421\/55\/7922803 Barger, Gabriel gbarger@saske.sk +421\/55\/7922414 Gonc, Marek odborn\u00fd pracovn\u00edk \u00daSV mgonc@saske.sk +421\/55\/7922 405 Hricov\u00e1, Maria Mgr.administrat\u00edvny&#8230;<\/p>\n","protected":false},"author":1,"featured_media":0,"parent":60,"menu_order":30,"comment_status":"closed","ping_status":"closed","template":"","meta":{"footnotes":""},"class_list":["post-610","page","type-page","status-publish","hentry"],"_links":{"self":[{"href":"https:\/\/websrv.saske.sk\/imr\/wp-json\/wp\/v2\/pages\/610","targetHints":{"allow":["GET"]}}],"collection":[{"href":"https:\/\/websrv.saske.sk\/imr\/wp-json\/wp\/v2\/pages"}],"about":[{"href":"https:\/\/websrv.saske.sk\/imr\/wp-json\/wp\/v2\/types\/page"}],"author":[{"embeddable":true,"href":"https:\/\/websrv.saske.sk\/imr\/wp-json\/wp\/v2\/users\/1"}],"replies":[{"embeddable":true,"href":"https:\/\/websrv.saske.sk\/imr\/wp-json\/wp\/v2\/comments?post=610"}],"version-history":[{"count":3,"href":"https:\/\/websrv.saske.sk\/imr\/wp-json\/wp\/v2\/pages\/610\/revisions"}],"predecessor-version":[{"id":847,"href":"https:\/\/websrv.saske.sk\/imr\/wp-json\/wp\/v2\/pages\/610\/revisions\/847"}],"up":[{"embeddable":true,"href":"https:\/\/websrv.saske.sk\/imr\/wp-json\/wp\/v2\/pages\/60"}],"wp:attachment":[{"href":"https:\/\/websrv.saske.sk\/imr\/wp-json\/wp\/v2\/media?parent=610"}],"curies":[{"name":"wp","href":"https:\/\/api.w.org\/{rel}","templated":true}]}}