{"id":608,"date":"2019-03-13T14:48:09","date_gmt":"2019-03-13T13:48:09","guid":{"rendered":"http:\/\/websrv.saske.sk\/imr\/?page_id=608"},"modified":"2019-03-18T13:23:35","modified_gmt":"2019-03-18T12:23:35","slug":"usek-technickej-podpory","status":"publish","type":"page","link":"https:\/\/websrv.saske.sk\/imr\/o-nas\/struktura\/usek-technickej-podpory\/","title":{"rendered":"\u00dasek technickej podpory"},"content":{"rendered":"<table class='list'>\n<tr class='list_header'>\n<td>Meno \/ Poz\u00edcia<\/td>\n<td>E-mail<\/td>\n<td>Telef\u00f3n<\/td>\n<\/tr>\n<tr>\n<td width='50%'><a class='bold' href='\/imr\/pracovnici\/zakladne-info\/?user_no=6926'>\u010cerve\u0148\u00e1kov\u00e1, Helena <\/a><br \/><span>odborn\u00fd pracovn\u00edk \u00daSV<\/span><\/td>\n<td width='35%'><a href='mailto:hcervenakova@saske.sk'>hcervenakova@saske.sk<\/a><\/td>\n<td width='15%'>+421\/55\/7922454<\/td>\n<\/tr>\n<tr>\n<td width='50%'><a class='bold' href='\/imr\/pracovnici\/zakladne-info\/?user_no=5377&#038;publication_author_id=0144999'>D\u017eupon, Miroslav RNDr., PhD.<\/a><br \/><span>odborn\u00fd pracovn\u00edk s V\u0160 vzdelan\u00edm<\/span><\/td>\n<td width='35%'><a href='mailto:mdzupon@saske.sk'>mdzupon@saske.sk<\/a><\/td>\n<td width='15%'>+421\/55\/ 7922 427, 055\/ 7922491<\/td>\n<\/tr>\n<tr>\n<td width='50%'><a class='bold' href='\/imr\/pracovnici\/zakladne-info\/?user_no=5386'>Gonc, Marek <\/a><br \/><span>odborn\u00fd pracovn\u00edk \u00daSV<\/span><\/td>\n<td width='35%'><a href='mailto:mgonc@saske.sk'>mgonc@saske.sk<\/a><\/td>\n<td width='15%'>+421\/55\/7922 405<\/td>\n<\/tr>\n<tr>\n<td width='50%'><a class='bold' href='\/imr\/pracovnici\/zakladne-info\/?user_no=13007'>Hrehorov\u00e1, Al\u017ebeta <\/a><br \/><span>odborn\u00fd pracovn\u00edk \u00daSV<\/span><\/td>\n<td width='35%'><a href='mailto:ahrehorova@saske.sk'>ahrehorova@saske.sk<\/a><\/td>\n<td width='15%'>055\/7922438<\/td>\n<\/tr>\n<tr>\n<td width='50%'><a class='bold' href='\/imr\/pracovnici\/zakladne-info\/?user_no=1427&#038;publication_author_id=0145005'>Katana, Vladim\u00edr Ing.<\/a><br \/><span>odborn\u00fd pracovn\u00edk s V\u0160 vzdelan\u00edm<\/span><\/td>\n<td width='35%'><a href='mailto:vkatana@saske.sk'>vkatana@saske.sk<\/a><\/td>\n<td width='15%'>+421\/55\/7922418, +421\/55\/7922499<\/td>\n<\/tr>\n<tr>\n<td width='50%'><a class='bold' href='\/imr\/pracovnici\/zakladne-info\/?user_no=5449'>Kova\u013e, Karol Ing., PhD.<\/a><br \/><span>odborn\u00fd pracovn\u00edk s V\u0160 <\/span><\/td>\n<td width='35%'><a href='mailto:kkoval@saske.sk'>kkoval@saske.sk<\/a><\/td>\n<td width='15%'>+421\/55\/7922424<\/td>\n<\/tr>\n<tr>\n<td width='50%'><a class='bold' href='\/imr\/pracovnici\/zakladne-info\/?user_no=7883'>Nov\u00e1k, Jozef <\/a><br \/><span>ostatn\u00fd pracovn\u00edk<\/span><\/td>\n<td width='35%'><a href='mailto:'><\/a><\/td>\n<td width='15%'>+421\/55\/7922410, +421\/55\/7922499<\/td>\n<\/tr>\n<tr>\n<td width='50%'><a class='bold' href='\/imr\/pracovnici\/zakladne-info\/?user_no=12643'>\u0160tof\u010d\u00edk, Martin <\/a><br \/><span>odborn\u00fd pracovn\u00edk \u00daSV<\/span><\/td>\n<td width='35%'><a href='mailto:mstofcik@saske.sk'>mstofcik@saske.sk<\/a><\/td>\n<td width='15%'>055\/7922499<\/td>\n<\/tr>\n<\/table>\n","protected":false},"excerpt":{"rendered":"<p>Meno \/ Poz\u00edcia E-mail Telef\u00f3n \u010cerve\u0148\u00e1kov\u00e1, Helena odborn\u00fd pracovn\u00edk \u00daSV hcervenakova@saske.sk +421\/55\/7922454 D\u017eupon, Miroslav RNDr., PhD.odborn\u00fd pracovn\u00edk s V\u0160 vzdelan\u00edm mdzupon@saske.sk +421\/55\/ 7922 427, 055\/&#8230;<\/p>\n","protected":false},"author":1,"featured_media":0,"parent":60,"menu_order":20,"comment_status":"closed","ping_status":"closed","template":"","meta":{"footnotes":""},"class_list":["post-608","page","type-page","status-publish","hentry"],"_links":{"self":[{"href":"https:\/\/websrv.saske.sk\/imr\/wp-json\/wp\/v2\/pages\/608","targetHints":{"allow":["GET"]}}],"collection":[{"href":"https:\/\/websrv.saske.sk\/imr\/wp-json\/wp\/v2\/pages"}],"about":[{"href":"https:\/\/websrv.saske.sk\/imr\/wp-json\/wp\/v2\/types\/page"}],"author":[{"embeddable":true,"href":"https:\/\/websrv.saske.sk\/imr\/wp-json\/wp\/v2\/users\/1"}],"replies":[{"embeddable":true,"href":"https:\/\/websrv.saske.sk\/imr\/wp-json\/wp\/v2\/comments?post=608"}],"version-history":[{"count":3,"href":"https:\/\/websrv.saske.sk\/imr\/wp-json\/wp\/v2\/pages\/608\/revisions"}],"predecessor-version":[{"id":846,"href":"https:\/\/websrv.saske.sk\/imr\/wp-json\/wp\/v2\/pages\/608\/revisions\/846"}],"up":[{"embeddable":true,"href":"https:\/\/websrv.saske.sk\/imr\/wp-json\/wp\/v2\/pages\/60"}],"wp:attachment":[{"href":"https:\/\/websrv.saske.sk\/imr\/wp-json\/wp\/v2\/media?parent=608"}],"curies":[{"name":"wp","href":"https:\/\/api.w.org\/{rel}","templated":true}]}}