{"id":606,"date":"2019-03-13T14:47:38","date_gmt":"2019-03-13T13:47:38","guid":{"rendered":"http:\/\/websrv.saske.sk\/imr\/?page_id=606"},"modified":"2025-08-08T07:58:35","modified_gmt":"2025-08-08T05:58:35","slug":"spravna-rada","status":"publish","type":"page","link":"https:\/\/websrv.saske.sk\/imr\/o-nas\/struktura\/spravna-rada\/","title":{"rendered":"Spr\u00e1vna rada \u00daMV SAV, v.v.i."},"content":{"rendered":"<h2>Ing. \u013dubom\u00edr Medveck\u00fd, DrSc. \u2013 predseda<\/h2>\n<div>E-mail: lmedvecky(at)saske.sk<\/div>\n<div>Tel.: +421\/55\/7922 402<\/div>\n<div><\/div>\n<h2>prof. RNDr. J\u00e1n Dusza, DrSc. \u2013 podpredseda<\/h2>\n<div>E-mail:\u00a0jdusza(at)saske.sk<\/div>\n<div>Tel.: +421\/55\/7922 489<\/div>\n<div><\/div>\n<div><\/div>\n<h2>JUDr. Gl\u00f3ria Gajdo\u0161ov\u00e1<\/h2>\n<p style=\"font-weight: 400;\">E-mail: gajdos(at)saske.sk<br \/>\nTel: +421\/55\/7922 101<br \/>\nFax: +421\/55\/7922 117<\/p>\n<div><\/div>\n<div>\n<h2>Ing. Radovan\u00a0Bure\u0161, CSc.<\/h2>\n<div>E-mail: rbures(at)saske.sk<\/div>\n<div>Tel.: +421\/55\/7922 431<\/div>\n<div><\/div>\n<\/div>\n<div><\/div>\n<div>\n<h2>Ing. Ladislav\u00a0Falat, PhD.<\/h2>\n<div>E-mail:\u00a0lfalat(at)saske.sk<\/div>\n<div>Tel.: +421\/55\/7922 447<\/div>\n<div><\/div>\n<\/div>\n","protected":false},"excerpt":{"rendered":"<p>Ing. \u013dubom\u00edr Medveck\u00fd, DrSc. \u2013 predseda E-mail: lmedvecky(at)saske.sk Tel.: +421\/55\/7922 402 prof. RNDr. J\u00e1n Dusza, DrSc. \u2013 podpredseda E-mail:\u00a0jdusza(at)saske.sk Tel.: +421\/55\/7922 489 JUDr. Gl\u00f3ria Gajdo\u0161ov\u00e1&#8230;<\/p>\n","protected":false},"author":1,"featured_media":0,"parent":60,"menu_order":10,"comment_status":"closed","ping_status":"closed","template":"","meta":{"footnotes":""},"class_list":["post-606","page","type-page","status-publish","hentry"],"_links":{"self":[{"href":"https:\/\/websrv.saske.sk\/imr\/wp-json\/wp\/v2\/pages\/606","targetHints":{"allow":["GET"]}}],"collection":[{"href":"https:\/\/websrv.saske.sk\/imr\/wp-json\/wp\/v2\/pages"}],"about":[{"href":"https:\/\/websrv.saske.sk\/imr\/wp-json\/wp\/v2\/types\/page"}],"author":[{"embeddable":true,"href":"https:\/\/websrv.saske.sk\/imr\/wp-json\/wp\/v2\/users\/1"}],"replies":[{"embeddable":true,"href":"https:\/\/websrv.saske.sk\/imr\/wp-json\/wp\/v2\/comments?post=606"}],"version-history":[{"count":7,"href":"https:\/\/websrv.saske.sk\/imr\/wp-json\/wp\/v2\/pages\/606\/revisions"}],"predecessor-version":[{"id":2212,"href":"https:\/\/websrv.saske.sk\/imr\/wp-json\/wp\/v2\/pages\/606\/revisions\/2212"}],"up":[{"embeddable":true,"href":"https:\/\/websrv.saske.sk\/imr\/wp-json\/wp\/v2\/pages\/60"}],"wp:attachment":[{"href":"https:\/\/websrv.saske.sk\/imr\/wp-json\/wp\/v2\/media?parent=606"}],"curies":[{"name":"wp","href":"https:\/\/api.w.org\/{rel}","templated":true}]}}