{"id":535,"date":"2019-03-05T11:16:33","date_gmt":"2019-03-05T10:16:33","guid":{"rendered":"http:\/\/websrv.saske.sk\/imr\/?page_id=535"},"modified":"2024-10-04T08:11:39","modified_gmt":"2024-10-04T06:11:39","slug":"v-mediach","status":"publish","type":"page","link":"https:\/\/websrv.saske.sk\/imr\/o-nas\/v-mediach\/","title":{"rendered":"V m\u00e9di\u00e1ch"},"content":{"rendered":"<ul>\n<li><a href=\"https:\/\/www.sav.sk\/index.php?lang=sk&amp;doc=services-news&amp;source_no=20\" target=\"_blank\" rel=\"noopener\"><span style=\"color: #ff6600;\"><strong>Aktuality<\/strong><\/span><\/a><\/li>\n<li><a href=\"https:\/\/www.sme.sk\/search?q=\u00dastav+materi\u00e1lov\u00e9ho+v\u00fdskumu+SAV&amp;period=all&amp;order=date\" target=\"_blank\" rel=\"noopener\"><span style=\"color: #0000ff;\"><strong><span style=\"color: #ff6600;\">SME<\/span><\/strong><\/span><\/a><\/li>\n<li><a href=\"https:\/\/www.facebook.com\/IMRSASKE\/\" target=\"_blank\" rel=\"noopener\"><img loading=\"lazy\" decoding=\"async\" class=\"alignnone wp-image-2025\" src=\"https:\/\/websrv.saske.sk\/imr\/wp-content\/uploads\/2024\/05\/640px-Facebook_f_logo-150x150.jpg\" alt=\"\" width=\"30\" height=\"30\" srcset=\"https:\/\/websrv.saske.sk\/imr\/wp-content\/uploads\/2024\/05\/640px-Facebook_f_logo-150x150.jpg 150w, https:\/\/websrv.saske.sk\/imr\/wp-content\/uploads\/2024\/05\/640px-Facebook_f_logo-300x300.jpg 300w, https:\/\/websrv.saske.sk\/imr\/wp-content\/uploads\/2024\/05\/640px-Facebook_f_logo.jpg 500w\" sizes=\"auto, (max-width: 30px) 100vw, 30px\" \/><\/a><\/li>\n<\/ul>\n<p style=\"text-align: center;\"><span style=\"color: #ff6600;\"><strong><u>Podujatia pre Z\u00e1kladn\u00e9 \u0161koly aj \u0161irok\u00fa verejnos\u0165<\/u><\/strong><\/span><\/p>\n<div id=\"wpwrap\" aria-hidden=\"true\"><\/div>\n<div class=\"media-frame-title\">\n<div id=\"wpwrap\" aria-hidden=\"true\"><\/div>\n<div class=\"imgedit-tools\">\n<div id=\"imgedit-crop-2081\" class=\"imgedit-crop-wrap\">\n<div class=\"imgedit-crop-grid\"><\/div>\n<p><img decoding=\"async\" id=\"image-preview-2081\" src=\"https:\/\/websrv.saske.sk\/imr\/wp-admin\/admin-ajax.php?action=imgedit-preview&amp;_ajax_nonce=38d72c3850&amp;postid=2081&amp;rand=7881\" alt=\"\" \/><\/div>\n<\/div>\n<div class=\"imgedit-settings\">\n<div class=\"imgedit-tool-active\">\n<div class=\"imgedit-group\">\n<div id=\"imgedit-scale\" class=\"imgedit-group-controls\" tabindex=\"-1\"><\/div>\n<\/div>\n<div class=\"imgedit-group imgedit-panel-active\">\n<div id=\"imgedit-crop\" class=\"imgedit-group-controls\" tabindex=\"-1\">\n<div class=\"imgedit-group-top\"><\/div>\n<\/div>\n<\/div>\n<\/div>\n<\/div>\n<div>\n<div class=\"media-modal wp-core-ui\" tabindex=\"0\" role=\"dialog\" aria-labelledby=\"media-frame-title\">\n<div class=\"media-modal-content\" role=\"document\">\n<div class=\"edit-attachment-frame mode-select hide-router\">\n<div class=\"media-frame-content\">\n<div class=\"image-editor\">\n<div id=\"image-editor-2081\">\n<div class=\"imgedit-wrap wp-clearfix\">\n<div id=\"imgedit-panel-2081\">\n<div class=\"imgedit-panel-content wp-clearfix\">\n<div class=\"imgedit-settings\">\n<div class=\"imgedit-tool-active\">\n<div class=\"imgedit-group imgedit-panel-active\">\n<div id=\"imgedit-crop\" class=\"imgedit-group-controls\" tabindex=\"-1\"><\/div>\n<\/div>\n<\/div>\n<\/div>\n<\/div>\n<\/div>\n<\/div>\n<\/div>\n<\/div>\n<\/div>\n<\/div>\n<\/div>\n<\/div>\n<div class=\"media-modal-backdrop\"><\/div>\n<\/div>\n<\/div>\n<div class=\"media-frame-content\">\n<div class=\"attachment-details save-ready\">\n<div class=\"attachment-media-view landscape\">\n<div class=\"thumbnail thumbnail-application\">\n<p><img decoding=\"async\" class=\"details-image\" draggable=\"false\" src=\"https:\/\/websrv.saske.sk\/imr\/wp-content\/uploads\/2024\/09\/web-25-9-2024-pdf.jpg\" alt=\"\" \/><\/p>\n<div class=\"attachment-actions\"><\/div>\n<\/div>\n<\/div>\n<\/div>\n<\/div>\n<div>\n<div class=\"media-modal-backdrop\"><\/div>\n<\/div>\n<p>Na \u00dastave materi\u00e1lov\u00e9ho v\u00fdskumu SAV, v. v. i. tvor\u00ed populariz\u00e1cia u\u017e nieko\u013eko rokov d\u00f4le\u017eit\u00fa \u010das\u0165 na\u0161ich aktiv\u00edt. Mlad\u0161\u00ed \u017eiaci r\u00f4znych z\u00e1kladn\u00fdch \u0161k\u00f4l si u\u00a0n\u00e1s pravidelne sk\u00fa\u0161aj\u00fa pr\u00e1cu vedca a vedkyne v\u00a0\u0161peci\u00e1lnom laborat\u00f3riu \u201eVedeckej kreat\u00edvnej herni\u201c ur\u010denom pre deti, ktor\u00fa pon\u00faka \u00daMV SAV, v. v. i. ako z\u00e1bavno-vzdel\u00e1vacie seri\u00e1ly \u201e<span style=\"color: #0000ff;\"><strong>Z\u00e1bavn\u00e1 pr\u00edrodoveda<\/strong><\/span>\u201c a\u00a0\u201e<strong><span style=\"color: #0000ff;\">Zabav<\/span> <span style=\"color: #ff6600;\">SA V<\/span><span style=\"color: #0000ff;\">edou<\/span>\u201c<\/strong>. Cie\u013eovou skupinou aktivity \u201e<strong>Z\u00e1bavn\u00e1 pr\u00edrodoveda<\/strong>\u201c s\u00fa \u017eiaci 3. a\u00a04. ro\u010dn\u00edka, ktor\u00ed absolvuj\u00fa predmet Pr\u00edrodoveda.\u00a0 Populariza\u010dn\u00e1 aktivita \u201eZabav SA Vedou\u201c je ur\u010den\u00e1 pre \u017eiakov 5. a\u017e\u00a06. ro\u010dn\u00edka z\u00e1kladn\u00fdch \u0161k\u00f4l,\u00a0 ktor\u00ed pr\u00e1ve absolvuj\u00fa predmety Technika a Fyzika.<\/p>\n<p>Absolvovanie t\u00fdchto aktiv\u00edt u\u00a0n\u00e1s, dan\u00e9 vyu\u010dovacie predmety roz\u0161\u00edri a\u00a0obohat\u00ed o\u00a0priamy kontakt \u017eiakov s\u00a0praktick\u00fdmi experimentmi priamo v\u00a0laborat\u00f3riu \u201eVedeckej kreat\u00edvnej herni\u201c, kde sa deti v\u00a0skupin\u00e1ch striedaj\u00fa na jednotliv\u00fdch presne \u0161pecifikovan\u00fdch stanovi\u0161tiach, zaoberaj\u00facich sa jednou \u00fastrednou t\u00e9mou. Dan\u00e9 t\u00e9my s\u00fa prisp\u00f4soben\u00e9 veku a\u00a0znalostiam \u017eiakov 1. alebo 2. stup\u0148a Z\u0160. V\u00a0r\u00e1mci dan\u00e9ho projektu je umo\u017enen\u00e9 z\u00e1kladn\u00fdm \u0161kol\u00e1m ko\u0161ick\u00e9ho kraja prich\u00e1dza\u0165 do vedeckej kreat\u00edvnej u\u010debne a\u00a0pod veden\u00edm kvalifikovan\u00fdch vedeck\u00fdch pracovn\u00edkov z\u00a0\u00daMV SAV, v. v. i.\u00a0 za\u017ei\u0165 de\u0148 v\u00a0\u00falohe vedca a vedkyne.<\/p>\n<p>Zap\u00e1jame sa aj do \u010fal\u0161\u00edch populariza\u010dn\u00fdch aktiv\u00edt ako je <strong>T\u00fd\u017ede\u0148 vedy a\u00a0techniky na Slovensku, Noc v\u00fdskumn\u00edkov alebo De\u0148 otvoren\u00fdch dver\u00ed, <\/strong>preto\u017ee chceme\u00a0 pre deti r\u00f4znych Z\u0160, ale tie\u017e pre \u0161irok\u00fa verejnos\u0165,\u00a0 hravou formou predstavova\u0165 vedu ako atrakt\u00edvnu s\u00fa\u010das\u0165 be\u017en\u00e9ho \u017eivota. V\u0161etky tieto aktivity s\u00fa krokom k\u00a0pozdvihnutiu z\u00e1ujmu det\u00ed, \u0161tudentov i\u00a0verejnosti o\u00a0pr\u00edrodovedn\u00e9 a\u00a0technick\u00e9 smery.<\/p>\n<p>&nbsp;<\/p>\n<p>Preto, v\u00a0pr\u00edpade z\u00e1ujmu o\u00a0dan\u00e9 populariza\u010dn\u00e9 aktivity n\u00e1s kontaktujte:<\/p>\n<p>&nbsp;<\/p>\n<p><span style=\"color: #0000ff;\"><strong>Email: akovalcikova@saske.sk<\/strong><\/span><\/p>\n<p>Ing. Alexandra Koval\u010d\u00edkov\u00e1, PhD. ,vedeck\u00e1 tajomn\u00ed\u010dka \u00daMV SAV, v. v. i.<\/p>\n<p><img loading=\"lazy\" decoding=\"async\" class=\"aligncenter wp-image-2028 size-full\" src=\"https:\/\/websrv.saske.sk\/imr\/wp-content\/uploads\/2024\/05\/Zabavna-prvouka.jpg\" alt=\"\" width=\"969\" height=\"1381\" srcset=\"https:\/\/websrv.saske.sk\/imr\/wp-content\/uploads\/2024\/05\/Zabavna-prvouka.jpg 969w, https:\/\/websrv.saske.sk\/imr\/wp-content\/uploads\/2024\/05\/Zabavna-prvouka-210x300.jpg 210w, https:\/\/websrv.saske.sk\/imr\/wp-content\/uploads\/2024\/05\/Zabavna-prvouka-719x1024.jpg 719w, https:\/\/websrv.saske.sk\/imr\/wp-content\/uploads\/2024\/05\/Zabavna-prvouka-768x1095.jpg 768w\" sizes=\"auto, (max-width: 969px) 100vw, 969px\" \/><\/p>\n","protected":false},"excerpt":{"rendered":"<p>Aktuality SME Podujatia pre Z\u00e1kladn\u00e9 \u0161koly aj \u0161irok\u00fa verejnos\u0165 Na \u00dastave materi\u00e1lov\u00e9ho v\u00fdskumu SAV, v. v. i. tvor\u00ed populariz\u00e1cia u\u017e nieko\u013eko rokov d\u00f4le\u017eit\u00fa \u010das\u0165 na\u0161ich&#8230;<\/p>\n","protected":false},"author":2,"featured_media":0,"parent":39,"menu_order":5,"comment_status":"closed","ping_status":"closed","template":"","meta":{"footnotes":""},"class_list":["post-535","page","type-page","status-publish","hentry"],"_links":{"self":[{"href":"https:\/\/websrv.saske.sk\/imr\/wp-json\/wp\/v2\/pages\/535","targetHints":{"allow":["GET"]}}],"collection":[{"href":"https:\/\/websrv.saske.sk\/imr\/wp-json\/wp\/v2\/pages"}],"about":[{"href":"https:\/\/websrv.saske.sk\/imr\/wp-json\/wp\/v2\/types\/page"}],"author":[{"embeddable":true,"href":"https:\/\/websrv.saske.sk\/imr\/wp-json\/wp\/v2\/users\/2"}],"replies":[{"embeddable":true,"href":"https:\/\/websrv.saske.sk\/imr\/wp-json\/wp\/v2\/comments?post=535"}],"version-history":[{"count":28,"href":"https:\/\/websrv.saske.sk\/imr\/wp-json\/wp\/v2\/pages\/535\/revisions"}],"predecessor-version":[{"id":2082,"href":"https:\/\/websrv.saske.sk\/imr\/wp-json\/wp\/v2\/pages\/535\/revisions\/2082"}],"up":[{"embeddable":true,"href":"https:\/\/websrv.saske.sk\/imr\/wp-json\/wp\/v2\/pages\/39"}],"wp:attachment":[{"href":"https:\/\/websrv.saske.sk\/imr\/wp-json\/wp\/v2\/media?parent=535"}],"curies":[{"name":"wp","href":"https:\/\/api.w.org\/{rel}","templated":true}]}}