{"id":50,"date":"2019-02-13T07:06:33","date_gmt":"2019-02-13T06:06:33","guid":{"rendered":"http:\/\/websrv.saske.sk\/imr\/?page_id=50"},"modified":"2019-03-21T10:01:36","modified_gmt":"2019-03-21T09:01:36","slug":"ponuka-prac","status":"publish","type":"page","link":"https:\/\/websrv.saske.sk\/imr\/ponuka-prac\/","title":{"rendered":"Ponuka pr\u00e1c"},"content":{"rendered":"<h2><span style=\"color: #ff6600\">Div\u00edzia kovov\u00fdch syst\u00e9mov<\/span><\/h2>\n<ol>\n<li><span style=\"color: #ff6600\"><strong>a) <\/strong><strong>mikro\u0161trukt\u00farne, chemick\u00e9 a f\u00e1zov\u00e9 anal\u00fdzy <\/strong><\/span>(kontaktn\u00e9 osoby: RNDr. M. D\u017eupon, PhD., Mgr. I. Petryshynets, PhD., Ing. O. Milkovi\u010d, PhD., \u00a0 K. Saksl, DrSc.)<\/li>\n<\/ol>\n<ul>\n<li>mikro\u0161trukt\u00farna anal\u00fdza materi\u00e1lov z\u00a0h\u013eadiska ve\u013ekosti zrna, kry\u0161talografickej text\u00fary, podielu, distribu\u010dn\u00fdch charakterist\u00edk a morfol\u00f3gie sekund\u00e1rnych f\u00e1z pomocou svetelnej a\u00a0elektr\u00f3novej mikroskopie a\u00a0EBSD meran\u00ed.<\/li>\n<li>kvalitat\u00edvne a kvantitat\u00edvne EDX chemick\u00e9 prvkov\u00e9 anal\u00fdzy (bodov\u00e9, \u010diarov\u00e9, plo\u0161n\u00e9)<\/li>\n<li>stanovenie f\u00e1zov\u00e9ho zlo\u017eenia, ve\u013ekosti zrna\/kry\u0161talitov a vn\u00fatorn\u00fdch nap\u00e4t\u00ed RTG difrak\u010dnou anal\u00fdzou pr\u00e1\u0161kov\u00fdch aj mas\u00edvnych vzoriek<\/li>\n<li>DSC, DTA a TG anal\u00fdzy kovov\u00fdch a\u00a0nekovov\u00fdch materi\u00e1lov<\/li>\n<\/ul>\n<ol>\n<li><span style=\"color: #ff6600\"><strong>b) mechanick\u00e9 sk\u00fa\u0161anie materi\u00e1lov <\/strong><\/span>(kontaktn\u00e9 osoby: RNDr. M. D\u017eupon, PhD., Ing. Lucia \u010ciripov\u00e1, PhD.)<\/li>\n<\/ol>\n<ul>\n<li>realiz\u00e1cia mechanick\u00fdch sk\u00fa\u0161ok kompaktn\u00fdch kovov\u00fdch materi\u00e1lov a materi\u00e1lov pr\u00e1\u0161kovej metalurgie.<\/li>\n<li>normovan\u00e9 sk\u00fa\u0161obn\u00e9 met\u00f3dy zahr\u0148uj\u00fa nasledovn\u00e9 mechanick\u00e9 sk\u00fa\u0161ky: sk\u00fa\u0161ka \u0165ahom, sk\u00fa\u0161ka l\u00e1mavosti, sk\u00fa\u0161ka rozlomen\u00edm, sk\u00fa\u0161ka r\u00e1zom v\u00a0ohybe, sk\u00fa\u0161ka te\u010denia jednoosov\u00fdm \u0165ahom do 650\u00b0C, sk\u00fa\u0161ka \u0165ahom pri vy\u0161\u0161\u00edch a zn\u00ed\u017een\u00fdch teplot\u00e1ch, sk\u00fa\u0161ka tvrdosti pod\u013ea Vickersa, Brinella a Rockwella, sk\u00fa\u0161ka r\u00e1zom v ohybe pri zn\u00ed\u017een\u00fdch a zv\u00fd\u0161en\u00fdch teplot\u00e1ch.<\/li>\n<\/ul>\n<ol>\n<li><span style=\"color: #ff6600\"><strong>c) anal\u00fdzy poru\u0161ovania materi\u00e1lov <\/strong><\/span>(kontaktn\u00e9 osoby: RNDr. M. D\u017eupon, PhD., Ing. L. Falat, PhD.)<\/li>\n<\/ol>\n<ul>\n<li>anal\u00fdzy pr\u00ed\u010din poru\u0161enia kon\u0161truk\u010dn\u00fdch prvkov a s\u00fa\u010diastok<\/li>\n<li>anal\u00fdzy pr\u00ed\u010din straty funk\u010dn\u00fdch vlastnost\u00ed<\/li>\n<li>operat\u00edvne anal\u00fdzy kvality v\u00fdrobkov<\/li>\n<li>fraktografick\u00e9 anal\u00fdzy lomov\u00fdch povrchov<\/li>\n<\/ul>\n<ol>\n<li><span style=\"color: #ff6600\"><strong>d) tepeln\u00e9 spracovanie kovov\u00fdch <\/strong><strong>materi\u00e1lov<\/strong><\/span> (kontaktn\u00e9 osoby: V. Katana, Mgr. I. Petryshynets, PhD., Ing. L. Falat, PhD.)<\/li>\n<\/ol>\n<ul>\n<li>kalenie, pop\u00fa\u0161\u0165anie<\/li>\n<li>\u017e\u00edhanie (na m\u00e4kko, normaliza\u010dn\u00e9, rozp\u00fa\u0161\u0165acie at\u010f.)<\/li>\n<li>nekonven\u010dn\u00e9 sp\u00f4soby (laserov\u00e9, kryog\u00e9nne)<\/li>\n<\/ul>\n<p><strong>\u00a0<\/strong><\/p>\n<p><strong>\u00a0<\/strong><\/p>\n","protected":false},"excerpt":{"rendered":"<p>Div\u00edzia kovov\u00fdch syst\u00e9mov a) mikro\u0161trukt\u00farne, chemick\u00e9 a f\u00e1zov\u00e9 anal\u00fdzy (kontaktn\u00e9 osoby: RNDr. M. D\u017eupon, PhD., Mgr. I. Petryshynets, PhD., Ing. O. Milkovi\u010d, PhD., \u00a0 K&#8230;.<\/p>\n","protected":false},"author":1,"featured_media":0,"parent":0,"menu_order":50,"comment_status":"closed","ping_status":"closed","template":"","meta":{"footnotes":""},"class_list":["post-50","page","type-page","status-publish","hentry"],"_links":{"self":[{"href":"https:\/\/websrv.saske.sk\/imr\/wp-json\/wp\/v2\/pages\/50","targetHints":{"allow":["GET"]}}],"collection":[{"href":"https:\/\/websrv.saske.sk\/imr\/wp-json\/wp\/v2\/pages"}],"about":[{"href":"https:\/\/websrv.saske.sk\/imr\/wp-json\/wp\/v2\/types\/page"}],"author":[{"embeddable":true,"href":"https:\/\/websrv.saske.sk\/imr\/wp-json\/wp\/v2\/users\/1"}],"replies":[{"embeddable":true,"href":"https:\/\/websrv.saske.sk\/imr\/wp-json\/wp\/v2\/comments?post=50"}],"version-history":[{"count":6,"href":"https:\/\/websrv.saske.sk\/imr\/wp-json\/wp\/v2\/pages\/50\/revisions"}],"predecessor-version":[{"id":966,"href":"https:\/\/websrv.saske.sk\/imr\/wp-json\/wp\/v2\/pages\/50\/revisions\/966"}],"wp:attachment":[{"href":"https:\/\/websrv.saske.sk\/imr\/wp-json\/wp\/v2\/media?parent=50"}],"curies":[{"name":"wp","href":"https:\/\/api.w.org\/{rel}","templated":true}]}}