{"id":48,"date":"2019-02-13T07:06:15","date_gmt":"2019-02-13T06:06:15","guid":{"rendered":"http:\/\/websrv.saske.sk\/imr\/?page_id=48"},"modified":"2022-02-25T17:38:26","modified_gmt":"2022-02-25T16:38:26","slug":"uzitocne-linky","status":"publish","type":"page","link":"https:\/\/websrv.saske.sk\/imr\/uzitocne-linky\/","title":{"rendered":"U\u017eito\u010dn\u00e9 linky"},"content":{"rendered":"<p>&nbsp;<\/p>\n<p style=\"padding-left: 90px;\"><strong><span style=\"color: #0000ff;\">Grantov\u00e9 agent\u00fary:<\/span><\/strong><\/p>\n<ul>\n<li><a href=\"http:\/\/www.vega.sav.sk\/\" target=\"_blank\" rel=\"noopener\"><span style=\"color: #ff6600;\">Vedeck\u00e1 grantov\u00e1 agent\u00fara (VEGA)<\/span><\/a><\/li>\n<li><span style=\"color: #ff6600;\"><a style=\"color: #ff6600;\" href=\"http:\/\/www.apvv.sk\/\" target=\"_blank\" rel=\"noopener\">APVV \u2013 Agent\u00fara na podporu v\u00fdskumu a v\u00fdvoja<\/a><\/span><\/li>\n<li><span style=\"color: #ff6600;\"><a style=\"color: #ff6600;\" href=\"http:\/\/www.asfeu.sk\/\" target=\"_blank\" rel=\"noopener\">Agent\u00fara Ministerstva \u0161kolstva SR pre \u0161truktur\u00e1lne fondy EU<\/a><\/span><\/li>\n<li><span style=\"color: #ff6600;\"><a style=\"color: #ff6600;\" href=\"http:\/\/www.stipendia.sk\/\" target=\"_blank\" rel=\"noopener\">N\u00e1rodn\u00fd \u0161tipendijn\u00fd program Slovenskej republiky<\/a><\/span><\/li>\n<li><span style=\"color: #ff6600;\"><a style=\"color: #ff6600;\" href=\"http:\/\/www.saia.sk\/\" target=\"_blank\" rel=\"noopener\">Slovensk\u00e1 akademick\u00e1 informa\u010dn\u00e1 agent\u00fara SAIA<\/a><\/span><\/li>\n<\/ul>\n<p style=\"padding-left: 90px;\"><span style=\"color: #0000ff;\"><strong>Agent\u00fary a in\u00e9 org\u00e1ny E\u00da:<\/strong><\/span><\/p>\n<ul>\n<li><a href=\"https:\/\/oms.sav.sk\/dokumenty\/dokumenty-referatu-medzinarodnych-projektov\/\" target=\"_blank\" rel=\"noopener\"><span style=\"color: #ff6600;\">Odbor medzin\u00e1rodnej spolupr\u00e1ce SAV<\/span><\/a><\/li>\n<li><a href=\"https:\/\/europa.eu\/european-union\/about-eu\/agencies\/echa_sk\" target=\"_blank\" rel=\"noopener\"><span style=\"color: #ff6600;\">Eur\u00f3pska chemick\u00e1 agent\u00fara (ECHA)<\/span><\/a><\/li>\n<li><a href=\"https:\/\/ec.europa.eu\/info\/departments\/european-research-council_sk\" target=\"_blank\" rel=\"noopener\"><span style=\"color: #ff6600;\">V\u00fdkonn\u00e1 agent\u00fara Eur\u00f3pskej rady pre v\u00fdskum<\/span><\/a><\/li>\n<li><a href=\"https:\/\/ec.europa.eu\/info\/departments\/research-executive-agency_sk\" target=\"_blank\" rel=\"noopener\"><span style=\"color: #ff6600;\">V\u00fdkonn\u00e1 agent\u00fara pre v\u00fdskum<\/span><\/a><\/li>\n<li><a href=\"https:\/\/europa.eu\/european-union\/about-eu\/agencies\/eit_sk\" target=\"_blank\" rel=\"noopener\"><span style=\"color: #ff6600;\">Eur\u00f3psky inova\u010dn\u00fd a technologick\u00fd in\u0161tit\u00fat (EIT)<\/span><\/a><\/li>\n<\/ul>\n<p style=\"padding-left: 90px;\"><span style=\"color: #0000ff;\"><strong>Vedeck\u00e9 spolo\u010dnosti:<\/strong><\/span><\/p>\n<ul>\n<li><a href=\"http:\/\/www.learned.sk\/\" target=\"_blank\" rel=\"noopener\"><span style=\"color: #ff0000;\"><span style=\"color: #000000;\"><span style=\"color: #ff6600;\">U\u010den\u00e1 spolo\u010dnos\u0165 Slovenska<\/span><\/span><\/span><\/a><\/li>\n<li><a href=\"https:\/\/www.sav.sk\/?lang=sk&amp;doc=sas-society\" target=\"_blank\" rel=\"noopener\"><span style=\"color: #ff6600;\">Vedeck\u00e9 spolo\u010dnosti pri SAV<\/span><\/a><\/li>\n<li><a href=\"http:\/\/www.zsvts.sk\/\" target=\"_blank\" rel=\"noopener\"><span style=\"color: #ff6600;\">Zv\u00e4z slovensk\u00fdch vedeckotechnick\u00fdch spolo\u010dnost\u00ed<\/span><\/a><\/li>\n<\/ul>\n<p style=\"padding-left: 90px;\"><span style=\"color: #0000ff;\"><strong>Univerzity:<\/strong><\/span><\/p>\n<ul>\n<li><a href=\"http:\/\/www.tuke.sk\/\" target=\"_blank\" rel=\"noopener\"><span style=\"color: #ff6600;\">Technick\u00e1 univerzita v Ko\u0161iciach<\/span><\/a><\/li>\n<li><a href=\"https:\/\/www.upjs.sk\/\" target=\"_blank\" rel=\"noopener\"><span style=\"color: #ff6600;\">Univerzita Pavla Jozefa \u0160af\u00e1rika v Ko\u0161iciach<\/span><\/a><\/li>\n<li><span style=\"color: #ff6600;\"><a style=\"color: #ff6600;\" href=\"https:\/\/www.stuba.sk\/\" target=\"_blank\" rel=\"noopener\">Slovensk\u00e1 Technick\u00e1 Univerzita v Bratislave<\/a><\/span><\/li>\n<\/ul>\n<p style=\"padding-left: 90px;\"><span style=\"color: #0000ff;\"><strong>Datab\u00e1zy:<\/strong><\/span><\/p>\n<ul>\n<li><a href=\"http:\/\/vedatechnika.sk\" target=\"_blank\" rel=\"noopener\"><span style=\"color: #ff6600;\">Centr\u00e1lny informa\u010dn\u00fd port\u00e1l\u00a0pre v\u00fdskum, v\u00fdvoj a inov\u00e1cie Ministerstva \u0161kolstva SR<\/span><\/a><\/li>\n<li><a href=\"http:\/\/www.uk.sav.sk\/\" target=\"_blank\" rel=\"noopener\"><span style=\"color: #ff6600;\">\u00dastredn\u00e1 kni\u017enica SAV<\/span><\/a><\/li>\n<li><a href=\"https:\/\/apps.webofknowledge.com\/WOS_GeneralSearch_input.do?product=WOS&amp;search_mode=GeneralSearch&amp;SID=Q1IbJhqmMT3VATp3Ebk&amp;preferencesSaved=\" target=\"_blank\" rel=\"noopener\"><span style=\"color: #ff6600;\">Web of Knowledge<\/span><\/a><\/li>\n<li><a href=\"http:\/\/www.sciencedirect.com\/\" target=\"_blank\" rel=\"noopener\"><span style=\"color: #ff6600;\">Science Direct<\/span><\/a><\/li>\n<li><a href=\"http:\/\/www.scopus.com\/\" target=\"_blank\" rel=\"noopener\"><span style=\"color: #ff6600;\">Scopus<\/span><\/a><\/li>\n<li><a href=\"http:\/\/www.springerlink.com\/\" target=\"_blank\" rel=\"noopener\"><span style=\"color: #ff6600;\">Springer link<\/span><\/a><\/li>\n<\/ul>\n<p style=\"padding-left: 90px;\"><span style=\"color: #0000ff;\"><a style=\"color: #0000ff;\" href=\"http:\/\/otvorenaakademia.sav.sk\/uvod\/\" target=\"_blank\" rel=\"noopener\"><span style=\"color: #ff0000;\"><strong><span style=\"color: #993300;\">V\u00fdskumn\u00e9 programy SAV pre spolo\u010densk\u00e9 vyu\u017eitie<\/span><\/strong><\/span><\/a><\/span><\/p>\n<p style=\"padding-left: 90px;\"><a href=\"http:\/\/www.nocvyskumnikov.sk\/\" target=\"_blank\" rel=\"noopener\"><span style=\"color: #993300;\"><strong>Eur\u00f3pska noc v\u00fdskumn\u00edkov na Slovensku<\/strong><\/span><\/a><\/p>\n","protected":false},"excerpt":{"rendered":"<p>&nbsp; Grantov\u00e9 agent\u00fary: Vedeck\u00e1 grantov\u00e1 agent\u00fara (VEGA) APVV \u2013 Agent\u00fara na podporu v\u00fdskumu a v\u00fdvoja Agent\u00fara Ministerstva \u0161kolstva SR pre \u0161truktur\u00e1lne fondy EU N\u00e1rodn\u00fd \u0161tipendijn\u00fd&#8230;<\/p>\n","protected":false},"author":1,"featured_media":0,"parent":0,"menu_order":40,"comment_status":"closed","ping_status":"closed","template":"","meta":{"footnotes":""},"class_list":["post-48","page","type-page","status-publish","hentry"],"_links":{"self":[{"href":"https:\/\/websrv.saske.sk\/imr\/wp-json\/wp\/v2\/pages\/48","targetHints":{"allow":["GET"]}}],"collection":[{"href":"https:\/\/websrv.saske.sk\/imr\/wp-json\/wp\/v2\/pages"}],"about":[{"href":"https:\/\/websrv.saske.sk\/imr\/wp-json\/wp\/v2\/types\/page"}],"author":[{"embeddable":true,"href":"https:\/\/websrv.saske.sk\/imr\/wp-json\/wp\/v2\/users\/1"}],"replies":[{"embeddable":true,"href":"https:\/\/websrv.saske.sk\/imr\/wp-json\/wp\/v2\/comments?post=48"}],"version-history":[{"count":54,"href":"https:\/\/websrv.saske.sk\/imr\/wp-json\/wp\/v2\/pages\/48\/revisions"}],"predecessor-version":[{"id":1744,"href":"https:\/\/websrv.saske.sk\/imr\/wp-json\/wp\/v2\/pages\/48\/revisions\/1744"}],"wp:attachment":[{"href":"https:\/\/websrv.saske.sk\/imr\/wp-json\/wp\/v2\/media?parent=48"}],"curies":[{"name":"wp","href":"https:\/\/api.w.org\/{rel}","templated":true}]}}