{"id":45,"date":"2019-02-13T07:05:32","date_gmt":"2019-02-13T06:05:32","guid":{"rendered":"http:\/\/websrv.saske.sk\/imr\/?page_id=45"},"modified":"2026-03-03T13:11:49","modified_gmt":"2026-03-03T12:11:49","slug":"phd-studium","status":"publish","type":"page","link":"https:\/\/websrv.saske.sk\/imr\/phd-studium\/","title":{"rendered":"PhD. \u0161t\u00fadium"},"content":{"rendered":"<h1><span style=\"color: #ff6600;\"><strong>Podmienky pre prijatie na D\u0160:<\/strong><\/span><\/h1>\n<p>Prihl\u00e1\u0161ka na doktorandsk\u00e9 \u0161t\u00fadium so v\u0161etk\u00fdmi n\u00e1le\u017eitos\u0165ami (\u017eivotopis, doklad o ukon\u010den\u00ed 2. stup\u0148a vysoko\u0161kolsk\u00e9ho vzdel\u00e1vania, at\u010f.) sa pod\u00e1va v elektronickej forme na pr\u00edslu\u0161n\u00fdch fakult\u00e1ch V\u0160, s\u00a0ktor\u00fdmi \u00daMV SAV. v.v.i.\u00a0 spolupracuje ako Extern\u00e1 vzdel\u00e1vacia in\u0161tit\u00facia:<\/p>\n<p><a href=\"https:\/\/sjf.tuke.sk\/sk\/doktorandske-studijne-programy\">https:\/\/sjf.tuke.sk\/sk\/doktorandske-studijne-programy<\/a><\/p>\n<p><a href=\"https:\/\/www.upjs.sk\/prirodovedecka-fakulta\/doktorandske-studium-pk\/\">https:\/\/www.upjs.sk\/prirodovedecka-fakulta\/doktorandske-studium-pk\/<\/a><\/p>\n<p><a href=\"https:\/\/fmmr.tuke.sk\/sk\/podmienky-prijatia-na-doktorandske-studium\">https:\/\/fmmr.tuke.sk\/sk\/podmienky-prijatia-na-doktorandske-studium<\/a><\/p>\n<p>\u00daspe\u0161n\u00e9 absolvovanie prij\u00edmacieho pohovoru (<strong>kon\u00e1 sa v mesiaci j\u00fan<\/strong>); prij\u00edmacie konanie je neverejn\u00e9 pred viac\u010dlennou komisiou. Komisia na z\u00e1klade prij\u00edmacieho pohovoru ur\u010d\u00ed poradie \u00faspe\u0161n\u00fdch uch\u00e1dza\u010dov, ktor\u00ed vyhoveli po\u017eadovan\u00fdm krit\u00e9ri\u00e1m.<\/p>\n<p>Doktorandi po \u00faspe\u0161nej sk\u00fa\u0161ke a prijat\u00ed bud\u00fa ma\u0165 <strong>zv\u00fdhodnen\u00e9 finan\u010dn\u00e9 podmienky<\/strong> pre doktorandsk\u00e9 \u0161t\u00fadium.<\/p>\n<p>N\u00e1stup na doktorandsk\u00e9 \u0161t\u00fadium je obvykle <strong>1. septembra<\/strong>.<\/p>\n<p>Doktorandsk\u00e9 \u0161t\u00fadium je mo\u017en\u00e9 absolvova\u0165 formou denn\u00e9ho \u0161t\u00fadia, pre ktor\u00e9 zatia\u013e neboli stanoven\u00e9 \u017eiadne poplatky, alebo externe, kedy je t\u00e1to forma \u0161t\u00fadia spoplatnen\u00e1.<\/p>\n<p>Podrobnej\u0161ie inform\u00e1cie o doktorandskom \u0161t\u00fadiu V\u00e1m poskytne p. Ter\u00e9zia R\u00e1cov\u00e1, telef\u00f3n: 055\/792 2404, e-mail: tracova@saske.sk<\/p>\n<p>&nbsp;<\/p>\n<p><strong><span style=\"color: #ff6600;\">T\u00e9my doktorandsk\u00fdch dizerta\u010dn\u00fdch pr\u00e1c vyp\u00edsan\u00e9 pre akademick\u00fd rok 2026\/2027<\/span> <\/strong><\/p>\n<p>\u00daMV SAV, v. v. i.\u00a0 ako extern\u00e1 vzdel\u00e1vacia in\u0161tit\u00facia v spolupr\u00e1ci\u00a0 s Fakultou materi\u00e1lov, metalurgie a recykl\u00e1cie Technickej univerzity v\u00a0Ko\u0161iciach pon\u00faka mo\u017enos\u0165\u00a0 prihl\u00e1si\u0165 sa na doktorandsk\u00e9 \u0161t\u00fadium v \u0161tudijnom odbore: <span style=\"color: #ff0000;\"><strong>STROJ\u00c1RSTVO<\/strong><\/span> a \u0161tudijnom programe: <span style=\"color: #ff0000;\"><strong>MATERI\u00c1LY<\/strong><\/span><\/p>\n<p><strong>Uz\u00e1vierka prihl\u00e1\u0161ok<\/strong>: <strong>14. 6. 2026<\/strong><\/p>\n<p><strong>Term\u00edn prij\u00edmacieho konania: 26. 6. 2026<\/strong><\/p>\n<p>Zoznam v\u0161etk\u00fdch t\u00e9m doktorandsk\u00fdch dizerta\u010dn\u00fdch pr\u00e1c na FMMR TUKE a\u00a0\u010fal\u0161ie usmernenia n\u00e1jdete na:\u00a0https:\/\/fmmr.tuke.sk\/sk\/podmienky-prijatia-na-doktorandske-studium<\/p>\n<table>\n<tbody>\n<tr>\n<td colspan=\"2\" width=\"614\"><strong>Zoznam t\u00e9m doktorandsk\u00e9ho \u0161t\u00fadia \u2013 Fakulta materi\u00e1lov, metalurgie a\u00a0recykl\u00e1cie TUKE<\/strong><\/p>\n<p><strong>v\u00a0akademickom roku 2026\/2027<\/strong><\/p>\n<p><strong>\u00a0<\/strong><\/td>\n<\/tr>\n<tr>\n<td colspan=\"2\" width=\"614\"><strong>Extern\u00e1 vzdel\u00e1vacia in\u0161tit\u00facia: \u00dastav materi\u00e1lov\u00e9ho v\u00fdskumu SAV, v.v.i.<\/strong><\/p>\n<p><strong>\u00a0<\/strong><\/td>\n<\/tr>\n<tr>\n<td width=\"102\"><strong>T\u00e9ma<\/strong><\/td>\n<td width=\"512\">V\u00fdvoj termodynamick\u00fdch datab\u00e1z pre pou\u017eite v\u00a0procesoch modelovania a\u00a0simul\u00e1ci\u00ed<\/p>\n<p><strong>Development of thermodynamic databases for use in modeling and simulation processes<\/strong><\/td>\n<\/tr>\n<tr>\n<td width=\"102\"><strong>\u0160kolite\u013eka<\/strong><\/td>\n<td width=\"512\"><em>RNDr. Viera Homolov\u00e1, PhD.<\/em><\/td>\n<\/tr>\n<tr>\n<td width=\"102\"><strong>\u00a0<\/strong><\/td>\n<td width=\"512\"><strong><em>\u00a0<\/em><\/strong><\/p>\n<p><strong><em>\u00a0<\/em><\/strong><\/td>\n<\/tr>\n<tr>\n<td width=\"102\"><strong>T\u00e9ma<\/strong><\/td>\n<td width=\"512\">Reak\u010dn\u00e9\u00a0 napra\u0161ovanie kompozi\u010dne komlexn\u00fdch keramick\u00fdch materi\u00e1lov<\/p>\n<p><strong>Reactive sputtering of compositionally complex ceramic materials<\/strong><\/td>\n<\/tr>\n<tr>\n<td width=\"102\"><strong>\u0160kolite\u013e<\/strong><\/td>\n<td width=\"512\"><em>doc. RNDr. Franti\u0161ek Lofaj, DrSc.<\/em><\/td>\n<\/tr>\n<tr>\n<td width=\"102\"><strong>\u00a0<\/strong><\/td>\n<td width=\"512\"><strong>\u00a0<\/strong><\/p>\n<p><strong>\u00a0<\/strong><\/td>\n<\/tr>\n<tr>\n<td width=\"102\"><strong>T\u00e9ma<\/strong><\/td>\n<td width=\"512\">Optick\u00e1 emisn\u00e1 a\u00a0elektr\u00f3nov\u00e1 spektroskopia kompozi\u010dne komplexn\u00fdch\u00a0 keramick\u00fdch povlakov<\/p>\n<p><strong>Optical emission and electron spectroscopy of compositionally complex ceramic coatings<\/strong><\/td>\n<\/tr>\n<tr>\n<td width=\"102\"><strong>\u0160kolite\u013e<\/strong><\/td>\n<td width=\"512\"><em>doc. RNDr. Franti\u0161ek Lofaj, DrSc.<\/em><\/td>\n<\/tr>\n<tr>\n<td width=\"102\"><strong>\u00a0<\/strong><\/td>\n<td width=\"512\"><strong>\u00a0<\/strong><\/td>\n<\/tr>\n<tr>\n<td width=\"102\"><strong>T\u00e9ma<\/strong><\/td>\n<td width=\"512\">FEM modelovanie nanoindent\u00e1cie v\u00a0povlakovan\u00fdch syst\u00e9moch<\/p>\n<p><strong>FEM modeling of nanoindentation in coated systems<\/strong><\/td>\n<\/tr>\n<tr>\n<td width=\"102\"><strong>\u0160kolite\u013e<\/strong><\/td>\n<td width=\"512\"><em>doc. RNDr. Franti\u0161ek Lofaj, DrSc.<\/em><\/td>\n<\/tr>\n<tr>\n<td width=\"102\"><strong>\u00a0<\/strong><\/td>\n<td width=\"512\">&nbsp;<\/p>\n<p>&nbsp;<\/td>\n<\/tr>\n<tr>\n<td width=\"102\"><strong>T\u00e9ma<\/strong><\/td>\n<td width=\"512\">\u00a0Katalyz\u00e1tory pre rozklad vody z\u00a0recyklovan\u00fdch bat\u00e9ri\u00ed<\/p>\n<p><strong><em>Catalysts for Water Splitting from Recycled Batteries<\/em><\/strong><\/td>\n<\/tr>\n<tr>\n<td width=\"102\"><strong>\u0160kolite\u013eka<\/strong><\/td>\n<td width=\"512\"><em>RNDr. Magdal\u00e9na Stre\u010dkov\u00e1, PhD.<\/em><\/td>\n<\/tr>\n<tr>\n<td width=\"102\"><strong>\u00a0<\/strong><\/td>\n<td width=\"512\">&nbsp;<\/p>\n<p>&nbsp;<\/td>\n<\/tr>\n<tr>\n<td width=\"102\"><strong>T\u00e9ma<\/strong><\/td>\n<td width=\"512\">Mikro\/nano-mechanick\u00e9 vlastnosti\u00a0 progres\u00edvnych keramick\u00fdch materi\u00e1lov<\/p>\n<p><strong>Micro\/nano-mechanical properties of advanced ceramic materials<\/strong><\/td>\n<\/tr>\n<tr>\n<td width=\"102\"><strong>\u0160kolite\u013e<\/strong><\/td>\n<td width=\"512\"><em>prof. RNDr. J\u00e1n Dusza, DrSc.<\/em><\/td>\n<\/tr>\n<tr>\n<td width=\"102\"><strong>\u00a0<\/strong><\/td>\n<td width=\"512\"><em>\u00a0<\/em><\/p>\n<p><em>\u00a0<\/em><\/td>\n<\/tr>\n<tr>\n<td width=\"102\"><strong>T\u00e9ma<\/strong><\/td>\n<td width=\"512\">V\u00fdvoj nano\/mikrovl\u00e1kenn\u00fdch materi\u00e1lov met\u00f3dou elektrostatick\u00e9ho zvl\u00e1k\u0148ovania pre aplik\u00e1cie v\u00a0 energetick\u00fdch a\u00a0environment\u00e1lnych technol\u00f3giach<\/p>\n<p><strong>Development of nano\/microfiber materials using electrostatic spinning for applications in energy and environmental technologies<\/strong><\/td>\n<\/tr>\n<tr>\n<td width=\"102\"><strong>\u0160kolite\u013e<\/strong><\/td>\n<td width=\"512\"><em>prof. RNDr. J\u00e1n Dusza, DrSc.<\/em><\/td>\n<\/tr>\n<tr>\n<td width=\"102\"><strong>\u00a0<\/strong><\/td>\n<td width=\"512\"><em>\u00a0<\/em><\/p>\n<p><em>\u00a0<\/em><\/td>\n<\/tr>\n<tr>\n<td width=\"102\"><strong>T\u00e9ma<\/strong><\/td>\n<td width=\"512\">Tribologick\u00e9 vlastnosti progres\u00edvnych keramick\u00fdch materi\u00e1lov<\/p>\n<p><strong>Tribological properties of advanced ceramic materials<\/strong><\/td>\n<\/tr>\n<tr>\n<td width=\"102\"><strong>\u0160kolite\u013e<\/strong><\/td>\n<td width=\"512\"><em>prof. RNDr. J\u00e1n Dusza, DrSc.<\/em><\/td>\n<\/tr>\n<tr>\n<td width=\"102\"><strong>\u00a0<\/strong><\/td>\n<td width=\"512\">&nbsp;<\/p>\n<p>&nbsp;<\/td>\n<\/tr>\n<tr>\n<td width=\"102\"><strong>T\u00e9ma<\/strong><\/td>\n<td width=\"512\">Vplyv reak\u010dn\u00e9ho spekania na dielektrick\u00e9 vlastnosti perovskitovej keramiky<\/p>\n<p><strong>Effect of reaction sintering on the dielectric properties of perovskite ceramics<\/strong><\/td>\n<\/tr>\n<tr>\n<td width=\"102\"><strong>\u0160kolite\u013e<\/strong><\/td>\n<td width=\"512\"><em>RNDr. Vladim\u00edr Kova\u013e, DrSc.<\/em><\/td>\n<\/tr>\n<tr>\n<td width=\"102\"><strong>\u00a0<\/strong><\/td>\n<td width=\"512\">&nbsp;<\/p>\n<p>&nbsp;<\/td>\n<\/tr>\n<tr>\n<td width=\"102\"><strong>T\u00e9ma<\/strong><\/td>\n<td width=\"512\">V\u00fdskum a\u00a0v\u00fdvoj nov\u00fdch typov biokompatibiln\u00fdch a\u00a0bioresorbovate\u013en\u00fdch kompozitn\u00fdch materi\u00e1lov na b\u00e1ze Zn a\u00a0Mg<\/p>\n<p><strong>Research and development of new types of biocompatible and bioresorbable composite materials based on Zn and Mg<\/strong><\/td>\n<\/tr>\n<tr>\n<td width=\"102\"><strong>\u0160kolite\u013eka<\/strong><\/td>\n<td width=\"512\"><em>Ing. Be\u00e1ta Ball\u00f3kov\u00e1, PhD.<\/em><\/td>\n<\/tr>\n<tr>\n<td width=\"102\"><strong>\u00a0<\/strong><\/td>\n<td width=\"512\"><em>\u00a0<\/em><\/p>\n<p><em>\u00a0<\/em><\/td>\n<\/tr>\n<tr>\n<td width=\"102\"><strong>T\u00e9ma<\/strong><\/td>\n<td width=\"512\">Funk\u010dn\u00e9 vlastnosti pr\u00e1\u0161kov\u00fdch magnetick\u00fdch kompozitov pre konverziu energie<\/p>\n<p><strong>Functional properties of powder magnetic composites for energy conversion<\/strong><\/td>\n<\/tr>\n<tr>\n<td width=\"102\"><strong>\u0160kolite\u013e<\/strong><\/td>\n<td width=\"512\"><em>Ing. Radovan Bure\u0161, CSc.<\/em><\/td>\n<\/tr>\n<tr>\n<td width=\"102\"><strong>\u00a0<\/strong><\/td>\n<td width=\"512\"><em>\u00a0<\/em><\/td>\n<\/tr>\n<tr>\n<td width=\"102\"><strong>T\u00e9ma<\/strong><\/td>\n<td width=\"512\">V\u00fdvoj multikomponentn\u00fdch keramick\u00fdch materi\u00e1lov na b\u00e1ze karbidov pre vysokoteplotn\u00e9 aplik\u00e1cie<\/p>\n<p><strong>Development of multicomponent carbide-based ceramic materials for high-temperature applications<\/strong><\/td>\n<\/tr>\n<tr>\n<td width=\"102\"><strong>\u0160kolite\u013eka<\/strong><\/td>\n<td width=\"512\"><em>Ing. Alexandra Koval\u010d\u00edkov\u00e1, PhD.<\/em><\/td>\n<\/tr>\n<\/tbody>\n<\/table>\n<p>&nbsp;<\/p>\n<p>\u00dastav materi\u00e1lov\u00e9ho v\u00fdskumu SAV, v. v. i.\u00a0 ako extern\u00e1 vzdel\u00e1vacia in\u0161tit\u00facia aj v spolupr\u00e1ci s Pr\u00edrodovedeckou fakultou Univerzity Pavla Jozefa \u0160af\u00e1rika v Ko\u0161iciach pon\u00faka mo\u017enos\u0165\u00a0 prihl\u00e1si\u0165 sa na doktorandsk\u00e9 \u0161t\u00fadium v \u0161tudijnom odbore: <span style=\"color: #ff0000;\"><strong>FYZIKA<\/strong><\/span> a \u0161tudijnom programe: <span style=\"color: #ff0000;\"><strong>PROGRES\u00cdVNE MATERI\u00c1LY<\/strong><\/span>.<\/p>\n<p><strong>Uz\u00e1vierka prihl\u00e1\u0161ok: 31. 05. 2026 <\/strong><\/p>\n<p><strong>Term\u00edn prij\u00edmacieho konania: 15.6. a\u017e 26. 6. 2026<\/strong><\/p>\n<p>Zoznam v\u0161etk\u00fdch t\u00e9m doktorandsk\u00fdch dizerta\u010dn\u00fdch pr\u00e1c na PriF UPJ\u0160 KE a \u010fal\u0161ie usmernenia n\u00e1jdete na:\u00a0 https:\/\/www.upjs.sk\/prirodovedecka-fakulta\/doktorandske-studium-pk\/<\/p>\n<table>\n<tbody>\n<tr>\n<td colspan=\"2\" width=\"614\"><strong>Zoznam t\u00e9m doktorandsk\u00e9ho \u0161t\u00fadia &#8211; Pr\u00edrodovedeck\u00e1 fakulta UPJ\u0160 <\/strong><\/p>\n<p><strong>v\u00a0akademickom roku 2026\/2027<\/strong><\/p>\n<p><strong>\u00a0<\/strong><\/td>\n<\/tr>\n<tr>\n<td colspan=\"2\" width=\"614\"><strong>Extern\u00e1 vzdel\u00e1vacia in\u0161tit\u00facia: \u00dastav materi\u00e1lov\u00e9ho v\u00fdskumu SAV, v.v.i.<\/strong><\/p>\n<p><strong>\u00a0<\/strong><\/td>\n<\/tr>\n<tr>\n<td width=\"102\"><strong>T\u00e9ma<\/strong><\/td>\n<td width=\"512\">Modelovanie f\u00e1zov\u00fdch diagramov a termodynamick\u00fdch vlastnost\u00ed syst\u00e9mov pre vysoko teplotn\u00e9 aplik\u00e1cie<\/p>\n<p><strong>Modelling of phase diagrams and thermodynamic properties of the systems for high temperature applications\u00a0\u00a0\u00a0\u00a0\u00a0\u00a0\u00a0\u00a0\u00a0\u00a0\u00a0\u00a0\u00a0\u00a0\u00a0\u00a0\u00a0\u00a0\u00a0\u00a0\u00a0\u00a0\u00a0\u00a0\u00a0\u00a0\u00a0\u00a0\u00a0\u00a0\u00a0\u00a0\u00a0\u00a0\u00a0\u00a0\u00a0\u00a0\u00a0\u00a0 <\/strong><\/td>\n<\/tr>\n<tr>\n<td width=\"102\"><strong>\u0160kolite\u013e<\/strong><\/td>\n<td width=\"512\"><em>RNDr. Viera Homolov\u00e1, PhD.<\/em><\/td>\n<\/tr>\n<tr>\n<td width=\"102\"><strong>\u00a0<\/strong><\/td>\n<td width=\"512\"><strong><em>\u00a0<\/em><\/strong><\/p>\n<p><strong><em>\u00a0<\/em><\/strong><\/td>\n<\/tr>\n<tr>\n<td width=\"102\"><strong>T\u00e9ma<\/strong><\/td>\n<td width=\"512\">V\u00fdvoj kompozi\u010dne komplexn\u00fdch keramick\u00fdch povlakov reak\u010dn\u00fdm napra\u0161ovan\u00edm<\/p>\n<p><strong>Reactive sputtering of the compositionally complex ceramic coatings<\/strong><\/td>\n<\/tr>\n<tr>\n<td width=\"102\"><strong>\u0160kolite\u013e<\/strong><\/td>\n<td width=\"512\"><em>doc. RNDr. Franti\u0161ek Lofaj, DrSc.<\/em><\/td>\n<\/tr>\n<tr>\n<td width=\"102\"><strong>\u00a0<\/strong><\/td>\n<td width=\"512\"><strong>\u00a0<\/strong><\/p>\n<p><strong>\u00a0<\/strong><\/td>\n<\/tr>\n<tr>\n<td width=\"102\"><strong>T\u00e9ma<\/strong><\/td>\n<td width=\"512\">Optick\u00e1 emisn\u00e1 a\u00a0elektr\u00f3nov\u00e1 spektroskopia reakt\u00edvneho napra\u0161ovania a\u00a0multikomponentn\u00fdch keramick\u00fdch povlakov<\/p>\n<p><strong>Optical emission and electron spectroscopy of reactive sputtering and of the multicomponent ceramic coatings<\/strong><\/td>\n<\/tr>\n<tr>\n<td width=\"102\"><strong>\u0160kolite\u013e<\/strong><\/td>\n<td width=\"512\"><em>doc. RNDr. Franti\u0161ek Lofaj, DrSc.<\/em><\/td>\n<\/tr>\n<tr>\n<td width=\"102\"><strong>\u00a0<\/strong><\/td>\n<td width=\"512\"><strong>\u00a0<\/strong><\/p>\n<p><strong>\u00a0<\/strong><\/td>\n<\/tr>\n<tr>\n<td width=\"102\"><strong>T\u00e9ma<\/strong><\/td>\n<td width=\"512\">MKP modelovanie mikromechanick\u00fdch sk\u00fa\u0161ok tvrd\u00fdch povlakov<\/p>\n<p><strong>FEM of micromechanical tests of hard coatings <\/strong><\/td>\n<\/tr>\n<tr>\n<td width=\"102\"><strong>\u0160kolite\u013e<\/strong><\/td>\n<td width=\"512\"><em>doc. RNDr. Franti\u0161ek Lofaj, DrSc.<\/em><\/td>\n<\/tr>\n<tr>\n<td width=\"102\"><strong>\u00a0<\/strong><\/td>\n<td width=\"512\">&nbsp;<\/p>\n<p>&nbsp;<\/td>\n<\/tr>\n<tr>\n<td width=\"102\"><strong>T\u00e9ma<\/strong><\/td>\n<td width=\"512\">Katalyz\u00e1tory pre rozklad vody z\u00a0recykla\u010dn\u00fdch bat\u00e9ri\u00ed pre membr\u00e1nov\u00e9 elektrol\u00fdzery<\/p>\n<p><strong>Catalysts for water decomposition from recycled batteries for membrane electrolyzers<\/strong><\/td>\n<\/tr>\n<tr>\n<td width=\"102\"><strong>\u0160kolite\u013e<\/strong><\/td>\n<td width=\"512\"><em>RNDr. Magdal\u00e9na Stre\u010dkov\u00e1, PhD.<\/em><\/td>\n<\/tr>\n<tr>\n<td width=\"102\"><strong>\u00a0<\/strong><\/td>\n<td width=\"512\">&nbsp;<\/p>\n<p>&nbsp;<\/td>\n<\/tr>\n<tr>\n<td width=\"102\"><strong>T\u00e9ma<\/strong><\/td>\n<td width=\"512\">Kry\u0161t\u00e1lov\u00e1 plasticita a lom entropicky stabilizovan\u00fdch karbidov: mikro\/nanomechanick\u00e9 testovanie a modelovanie MKP<\/p>\n<p><strong>Crystal plasticity and fracture of entropy-stabilized carbides: micro\/nanomechanical testing and FEM modelling<\/strong><\/td>\n<\/tr>\n<tr>\n<td width=\"102\"><strong>\u0160kolite\u013e<\/strong><\/td>\n<td width=\"512\"><em>MSc. Tam\u00e1s Csan\u00e1di, PhD.<\/em><\/td>\n<\/tr>\n<tr>\n<td width=\"102\"><strong>\u00a0<\/strong><\/td>\n<td width=\"512\">&nbsp;<\/p>\n<p>&nbsp;<\/td>\n<\/tr>\n<tr>\n<td width=\"102\"><strong>T\u00e9ma<\/strong><\/td>\n<td width=\"512\">N\u00e1vrh a synt\u00e9za entropicky stabilizovanej ultravysokoteplotnej keramiky s vynikaj\u00facou pevnos\u0165ou a\u00a0plasticitou<\/p>\n<p><strong>Design and synthesis of entropy-stabilized ultra-high temperature ceramics with superior strength and plasticity<\/strong><\/td>\n<\/tr>\n<tr>\n<td width=\"102\"><strong>\u0160kolite\u013e<\/strong><\/td>\n<td width=\"512\"><em>MSc. Tam\u00e1s Csan\u00e1di, PhD.<\/em><\/td>\n<\/tr>\n<tr>\n<td width=\"102\"><strong>\u00a0<\/strong><\/td>\n<td width=\"512\">&nbsp;<\/p>\n<p>&nbsp;<\/td>\n<\/tr>\n<tr>\n<td width=\"102\"><strong>T\u00e9ma<\/strong><\/td>\n<td width=\"512\">\u0160trukt\u00fara a vlastnosti bezolovnatej feroelektrickej keramiky<\/p>\n<p><strong>Structure and properties of lead-free ferroelectric ceramics<\/strong><\/td>\n<\/tr>\n<tr>\n<td width=\"102\"><strong>\u0160kolite\u013e<\/strong><\/td>\n<td width=\"512\"><em>RNDr. Vladim\u00edr Kova\u013e, DrSc.<\/em><\/td>\n<\/tr>\n<tr>\n<td width=\"102\"><strong>\u00a0<\/strong><\/td>\n<td width=\"512\">&nbsp;<\/p>\n<p>&nbsp;<\/td>\n<\/tr>\n<tr>\n<td width=\"102\"><strong>T\u00e9ma<\/strong><\/td>\n<td width=\"512\">Vlastnosti magneticky m\u00e4kk\u00fdch kompozitov na b\u00e1ze \u0161trukt\u00farne modifikovan\u00fdch feromagnet\u00edk<\/p>\n<p><strong>Properties of <\/strong><strong>soft <\/strong><strong>magnetic composites based on structurally modified ferromagnetics<\/strong><\/td>\n<\/tr>\n<tr>\n<td width=\"102\"><strong>\u0160kolite\u013e<\/strong><\/td>\n<td width=\"512\"><em>Ing. Radovan Bure\u0161, CSc.<\/em><\/td>\n<\/tr>\n<tr>\n<td width=\"102\"><strong>\u00a0<\/strong><\/td>\n<td width=\"512\"><em>\u00a0<\/em><\/p>\n<p><em>\u00a0<\/em><\/td>\n<\/tr>\n<tr>\n<td width=\"102\"><strong>T\u00e9ma<\/strong><\/td>\n<td width=\"512\">V\u00fdvoj ultra-vysokoteplotn\u00fdch karbidov so zv\u00fd\u0161enou oxida\u010dnou odolnos\u0165ou<\/p>\n<p><strong>Novel enhanced oxidation-resistant ultra-high temperature carbides<\/strong><\/td>\n<\/tr>\n<tr>\n<td width=\"102\"><strong>\u0160kolite\u013e<\/strong><\/td>\n<td width=\"512\"><em>Ing. Alexandra Koval\u010d\u00edkov\u00e1, PhD.<\/em><\/td>\n<\/tr>\n<\/tbody>\n<\/table>\n<p>&nbsp;<\/p>\n<p>\u00daMV SAV, v. v. i.\u00a0 ako extern\u00e1 vzdel\u00e1vacia in\u0161tit\u00facia v spolupr\u00e1ci\u00a0 s\u00a0Strojn\u00edckou fakultou Technickej univerzity v\u00a0Ko\u0161iciach pon\u00faka mo\u017enos\u0165\u00a0prihl\u00e1si\u0165 sa na doktorandsk\u00e9 \u0161t\u00fadium v \u0161tudijnom odbore: <span style=\"color: #ff0000;\"><strong>STROJ\u00c1RSTVO<\/strong><\/span> a \u0161tudijnom programe: <span style=\"color: #ff0000;\"><strong>STROJ\u00c1RSKE TECHNOL\u00d3GIE A MATERI\u00c1LY<\/strong><\/span><\/p>\n<p><strong>Uz\u00e1vierka prihl\u00e1\u0161ok<\/strong>: <strong>31. 5. 2026<\/strong><\/p>\n<p><strong>Term\u00edn prij\u00edmacieho konania: 12. 6. 2026<\/strong><\/p>\n<p>Zoznam v\u0161etk\u00fdch t\u00e9m doktorandsk\u00fdch dizerta\u010dn\u00fdch pr\u00e1c na FMMR TUKE a\u00a0\u010fal\u0161ie usmernenia n\u00e1jdete na:\u00a0https:\/\/sjf.tuke.sk\/sk\/podmienky-prijatia-pre-doktorandske-studijne-programy<\/p>\n<table>\n<tbody>\n<tr>\n<td colspan=\"2\" width=\"614\"><strong>Zoznam t\u00e9m doktorandsk\u00e9ho \u0161t\u00fadia \u2013 Strojn\u00edcka fakulta TUKE <\/strong><\/p>\n<p><strong>v\u00a0akademickom roku 2026\/2027<\/strong><\/p>\n<p><strong>\u00a0<\/strong><\/td>\n<\/tr>\n<tr>\n<td colspan=\"2\" width=\"614\"><strong>Extern\u00e1 vzdel\u00e1vacia in\u0161tit\u00facia: \u00dastav materi\u00e1lov\u00e9ho v\u00fdskumu SAV, v.v.i.<\/strong><\/p>\n<p><strong>\u00a0<\/strong><\/td>\n<\/tr>\n<tr>\n<td width=\"102\"><strong>T\u00e9ma<\/strong><\/td>\n<td width=\"512\">Vplyv procesn\u00fdch parametrov na funk\u010dn\u00e9 vlastnosti kompaktovan\u00fdch magnetick\u00fdch kompozitov<\/p>\n<p><strong>The influence of process parameters on the functional properties of compacted magnetic composites<\/strong><strong>\u00a0\u00a0\u00a0\u00a0\u00a0\u00a0\u00a0\u00a0\u00a0\u00a0\u00a0\u00a0\u00a0\u00a0\u00a0\u00a0\u00a0\u00a0\u00a0\u00a0\u00a0\u00a0\u00a0\u00a0\u00a0\u00a0\u00a0\u00a0\u00a0\u00a0\u00a0\u00a0\u00a0\u00a0\u00a0\u00a0\u00a0\u00a0\u00a0\u00a0\u00a0\u00a0\u00a0\u00a0\u00a0\u00a0\u00a0\u00a0\u00a0\u00a0\u00a0\u00a0\u00a0\u00a0\u00a0\u00a0\u00a0\u00a0\u00a0\u00a0\u00a0\u00a0\u00a0\u00a0\u00a0\u00a0\u00a0 <\/strong><\/td>\n<\/tr>\n<tr>\n<td width=\"102\"><strong>\u0160kolite\u013e<\/strong><\/td>\n<td width=\"512\"><em>Ing. Radovan Bure\u0161, CSc.<\/em><\/td>\n<\/tr>\n<\/tbody>\n<\/table>\n<p>&nbsp;<\/p>\n<p>&nbsp;<\/p>\n<p>&nbsp;<\/p>\n<table>\n<tbody>\n<tr>\n<td width=\"102\"><\/td>\n<td width=\"512\"><\/td>\n<\/tr>\n<tr>\n<td width=\"102\"><\/td>\n<td width=\"512\"><\/td>\n<\/tr>\n<tr>\n<td width=\"102\"><\/td>\n<td width=\"512\"><\/td>\n<\/tr>\n<tr>\n<td width=\"102\"><\/td>\n<td width=\"512\"><\/td>\n<\/tr>\n<tr>\n<td width=\"102\"><\/td>\n<td width=\"512\"><\/td>\n<\/tr>\n<tr>\n<td width=\"102\"><\/td>\n<td width=\"512\"><\/td>\n<\/tr>\n<tr>\n<td width=\"102\"><\/td>\n<td width=\"512\"><\/td>\n<\/tr>\n<tr>\n<td width=\"102\"><\/td>\n<td width=\"512\"><\/td>\n<\/tr>\n<tr>\n<td width=\"102\"><\/td>\n<td width=\"512\"><\/td>\n<\/tr>\n<tr>\n<td width=\"102\"><\/td>\n<td width=\"512\"><\/td>\n<\/tr>\n<tr>\n<td width=\"102\"><\/td>\n<td width=\"512\"><\/td>\n<\/tr>\n<tr>\n<td width=\"102\"><\/td>\n<td width=\"512\"><\/td>\n<\/tr>\n<tr>\n<td width=\"102\"><\/td>\n<td width=\"512\"><\/td>\n<\/tr>\n<tr>\n<td width=\"102\"><\/td>\n<td width=\"512\"><\/td>\n<\/tr>\n<tr>\n<td width=\"102\"><\/td>\n<td width=\"512\"><\/td>\n<\/tr>\n<tr>\n<td width=\"102\"><\/td>\n<td width=\"512\"><\/td>\n<\/tr>\n<tr>\n<td width=\"102\"><\/td>\n<td width=\"512\"><\/td>\n<\/tr>\n<tr>\n<td width=\"102\"><\/td>\n<td width=\"512\"><\/td>\n<\/tr>\n<tr>\n<td width=\"102\"><\/td>\n<td width=\"512\"><\/td>\n<\/tr>\n<tr>\n<td width=\"102\"><\/td>\n<td width=\"512\"><\/td>\n<\/tr>\n<tr>\n<td width=\"102\"><\/td>\n<td width=\"512\"><\/td>\n<\/tr>\n<tr>\n<td width=\"102\"><\/td>\n<td width=\"512\"><\/td>\n<\/tr>\n<tr>\n<td width=\"102\"><\/td>\n<td width=\"512\"><\/td>\n<\/tr>\n<tr>\n<td width=\"102\"><\/td>\n<td width=\"512\"><\/td>\n<\/tr>\n<tr>\n<td width=\"102\"><\/td>\n<td width=\"512\"><\/td>\n<\/tr>\n<tr>\n<td width=\"102\"><\/td>\n<td width=\"512\"><\/td>\n<\/tr>\n<tr>\n<td width=\"102\"><\/td>\n<td width=\"512\"><\/td>\n<\/tr>\n<tr>\n<td width=\"102\"><\/td>\n<td width=\"512\"><\/td>\n<\/tr>\n<tr>\n<td width=\"102\"><\/td>\n<td width=\"512\"><\/td>\n<\/tr>\n<tr>\n<td width=\"102\"><\/td>\n<td width=\"512\"><\/td>\n<\/tr>\n<tr>\n<td width=\"102\"><\/td>\n<td width=\"512\"><\/td>\n<\/tr>\n<tr>\n<td width=\"102\"><\/td>\n<td width=\"512\"><\/td>\n<\/tr>\n<tr>\n<td width=\"102\"><\/td>\n<td width=\"512\"><\/td>\n<\/tr>\n<tr>\n<td width=\"102\"><\/td>\n<td width=\"512\"><\/td>\n<\/tr>\n<tr>\n<td width=\"102\"><\/td>\n<td width=\"512\"><\/td>\n<\/tr>\n<tr>\n<td width=\"102\"><\/td>\n<td width=\"512\"><\/td>\n<\/tr>\n<\/tbody>\n<\/table>\n<p>&nbsp;<\/p>\n<p>&nbsp;<\/p>\n<table>\n<tbody>\n<tr>\n<td width=\"102\"><\/td>\n<td width=\"512\"><\/td>\n<\/tr>\n<tr>\n<td width=\"102\"><\/td>\n<td width=\"512\"><\/td>\n<\/tr>\n<tr>\n<td width=\"102\"><\/td>\n<td width=\"512\"><\/td>\n<\/tr>\n<tr>\n<td width=\"102\"><\/td>\n<td width=\"512\"><\/td>\n<\/tr>\n<tr>\n<td width=\"102\"><\/td>\n<td width=\"512\"><\/td>\n<\/tr>\n<tr>\n<td width=\"102\"><\/td>\n<td width=\"512\"><\/td>\n<\/tr>\n<tr>\n<td width=\"102\"><\/td>\n<td width=\"512\"><\/td>\n<\/tr>\n<tr>\n<td width=\"102\"><\/td>\n<td width=\"512\"><\/td>\n<\/tr>\n<tr>\n<td width=\"102\"><\/td>\n<td width=\"512\"><\/td>\n<\/tr>\n<tr>\n<td width=\"102\"><\/td>\n<td width=\"512\"><\/td>\n<\/tr>\n<tr>\n<td width=\"102\"><\/td>\n<td width=\"512\"><\/td>\n<\/tr>\n<tr>\n<td width=\"102\"><\/td>\n<td width=\"512\"><\/td>\n<\/tr>\n<tr>\n<td width=\"102\"><\/td>\n<td width=\"512\"><\/td>\n<\/tr>\n<tr>\n<td width=\"102\"><\/td>\n<td width=\"512\"><\/td>\n<\/tr>\n<tr>\n<td width=\"102\"><\/td>\n<td width=\"512\"><\/td>\n<\/tr>\n<tr>\n<td width=\"102\"><\/td>\n<td width=\"512\"><\/td>\n<\/tr>\n<tr>\n<td width=\"102\"><\/td>\n<td width=\"512\"><\/td>\n<\/tr>\n<tr>\n<td width=\"102\"><\/td>\n<td width=\"512\"><\/td>\n<\/tr>\n<tr>\n<td width=\"102\"><\/td>\n<td width=\"512\"><\/td>\n<\/tr>\n<tr>\n<td width=\"102\"><\/td>\n<td width=\"512\"><\/td>\n<\/tr>\n<tr>\n<td width=\"102\"><\/td>\n<td width=\"512\"><\/td>\n<\/tr>\n<tr>\n<td width=\"102\"><\/td>\n<td width=\"512\"><\/td>\n<\/tr>\n<tr>\n<td width=\"102\"><\/td>\n<td width=\"512\"><\/td>\n<\/tr>\n<tr>\n<td width=\"102\"><strong>\u00a0<\/strong><\/td>\n<td width=\"512\"><em>\u00a0<\/em><\/td>\n<\/tr>\n<tr>\n<td width=\"102\"><\/td>\n<td width=\"512\"><\/td>\n<\/tr>\n<tr>\n<td width=\"102\"><\/td>\n<td width=\"512\"><\/td>\n<\/tr>\n<tr>\n<td width=\"102\"><\/td>\n<td width=\"512\"><\/td>\n<\/tr>\n<tr>\n<td width=\"102\"><\/td>\n<td width=\"512\"><\/td>\n<\/tr>\n<tr>\n<td width=\"102\"><\/td>\n<td width=\"512\"><\/td>\n<\/tr>\n<tr>\n<td width=\"102\"><strong>\u00a0<\/strong><\/td>\n<td width=\"512\"><\/td>\n<\/tr>\n<tr>\n<td width=\"102\"><\/td>\n<td width=\"512\"><\/td>\n<\/tr>\n<tr>\n<td width=\"102\"><\/td>\n<td width=\"512\"><\/td>\n<\/tr>\n<\/tbody>\n<\/table>\n<p>&nbsp;<\/p>\n<p>&nbsp;<\/p>\n<p>&nbsp;<\/p>\n<p>&nbsp;<\/p>\n<p>&nbsp;<\/p>\n","protected":false},"excerpt":{"rendered":"<p>Podmienky pre prijatie na D\u0160: Prihl\u00e1\u0161ka na doktorandsk\u00e9 \u0161t\u00fadium so v\u0161etk\u00fdmi n\u00e1le\u017eitos\u0165ami (\u017eivotopis, doklad o ukon\u010den\u00ed 2. stup\u0148a vysoko\u0161kolsk\u00e9ho vzdel\u00e1vania, at\u010f.) sa pod\u00e1va v elektronickej&#8230;<\/p>\n","protected":false},"author":1,"featured_media":0,"parent":0,"menu_order":30,"comment_status":"closed","ping_status":"closed","template":"","meta":{"footnotes":""},"class_list":["post-45","page","type-page","status-publish","hentry"],"_links":{"self":[{"href":"https:\/\/websrv.saske.sk\/imr\/wp-json\/wp\/v2\/pages\/45","targetHints":{"allow":["GET"]}}],"collection":[{"href":"https:\/\/websrv.saske.sk\/imr\/wp-json\/wp\/v2\/pages"}],"about":[{"href":"https:\/\/websrv.saske.sk\/imr\/wp-json\/wp\/v2\/types\/page"}],"author":[{"embeddable":true,"href":"https:\/\/websrv.saske.sk\/imr\/wp-json\/wp\/v2\/users\/1"}],"replies":[{"embeddable":true,"href":"https:\/\/websrv.saske.sk\/imr\/wp-json\/wp\/v2\/comments?post=45"}],"version-history":[{"count":77,"href":"https:\/\/websrv.saske.sk\/imr\/wp-json\/wp\/v2\/pages\/45\/revisions"}],"predecessor-version":[{"id":2327,"href":"https:\/\/websrv.saske.sk\/imr\/wp-json\/wp\/v2\/pages\/45\/revisions\/2327"}],"wp:attachment":[{"href":"https:\/\/websrv.saske.sk\/imr\/wp-json\/wp\/v2\/media?parent=45"}],"curies":[{"name":"wp","href":"https:\/\/api.w.org\/{rel}","templated":true}]}}