{"id":2316,"date":"2026-02-09T09:58:30","date_gmt":"2026-02-09T08:58:30","guid":{"rendered":"https:\/\/websrv.saske.sk\/imr\/?page_id=2316"},"modified":"2026-03-16T11:36:56","modified_gmt":"2026-03-16T10:36:56","slug":"vedecke-monografie-a-vyznamne-publikacie","status":"publish","type":"page","link":"https:\/\/websrv.saske.sk\/imr\/vedecke-monografie-a-vyznamne-publikacie\/","title":{"rendered":"Vedeck\u00e9 monografie a v\u00fdznamn\u00e9 publik\u00e1cie"},"content":{"rendered":"<p><span style=\"color: #ff0000;\"><strong>MONOGRAFIE<\/strong><\/span><\/p>\n<p><a href=\"https:\/\/websrv.saske.sk\/imr\/wp-content\/uploads\/2026\/02\/Mathematical-Models-of-Stresses-in-Materials-2025.pdf\">Mathematical Models of Stresses in Materials-2025<\/a><\/p>\n<p><a href=\"https:\/\/websrv.saske.sk\/imr\/wp-content\/uploads\/2026\/02\/Phase-Transformation-Stresses-in-Composite-Materials-I-2024.pdf\">Phase-Transformation Stresses in Composite Materials I-2024<\/a><\/p>\n<p><a href=\"https:\/\/websrv.saske.sk\/imr\/wp-content\/uploads\/2026\/02\/Thermal-Stresses-Field-Interactions-in-Composite-Materials-I-2024.pdf\">Thermal-Stresses-Field Interactions in Composite Materials I-2024<\/a><\/p>\n<p><a href=\"https:\/\/websrv.saske.sk\/imr\/wp-content\/uploads\/2026\/02\/Thermal-Stresses-in-Composites-with-Ellipsoidal-Inclusions-II-2024.pdf\">Thermal Stresses in Composites with Ellipsoidal Inclusions II-2024<\/a><\/p>\n<p><a href=\"https:\/\/websrv.saske.sk\/imr\/wp-content\/uploads\/2026\/02\/Thermal-Stresses-Field-Interactions-in-Composite-Materials-III-2024.pdf\">Thermal-Stresses-Field Interactions in Composite Materials III-2024<\/a><\/p>\n<p><a href=\"https:\/\/websrv.saske.sk\/imr\/wp-content\/uploads\/2026\/02\/Thermal-Stresses-in-Composites-with-Ellipsoidal-Inclusions-2023.pdf\">Thermal Stresses in Composites with Ellipsoidal Inclusions-2023<\/a><\/p>\n<p>MEDVECK\u00dd, \u013dubom\u00edr a kol.: Biomateri\u00e1ly na b\u00e1ze fosfore\u010dnanov v\u00e1penat\u00fdch &#8211; vlastnosti a aplik\u00e1cie. Bratislava : Veda, 2024. 220 s. ISBN 978-80-224-2068-6\u00a0 www.veda.sav.sk<\/p>\n<p>&nbsp;<\/p>\n<p><span style=\"color: #ff0000;\"><strong>Nature index 2024<\/strong><\/span><\/p>\n<ol>\n<li>SHI, Y. &#8211; <strong>KOVA\u013d, Vladim\u00edr<\/strong> &#8211; JIA, Chenglong. Dynamic magnetoelectric effect in bismuth-layer structured aurivillius ceramics. In <em>Applied Physics Letters<\/em>, 2024, vol. 124, art. no. 182903-1 &#8211; 182903-7. ISSN 0003-6951. Dostupn\u00e9 na: <span style=\"color: #ff6600;\">https:\/\/doi.org\/10.1063\/5.0209767<\/span><\/li>\n<\/ol>\n<p><strong><span style=\"color: #ff0000;\">Nature index 2025<\/span> <\/strong><\/p>\n<ol>\n<li>WU, Zixuan &#8211; HU, Wanting &#8211; BANERJEE, Krishnarjun &#8211; <strong><u>KOVA\u013d, Vladim\u00edr<\/u><\/strong> &#8211; YAN, Haixue &#8211; ZHANG, Man. Boosting the electrocaloric effect with broad working temperature span in lead-free relaxor ferroelectrics through disorder modulation. In <em>Applied Physics Letters<\/em>, 2025, vol. 127, art. no. 122903. ISSN 0003-6951. Dostupn\u00e9 na: <a href=\"https:\/\/doi.org\/10.1063\/5.0289139\">https:\/\/doi.org\/10.1063\/5.0289139<\/a><\/li>\n<\/ol>\n<ol start=\"2\">\n<li>ZHANG, Man &#8211; SHI, Y. &#8211; <strong><u>KOVA\u013d, Vladim\u00edr<\/u> <\/strong>&#8211; YUE, Yajun &#8211; WU, Zixuan &#8211; WU, Yongyi &#8211; ZHOU, Yuqing &#8211; LI, Tao &#8211; JIA, Chenglong &#8211; YAN, Haixue. Direct magnetoelectric coupling from magnetically\/ferroelectrically active cation in low-symmetry octahedron. In <em>Physical Review B<\/em>, 2025, vol. 112, art. no. 054423. ISSN 1550-235X. Dostupn\u00e9 na: <a href=\"https:\/\/doi.org\/10.1103\/h4kv-qszp\">https:\/\/doi.org\/10.1103\/h4kv-qszp<\/a><\/li>\n<\/ol>\n<p><span style=\"color: #ff0000;\"><strong>Publik\u00e1cie s decilom 1 (D1) 2024<\/strong><\/span><\/p>\n<ol>\n<li>CAO, Jun &#8211; YANG, Bin &#8211; SMITH, Graham &#8211; MAHAJAN, Amit &#8211; ZHANG, Hangfeng &#8211; LIN, Yunyin &#8211; YU, Chuying &#8211; <strong>KOVA\u013d, Vladim\u00edr<\/strong> &#8211; ZHANG, Dou &#8211; SHI, Y. &#8211; JIA, Chenglong &#8211; VIOLA, Giusuppe. Establishing room-temperature multiferroic behaviour in bismuth-based perovskites. In <em>Materials and Design<\/em>, 2024, vol. 248, art. no. 113498. ISSN 0261-3069. Dostupn\u00e9 na: <span style=\"color: #ff6600;\">https:\/\/doi.org\/10.1016\/j.matdes.2024.113498<\/span><\/li>\n<\/ol>\n<p><strong><span style=\"color: #ff0000;\">Publik\u00e1cie s decilom 1 (D1) 2025<\/span><\/strong><\/p>\n<ol>\n<li>HU, Zimeng &#8211; STENNING, Gavin B.G. &#8211; ZHANG, Hangfeng &#8211; SHI, Y. &#8211; <strong>KOVA\u013d, Vladim\u00edr<\/strong> &#8211; HU, Wanting &#8211; ZHOU, Zhiyong &#8211; JIA, Chenglong &#8211; ABRAHAMS, Isaac &#8211; YAN, Haixue. Non-volatile voltage-controlled magnetization in single-phase multiferroic ceramics at room temperature. In <em>Journal of Materiomics<\/em>, 2025, vol. 11, art. no. 100857. ISSN 2352-8478. Dostupn\u00e9 na: <a href=\"https:\/\/doi.org\/10.1016\/j.jmat.2024.03.003\">https:\/\/doi.org\/10.1016\/j.jmat.2024.03.003<\/a><\/li>\n<li>WANG, Bowen &#8211; <strong>KOVA\u013d, Vladim\u00edr<\/strong> &#8211; VIOLA, Giusuppe &#8211; ERIKSSON, Mirva &#8211; WU, Zixuan &#8211; REECE, Michael J. &#8211; HALL, David A. &#8211; WANG, Ge &#8211; YAN, Haixue. Investigation of electric field-induced phase transitions in unfilled tungsten bronze relaxor ceramics designed by the high entropy concept. In <em>Acta Materialia<\/em>, 2025, vol. 284, art. no. 120593. ISSN 1359-6454. Dostupn\u00e9 na: <a href=\"https:\/\/doi.org\/10.1016\/j.actamat.2024.120593\">https:\/\/doi.org\/10.1016\/j.actamat.2024.120593<\/a><\/li>\n<li>WANG, Y. &#8211; CHENG, Zanlin &#8211; <strong>GIRMAN, Vladim\u00edr &#8211; SEDL\u00c1K, Richard &#8211; DUSZA, J\u00e1n<\/strong> &#8211; REECE, Michael J. &#8211; ZHANG, Chengyu. High-temperature compressive behaviour and failure mechanism of high entropy carbides modified by Cr addition. In <em>Materials Science and Engineering A &#8211; Structural Materials Properties Microstructure and Processing<\/em>, 2025, vol. 920, art. no. 147532. ISSN 0921-5093. Dostupn\u00e9 na: <a href=\"https:\/\/doi.org\/10.1016\/j.msea.2024.147532\">https:\/\/doi.org\/10.1016\/j.msea.2024.147532<\/a><\/li>\n<li><strong>BURE\u0160, Radovan<\/strong> &#8211; MILYUTIN, Vasily &#8211; <strong>F\u00c1BEROV\u00c1, M\u00e1ria<\/strong> &#8211; <strong>BIR\u010c\u00c1KOV\u00c1, Zuzana<\/strong> &#8211; KOLL\u00c1R, P. &#8211; F\u00dcZER, J. The first experimentally obtained dataset on processing parameters and properties of soft magnetic composites. In <em>Scientific Data<\/em>, 2025, vol. 12, art. no. 8. ISSN 2052-4463. Dostupn\u00e9 na: <a href=\"https:\/\/doi.org\/10.1038\/s41597-024-04286-w\">https:\/\/doi.org\/10.1038\/s41597-024-04286-w<\/a><\/li>\n<li><strong>EFREMENKO, Vasily G<\/strong>. &#8211; LEKATOU, Angeliki G. &#8211; EFREMENKO, B.V. &#8211; <strong>CHABAK, Yuliia &#8211; PETRYSHYNETS, Ivan<\/strong> &#8211; MARGARITI, D. &#8211; EMMANOUILIDOU, S. &#8211; <strong>PUCH\u00dd, Viktor<\/strong>. Laser beam surface modification of additively manufactured Ni-based superalloy: Correlations of microstructure and tribological\/corrosion properties. In <em>Journal of Materials Research and Technology-JMR&amp;T<\/em>, 2025, vol. 35, p. 4390-4411. ISSN 2238-7854. Dostupn\u00e9 na: <a href=\"https:\/\/doi.org\/10.1016\/j.jmrt.2025.02.063\">https:\/\/doi.org\/10.1016\/j.jmrt.2025.02.063<\/a><\/li>\n<li>TANG, Xuyao &#8211; HU, Zimeng &#8211; <strong>KOVA\u013d, Vladim\u00edr<\/strong> &#8211; BAXTER, Harry &#8211; ERIKSSON, Mirva &#8211; WHITELEY, Richard M. &#8211; BANERJEE, Krishnarjun &#8211; VIOLA, Giusuppe &#8211; YANG, Bin** &#8211; YAN, Haixue. Relationships between structure and properties in commercial lead zirconate titanate (PZT) piezoceramics. In <em>Journal of Materiomics<\/em>, 2025, vol. 11, art. no. 101052. ISSN 2352-8478. Dostupn\u00e9 na: <a href=\"https:\/\/doi.org\/10.1016\/j.jmat.2025.101052\">https:\/\/doi.org\/10.1016\/j.jmat.2025.101052<\/a><\/li>\n<li>O\u00b4MALLEY, Ciaran Joseph &#8211; TANG, Xuyao &#8211; <strong>KOVA\u013d, Vladim\u00edr<\/strong> &#8211; CHEN, Kan &#8211; WU, Zixuan &#8211; BANERJEE, Krishnarjun &#8211; HU, Wanting &#8211; YAN, Haixue. Unveiling the mechanism of substitution-induced high piezoelectric performance in PLZT ceramics. In <em>Journal of Advanced Ceramics<\/em>, 2025, vol. 14, no. 7, art no. 9221097. ISSN 2226-4108. Dostupn\u00e9 na: <a href=\"https:\/\/doi.org\/10.26599\/JAC.2025.9221097\">https:\/\/doi.org\/10.26599\/JAC.2025.9221097<\/a><\/li>\n<li><strong>MEDVE\u010e, D\u00e1vid &#8211; ANDREJOVSK\u00c1, Jana<\/strong> &#8211; ZHOU, Yu-Zhang &#8211; LIU, Yang &#8211; GUO, Wei-Ming &#8211; <strong>VOJTKO, Marek &#8211; PETRU\u0160, Ondrej<\/strong> &#8211; LIN, Hua-Tay &#8211; <strong>DUSZA, J\u00e1n<\/strong>. Exceptionally wear resistant (W0.2Mo0.2Ta0.2Nb0.2Ti0.2)(C0.75N0.25) high entropy carbonitride. In <em>Journal of Advanced Ceramics<\/em>, 2025, vol. 14, no. 8, art. no. 9221127. ISSN 2226-4108. Dostupn\u00e9 na: <a href=\"https:\/\/doi.org\/10.26599\/JAC.2025.9221127\">https:\/\/doi.org\/10.26599\/JAC.2025.9221127<\/a><\/li>\n<li>UEDA, Tatsuya &#8211; YOSHIDA, Shuhei &#8211; DANGWAL, Shivam &#8211; GONDEK, Lukasz &#8211; FUKAMI, Kazuhiro &#8211; KU\u010cEROV\u00c1, L. &#8211; <strong>SAKSL, Karel<\/strong> &#8211; EDALATI, Kaveh &#8211; TSUJI, Nobuhiro. Effect of lattice defects on hydrogen storage properties of HfNbTiZr medium entropy alloy. In <em>International Journal of Hydrogen Energy<\/em>, 2025, vol. 155, art. no. 150292. ISSN 0360-3199. Dostupn\u00e9 na: <a href=\"https:\/\/doi.org\/10.1016\/j.ijhydene.2025.150292\">https:\/\/doi.org\/10.1016\/j.ijhydene.2025.150292<\/a><\/li>\n<li><strong>ZALKA, D\u00f3ra<\/strong> &#8211; VIZINTIN, Alen &#8211; MAXIMENKO, Alexey &#8211; P\u00c1SZTI, Z. &#8211; DANKH\u00c1ZI, Zolt\u00e1n &#8211; HEGED\u00dcS, Krist\u00f3f &#8211; SHANKAR LAKSHMI, Shiva &#8211; KUN, Robert &#8211; <strong>SAKSL, Karel<\/strong> &#8211; STRAKOV\u00c1 FEDORKOV\u00c1, Andrea &#8211; J\u00d3V\u00c1RI, P. Improving lithium-sulfur battery performance using a polysaccharide binder derived from red algae. In <em>Communications materials<\/em>, 2025, vol. 6, art. no. 17.\u00a0 ISSN 2662-4443. Dostupn\u00e9 na: <a href=\"https:\/\/doi.org\/10.1038\/s43246-025-00734-1\">https:\/\/doi.org\/10.1038\/s43246-025-00734-1<\/a><\/li>\n<li>HUSSAIN, Akbar &#8211; ASIM, Muhammad &#8211; <strong>STRE\u010cKOV\u00c1, Magdal\u00e9na<\/strong> &#8211; AYKUT, Yasemin &#8211; BAYRAKCEKEN, Ayse &#8211; ORI\u0147AKOV\u00c1, Ren\u00e1ta &#8211; JANJUA, Naveed Kausar. Unraveling thermodynamics and bifunctional catalytic activity of Ni-doped LiCoPO4 for efficient alkaline water splitting. In <em>International Journal of Hydrogen Energy<\/em>, 2025, vol. 159, art. no. 150582. ISSN 0360-3199. Dostupn\u00e9 na: <a href=\"https:\/\/doi.org\/10.1016\/j.ijhydene.2025.150582\">https:\/\/doi.org\/10.1016\/j.ijhydene.2025.150582<\/a><\/li>\n<li>TANG, Xuyao &#8211; HU, Wanting &#8211; <strong>KOVA\u013d, Vladim\u00edr<\/strong> &#8211; ZENG, Jiangtao &#8211; VIOLA, Giusuppe &#8211; YAN, Haixue. Effect of samarium doping on the energy storage properties of bismuth sodium titanate-based lead-free ceramics. In <em>ACS Applied Materials &amp; Interfaces<\/em>, 2025, vol. 17, p. 53780-53790. ISSN 1944-8244. Dostupn\u00e9 na: <a href=\"https:\/\/doi.org\/10.1021\/acsami.5c12016\">https:\/\/doi.org\/10.1021\/acsami.5c12016<\/a><\/li>\n<li>HAGAROV\u00c1, M\u00e1ria &#8211; PETERKA, Pavel &#8211; BARANOV\u00c1, Gabriela &#8211; FUJDA, Martin &#8211; <strong>CS\u00cdK, D\u00e1vid<\/strong> &#8211; VASKOV\u00c1, I. &#8211; LENGVARSK\u00dd, Pavol &#8211; <strong>PETRYSHYNETS, Ivan<\/strong>. Role of residual stress in the failure of the bend of superheater Cr-Mo steel tube working in high-temperature conditions. In <em>Engineering Failure Analysis<\/em>, 2025, vol. 167, art. no. 109018. ISSN 1350-6307. Dostupn\u00e9 na: <a href=\"https:\/\/doi.org\/10.1016\/j.engfailanal.2024.109018\">https:\/\/doi.org\/10.1016\/j.engfailanal.2024.109018<\/a><\/li>\n<li><strong>STRE\u010cKOV\u00c1, Magdal\u00e9na<\/strong> &#8211; FEDORO\u010cKOV\u00c1, Alena &#8211; GUB\u00d3OV\u00c1, Alexandra\u00a0 &#8211; SU\u010cIK, Gabriel &#8211; <strong>GIRMAN, Vladim\u00edr<\/strong> &#8211; HUSSAIN, Akbar &#8211; VOROCHTA, Michael &#8211; STRE\u010cKA, Jozef &#8211; BYSTRON, Tomas. Synthesis of hollow spherical phosphide catalysts with industrial-scale potential for alkaline hydrogen evolution reaction. In <em>ACS Applied Materials &amp; Interfaces<\/em>, 2025, vol. 17, p. 54749-54760. ISSN 1944-8244. Dostupn\u00e9 na: <span style=\"color: #ff6600;\">https:\/\/doi.org\/10.1021\/acsami.5c11704<\/span><\/li>\n<\/ol>\n<p>&nbsp;<\/p>\n<p>&nbsp;<\/p>\n<p>&nbsp;<\/p>\n","protected":false},"excerpt":{"rendered":"<p>MONOGRAFIE Mathematical Models of Stresses in Materials-2025 Phase-Transformation Stresses in Composite Materials I-2024 Thermal-Stresses-Field Interactions in Composite Materials I-2024 Thermal Stresses in Composites with Ellipsoidal&#8230;<\/p>\n","protected":false},"author":1,"featured_media":0,"parent":0,"menu_order":0,"comment_status":"closed","ping_status":"closed","template":"","meta":{"footnotes":""},"class_list":["post-2316","page","type-page","status-publish","hentry"],"_links":{"self":[{"href":"https:\/\/websrv.saske.sk\/imr\/wp-json\/wp\/v2\/pages\/2316","targetHints":{"allow":["GET"]}}],"collection":[{"href":"https:\/\/websrv.saske.sk\/imr\/wp-json\/wp\/v2\/pages"}],"about":[{"href":"https:\/\/websrv.saske.sk\/imr\/wp-json\/wp\/v2\/types\/page"}],"author":[{"embeddable":true,"href":"https:\/\/websrv.saske.sk\/imr\/wp-json\/wp\/v2\/users\/1"}],"replies":[{"embeddable":true,"href":"https:\/\/websrv.saske.sk\/imr\/wp-json\/wp\/v2\/comments?post=2316"}],"version-history":[{"count":12,"href":"https:\/\/websrv.saske.sk\/imr\/wp-json\/wp\/v2\/pages\/2316\/revisions"}],"predecessor-version":[{"id":2341,"href":"https:\/\/websrv.saske.sk\/imr\/wp-json\/wp\/v2\/pages\/2316\/revisions\/2341"}],"wp:attachment":[{"href":"https:\/\/websrv.saske.sk\/imr\/wp-json\/wp\/v2\/media?parent=2316"}],"curies":[{"name":"wp","href":"https:\/\/api.w.org\/{rel}","templated":true}]}}