{"id":2287,"date":"2025-11-06T09:23:54","date_gmt":"2025-11-06T08:23:54","guid":{"rendered":"https:\/\/websrv.saske.sk\/imr\/?page_id=2287"},"modified":"2025-11-06T09:23:54","modified_gmt":"2025-11-06T08:23:54","slug":"program-na-podporu-aplikovaneho-vyskumu-a-inovacii-theta-2","status":"publish","type":"page","link":"https:\/\/websrv.saske.sk\/imr\/strukturalne-fondy\/program-na-podporu-aplikovaneho-vyskumu-a-inovacii-theta-2\/","title":{"rendered":"Program na podporu aplikovan\u00e9ho v\u00fdskumu a inov\u00e1ci\u00ed TH\u00c9TA 2"},"content":{"rendered":"<p><a href=\"https:\/\/www.rti.zcu.cz\/cs\/Research\/Projects\/THETA_HASTE\" target=\"_blank\" rel=\"noopener\"><img loading=\"lazy\" decoding=\"async\" class=\"aligncenter wp-image-2285 size-full\" src=\"https:\/\/websrv.saske.sk\/imr\/wp-content\/uploads\/2025\/11\/LOGOLINK_THETA2_R.png\" alt=\"\" width=\"1684\" height=\"459\" srcset=\"https:\/\/websrv.saske.sk\/imr\/wp-content\/uploads\/2025\/11\/LOGOLINK_THETA2_R.png 1684w, https:\/\/websrv.saske.sk\/imr\/wp-content\/uploads\/2025\/11\/LOGOLINK_THETA2_R-300x82.png 300w, https:\/\/websrv.saske.sk\/imr\/wp-content\/uploads\/2025\/11\/LOGOLINK_THETA2_R-1024x279.png 1024w, https:\/\/websrv.saske.sk\/imr\/wp-content\/uploads\/2025\/11\/LOGOLINK_THETA2_R-768x209.png 768w, https:\/\/websrv.saske.sk\/imr\/wp-content\/uploads\/2025\/11\/LOGOLINK_THETA2_R-1536x419.png 1536w\" sizes=\"auto, (max-width: 1684px) 100vw, 1684px\" \/><\/a><\/p>\n<p>Poskytovate\u013e podpory: Technologick\u00e1 agentura \u010cR<\/p>\n<p>Program: TS \u2013 Program na podporu aplikovan\u00e9ho v\u00fdzkumu a inovac\u00ed TH\u00c9TA 2<\/p>\n<p>Podprogram: Podprogram 3 \u2013 Technologie k zaji\u0161t\u011bn\u00ed dlouhodob\u00e9 udr\u017eitelnosti energetiky<\/p>\n<p>Verejn\u00e1 s\u00fa\u0165a\u017e: 2. ve\u0159ejn\u00e1 sout\u011b\u017e Programu na podporu aplikovan\u00e9ho v\u00fdzkumu a inovac\u00ed TH\u00c9TA 2<\/p>\n<p>Doba rie\u0161enia: 07\/2025 \u2013 12\/2030<\/p>\n<p>K\u00f3d projektu: TS02030229<\/p>\n<p>N\u00e1zov projektu: Vysoce entropick\u00e9 slitiny pro udr\u017eiteln\u00e9 a \u00fa\u010dinn\u00e9 vod\u00edkov\u00e9 technologie<\/p>\n<p>Hlavn\u00fd pr\u00edjemca: Z\u00e1pado\u010desk\u00e1 univerzita v Plzni<\/p>\n<p>\u010eal\u0161\u00ed \u00fa\u010dastn\u00edci: Vysok\u00e1 \u0161kola technick\u00e1 a ekonomick\u00e1 v \u010cesk\u00fdch Bud\u011bjovic\u00edch, \u00dastav materi\u00e1lov\u00e9ho v\u00fdskumu SAV, v. v. i.<\/p>\n<p>C\u00edlem projektu je p\u0159\u00edprava vysoce-entropick\u00fdch slitin vhodn\u00fdch pro skladov\u00e1n\u00ed vod\u00edku. Slitiny budou p\u0159ipravov\u00e1ny lit\u00edm velmi mal\u00fdch taveb a mechanick\u00fdm legov\u00e1n\u00edm (vysoce energetick\u00fdm mlet\u00edm). Proces lit\u00ed mal\u00fdch taveb umo\u017en\u00ed rychl\u00e9 testov\u00e1n\u00ed \u0161ir\u0161\u00ed \u0161k\u00e1ly koncentrac\u00ed slitin, proto\u017ee nen\u00ed tak \u010dasov\u011b n\u00e1ro\u010dn\u00fd a nevy\u017eaduje komplexn\u00ed optimalizaci parametr\u016f p\u0159\u00edpravy, jako mechanick\u00e9 legov\u00e1n\u00ed. Vysoce energetick\u00e9 mlet\u00ed bude pou\u017eito tak\u00e9 pro mechanickou aktivaci odlit\u00fdch a n\u00e1sledn\u011b rozdrcen\u00fdch materi\u00e1l\u016f. Po celou dobu trv\u00e1n\u00ed projekt budou rovn\u011b\u017e prob\u00edhat pr\u016fb\u011b\u017en\u00e9 anal\u00fdzy mikrostruktury, chemick\u00e9ho a f\u00e1zov\u00e9ho slo\u017een\u00ed p\u0159ipraven\u00fdch materi\u00e1l\u016f a anal\u00fdzy sorp\u010dn\u00edch schopnost\u00ed, v\u010detn\u011b cyklick\u00fdch test\u016f adsorpce a desorpce. Do v\u00fdzkumu a v\u00fdvoje slitin bude aktivn\u011b zapojena um\u011bl\u00e1 inteligence.<\/p>\n","protected":false},"excerpt":{"rendered":"<p>Poskytovate\u013e podpory: Technologick\u00e1 agentura \u010cR Program: TS \u2013 Program na podporu aplikovan\u00e9ho v\u00fdzkumu a inovac\u00ed TH\u00c9TA 2 Podprogram: Podprogram 3 \u2013 Technologie k zaji\u0161t\u011bn\u00ed dlouhodob\u00e9&#8230;<\/p>\n","protected":false},"author":1,"featured_media":0,"parent":1667,"menu_order":0,"comment_status":"closed","ping_status":"closed","template":"","meta":{"footnotes":""},"class_list":["post-2287","page","type-page","status-publish","hentry"],"_links":{"self":[{"href":"https:\/\/websrv.saske.sk\/imr\/wp-json\/wp\/v2\/pages\/2287","targetHints":{"allow":["GET"]}}],"collection":[{"href":"https:\/\/websrv.saske.sk\/imr\/wp-json\/wp\/v2\/pages"}],"about":[{"href":"https:\/\/websrv.saske.sk\/imr\/wp-json\/wp\/v2\/types\/page"}],"author":[{"embeddable":true,"href":"https:\/\/websrv.saske.sk\/imr\/wp-json\/wp\/v2\/users\/1"}],"replies":[{"embeddable":true,"href":"https:\/\/websrv.saske.sk\/imr\/wp-json\/wp\/v2\/comments?post=2287"}],"version-history":[{"count":1,"href":"https:\/\/websrv.saske.sk\/imr\/wp-json\/wp\/v2\/pages\/2287\/revisions"}],"predecessor-version":[{"id":2288,"href":"https:\/\/websrv.saske.sk\/imr\/wp-json\/wp\/v2\/pages\/2287\/revisions\/2288"}],"up":[{"embeddable":true,"href":"https:\/\/websrv.saske.sk\/imr\/wp-json\/wp\/v2\/pages\/1667"}],"wp:attachment":[{"href":"https:\/\/websrv.saske.sk\/imr\/wp-json\/wp\/v2\/media?parent=2287"}],"curies":[{"name":"wp","href":"https:\/\/api.w.org\/{rel}","templated":true}]}}