{"id":2280,"date":"2025-11-04T10:58:52","date_gmt":"2025-11-04T09:58:52","guid":{"rendered":"https:\/\/websrv.saske.sk\/imr\/?page_id=2280"},"modified":"2025-11-04T11:04:16","modified_gmt":"2025-11-04T10:04:16","slug":"archiv","status":"publish","type":"page","link":"https:\/\/websrv.saske.sk\/imr\/dokumenty\/archiv\/","title":{"rendered":"Arch\u00edv"},"content":{"rendered":"<p><strong>OZNAM\u00a0<\/strong><\/p>\n<p><em>Predseda Slovenskej akad\u00e9mie vied<\/em><\/p>\n<p><em>\u00a0<\/em><em>vyhlasuje <strong>v\u00fdberov\u00e9 konanie na obsadenie funkcie riadite\u013ea \/ riadite\u013eky organiz\u00e1cie:<\/strong><\/em><\/p>\n<p><strong><em>\u00dastav materi\u00e1lov\u00e9ho v\u00fdskumu SAV , verejn\u00e1 v\u00fdskumn\u00e1 in\u0161tit\u00facia<\/em><\/strong><\/p>\n<p><em>s\u00eddlo: Watsonova 47, 040 01 Ko\u0161ice<\/em><\/p>\n<p><strong>\u00a0<\/strong><strong>Po\u017eadovan\u00e9 kvalifika\u010dn\u00e9 predpoklady<\/strong>: Minim\u00e1lnym po\u017eadovan\u00fdm kvalifika\u010dn\u00fdm predpokladom je vedeck\u00fd kvalifika\u010dn\u00fd stupe\u0148 samostatn\u00fd vedeck\u00fd pracovn\u00edk alebo vedecko-pedagogick\u00fd titul docent; minim\u00e1lnym po\u017eadovan\u00fdm kvalifika\u010dn\u00fdm predpokladom v pr\u00edpade uch\u00e1dza\u010da, ktor\u00fd je cudz\u00edm \u0161t\u00e1tnym pr\u00edslu\u0161n\u00edkom, je akademick\u00fd titul PhD. alebo jeho ekvivalent.<\/p>\n<p><strong>Po\u017eadovan\u00e1 prax v riadiacej poz\u00edcii<\/strong>: Minim\u00e1lnou po\u017eadovanou praxou je p\u00e4\u0165ro\u010dn\u00e1 prax v riaden\u00ed ( zamestnanec, ktor\u00fd priamo riadi pr\u00e1cu podriaden\u00fdch zamestnancov) v pr\u00e1vnickej osobe uskuto\u010d\u0148uj\u00facej niektor\u00fa z \u010dinnost\u00ed pod\u013ea \u00a7 1 ods. 4 z\u00e1kona \u010d. 243\/2017 Z. z. o verejnej v\u00fdskumnej in\u0161tit\u00facii a o zmene a doplnen\u00ed niektor\u00fdch z\u00e1konov.<\/p>\n<p><strong>Zoznam dokladov, ktor\u00e9 mus\u00ed uch\u00e1dza\u010d predlo\u017ei\u0165<\/strong>:<\/p>\n<p>1) \u017eivotopis vo form\u00e1te Europass:<\/p>\n<h3>(<a href=\"https:\/\/europa.eu\/europass\/eportfolio\/screen\/cv-editor?lang=sk&amp;previous=https:%2F%2Feuropa.eu%2Feuropass%2Fsk\" target=\"_blank\" rel=\"noopener\"><strong>https:\/\/europa.eu\/europass\/eportfolio\/screen\/cv-editor?lang=sk&amp;previous=https:%2F%2Feuropa.eu%2Feuropass%2Fsk<\/strong><\/a>)<\/h3>\n<p>2) doklady o vzdelan\u00ed a o z\u00edskan\u00fdch tituloch, vr\u00e1tane priznania vedeck\u00e9ho kvalifika\u010dn\u00e9ho stup\u0148a<\/p>\n<p>3) doklady o doteraj\u0161ej riadiacej praxi,<\/p>\n<p>4) doklady o v\u00fdsledkoch vedeckej pr\u00e1ce vr\u00e1tane zoznamu publika\u010dnej \u010dinnosti a dokladov o pr\u00edpadn\u00fdch pr\u00e1vach priemyseln\u00e9ho vlastn\u00edctva vzniknut\u00fdch v d\u00f4sledku vedeckej \u010dinnosti uch\u00e1dza\u010da,<\/p>\n<p>5) p\u00edsomn\u00fa prezent\u00e1ciu n\u00e1vrhu koncepcie a riadenia organiz\u00e1cie,<\/p>\n<p>6) \u010destn\u00e9 vyhl\u00e1senie, \u017ee uch\u00e1dza\u010d sa nez\u00fa\u010dastnil na procese navrhovania, vo\u013eby alebo menovania \u010dlenov v\u00fdberovej komisie,<\/p>\n<p>7) v\u00fdpis z registra trestov nie star\u0161\u00ed ako tri mesiace. (Ak ide o cudzinca, predklad\u00e1 sa potvrdenie o bez\u00fahonnosti obdobn\u00e9 v\u00fdpisu z registra trestov vydan\u00e9 pr\u00edslu\u0161n\u00fdm org\u00e1nom \u0161t\u00e1tu jeho trval\u00e9ho pobytu alebo org\u00e1nom \u0161t\u00e1tu, kde sa obvykle zdr\u017eiava, nie star\u0161ie ako tri mesiace, spolu s jeho \u00faradne osved\u010den\u00fdm prekladom; pri doklade vydanom v \u010deskom jazyku sa \u00faradne osved\u010den\u00fd preklad nevy\u017eaduje).<\/p>\n<p>V pr\u00edpade uch\u00e1dza\u010da, ktor\u00fd je cudz\u00edm \u0161t\u00e1tnym pr\u00edslu\u0161n\u00edkom, sa znalos\u0165 slovensk\u00e9ho jazyka v rozsahu potrebnom pre v\u00fdkon funkcie v podmienkach Slovenskej republiky bude overova\u0165 v r\u00e1mci pohovoru.<\/p>\n<h3><strong>Pravidl\u00e1 v\u00fdberov\u00e9ho konania <\/strong>s\u00fa dostupn\u00e9 na webovom s\u00eddle SAV v sekcii Dokumenty \u2013 V\u00fdberov\u00e9 konania SAV (<a href=\"https:\/\/www.sav.sk\/?lang=sk&amp;doc=docs-competitions\" target=\"_blank\" rel=\"noopener\"><strong>https:\/\/www.sav.sk\/?lang=sk&amp;doc=docs-competitions<\/strong><\/a>), ako aj na webovom s\u00eddle predmetnej organiz\u00e1cie SAV.<\/h3>\n<p><strong>Mzdov\u00e9 podmienky sa riadia <\/strong>pod\u013ea z\u00e1kona \u010d. 553\/2003 Z. z. o odme\u0148ovan\u00ed niektor\u00fdch zamestnancov pri v\u00fdkone pr\u00e1ce vo verejnom z\u00e1ujme a o zmene a doplnen\u00ed niektor\u00fdch z\u00e1konov;<\/p>\n<p><strong>\u017diadosti o \u00fa\u010das\u0165 na v\u00fdberovom konan\u00ed spolu s po\u017eadovan\u00fdmi dokladmi zasielajte najnesk\u00f4r do 8.9.2025 na adresu: <\/strong><\/p>\n<p><em>Slovensk\u00e1 akad\u00e9mia vied<\/em><\/p>\n<p><em>person\u00e1lny refer\u00e1t \u00da SAV<\/em><\/p>\n<p><em>\u0160tef\u00e1nikova 49<\/em><\/p>\n<p><em>814 38 Bratislava<\/em><\/p>\n<h3>Na ob\u00e1lku pros\u00edm uvies\u0165 ,,<strong>Neotv\u00e1ra\u0165 \u2013 V\u00fdberov\u00e9 konanie<\/strong>\u201c a uve\u010fte aj <strong>n\u00e1zov organiz\u00e1cie a pracovn\u00fa poz\u00edciu<\/strong>, o ktor\u00fa sa uch\u00e1dzate.<\/h3>\n<p>&nbsp;<\/p>\n<h3>Prezen\u010dn\u00e1 listina Akademickej obce \u00daMV SAV, v. v. i., <strong>vo\u013eby riadite\u013ea \u00daMV SAV, v. v. i. d\u0148a 28.10.2025<\/strong><\/h3>\n<p>Albov \u00a0Dmitry, Mgr., PhD.<\/p>\n<p>Andrejovsk\u00e1 Jana, Ing., PhD.<\/p>\n<p>Ball\u00f3kov\u00e1 \u00a0Be\u00e1ta, Ing., PhD.<\/p>\n<p>Bera \u00a0Cyril, Ing., PhD.<\/p>\n<p>Bir\u010d\u00e1kov\u00e1 Zuzana, RNDr., PhD.<\/p>\n<p>Brunckov\u00e1 \u00a0Helena, RNDr., PhD.<\/p>\n<p>Bure\u0161 \u00a0Radovan, Ing., CSc.<\/p>\n<p>Ceniga \u00a0Ladislav, Mgr. Ing. DSc.<\/p>\n<p>Csan\u00e1di \u00a0Tam\u00e1s, M.Sc., PhD.<\/p>\n<p>Cs\u00edk \u00a0D\u00e1vid, Ing., PhD.<\/p>\n<p>\u010ciripov\u00e1 Lucia, Ing. PhD.<\/p>\n<p>Dor\u010d\u00e1kov\u00e1 \u00a0Franti\u0161ka, Ing., PhD.<\/p>\n<p>Dusza J\u00e1n, prof. RNDr., DrSc.<\/p>\n<p>\u010eakov\u00e1 \u00a0Lenka, Ing., PhD.<\/p>\n<p>\u010euri\u0161inov\u00e1 \u00a0Katar\u00edna, Ing.<\/p>\n<p>D\u017eunda \u00a0R\u00f3bert, Ing., PhD.<\/p>\n<p>D\u017eupon \u00a0Miroslav, RNDr., PhD.<\/p>\n<p>Falat\u00a0 Ladislav, Ing., PhD.<\/p>\n<p>F\u00e1berov\u00e1 \u00a0M\u00e1ria, Ing.<\/p>\n<p>Giretov\u00e1 \u00a0M\u00e1ria, MVDr., PhD.<\/p>\n<p>Girman\u00a0 Vladim\u00edr, Ing. PhD.<\/p>\n<p>Gub\u00f3ov\u00e1\u00a0 Alexandra, RNDr. PhD.\u00a0\u00a0\u00a0\u00a0\u00a0\u00a0\u00a0\u00a0\u00a0\u00a0\u00a0\u00a0\u00a0\u00a0\u00a0\u00a0\u00a0\u00a0\u00a0\u00a0\u00a0\u00a0\u00a0\u00a0\u00a0\u00a0\u00a0\u00a0\u00a0\u00a0\u00a0\u00a0\u00a0\u00a0\u00a0\u00a0\u00a0\u00a0\u00a0\u00a0\u00a0\u00a0\u00a0\u00a0\u00a0\u00a0 NV<\/p>\n<p>Homolov\u00e1 \u00a0Viera, RNDr., PhD.24. Hricov\u00e1\u00a0 M\u00e1ria, Mgr.<\/p>\n<p>Hrubov\u010d\u00e1kov\u00e1\u00a0 Monika, RNDr., PhD.<\/p>\n<p>Hvi\u0161\u010dov\u00e1 \u00a0Petra, Ing., PhD.<\/p>\n<p>Hvizdo\u0161 \u00a0Pavol, doc. RNDr., DrSc.<\/p>\n<p>Chabak Yuliia, doc. Ing., DrSc.<\/p>\n<p>Iefremenko \u00a0Vasyl, prof. Ing., DrSc.<\/p>\n<p>Katana \u00a0Vladim\u00edr, Ing.<\/p>\n<p>Kepi\u010d \u00a0J\u00e1n, Ing., PhD.<\/p>\n<p>Ko\u010d\u00edk \u00a0Marek, Ing.<\/p>\n<p>Kondrakhova \u00a0Daria, RNDr., PhD.<\/p>\n<p>Koval\u010d\u00edkov\u00e1 Alexandra Ing., PhD.<\/p>\n<p>Kova\u013e \u00a0Karol, Ing., PhD.<\/p>\n<p>Kova\u013e \u00a0Vladim\u00edr, RNDr., DrSc.<\/p>\n<p>Kromka \u00a0Franti\u0161ek, Ing., PhD.<\/p>\n<p>Ku\u0161n\u00edrov\u00e1 \u00a0Katar\u00edna, Mgr., PhD.\u00a0\u00a0\u00a0\u00a0\u00a0\u00a0\u00a0\u00a0\u00a0\u00a0\u00a0\u00a0\u00a0\u00a0\u00a0\u00a0\u00a0\u00a0\u00a0\u00a0\u00a0\u00a0\u00a0\u00a0\u00a0\u00a0\u00a0\u00a0\u00a0\u00a0\u00a0\u00a0\u00a0\u00a0\u00a0\u00a0\u00a0\u00a0\u00a0\u00a0\u00a0\u00a0\u00a0\u00a0\u00a0\u00a0\u00a0\u00a0 MD<\/p>\n<p>Kvetkov\u00e1 Lenka, Ing., PhD.<\/p>\n<p>Lofaj \u00a0Franti\u0161ek, doc., RNDr., DrSc.<\/p>\n<p>Lisnichuk \u00a0Maksym, Mgr., PhD.<\/p>\n<p>Medveck\u00fd \u00a0\u013dubom\u00edr, Ing., DrSc.<\/p>\n<p>Medve\u010f \u00a0D\u00e1vid, Ing., PhD.<\/p>\n<p>Mihalik \u00a0J\u00e1n, RNDr.<\/p>\n<p>Mol\u010danov\u00e1 \u00a0Zuzana,\u00a0 Ing. PhD.<\/p>\n<p>M\u00fadra Erika, Ing., PhD.<\/p>\n<p>Naugthon -Duszov\u00e1, Annam\u00e1ria, Ing. PhD.<\/p>\n<p>Nigutov\u00e1 Katar\u00edna, RNDr. PhD.<\/p>\n<p>Ondrejov\u00e1 \u00a0Katar\u00edna, Mgr.<\/p>\n<p>Oroszov\u00e1 \u00a0Lenka, Mgr., PhD.<\/p>\n<p>Petru\u0161\u00a0 Ondrej, RNDr., PhD.<\/p>\n<p>Petri\u0161inec\u00a0 Ivan, Mgr., PhD.<\/p>\n<p>Plevov\u00e1 \u00a0Michaela, Ing., PhD.<\/p>\n<p>Podobov\u00e1 M\u00e1ria, Ing., PhD.<\/p>\n<p>Puch\u00fd\u00a0 Viktor, Ing., PhD.<\/p>\n<p>Rabada Kamila, Ing.<\/p>\n<p>Ravi \u00a0\u00a0Soundariya, Ing., PhD.<\/p>\n<p>Sedl\u00e1k\u00a0 Richard, Ing., PhD.<\/p>\n<p>Shepa\u00a0 Ivan, Mgr., PhD.<\/p>\n<p>Sop\u010d\u00e1k \u00a0Tibor, RNDr., PhD.<\/p>\n<p>Stre\u010dkov\u00e1 \u00a0Magdal\u00e9na, RNDr., PhD.<\/p>\n<p>Szab\u00f3 \u00a0Juraj, Ing., PhD.<\/p>\n<p>\u0160tulajterov\u00e1 \u00a0Radoslava, Ing., PhD.<\/p>\n<p>Tk\u00e1\u010d\u00a0 Martin, RNDr., PhD.<\/p>\n<p>Vojtko\u00a0 Marek, Ing., PhD.<\/p>\n<p>Zurnadzhy\u00a0 Vadym, doc. Mgr., PhD.<\/p>\n<p>&nbsp;<\/p>\n<h3><strong>Doktorandi<\/strong><\/h3>\n<p>NEMESH Kateryna, Mgr.<\/p>\n<p>KOSTIUK Vladyslav, Ing.<\/p>\n<p>MOT\u00dd\u013dOV\u00c1 Marcela, Ing.<\/p>\n<p>&nbsp;<\/p>\n<h3><strong>\u00daMV SAV, v. v. i. \u2013 org. zlo\u017eka THS O\u00a0SAV<\/strong><\/h3>\n<p>GAJDO\u0160OV\u00c1 Gl\u00f3ria, JUDr.<\/p>\n<p>HAL\u00c1SZ Denisa, Ing.<\/p>\n<p>KUKURU\u010eA\u00a0 Jozef, Ing.<\/p>\n<p>\u013dACHOV\u00c1 \u013dudmila, Ing.<\/p>\n<p>ML\u00c1DANCOV\u00c1 Tatiana, Ing.<\/p>\n<p>PALEN\u010c\u00c1ROV\u00c1\u00a0 Andrea, Ing.<\/p>\n<p>RAK\u00c1ROV\u00c1\u00a0 Jana, Mgr. \u00a0\u00a0\u00a0\u00a0\u00a0\u00a0\u00a0\u00a0\u00a0\u00a0\u00a0\u00a0\u00a0\u00a0\u00a0\u00a0\u00a0\u00a0\u00a0\u00a0\u00a0\u00a0\u00a0\u00a0\u00a0\u00a0\u00a0\u00a0\u00a0\u00a0\u00a0\u00a0\u00a0\u00a0\u00a0\u00a0\u00a0\u00a0\u00a0\u00a0\u00a0\u00a0\u00a0\u00a0\u00a0\u00a0\u00a0\u00a0\u00a0\u00a0\u00a0\u00a0\u00a0\u00a0\u00a0\u00a0\u00a0\u00a0\u00a0\u00a0 RD<\/p>\n<p>STOPKO Jozef Leonard, Mgr.<\/p>\n<p>&nbsp;<\/p>\n","protected":false},"excerpt":{"rendered":"<p>OZNAM\u00a0 Predseda Slovenskej akad\u00e9mie vied \u00a0vyhlasuje v\u00fdberov\u00e9 konanie na obsadenie funkcie riadite\u013ea \/ riadite\u013eky organiz\u00e1cie: \u00dastav materi\u00e1lov\u00e9ho v\u00fdskumu SAV , verejn\u00e1 v\u00fdskumn\u00e1 in\u0161tit\u00facia s\u00eddlo: Watsonova&#8230;<\/p>\n","protected":false},"author":1,"featured_media":0,"parent":43,"menu_order":0,"comment_status":"closed","ping_status":"closed","template":"","meta":{"footnotes":""},"class_list":["post-2280","page","type-page","status-publish","hentry"],"_links":{"self":[{"href":"https:\/\/websrv.saske.sk\/imr\/wp-json\/wp\/v2\/pages\/2280","targetHints":{"allow":["GET"]}}],"collection":[{"href":"https:\/\/websrv.saske.sk\/imr\/wp-json\/wp\/v2\/pages"}],"about":[{"href":"https:\/\/websrv.saske.sk\/imr\/wp-json\/wp\/v2\/types\/page"}],"author":[{"embeddable":true,"href":"https:\/\/websrv.saske.sk\/imr\/wp-json\/wp\/v2\/users\/1"}],"replies":[{"embeddable":true,"href":"https:\/\/websrv.saske.sk\/imr\/wp-json\/wp\/v2\/comments?post=2280"}],"version-history":[{"count":2,"href":"https:\/\/websrv.saske.sk\/imr\/wp-json\/wp\/v2\/pages\/2280\/revisions"}],"predecessor-version":[{"id":2283,"href":"https:\/\/websrv.saske.sk\/imr\/wp-json\/wp\/v2\/pages\/2280\/revisions\/2283"}],"up":[{"embeddable":true,"href":"https:\/\/websrv.saske.sk\/imr\/wp-json\/wp\/v2\/pages\/43"}],"wp:attachment":[{"href":"https:\/\/websrv.saske.sk\/imr\/wp-json\/wp\/v2\/media?parent=2280"}],"curies":[{"name":"wp","href":"https:\/\/api.w.org\/{rel}","templated":true}]}}