{"id":2245,"date":"2025-09-16T10:14:51","date_gmt":"2025-09-16T08:14:51","guid":{"rendered":"https:\/\/websrv.saske.sk\/imr\/?page_id=2245"},"modified":"2025-09-16T10:18:50","modified_gmt":"2025-09-16T08:18:50","slug":"eticky-kodex-slovenskej-akademie-vied","status":"publish","type":"page","link":"https:\/\/websrv.saske.sk\/imr\/dokumenty\/eticky-kodex-slovenskej-akademie-vied\/","title":{"rendered":"Etick\u00fd k\u00f3dex Slovenskej akad\u00e9mie vied"},"content":{"rendered":"<p><a href=\"https:\/\/websrv.saske.sk\/imr\/wp-content\/uploads\/2025\/09\/Eticky_kodex_SAV_final.pdf\">Etick\u00fd k\u00f3dex SAV &#8211; pdf<\/a><\/p>\n","protected":false},"excerpt":{"rendered":"<p>Etick\u00fd k\u00f3dex SAV &#8211; pdf<\/p>\n","protected":false},"author":1,"featured_media":0,"parent":43,"menu_order":0,"comment_status":"closed","ping_status":"closed","template":"","meta":{"footnotes":""},"class_list":["post-2245","page","type-page","status-publish","hentry"],"_links":{"self":[{"href":"https:\/\/websrv.saske.sk\/imr\/wp-json\/wp\/v2\/pages\/2245","targetHints":{"allow":["GET"]}}],"collection":[{"href":"https:\/\/websrv.saske.sk\/imr\/wp-json\/wp\/v2\/pages"}],"about":[{"href":"https:\/\/websrv.saske.sk\/imr\/wp-json\/wp\/v2\/types\/page"}],"author":[{"embeddable":true,"href":"https:\/\/websrv.saske.sk\/imr\/wp-json\/wp\/v2\/users\/1"}],"replies":[{"embeddable":true,"href":"https:\/\/websrv.saske.sk\/imr\/wp-json\/wp\/v2\/comments?post=2245"}],"version-history":[{"count":2,"href":"https:\/\/websrv.saske.sk\/imr\/wp-json\/wp\/v2\/pages\/2245\/revisions"}],"predecessor-version":[{"id":2248,"href":"https:\/\/websrv.saske.sk\/imr\/wp-json\/wp\/v2\/pages\/2245\/revisions\/2248"}],"up":[{"embeddable":true,"href":"https:\/\/websrv.saske.sk\/imr\/wp-json\/wp\/v2\/pages\/43"}],"wp:attachment":[{"href":"https:\/\/websrv.saske.sk\/imr\/wp-json\/wp\/v2\/media?parent=2245"}],"curies":[{"name":"wp","href":"https:\/\/api.w.org\/{rel}","templated":true}]}}