{"id":2231,"date":"2025-08-13T08:37:00","date_gmt":"2025-08-13T06:37:00","guid":{"rendered":"https:\/\/websrv.saske.sk\/imr\/?page_id=2231"},"modified":"2025-08-13T08:40:53","modified_gmt":"2025-08-13T06:40:53","slug":"vyskumne-projekty-na-dekarbonizaciu-ekonomiky-v-trl-urovniach-1-3","status":"publish","type":"page","link":"https:\/\/websrv.saske.sk\/imr\/vyskumne-projekty-na-dekarbonizaciu-ekonomiky-v-trl-urovniach-1-3\/","title":{"rendered":"V\u00fdskumn\u00e9 projekty na dekarboniz\u00e1ciu ekonomiky v TRL \u00farovniach 1-3"},"content":{"rendered":"<p>&nbsp;<\/p>\n<p><img loading=\"lazy\" decoding=\"async\" class=\"size-full wp-image-2228 aligncenter\" src=\"https:\/\/websrv.saske.sk\/imr\/wp-content\/uploads\/2025\/08\/dekarbo-TRL.jpg\" alt=\"\" width=\"1386\" height=\"183\" srcset=\"https:\/\/websrv.saske.sk\/imr\/wp-content\/uploads\/2025\/08\/dekarbo-TRL.jpg 1386w, https:\/\/websrv.saske.sk\/imr\/wp-content\/uploads\/2025\/08\/dekarbo-TRL-300x40.jpg 300w, https:\/\/websrv.saske.sk\/imr\/wp-content\/uploads\/2025\/08\/dekarbo-TRL-1024x135.jpg 1024w, https:\/\/websrv.saske.sk\/imr\/wp-content\/uploads\/2025\/08\/dekarbo-TRL-768x101.jpg 768w\" sizes=\"auto, (max-width: 1386px) 100vw, 1386px\" \/><\/p>\n<p><strong>Komponent:<\/strong> Komponent 9: Efekt\u00edvne riadenie a posilnenie financovania v\u00fdskumu, v\u00fdvoja a inov\u00e1ci\u00ed<\/p>\n<p><strong>Reforma\/invest\u00edcia:<\/strong> Invest\u00edcia 4: V\u00fdskum a inov\u00e1cie pre dekarboniz\u00e1ciu ekonomiky<\/p>\n<p>&nbsp;<\/p>\n<p><strong>K\u00f3d projektu: 09I04-03-V02-00006<\/strong><\/p>\n<p><strong>n\u00e1zov projektu: <\/strong>V\u00fdvoj pokro\u010dil\u00fdch nano\u0161trukt\u00farovan\u00fdch materi\u00e1lov pre elektrokatal\u00fdzu s pou\u017eit\u00edm ekologick\u00fdch hlboko eutektick\u00fdch rozp\u00fa\u0161\u0165adiel: Trvalo udr\u017eate\u013en\u00fd pr\u00edstup k\u00a0dekarboniz\u00e1cii \/ <strong>DEMADES<\/strong><\/p>\n<p><strong>Term\u00edn realiz\u00e1cie projektu: <\/strong>01\/2025 \u2013 08\/2026<\/p>\n<p><strong>\u00a0<\/strong><\/p>\n<p><strong>N\u00e1zov a\u00a0s\u00eddlo prij\u00edmate\u013ea: <\/strong>Centrum pre vyu\u017eitie pokro\u010dil\u00fdch materi\u00e1lov Slovenskej akad\u00e9mie vied, verejn\u00e1 v\u00fdskumn\u00e1 in\u0161tit\u00facia, D\u00fabravsk\u00e1 cesta 5807\/9, 845 11 Bratislava \u2013 mestsk\u00e1 \u010das\u0165 Karlova Ves<\/p>\n<p><strong>Partner 1:<\/strong> \u00dastav materi\u00e1lov\u00e9ho v\u00fdskumu Slovenskej akad\u00e9mie vied, verejn\u00e1 v\u00fdskumn\u00e1 in\u0161tit\u00facia, Watsonova 1935\/47, 040 01 Ko\u0161ice \u2013 mestsk\u00e1 \u010das\u0165 Sever<\/p>\n<p><strong>Partner 2: <\/strong>Elektrotechnick\u00fd \u00fastav Slovenskej akad\u00e9mie vied, verejn\u00e1 v\u00fdskumn\u00e1 in\u0161tit\u00facia, D\u00fabravsk\u00e1 cesta 5802\/9, 841 04 Bratislava &#8211; mestsk\u00e1 \u010das\u0165 Karlova Ves<\/p>\n<p><strong>Miesto realiz\u00e1cie projektu:<\/strong> D\u00fabravsk\u00e1 cesta 9, 845 11 Bratislava Watsonova 47, 04001 Ko\u0161ice<\/p>\n<p><strong>\u00a0<\/strong><\/p>\n<p><strong>Indikat\u00edvna v\u00fd\u0161ka prostriedkov mechanizmu ur\u010den\u00fdch na z\u00e1mer: <\/strong><\/p>\n<p>Prij\u00edmate\u013e : 1 370 632,20 EUR, Partner 1: 795 301,92 EUR, Partner 2: 560 063,78 EUR<\/p>\n<p>&nbsp;<\/p>\n<p><strong>Hlavn\u00fdm cie\u013eom projektu <\/strong>je rie\u0161i\u0165 k\u013e\u00fa\u010dov\u00e9 v\u00fdzvy pri v\u00fdrobe \u201ezelen\u00e9ho\u201c vod\u00edka v alkalick\u00fdch roztokoch na b\u00e1ze vody v\u00fdvojom nov\u00fdch elektrokatalytick\u00fdch materi\u00e1lov, ktor\u00e9 s\u00fa udr\u017eate\u013en\u00e9, \u00fa\u010dinn\u00e9 a \u0161k\u00e1lovate\u013en\u00e9. Je potrebn\u00e9 zd\u00f4razni\u0165, \u017ee tento n\u00e1vrh patr\u00ed medzi projekty z\u00e1kladn\u00e9ho v\u00fdskumu s \u00farov\u0148ou technologickej pripravenosti 3 (TRL 3), ktor\u00e1 si vy\u017eaduje preuk\u00e1zanie proof-of-concept, analyticky a\/alebo experiment\u00e1lne.<\/p>\n","protected":false},"excerpt":{"rendered":"<p>&nbsp; Komponent: Komponent 9: Efekt\u00edvne riadenie a posilnenie financovania v\u00fdskumu, v\u00fdvoja a inov\u00e1ci\u00ed Reforma\/invest\u00edcia: Invest\u00edcia 4: V\u00fdskum a inov\u00e1cie pre dekarboniz\u00e1ciu ekonomiky &nbsp; K\u00f3d projektu:&#8230;<\/p>\n","protected":false},"author":1,"featured_media":0,"parent":0,"menu_order":0,"comment_status":"closed","ping_status":"closed","template":"","meta":{"footnotes":""},"class_list":["post-2231","page","type-page","status-publish","hentry"],"_links":{"self":[{"href":"https:\/\/websrv.saske.sk\/imr\/wp-json\/wp\/v2\/pages\/2231","targetHints":{"allow":["GET"]}}],"collection":[{"href":"https:\/\/websrv.saske.sk\/imr\/wp-json\/wp\/v2\/pages"}],"about":[{"href":"https:\/\/websrv.saske.sk\/imr\/wp-json\/wp\/v2\/types\/page"}],"author":[{"embeddable":true,"href":"https:\/\/websrv.saske.sk\/imr\/wp-json\/wp\/v2\/users\/1"}],"replies":[{"embeddable":true,"href":"https:\/\/websrv.saske.sk\/imr\/wp-json\/wp\/v2\/comments?post=2231"}],"version-history":[{"count":2,"href":"https:\/\/websrv.saske.sk\/imr\/wp-json\/wp\/v2\/pages\/2231\/revisions"}],"predecessor-version":[{"id":2234,"href":"https:\/\/websrv.saske.sk\/imr\/wp-json\/wp\/v2\/pages\/2231\/revisions\/2234"}],"wp:attachment":[{"href":"https:\/\/websrv.saske.sk\/imr\/wp-json\/wp\/v2\/media?parent=2231"}],"curies":[{"name":"wp","href":"https:\/\/api.w.org\/{rel}","templated":true}]}}