{"id":2103,"date":"2024-10-11T10:37:50","date_gmt":"2024-10-11T08:37:50","guid":{"rendered":"https:\/\/websrv.saske.sk\/imr\/?page_id=2103"},"modified":"2025-01-30T11:04:09","modified_gmt":"2025-01-30T10:04:09","slug":"podpora-pripravy-projektov-v-horizonte-europa","status":"publish","type":"page","link":"https:\/\/websrv.saske.sk\/imr\/strukturalne-fondy\/podpora-pripravy-projektov-v-horizonte-europa\/","title":{"rendered":"Podpora pr\u00edpravy projektov v Horizonte Eur\u00f3pa"},"content":{"rendered":"<p><img loading=\"lazy\" decoding=\"async\" class=\"aligncenter wp-image-2155 size-full\" src=\"https:\/\/websrv.saske.sk\/imr\/wp-content\/uploads\/2025\/01\/Horizont.jpg\" alt=\"\" width=\"1386\" height=\"226\" srcset=\"https:\/\/websrv.saske.sk\/imr\/wp-content\/uploads\/2025\/01\/Horizont.jpg 1386w, https:\/\/websrv.saske.sk\/imr\/wp-content\/uploads\/2025\/01\/Horizont-300x49.jpg 300w, https:\/\/websrv.saske.sk\/imr\/wp-content\/uploads\/2025\/01\/Horizont-1024x167.jpg 1024w, https:\/\/websrv.saske.sk\/imr\/wp-content\/uploads\/2025\/01\/Horizont-768x125.jpg 768w\" sizes=\"auto, (max-width: 1386px) 100vw, 1386px\" \/><\/p>\n<p>&nbsp;<\/p>\n<p><strong>Komponent:<\/strong> Komponent 9: Efekt\u00edvne riadenie a posilnenie financovania v\u00fdskumu, v\u00fdvoja a inov\u00e1ci\u00ed<\/p>\n<p><strong>Reforma\/invest\u00edcia:<\/strong> Reforma 1: Podpora medzin\u00e1rodnej spolupr\u00e1ce a zap\u00e1jania sa do projektov Horizont Eur\u00f3pa a EIT<\/p>\n<p>&nbsp;<\/p>\n<p><strong>N\u00e1zov a\u00a0s\u00eddlo prij\u00edmate\u013ea: <\/strong>\u00dastav materi\u00e1lov\u00e9ho v\u00fdskumu Slovenskej akad\u00e9mie vied, verejn\u00e1 v\u00fdskumn\u00e1 in\u0161tit\u00facia, Watsonova 47, 040 01 Ko\u0161ice<\/p>\n<p>&nbsp;<\/p>\n<p><strong>Miesto realiz\u00e1cie projektu:<\/strong> Watsonova 47, 04001 Ko\u0161ice<\/p>\n<p>&nbsp;<\/p>\n<p><strong>Hlavn\u00fdm cie\u013eom projektov <\/strong>je podpori\u0165 \u017eiadate\u013eov, ktor\u00ed sa akt\u00edvne zapojili do v\u00fdziev vyhlasovan\u00fdch r\u00e1mcov\u00fdm programom E\u00da pre v\u00fdskum a inov\u00e1cie Horizont Eur\u00f3pa v role koordin\u00e1tora alebo partnera, a ich projektov\u00e9 z\u00e1mery z\u00edskali minim\u00e1lne 50 % z maxim\u00e1lneho mo\u017en\u00e9ho hodnotenia vo v\u00fdzvach programu Horizont Eur\u00f3pa, alebo vo v\u00fdzvach doplnkov\u00e9ho programu Euratom.<\/p>\n<p>&nbsp;<\/p>\n<p><strong>K\u00f3d projektu: 09I01-03-V02-00005<\/strong><\/p>\n<p><strong>Indikat\u00edvna v\u00fd\u0161ka prostriedkov mechanizmu ur\u010den\u00fdch na z\u00e1mer: <\/strong>4 000 \u20ac<\/p>\n<p><strong>\u00a0<\/strong><\/p>\n<p><strong>K\u00f3d projektu: 09I01-03-V02-00134<\/strong><\/p>\n<p><strong>Indikat\u00edvna v\u00fd\u0161ka prostriedkov mechanizmu ur\u010den\u00fdch na z\u00e1mer: <\/strong>8 000 \u20ac<\/p>\n<p><strong>\u00a0<\/strong><\/p>\n<p><strong>K\u00f3d projektu: 09I01-03-V02-00192<\/strong><\/p>\n<p><strong>Indikat\u00edvna v\u00fd\u0161ka prostriedkov mechanizmu ur\u010den\u00fdch na z\u00e1mer: <\/strong>8 000 \u20ac<\/p>\n","protected":false},"excerpt":{"rendered":"<p>&nbsp; Komponent: Komponent 9: Efekt\u00edvne riadenie a posilnenie financovania v\u00fdskumu, v\u00fdvoja a inov\u00e1ci\u00ed Reforma\/invest\u00edcia: Reforma 1: Podpora medzin\u00e1rodnej spolupr\u00e1ce a zap\u00e1jania sa do projektov Horizont&#8230;<\/p>\n","protected":false},"author":1,"featured_media":0,"parent":1667,"menu_order":0,"comment_status":"closed","ping_status":"closed","template":"","meta":{"footnotes":""},"class_list":["post-2103","page","type-page","status-publish","hentry"],"_links":{"self":[{"href":"https:\/\/websrv.saske.sk\/imr\/wp-json\/wp\/v2\/pages\/2103","targetHints":{"allow":["GET"]}}],"collection":[{"href":"https:\/\/websrv.saske.sk\/imr\/wp-json\/wp\/v2\/pages"}],"about":[{"href":"https:\/\/websrv.saske.sk\/imr\/wp-json\/wp\/v2\/types\/page"}],"author":[{"embeddable":true,"href":"https:\/\/websrv.saske.sk\/imr\/wp-json\/wp\/v2\/users\/1"}],"replies":[{"embeddable":true,"href":"https:\/\/websrv.saske.sk\/imr\/wp-json\/wp\/v2\/comments?post=2103"}],"version-history":[{"count":4,"href":"https:\/\/websrv.saske.sk\/imr\/wp-json\/wp\/v2\/pages\/2103\/revisions"}],"predecessor-version":[{"id":2166,"href":"https:\/\/websrv.saske.sk\/imr\/wp-json\/wp\/v2\/pages\/2103\/revisions\/2166"}],"up":[{"embeddable":true,"href":"https:\/\/websrv.saske.sk\/imr\/wp-json\/wp\/v2\/pages\/1667"}],"wp:attachment":[{"href":"https:\/\/websrv.saske.sk\/imr\/wp-json\/wp\/v2\/media?parent=2103"}],"curies":[{"name":"wp","href":"https:\/\/api.w.org\/{rel}","templated":true}]}}