{"id":2095,"date":"2024-10-11T10:32:46","date_gmt":"2024-10-11T08:32:46","guid":{"rendered":"https:\/\/websrv.saske.sk\/imr\/?page_id=2095"},"modified":"2025-09-17T07:41:34","modified_gmt":"2025-09-17T05:41:34","slug":"kapitalovy-booster-pre-schemy-na-podporu-vyskumu-a-vyvoja","status":"publish","type":"page","link":"https:\/\/websrv.saske.sk\/imr\/strukturalne-fondy\/kapitalovy-booster-pre-schemy-na-podporu-vyskumu-a-vyvoja\/","title":{"rendered":"Kapit\u00e1lov\u00fd booster pre sch\u00e9my na podporu v\u00fdskumu a v\u00fdvoja"},"content":{"rendered":"<p><img loading=\"lazy\" decoding=\"async\" class=\"aligncenter wp-image-2153 size-full\" src=\"https:\/\/websrv.saske.sk\/imr\/wp-content\/uploads\/2025\/01\/Booster.jpg\" alt=\"\" width=\"1386\" height=\"183\" srcset=\"https:\/\/websrv.saske.sk\/imr\/wp-content\/uploads\/2025\/01\/Booster.jpg 1386w, https:\/\/websrv.saske.sk\/imr\/wp-content\/uploads\/2025\/01\/Booster-300x40.jpg 300w, https:\/\/websrv.saske.sk\/imr\/wp-content\/uploads\/2025\/01\/Booster-1024x135.jpg 1024w, https:\/\/websrv.saske.sk\/imr\/wp-content\/uploads\/2025\/01\/Booster-768x101.jpg 768w\" sizes=\"auto, (max-width: 1386px) 100vw, 1386px\" \/><\/p>\n<p>&nbsp;<\/p>\n<p><strong>Komponent:<\/strong> Komponent 9: Efekt\u00edvne riadenie a posilnenie financovania v\u00fdskumu, v\u00fdvoja a inov\u00e1ci\u00ed<\/p>\n<p><strong>Reforma\/invest\u00edcia:<\/strong> Reforma 3: Excelentn\u00e1 veda<\/p>\n<p>&nbsp;<\/p>\n<p><strong>N\u00e1zov a\u00a0s\u00eddlo prij\u00edmate\u013ea: <\/strong>\u00dastav materi\u00e1lov\u00e9ho v\u00fdskumu Slovenskej akad\u00e9mie vied, verejn\u00e1 v\u00fdskumn\u00e1 in\u0161tit\u00facia, Watsonova 47, 040 01 Ko\u0161ice<\/p>\n<p>&nbsp;<\/p>\n<p><strong>Miesto realiz\u00e1cie projektu:<\/strong> Watsonova 47, 04001 Ko\u0161ice<\/p>\n<p>&nbsp;<\/p>\n<p><strong>Hlavn\u00fdm cie\u013eom projektov <\/strong>je podpori\u0165 prij\u00edmate\u013eov realizuj\u00facich kvalitn\u00e9 projekty z\u00e1kladn\u00e9ho a aplikovan\u00e9ho v\u00fdskumu, ktor\u00ed z\u00edskali finan\u010dn\u00e9 prostriedky vo verejnej v\u00fdzve vyhl\u00e1senej Agent\u00farou na podporu v\u00fdskumu a v\u00fdvoja 2022, formou kapit\u00e1lov\u00e9ho boostra na n\u00e1kup v\u00fdskumnej infra\u0161trukt\u00fary, s cie\u013eom umo\u017eni\u0165 prij\u00edmate\u013eom kvalitnej\u0161ie implementova\u0165 existuj\u00face i nov\u00e9 projekty a maximalizova\u0165 v\u00fdsledky a v\u00fdstupy pri realiz\u00e1cii nez\u00e1visl\u00e9ho v\u00fdskumu a v\u00fdvoja.<\/p>\n<p>&nbsp;<\/p>\n<p><strong>K\u00f3d projektu: 09I03-03-V06-00026<\/strong><\/p>\n<p><strong>n\u00e1zov projektu: <\/strong>\u201eKapit\u00e1lov\u00fd booster APVV-22-0493<\/p>\n<p><strong>Indikat\u00edvna v\u00fd\u0161ka prostriedkov mechanizmu ur\u010den\u00fdch na z\u00e1mer: <\/strong>101 725,70 \u20ac<\/p>\n<p><strong>Term\u00edn realiz\u00e1cie projektu: <\/strong>06\/2024 \u2013 03\/2026<\/p>\n","protected":false},"excerpt":{"rendered":"<p>&nbsp; Komponent: Komponent 9: Efekt\u00edvne riadenie a posilnenie financovania v\u00fdskumu, v\u00fdvoja a inov\u00e1ci\u00ed Reforma\/invest\u00edcia: Reforma 3: Excelentn\u00e1 veda &nbsp; N\u00e1zov a\u00a0s\u00eddlo prij\u00edmate\u013ea: \u00dastav materi\u00e1lov\u00e9ho v\u00fdskumu&#8230;<\/p>\n","protected":false},"author":1,"featured_media":0,"parent":1667,"menu_order":0,"comment_status":"closed","ping_status":"closed","template":"","meta":{"footnotes":""},"class_list":["post-2095","page","type-page","status-publish","hentry"],"_links":{"self":[{"href":"https:\/\/websrv.saske.sk\/imr\/wp-json\/wp\/v2\/pages\/2095","targetHints":{"allow":["GET"]}}],"collection":[{"href":"https:\/\/websrv.saske.sk\/imr\/wp-json\/wp\/v2\/pages"}],"about":[{"href":"https:\/\/websrv.saske.sk\/imr\/wp-json\/wp\/v2\/types\/page"}],"author":[{"embeddable":true,"href":"https:\/\/websrv.saske.sk\/imr\/wp-json\/wp\/v2\/users\/1"}],"replies":[{"embeddable":true,"href":"https:\/\/websrv.saske.sk\/imr\/wp-json\/wp\/v2\/comments?post=2095"}],"version-history":[{"count":6,"href":"https:\/\/websrv.saske.sk\/imr\/wp-json\/wp\/v2\/pages\/2095\/revisions"}],"predecessor-version":[{"id":2250,"href":"https:\/\/websrv.saske.sk\/imr\/wp-json\/wp\/v2\/pages\/2095\/revisions\/2250"}],"up":[{"embeddable":true,"href":"https:\/\/websrv.saske.sk\/imr\/wp-json\/wp\/v2\/pages\/1667"}],"wp:attachment":[{"href":"https:\/\/websrv.saske.sk\/imr\/wp-json\/wp\/v2\/media?parent=2095"}],"curies":[{"name":"wp","href":"https:\/\/api.w.org\/{rel}","templated":true}]}}