{"id":2090,"date":"2024-10-11T10:29:07","date_gmt":"2024-10-11T08:29:07","guid":{"rendered":"https:\/\/websrv.saske.sk\/imr\/?page_id=2090"},"modified":"2025-09-17T07:39:46","modified_gmt":"2025-09-17T05:39:46","slug":"matching-granty-ku-zdrojom-ziskanym-od-sukromneho-sektora-v-ramci-vyskumnej-spoluprace","status":"publish","type":"page","link":"https:\/\/websrv.saske.sk\/imr\/strukturalne-fondy\/matching-granty-ku-zdrojom-ziskanym-od-sukromneho-sektora-v-ramci-vyskumnej-spoluprace\/","title":{"rendered":"\u201eMatching\u201c granty ku zdrojom z\u00edskan\u00fdm od s\u00fakromn\u00e9ho sektora v r\u00e1mci v\u00fdskumnej spolupr\u00e1ce"},"content":{"rendered":"<p><img loading=\"lazy\" decoding=\"async\" class=\"aligncenter wp-image-2156 size-full\" src=\"https:\/\/websrv.saske.sk\/imr\/wp-content\/uploads\/2025\/01\/Matching.jpg\" alt=\"\" width=\"1387\" height=\"207\" srcset=\"https:\/\/websrv.saske.sk\/imr\/wp-content\/uploads\/2025\/01\/Matching.jpg 1387w, https:\/\/websrv.saske.sk\/imr\/wp-content\/uploads\/2025\/01\/Matching-300x45.jpg 300w, https:\/\/websrv.saske.sk\/imr\/wp-content\/uploads\/2025\/01\/Matching-1024x153.jpg 1024w, https:\/\/websrv.saske.sk\/imr\/wp-content\/uploads\/2025\/01\/Matching-768x115.jpg 768w\" sizes=\"auto, (max-width: 1387px) 100vw, 1387px\" \/><\/p>\n<p>&nbsp;<\/p>\n<p><strong>Komponent:<\/strong> Komponent 9: Efekt\u00edvne riadenie a posilnenie financovania v\u00fdskumu, v\u00fdvoja a inov\u00e1ci\u00ed<\/p>\n<p><strong>Reforma\/invest\u00edcia:<\/strong> Reforma 2: Podpora spolupr\u00e1ce firiem, akademick\u00e9ho sektora a organiz\u00e1ci\u00ed v\u00fdskumu a v\u00fdvoja<\/p>\n<p><strong>\u00a0<\/strong><\/p>\n<p><strong>N\u00e1zov a\u00a0s\u00eddlo prij\u00edmate\u013ea: <\/strong>\u00dastav materi\u00e1lov\u00e9ho v\u00fdskumu Slovenskej akad\u00e9mie vied, verejn\u00e1 v\u00fdskumn\u00e1 in\u0161tit\u00facia, Watsonova 47, 040 01 Ko\u0161ice<\/p>\n<p>&nbsp;<\/p>\n<p><strong>Miesto realiz\u00e1cie projektu:<\/strong> Watsonova 47, 04001 Ko\u0161ice<\/p>\n<p>&nbsp;<\/p>\n<p><strong>Hlavn\u00fdm cie\u013eom projektov <\/strong>je podpori\u0165 a motivova\u0165 spolupr\u00e1cu a spolo\u010dn\u00e9 projekty medzi v\u00fdskumn\u00fdmi organiz\u00e1ciami a s\u00fakromn\u00fdm sektorom, a to prostredn\u00edctvom pr\u00edspevku, ktor\u00fd reflektuje ich zrealizovan\u00fa spolupr\u00e1cu v oblasti v\u00fdskumu a v\u00fdvoja v minulosti. Z\u00edskan\u00e1 podpora bude vyu\u017eit\u00e1 na n\u00e1kup v\u00fdskumnej infra\u0161trukt\u00fary na zv\u00fd\u0161enie potenci\u00e1lu bud\u00facej spolupr\u00e1ce v\u00fdskumn\u00fdch organiz\u00e1ci\u00ed a s\u00fakromn\u00e9ho sektora.<\/p>\n<p>&nbsp;<\/p>\n<p><strong>K\u00f3d projektu: 09I02-03-V02-00002<\/strong><\/p>\n<p><strong>n\u00e1zov projektu: <\/strong>\u201eMatching\u201c granty ku zdrojom z\u00edskan\u00fdm od s\u00fakromn\u00e9ho sektora v r\u00e1mci v\u00fdskumnej spolupr\u00e1ce \u00daMV SAV, v.v.i.<\/p>\n<p><strong>Indikat\u00edvna v\u00fd\u0161ka prostriedkov mechanizmu ur\u010den\u00fdch na z\u00e1mer: <\/strong>273 142,00 \u20ac<\/p>\n<p><strong>Term\u00edn realiz\u00e1cie projektu: <\/strong>11\/2024 \u2013 03\/2026<\/p>\n<p>&nbsp;<\/p>\n<p><strong>K\u00f3d projektu: 09I02-03-V02-00037<\/strong><\/p>\n<p><strong>n\u00e1zov projektu: <\/strong>\u201eMatching\u201c granty ku zdrojom z\u00edskan\u00fdm od s\u00fakromn\u00e9ho sektora v r\u00e1mci v\u00fdskumnej spolupr\u00e1ce \u00daMV SAV, v.v.i. &#8211; 2023<\/p>\n<p><strong>Indikat\u00edvna v\u00fd\u0161ka prostriedkov mechanizmu ur\u010den\u00fdch na z\u00e1mer: <\/strong>49 003,69 \u20ac<\/p>\n<p><strong>Term\u00edn realiz\u00e1cie projektu: <\/strong>02\/2025 \u2013 03\/2026<\/p>\n","protected":false},"excerpt":{"rendered":"<p>&nbsp; Komponent: Komponent 9: Efekt\u00edvne riadenie a posilnenie financovania v\u00fdskumu, v\u00fdvoja a inov\u00e1ci\u00ed Reforma\/invest\u00edcia: Reforma 2: Podpora spolupr\u00e1ce firiem, akademick\u00e9ho sektora a organiz\u00e1ci\u00ed v\u00fdskumu a&#8230;<\/p>\n","protected":false},"author":1,"featured_media":0,"parent":1667,"menu_order":0,"comment_status":"closed","ping_status":"closed","template":"","meta":{"footnotes":""},"class_list":["post-2090","page","type-page","status-publish","hentry"],"_links":{"self":[{"href":"https:\/\/websrv.saske.sk\/imr\/wp-json\/wp\/v2\/pages\/2090","targetHints":{"allow":["GET"]}}],"collection":[{"href":"https:\/\/websrv.saske.sk\/imr\/wp-json\/wp\/v2\/pages"}],"about":[{"href":"https:\/\/websrv.saske.sk\/imr\/wp-json\/wp\/v2\/types\/page"}],"author":[{"embeddable":true,"href":"https:\/\/websrv.saske.sk\/imr\/wp-json\/wp\/v2\/users\/1"}],"replies":[{"embeddable":true,"href":"https:\/\/websrv.saske.sk\/imr\/wp-json\/wp\/v2\/comments?post=2090"}],"version-history":[{"count":9,"href":"https:\/\/websrv.saske.sk\/imr\/wp-json\/wp\/v2\/pages\/2090\/revisions"}],"predecessor-version":[{"id":2249,"href":"https:\/\/websrv.saske.sk\/imr\/wp-json\/wp\/v2\/pages\/2090\/revisions\/2249"}],"up":[{"embeddable":true,"href":"https:\/\/websrv.saske.sk\/imr\/wp-json\/wp\/v2\/pages\/1667"}],"wp:attachment":[{"href":"https:\/\/websrv.saske.sk\/imr\/wp-json\/wp\/v2\/media?parent=2090"}],"curies":[{"name":"wp","href":"https:\/\/api.w.org\/{rel}","templated":true}]}}