{"id":2084,"date":"2024-10-11T10:20:20","date_gmt":"2024-10-11T08:20:20","guid":{"rendered":"https:\/\/websrv.saske.sk\/imr\/?page_id=2084"},"modified":"2025-01-30T11:00:02","modified_gmt":"2025-01-30T10:00:02","slug":"stipendia-pre-excelentnych-vyskumnikov-a-vyskumnicky-r2-r4","status":"publish","type":"page","link":"https:\/\/websrv.saske.sk\/imr\/strukturalne-fondy\/stipendia-pre-excelentnych-vyskumnikov-a-vyskumnicky-r2-r4\/","title":{"rendered":"\u0160tipendi\u00e1 pre excelentn\u00fdch v\u00fdskumn\u00edkov a\u202fv\u00fdskumn\u00ed\u010dky R2-R4"},"content":{"rendered":"<p><img loading=\"lazy\" decoding=\"async\" class=\"aligncenter wp-image-2158 size-full\" src=\"https:\/\/websrv.saske.sk\/imr\/wp-content\/uploads\/2025\/01\/R2-R4.jpg\" alt=\"\" width=\"1386\" height=\"183\" srcset=\"https:\/\/websrv.saske.sk\/imr\/wp-content\/uploads\/2025\/01\/R2-R4.jpg 1386w, https:\/\/websrv.saske.sk\/imr\/wp-content\/uploads\/2025\/01\/R2-R4-300x40.jpg 300w, https:\/\/websrv.saske.sk\/imr\/wp-content\/uploads\/2025\/01\/R2-R4-1024x135.jpg 1024w, https:\/\/websrv.saske.sk\/imr\/wp-content\/uploads\/2025\/01\/R2-R4-768x101.jpg 768w\" sizes=\"auto, (max-width: 1386px) 100vw, 1386px\" \/><\/p>\n<p>&nbsp;<\/p>\n<p><strong>Komponent:<\/strong> Komponent 9: Efekt\u00edvne riadenie a posilnenie financovania v\u00fdskumu, v\u00fdvoja a inov\u00e1ci\u00ed<\/p>\n<p><strong>Reforma\/invest\u00edcia:<\/strong> Reforma 3: Excelentn\u00e1 veda<\/p>\n<p>&nbsp;<\/p>\n<p><strong>N\u00e1zov a\u00a0s\u00eddlo prij\u00edmate\u013ea: <\/strong>\u00dastav materi\u00e1lov\u00e9ho v\u00fdskumu Slovenskej akad\u00e9mie vied, verejn\u00e1 v\u00fdskumn\u00e1 in\u0161tit\u00facia, Watsonova 47, 040 01 Ko\u0161ice<\/p>\n<p>&nbsp;<\/p>\n<p><strong>Miesto realiz\u00e1cie projektu:<\/strong> Watsonova 47, 04001 Ko\u0161ice<\/p>\n<p>&nbsp;<\/p>\n<p><strong>Hlavn\u00fdm cie\u013eom projektov <\/strong>je podpori\u0165 excelentn\u00fdch v\u00fdskumn\u00edkov pri realiz\u00e1cii ich z\u00e1merov formou pr\u00edspevku na mzdov\u00e9 n\u00e1klady a prostriedkov na realiz\u00e1ciu v\u00fdskumu v r\u00e1mci v\u00fdskumn\u00fdch organiz\u00e1ci\u00ed na Slovensku. \u00da\u010delom je pril\u00e1ka\u0165 zahrani\u010dn\u00fdch \u0161pi\u010dkov\u00fdch v\u00fdskumn\u00edkov a taktie\u017e zamedzi\u0165 odlivu dom\u00e1cich \u0161pi\u010dkov\u00fdch vedcov do zahrani\u010dia, zv\u00fd\u0161i\u0165 kapacitu excelentn\u00fdch vedcov na Slovensku, zv\u00fd\u0161i\u0165 atraktivitu a internacionaliz\u00e1ciu slovensk\u00e9ho v\u00fdskumn\u00e9ho prostredia, \u010do bude ma\u0165 dopad na vy\u0161\u0161iu mieru spolupr\u00e1ce s vedeck\u00fdmi komunitami v zahrani\u010d\u00ed.<\/p>\n<p>&nbsp;<\/p>\n<p><strong>K\u00f3d projektu: 09I03-03-V04-00281<\/strong><\/p>\n<p><strong>n\u00e1zov projektu: <\/strong>Dvojf\u00e1zne boridovo\/karbidick\u00e9 viackomponentn\u00e9 povlaky na b\u00e1ze kovov prechodov\u00fdch prvkov pripraven\u00e9 napra\u0161ovan\u00edm s vysokou vyu\u017eite\u013enos\u0165ou ter\u010da (HiTUS)<\/p>\n<p><strong>v\u00fdskumn\u00edk R4<\/strong>: doc. RNDr. Franti\u0161ek Lofaj, DrSc.<\/p>\n<p><strong>Indikat\u00edvna v\u00fd\u0161ka prostriedkov mechanizmu ur\u010den\u00fdch na z\u00e1mer: <\/strong>228 247,20 \u20ac<\/p>\n<p><strong>Term\u00edn realiz\u00e1cie projektu: <\/strong>09\/2024 \u2013 08\/2026<\/p>\n<p><strong>\u00a0<\/strong><\/p>\n<p><strong>K\u00f3d projektu: 09I03-03-V04-00314<\/strong><\/p>\n<p><strong>n\u00e1zov projektu: <\/strong>V\u00fdvoj Fe-Si zliatin s dvojito orientovanou kubickou kry\u0161talografickou text\u00farou<\/p>\n<p><strong>v\u00fdskumn\u00edk R3<\/strong>: Mgr. Ivan Petryshynets, PhD.<\/p>\n<p><strong>Indikat\u00edvna v\u00fd\u0161ka prostriedkov mechanizmu ur\u010den\u00fdch na z\u00e1mer: <\/strong>219 514,80 \u20ac<\/p>\n<p><strong>Term\u00edn realiz\u00e1cie projektu: <\/strong>09\/2024 \u2013 08\/2026<\/p>\n<p><strong>\u00a0<\/strong><\/p>\n<p><strong>K\u00f3d projektu: 09I03-03-V04-00109<\/strong><\/p>\n<p><strong>n\u00e1zov projektu: <\/strong>Neu\u0161\u013eachtil\u00e9 elektrokatalyz\u00e1tory pre efekt\u00edvne \u0161tiepenie vody v pokro\u010dil\u00fdch elektrolyz\u00e9roch<\/p>\n<p><strong>v\u00fdskumn\u00edk R3<\/strong>: RNDr. Magdal\u00e9na Stre\u010dkov\u00e1, PhD.<\/p>\n<p><strong>Indikat\u00edvna v\u00fd\u0161ka prostriedkov mechanizmu ur\u010den\u00fdch na z\u00e1mer: <\/strong>190 977,88 \u20ac<\/p>\n<p><strong>Term\u00edn realiz\u00e1cie projektu: <\/strong>09\/2024 \u2013 08\/2026<\/p>\n<p><strong>\u00a0<\/strong><\/p>\n<p><strong>K\u00f3d projektu: 09I03-03-V04-00582<\/strong><\/p>\n<p><strong>n\u00e1zov projektu: <\/strong>Dvojf\u00e1zov\u00e1 vysokoentropick\u00e1 keramika vystu\u017een\u00e1 uhl\u00edkov\u00fdmi vl\u00e1knami<\/p>\n<p><strong>v\u00fdskumn\u00edk R3<\/strong>: Ing. Annam\u00e1ria Naughton Duszov\u00e1, PhD.<\/p>\n<p><strong>Indikat\u00edvna v\u00fd\u0161ka prostriedkov mechanizmu ur\u010den\u00fdch na z\u00e1mer: <\/strong>192 075,45 \u20ac<\/p>\n<p><strong>Term\u00edn realiz\u00e1cie projektu: <\/strong>10\/2024 \u2013 06\/2026<\/p>\n<p><strong>\u00a0<\/strong><\/p>\n<p><strong>K\u00f3d projektu: 09I03-03-V04-00133<\/strong><\/p>\n<p><strong>n\u00e1zov projektu: <\/strong>Kalcium fosf\u00e1tov\u00e9 cementy s pr\u00eddavkom esenci\u00e1lnych olejov prostredn\u00edctvom termosetov\u00fdch polyesterov ur\u010den\u00fdch na regener\u00e1ciu tvrd\u00fdch tkan\u00edv<\/p>\n<p><strong>v\u00fdskumn\u00edk R2<\/strong>: RNDr. Tibor Sop\u010d\u00e1k, PhD.<\/p>\n<p><strong>Indikat\u00edvna v\u00fd\u0161ka prostriedkov mechanizmu ur\u010den\u00fdch na z\u00e1mer: <\/strong>148 306,80 \u20ac<\/p>\n<p><strong>Term\u00edn realiz\u00e1cie projektu: <\/strong>09\/2024 \u2013 08\/2026<\/p>\n<p><strong>\u00a0<\/strong><\/p>\n<p><strong>K\u00f3d projektu: 09I03-03-V04-00260<\/strong><\/p>\n<p><strong>n\u00e1zov projektu: <\/strong>V\u00fdvoj novej bezkobaltovej keramiky pre rezn\u00e9 n\u00e1stroje, Akronym: GreenCER<\/p>\n<p><strong>v\u00fdskumn\u00edk R2<\/strong>: Ing. D\u00e1vid Medve\u010f, PhD.<\/p>\n<p><strong>Indikat\u00edvna v\u00fd\u0161ka prostriedkov mechanizmu ur\u010den\u00fdch na z\u00e1mer: <\/strong>148 306,80 \u20ac<\/p>\n<p><strong>Term\u00edn realiz\u00e1cie projektu: <\/strong>09\/2024 \u2013 08\/2026<\/p>\n<p><strong>\u00a0<\/strong><\/p>\n<p><strong>K\u00f3d projektu: 09I03-03-V04-00579<\/strong><\/p>\n<p><strong>n\u00e1zov projektu: <\/strong>Pokro\u010dil\u00e9 nanovl\u00e1kenn\u00e9 materi\u00e1ly na b\u00e1ze vysokoentropickej keramiky pre pou\u017eitie vo fotokatal\u00fdze<\/p>\n<p><strong>v\u00fdskumn\u00edk R2<\/strong>: Mgr. Ivan Shepa, PhD.<\/p>\n<p><strong>Indikat\u00edvna v\u00fd\u0161ka prostriedkov mechanizmu ur\u010den\u00fdch na z\u00e1mer: <\/strong>111 230,10 \u20ac<\/p>\n<p><strong>Term\u00edn realiz\u00e1cie projektu: <\/strong>09\/2024 \u2013 08\/2026<\/p>\n<p><strong>\u00a0<\/strong><\/p>\n<p><strong>K\u00f3d projektu: 09I03-03-V04-00746<\/strong><\/p>\n<p><strong>n\u00e1zov projektu: <\/strong>Nov\u00fd reakt\u00edvny pr\u00edstup k synt\u00e9ze kompozitov s keramickou matricou vystu\u017een\u00fdch mikrovl\u00e1knami UHTC<\/p>\n<p><strong>v\u00fdskumn\u00edk R2<\/strong>: Ing. Richard Sedl\u00e1k, PhD.<\/p>\n<p><strong>Indikat\u00edvna v\u00fd\u0161ka prostriedkov mechanizmu ur\u010den\u00fdch na z\u00e1mer: <\/strong>148 306,80 \u20ac<\/p>\n<p><strong>Term\u00edn realiz\u00e1cie projektu: <\/strong>09\/2024 \u2013 08\/2026<\/p>\n","protected":false},"excerpt":{"rendered":"<p>&nbsp; Komponent: Komponent 9: Efekt\u00edvne riadenie a posilnenie financovania v\u00fdskumu, v\u00fdvoja a inov\u00e1ci\u00ed Reforma\/invest\u00edcia: Reforma 3: Excelentn\u00e1 veda &nbsp; N\u00e1zov a\u00a0s\u00eddlo prij\u00edmate\u013ea: \u00dastav materi\u00e1lov\u00e9ho v\u00fdskumu&#8230;<\/p>\n","protected":false},"author":1,"featured_media":0,"parent":1667,"menu_order":0,"comment_status":"closed","ping_status":"closed","template":"","meta":{"footnotes":""},"class_list":["post-2084","page","type-page","status-publish","hentry"],"_links":{"self":[{"href":"https:\/\/websrv.saske.sk\/imr\/wp-json\/wp\/v2\/pages\/2084","targetHints":{"allow":["GET"]}}],"collection":[{"href":"https:\/\/websrv.saske.sk\/imr\/wp-json\/wp\/v2\/pages"}],"about":[{"href":"https:\/\/websrv.saske.sk\/imr\/wp-json\/wp\/v2\/types\/page"}],"author":[{"embeddable":true,"href":"https:\/\/websrv.saske.sk\/imr\/wp-json\/wp\/v2\/users\/1"}],"replies":[{"embeddable":true,"href":"https:\/\/websrv.saske.sk\/imr\/wp-json\/wp\/v2\/comments?post=2084"}],"version-history":[{"count":6,"href":"https:\/\/websrv.saske.sk\/imr\/wp-json\/wp\/v2\/pages\/2084\/revisions"}],"predecessor-version":[{"id":2162,"href":"https:\/\/websrv.saske.sk\/imr\/wp-json\/wp\/v2\/pages\/2084\/revisions\/2162"}],"up":[{"embeddable":true,"href":"https:\/\/websrv.saske.sk\/imr\/wp-json\/wp\/v2\/pages\/1667"}],"wp:attachment":[{"href":"https:\/\/websrv.saske.sk\/imr\/wp-json\/wp\/v2\/media?parent=2084"}],"curies":[{"name":"wp","href":"https:\/\/api.w.org\/{rel}","templated":true}]}}