{"id":2054,"date":"2024-06-11T13:19:46","date_gmt":"2024-06-11T11:19:46","guid":{"rendered":"https:\/\/websrv.saske.sk\/imr\/?page_id=2054"},"modified":"2024-10-28T06:35:20","modified_gmt":"2024-10-28T05:35:20","slug":"rozhodnutia-riaditela","status":"publish","type":"page","link":"https:\/\/websrv.saske.sk\/imr\/dokumenty\/rozhodnutia-riaditela\/","title":{"rendered":"Rozhodnutia riadite\u013ea"},"content":{"rendered":"<h2><strong>Rozhodnutia riadite\u013ea<\/strong><\/h2>\n<h3><strong>Rozhodnutie riadite\u013ea \u010d. 1\/2024 o ur\u010den\u00ed poplatku za \u00fakony spojen\u00e9 s obhajobou doktorsk\u00fdch dizerta\u010dn\u00fdch pr\u00e1c (DrSc.) <a href=\"https:\/\/websrv.saske.sk\/imr\/wp-content\/uploads\/2024\/10\/RR-01-2024-DrSc.pdf\">RR-01-2024 DrSc<\/a> (pdf)<br \/>\n<\/strong><\/h3>\n<p>&nbsp;<\/p>\n<p><strong>03\/2022 o ur\u010den\u00ed poplatku za \u00fakony spojen\u00e9 s obhajobou doktorsk\u00fdch dizerta\u010dn\u00fdch pr\u00e1c (DrSc.) <a href=\"https:\/\/websrv.saske.sk\/imr\/wp-content\/uploads\/2024\/06\/RR-03-2022-DrSc.pdf\">RR-03-2022 DrSc (pdf)<\/a><\/strong><\/p>\n","protected":false},"excerpt":{"rendered":"<p>Rozhodnutia riadite\u013ea Rozhodnutie riadite\u013ea \u010d. 1\/2024 o ur\u010den\u00ed poplatku za \u00fakony spojen\u00e9 s obhajobou doktorsk\u00fdch dizerta\u010dn\u00fdch pr\u00e1c (DrSc.) RR-01-2024 DrSc (pdf) &nbsp; 03\/2022 o ur\u010den\u00ed&#8230;<\/p>\n","protected":false},"author":1,"featured_media":0,"parent":43,"menu_order":0,"comment_status":"closed","ping_status":"closed","template":"","meta":{"footnotes":""},"class_list":["post-2054","page","type-page","status-publish","hentry"],"_links":{"self":[{"href":"https:\/\/websrv.saske.sk\/imr\/wp-json\/wp\/v2\/pages\/2054","targetHints":{"allow":["GET"]}}],"collection":[{"href":"https:\/\/websrv.saske.sk\/imr\/wp-json\/wp\/v2\/pages"}],"about":[{"href":"https:\/\/websrv.saske.sk\/imr\/wp-json\/wp\/v2\/types\/page"}],"author":[{"embeddable":true,"href":"https:\/\/websrv.saske.sk\/imr\/wp-json\/wp\/v2\/users\/1"}],"replies":[{"embeddable":true,"href":"https:\/\/websrv.saske.sk\/imr\/wp-json\/wp\/v2\/comments?post=2054"}],"version-history":[{"count":6,"href":"https:\/\/websrv.saske.sk\/imr\/wp-json\/wp\/v2\/pages\/2054\/revisions"}],"predecessor-version":[{"id":2120,"href":"https:\/\/websrv.saske.sk\/imr\/wp-json\/wp\/v2\/pages\/2054\/revisions\/2120"}],"up":[{"embeddable":true,"href":"https:\/\/websrv.saske.sk\/imr\/wp-json\/wp\/v2\/pages\/43"}],"wp:attachment":[{"href":"https:\/\/websrv.saske.sk\/imr\/wp-json\/wp\/v2\/media?parent=2054"}],"curies":[{"name":"wp","href":"https:\/\/api.w.org\/{rel}","templated":true}]}}