{"id":2002,"date":"2024-01-29T10:50:15","date_gmt":"2024-01-29T09:50:15","guid":{"rendered":"https:\/\/websrv.saske.sk\/imr\/?page_id=2002"},"modified":"2025-01-30T10:59:08","modified_gmt":"2025-01-30T09:59:08","slug":"stipendia-pre-excelentnych-phd-studentov-a-studentky-r1-umv-sav","status":"publish","type":"page","link":"https:\/\/websrv.saske.sk\/imr\/strukturalne-fondy\/stipendia-pre-excelentnych-phd-studentov-a-studentky-r1-umv-sav\/","title":{"rendered":"\u0160tipendi\u00e1 pre excelentn\u00fdch PhD. \u0161tudentov a \u0161tudentky (R1) \u2013 \u00daMVSAV"},"content":{"rendered":"<h2 style=\"text-align: center;\">\u0160tipendi\u00e1 pre excelentn\u00fdch PhD. \u0161tudentov a \u0161tudentky (R1) \u2013 \u00daMVSAV<\/h2>\n<p><img loading=\"lazy\" decoding=\"async\" class=\"aligncenter wp-image-2157 size-full\" src=\"https:\/\/websrv.saske.sk\/imr\/wp-content\/uploads\/2025\/01\/R1.jpg\" alt=\"\" width=\"1386\" height=\"226\" srcset=\"https:\/\/websrv.saske.sk\/imr\/wp-content\/uploads\/2025\/01\/R1.jpg 1386w, https:\/\/websrv.saske.sk\/imr\/wp-content\/uploads\/2025\/01\/R1-300x49.jpg 300w, https:\/\/websrv.saske.sk\/imr\/wp-content\/uploads\/2025\/01\/R1-1024x167.jpg 1024w, https:\/\/websrv.saske.sk\/imr\/wp-content\/uploads\/2025\/01\/R1-768x125.jpg 768w\" sizes=\"auto, (max-width: 1386px) 100vw, 1386px\" \/><\/p>\n<p>&nbsp;<\/p>\n<p><strong>K\u00f3d projektu: <\/strong>09I03-03-V02-00013<\/p>\n<p><strong>Indikat\u00edvna v\u00fd\u0161ka prostriedkov mechanizmu ur\u010den\u00fdch na z\u00e1mer: 111\u00a0269,60 EUR<\/strong><\/p>\n<p><strong>Term\u00edn realiz\u00e1cie projektu: <\/strong>09\/2023-06\/2026<\/p>\n<p>&nbsp;<\/p>\n<p><strong>Komponent:<\/strong> Komponent 9: Efekt\u00edvnej\u0161ie riadenie a posilnenie financovania v\u00fdskumu, v\u00fdvoja a\u00a0inov\u00e1ci\u00ed Pl\u00e1nu obnovy a odolnosti Slovenskej republiky.<\/p>\n<p><strong>Reforma\/invest\u00edcia:<\/strong> Reforma 3: Excelentn\u00e1 veda<\/p>\n<p>&nbsp;<\/p>\n<p><strong>N\u00e1zov a\u00a0s\u00eddlo prij\u00edmate\u013ea: <\/strong>\u00dastav materi\u00e1lov\u00e9ho v\u00fdskumu Slovenskej akad\u00e9mie vied, verejn\u00e1 v\u00fdskumn\u00e1 in\u0161tit\u00facia, Watsonova 47, 040 01 Ko\u0161ice<\/p>\n<p>&nbsp;<\/p>\n<p><strong>Miesto realiz\u00e1cie projektu:<\/strong> Watsonova 47, 040 01 Ko\u0161ice<\/p>\n<p>&nbsp;<\/p>\n<p><strong>Hlavn\u00fdm cie\u013eom projektov <\/strong>je podpori\u0165 individu\u00e1lne projekty PhD. \u0161tudentov a \u0161tudentiek v r\u00e1mci organiz\u00e1cie prij\u00edmate\u013ea.<\/p>\n<p>N\u00e1zov podporen\u00fdch projektov:<\/p>\n<ul>\n<li>Magneticky m\u00e4kk\u00e9 kompozity na b\u00e1ze povrchov modifikovan\u00fdch feromagnetick\u00fdch pr\u00e1\u0161kov\u00fdch \u010dast\u00edc<\/li>\n<li>V\u00fdvoj nano\/mikrovl\u00e1kenn\u00fdch materi\u00e1lov met\u00f3dou elektrostatick\u00e9ho zvl\u00e1k\u0148ovania pre aplik\u00e1cie v\u00a0energetick\u00fdch a environment\u00e1lnych technol\u00f3gi\u00e1ch<\/li>\n<\/ul>\n","protected":false},"excerpt":{"rendered":"<p>\u0160tipendi\u00e1 pre excelentn\u00fdch PhD. \u0161tudentov a \u0161tudentky (R1) \u2013 \u00daMVSAV &nbsp; K\u00f3d projektu: 09I03-03-V02-00013 Indikat\u00edvna v\u00fd\u0161ka prostriedkov mechanizmu ur\u010den\u00fdch na z\u00e1mer: 111\u00a0269,60 EUR Term\u00edn realiz\u00e1cie&#8230;<\/p>\n","protected":false},"author":1,"featured_media":0,"parent":1667,"menu_order":0,"comment_status":"closed","ping_status":"closed","template":"","meta":{"footnotes":""},"class_list":["post-2002","page","type-page","status-publish","hentry"],"_links":{"self":[{"href":"https:\/\/websrv.saske.sk\/imr\/wp-json\/wp\/v2\/pages\/2002","targetHints":{"allow":["GET"]}}],"collection":[{"href":"https:\/\/websrv.saske.sk\/imr\/wp-json\/wp\/v2\/pages"}],"about":[{"href":"https:\/\/websrv.saske.sk\/imr\/wp-json\/wp\/v2\/types\/page"}],"author":[{"embeddable":true,"href":"https:\/\/websrv.saske.sk\/imr\/wp-json\/wp\/v2\/users\/1"}],"replies":[{"embeddable":true,"href":"https:\/\/websrv.saske.sk\/imr\/wp-json\/wp\/v2\/comments?post=2002"}],"version-history":[{"count":6,"href":"https:\/\/websrv.saske.sk\/imr\/wp-json\/wp\/v2\/pages\/2002\/revisions"}],"predecessor-version":[{"id":2161,"href":"https:\/\/websrv.saske.sk\/imr\/wp-json\/wp\/v2\/pages\/2002\/revisions\/2161"}],"up":[{"embeddable":true,"href":"https:\/\/websrv.saske.sk\/imr\/wp-json\/wp\/v2\/pages\/1667"}],"wp:attachment":[{"href":"https:\/\/websrv.saske.sk\/imr\/wp-json\/wp\/v2\/media?parent=2002"}],"curies":[{"name":"wp","href":"https:\/\/api.w.org\/{rel}","templated":true}]}}