{"id":189,"date":"2019-02-13T08:19:13","date_gmt":"2019-02-13T07:19:13","guid":{"rendered":"http:\/\/websrv.saske.sk\/imr\/?page_id=189"},"modified":"2019-03-15T09:54:10","modified_gmt":"2019-03-15T08:54:10","slug":"expertizy","status":"publish","type":"page","link":"https:\/\/websrv.saske.sk\/imr\/vedecke-divizie\/divizia-funkcnych-a-hybridnych-systemov\/expertizy\/","title":{"rendered":"Expert\u00edzy"},"content":{"rendered":"<ul>\n<li>Rezonan\u010dno-antirezonan\u010dn\u00e1 met\u00f3da charakteriz\u00e1cie piezoelektrick\u00fdch senzorov pre parkovacie sn\u00edma\u010de<\/li>\n<li>laborat\u00f3rium in vitro testovania biomateri\u00e1lov zameran\u00e9 na testovanie cytotoxicity biomateri\u00e1lov a anal\u00fdzy \u0161pecifick\u00fdch markerov prostredn\u00edctvom komer\u010dne dostupn\u00fdch etablovan\u00fdch bunkov\u00fdch l\u00ednii zvieracieho p\u00f4vodu<\/li>\n<\/ul>\n<p><strong>Patenty:<\/strong><\/p>\n<ul>\n<li>MEDVECK\u00dd, \u013d. &#8211; \u0160TULAJTEROV\u00c1, R.: Sp\u00f4sob pr\u00edpravy p\u00f3rovit\u00fdch kalcium fosf\u00e1tov\u00fdch materi\u00e1lov a kompozitov. Patent \u010d. 287378.\u00daPV SR 2010<\/li>\n<li>MEDVECK\u00dd, \u013d. Kalcium fosf\u00e1tov\u00e1 cementov\u00e1 pr\u00e1\u0161kov\u00e1 zmes a sp\u00f4sob jej pr\u00edpravy. Patent \u010d. 285607. \u00daPV SR 2016<\/li>\n<li>BURE\u0160, R.-STRE\u010cKOV\u00c1, M.-F\u00c1BEROV\u00c1, M.-KOLL\u00c1R, P.-FUZER,J.:Sp\u00f4sob pr\u00edpravy magnetick\u00fdch kompozitov s polym\u00e9rnym elektroizola\u010dn\u00fdm spojivom.Patent \u010d. 288667.\u00daPV SR 2019<\/li>\n<\/ul>\n","protected":false},"excerpt":{"rendered":"<p>Rezonan\u010dno-antirezonan\u010dn\u00e1 met\u00f3da charakteriz\u00e1cie piezoelektrick\u00fdch senzorov pre parkovacie sn\u00edma\u010de laborat\u00f3rium in vitro testovania biomateri\u00e1lov zameran\u00e9 na testovanie cytotoxicity biomateri\u00e1lov a anal\u00fdzy \u0161pecifick\u00fdch markerov prostredn\u00edctvom komer\u010dne dostupn\u00fdch&#8230;<\/p>\n","protected":false},"author":1,"featured_media":0,"parent":110,"menu_order":70,"comment_status":"closed","ping_status":"closed","template":"","meta":{"footnotes":""},"class_list":["post-189","page","type-page","status-publish","hentry"],"_links":{"self":[{"href":"https:\/\/websrv.saske.sk\/imr\/wp-json\/wp\/v2\/pages\/189","targetHints":{"allow":["GET"]}}],"collection":[{"href":"https:\/\/websrv.saske.sk\/imr\/wp-json\/wp\/v2\/pages"}],"about":[{"href":"https:\/\/websrv.saske.sk\/imr\/wp-json\/wp\/v2\/types\/page"}],"author":[{"embeddable":true,"href":"https:\/\/websrv.saske.sk\/imr\/wp-json\/wp\/v2\/users\/1"}],"replies":[{"embeddable":true,"href":"https:\/\/websrv.saske.sk\/imr\/wp-json\/wp\/v2\/comments?post=189"}],"version-history":[{"count":2,"href":"https:\/\/websrv.saske.sk\/imr\/wp-json\/wp\/v2\/pages\/189\/revisions"}],"predecessor-version":[{"id":708,"href":"https:\/\/websrv.saske.sk\/imr\/wp-json\/wp\/v2\/pages\/189\/revisions\/708"}],"up":[{"embeddable":true,"href":"https:\/\/websrv.saske.sk\/imr\/wp-json\/wp\/v2\/pages\/110"}],"wp:attachment":[{"href":"https:\/\/websrv.saske.sk\/imr\/wp-json\/wp\/v2\/media?parent=189"}],"curies":[{"name":"wp","href":"https:\/\/api.w.org\/{rel}","templated":true}]}}