{"id":1888,"date":"2023-02-21T08:43:36","date_gmt":"2023-02-21T07:43:36","guid":{"rendered":"https:\/\/websrv.saske.sk\/imr\/?page_id=1888"},"modified":"2023-02-21T09:01:14","modified_gmt":"2023-02-21T08:01:14","slug":"ine-domace-projekty","status":"publish","type":"page","link":"https:\/\/websrv.saske.sk\/imr\/strukturalne-fondy\/ine-domace-projekty\/","title":{"rendered":"In\u00e9 dom\u00e1ce projekty"},"content":{"rendered":"<p><img loading=\"lazy\" decoding=\"async\" class=\"wp-image-1892 size-full alignleft\" src=\"https:\/\/websrv.saske.sk\/imr\/wp-content\/uploads\/2023\/02\/MOSR.jpg\" alt=\"\" width=\"255\" height=\"64\" \/><strong>Realizovan\u00e9 s finan\u010dnou podporou<\/strong><strong><br \/>\nMinisterstva obrany Slovenskej republiky<br \/>\nv r\u00e1mci dota\u010dn\u00e9ho programu.<\/strong><b> \u00a0<\/b><\/p>\n<p>&nbsp;<\/p>\n<h1><strong>Progres\u00edvne fotokatalytick\u00e9 materi\u00e1ly pre biologick\u00fa a chemick\u00fa dekontamin\u00e1ciu<\/strong><\/h1>\n<p><strong>N\u00e1zov a\u00a0s\u00eddlo prij\u00edmate\u013ea: <\/strong>\u00dastav materi\u00e1lov\u00e9ho v\u00fdskumu Slovenskej akad\u00e9mie vied, verejn\u00e1 v\u00fdskumn\u00e1 in\u0161tit\u00facia, Watsonova 47, 040 01 Ko\u0161ice<\/p>\n<p><strong>V\u00fd\u0161ka dot\u00e1cie:<\/strong> 115\u00a0000,- \u20ac<\/p>\n<p><strong>Term\u00edn realiz\u00e1cie projektu:<\/strong> 02\/2023 &#8211; 11\/2023<\/p>\n<p>&nbsp;<\/p>\n<p><strong>Hlavn\u00fdm cie\u013eom projektu<\/strong> je zv\u00fd\u0161i\u0165 technologick\u00fa \u00farove\u0148 slovensk\u00fdch subjektov prostredn\u00edctvom v\u00fdskumu a v\u00fdvoja modern\u00fdch nanovl\u00e1kenn\u00fdch materi\u00e1lov pre biologick\u00fa a chemick\u00fa dekontamin\u00e1ciu ovzdu\u0161ia a\u00a0vody. Tieto pripravovan\u00e9 materi\u00e1ly bud\u00fa ur\u010den\u00e9 pre v\u00fdrobu 2D a 3D membr\u00e1nov\u00fdch \u0161trukt\u00far z\u00a0 modern\u00fdch fotokatalyticky akt\u00edvnych materi\u00e1lov pre pou\u017eitie vo filtra\u010dn\u00fdch, klimatiza\u010dn\u00fdch a\u00a0ventila\u010dn\u00fdch jednotk\u00e1ch.<\/p>\n<p>&nbsp;<\/p>\n<h1><strong>Pr\u00eddavn\u00e1 flexibiln\u00e1 balistick\u00e1 nanokompozitn\u00e1 ochrana horn\u00fdch a doln\u00fdch kon\u010dat\u00edn<\/strong><\/h1>\n<p><strong>N\u00e1zov a\u00a0s\u00eddlo prij\u00edmate\u013ea: <\/strong>Kon\u0161trukta \u2013 Defence, a.s., Dubnica nad V\u00e1hom<\/p>\n<p><strong>Partner: <\/strong>\u00dastav materi\u00e1lov\u00e9ho v\u00fdskumu Slovenskej akad\u00e9mie vied, verejn\u00e1 v\u00fdskumn\u00e1 in\u0161tit\u00facia, Watsonova 47, 040 01 Ko\u0161ice<\/p>\n<p><strong>V\u00fd\u0161ka dot\u00e1cie:<\/strong> 80\u00a0000,- \u20ac<\/p>\n<p><strong>Term\u00edn realiz\u00e1cie projektu:<\/strong> 02\/2023 &#8211; 11\/2023<\/p>\n<p>&nbsp;<\/p>\n<p><strong>Hlavn\u00fdm cie\u013eom projektu<\/strong> je zv\u00fd\u0161i\u0165 technologick\u00fa \u00farove\u0148 slovensk\u00fdch subjektov prostredn\u00edctvom v\u00fdskumu a v\u00fdvoja nov\u00fdch nanokompozitn\u00fdch materi\u00e1lov s\u00a0keramickou matricou so zv\u00fd\u0161enou odolnos\u0165ou proti mechanick\u00fdm a tepeln\u00fdm \u00fa\u010dinkom fragmentov (\u010drep\u00edn) s\u00fa\u010dasnej v\u00fdbu\u0161nej mun\u00edcie a\u00a0m\u00edn, ktor\u00e9 bud\u00fa ur\u010den\u00e9 pre pr\u00eddavn\u00fa flexibiln\u00fa balistick\u00fa ochranu horn\u00fdch a doln\u00fdch kon\u010dat\u00edn.<\/p>\n","protected":false},"excerpt":{"rendered":"<p>Realizovan\u00e9 s finan\u010dnou podporou Ministerstva obrany Slovenskej republiky v r\u00e1mci dota\u010dn\u00e9ho programu. \u00a0 &nbsp; Progres\u00edvne fotokatalytick\u00e9 materi\u00e1ly pre biologick\u00fa a chemick\u00fa dekontamin\u00e1ciu N\u00e1zov a\u00a0s\u00eddlo prij\u00edmate\u013ea:&#8230;<\/p>\n","protected":false},"author":1,"featured_media":0,"parent":1667,"menu_order":0,"comment_status":"closed","ping_status":"closed","template":"","meta":{"footnotes":""},"class_list":["post-1888","page","type-page","status-publish","hentry"],"_links":{"self":[{"href":"https:\/\/websrv.saske.sk\/imr\/wp-json\/wp\/v2\/pages\/1888","targetHints":{"allow":["GET"]}}],"collection":[{"href":"https:\/\/websrv.saske.sk\/imr\/wp-json\/wp\/v2\/pages"}],"about":[{"href":"https:\/\/websrv.saske.sk\/imr\/wp-json\/wp\/v2\/types\/page"}],"author":[{"embeddable":true,"href":"https:\/\/websrv.saske.sk\/imr\/wp-json\/wp\/v2\/users\/1"}],"replies":[{"embeddable":true,"href":"https:\/\/websrv.saske.sk\/imr\/wp-json\/wp\/v2\/comments?post=1888"}],"version-history":[{"count":6,"href":"https:\/\/websrv.saske.sk\/imr\/wp-json\/wp\/v2\/pages\/1888\/revisions"}],"predecessor-version":[{"id":1897,"href":"https:\/\/websrv.saske.sk\/imr\/wp-json\/wp\/v2\/pages\/1888\/revisions\/1897"}],"up":[{"embeddable":true,"href":"https:\/\/websrv.saske.sk\/imr\/wp-json\/wp\/v2\/pages\/1667"}],"wp:attachment":[{"href":"https:\/\/websrv.saske.sk\/imr\/wp-json\/wp\/v2\/media?parent=1888"}],"curies":[{"name":"wp","href":"https:\/\/api.w.org\/{rel}","templated":true}]}}