{"id":185,"date":"2019-02-13T08:18:43","date_gmt":"2019-02-13T07:18:43","guid":{"rendered":"http:\/\/websrv.saske.sk\/imr\/?page_id=185"},"modified":"2019-03-20T10:52:48","modified_gmt":"2019-03-20T09:52:48","slug":"ocenenia","status":"publish","type":"page","link":"https:\/\/websrv.saske.sk\/imr\/vedecke-divizie\/divizia-funkcnych-a-hybridnych-systemov\/ocenenia\/","title":{"rendered":"Ocenenia"},"content":{"rendered":"<p><span style=\"color: #ff6600\"><strong>RNDr. V.Kova\u013e, PhD.<\/strong><\/span><\/p>\n<ul>\n<li>Fulbright Scholar Award (2007, Pennsylvania State University, USA), pr\u00e1ca \u201eSwitching and subswitching properties of ferroelectrics under mechanical load\u201c<\/li>\n<li>Marie Curie Individual Fellowship Award (2003 \u2013 2005, Queen Mary University of London, UK), pr\u00e1ca \u201eElectromechanical characterization of ferroelectric thin films using nanoindentation\u201c<\/li>\n<li>Cena SAV \u2013 \u010dlen ocenen\u00e9ho kolekt\u00edvu (2008 a 2012)<\/li>\n<\/ul>\n<p><span style=\"color: #ff6600\"><strong>RNDr. Z. Bir\u010d\u00e1kov\u00e1, PhD.<\/strong><\/span><\/p>\n<ul>\n<li>2015 \u2013 Cena \u0160tefana Jedl\u00edka\u00a0 udelen\u00e1 Slovenskou magnetickou spolo\u010dnos\u0165ou za najlep\u0161iu dizerta\u010dn\u00fa pr\u00e1cu v\u00a0oblasti magnetizmu<\/li>\n<li>2015 \u2013 Cena dekana PF UPJ\u0160 za vedecko-v\u00fdskumn\u00fa \u010dinnos\u0165 doktorandov<\/li>\n<\/ul>\n<p><span style=\"color: #ff6600\"><strong>Ing. D.Jakub\u00e9czyov\u00e1, PhD.<\/strong><\/span><\/p>\n<ul>\n<li><strong>Circuit World &#8211; 2018 Highly Commended Award<\/strong>, zahrani\u010dn\u00e9 ocenenie: The winning an Emerald Literati Award in 2018 &#8211; for contribution to Circuit World with article \u201e Investigation of nano-inks\u201c behaviour on flexible and rigid substrates under various conditions\u201c.<\/li>\n<li><strong>Certificate of Industry Gateway 2011<\/strong>, zahrani\u010dn\u00e9 ocenenie: certifik\u00e1t za publikovanie pr\u00edspevku v datab\u00e1ze Industry Gateway (Modern PVD Layers Deposited Onto Tools Produced by Powder Metallurgy (002503), 08\/03\/2011<\/li>\n<\/ul>\n","protected":false},"excerpt":{"rendered":"<p>RNDr. V.Kova\u013e, PhD. Fulbright Scholar Award (2007, Pennsylvania State University, USA), pr\u00e1ca \u201eSwitching and subswitching properties of ferroelectrics under mechanical load\u201c Marie Curie Individual Fellowship&#8230;<\/p>\n","protected":false},"author":1,"featured_media":0,"parent":110,"menu_order":50,"comment_status":"closed","ping_status":"closed","template":"","meta":{"footnotes":""},"class_list":["post-185","page","type-page","status-publish","hentry"],"_links":{"self":[{"href":"https:\/\/websrv.saske.sk\/imr\/wp-json\/wp\/v2\/pages\/185","targetHints":{"allow":["GET"]}}],"collection":[{"href":"https:\/\/websrv.saske.sk\/imr\/wp-json\/wp\/v2\/pages"}],"about":[{"href":"https:\/\/websrv.saske.sk\/imr\/wp-json\/wp\/v2\/types\/page"}],"author":[{"embeddable":true,"href":"https:\/\/websrv.saske.sk\/imr\/wp-json\/wp\/v2\/users\/1"}],"replies":[{"embeddable":true,"href":"https:\/\/websrv.saske.sk\/imr\/wp-json\/wp\/v2\/comments?post=185"}],"version-history":[{"count":4,"href":"https:\/\/websrv.saske.sk\/imr\/wp-json\/wp\/v2\/pages\/185\/revisions"}],"predecessor-version":[{"id":941,"href":"https:\/\/websrv.saske.sk\/imr\/wp-json\/wp\/v2\/pages\/185\/revisions\/941"}],"up":[{"embeddable":true,"href":"https:\/\/websrv.saske.sk\/imr\/wp-json\/wp\/v2\/pages\/110"}],"wp:attachment":[{"href":"https:\/\/websrv.saske.sk\/imr\/wp-json\/wp\/v2\/media?parent=185"}],"curies":[{"name":"wp","href":"https:\/\/api.w.org\/{rel}","templated":true}]}}