{"id":183,"date":"2019-02-13T08:18:30","date_gmt":"2019-02-13T07:18:30","guid":{"rendered":"http:\/\/websrv.saske.sk\/imr\/?page_id=183"},"modified":"2019-03-15T09:51:57","modified_gmt":"2019-03-15T08:51:57","slug":"spolupraca","status":"publish","type":"page","link":"https:\/\/websrv.saske.sk\/imr\/vedecke-divizie\/divizia-funkcnych-a-hybridnych-systemov\/spolupraca\/","title":{"rendered":"Spolupr\u00e1ca"},"content":{"rendered":"<ul>\n<li>Univerzita P.J. \u0160af\u00e1rika, \u00dastav chemick\u00fdch vied, Ko\u0161ice, SR<\/li>\n<li>TU Wien, Institut f\u00fcr Chemische Technologie Anorganischer Stoffe, Wien, \u00d6sterreich.<\/li>\n<li>Politecnico di Torino, Dipartimento di Scienza dei Materiali e Ingegneria Chimica, Torino, Italy<\/li>\n<li>\u00dastav struktury a mechaniky hornin, Akademie v\u011bd \u010cesk\u00e9 republiky, Praha, \u010cesk\u00e1\u00a0 republika<\/li>\n<\/ul>\n<ul>\n<li>\u00dastav experiment\u00e1lnej fyziky SAV, Ko\u0161ice<\/li>\n<li>Fyzik\u00e1lny \u00fastav SAV, Bratislava<\/li>\n<li>Fyzik\u00e1ln\u00ed \u00fastav AV \u010cR, Praha<\/li>\n<li>Pr\u00edrodovedeck\u00e1 fakulta UPJ\u0160, Ko\u0161ice<\/li>\n<li>Lek\u00e1rska fakulta UPJ\u0160, Ko\u0161ice<\/li>\n<li>Univerzita veterin\u00e1rskeho lek\u00e1rstva a farm\u00e1cie v Ko\u0161iciach<\/li>\n<li>Technick\u00e1 univerzita v\u00a0Liberci<\/li>\n<li>Masarykova univerzita,\u00a0Brno<\/li>\n<li>\u00dastav fyziky materi\u00e1l\u016f AV \u010cR, Brno<\/li>\n<li>Instituto de Ciencia de Materiales, CSIC, Madrid, \u0160panielsko<\/li>\n<li>Queen Mary, University of London, Lond\u00fdn, Anglicko<\/li>\n<li>Pennsylvania State University, State College, USA<\/li>\n<li>Lanzhou University, \u010c\u00edna<\/li>\n<li>Chiba University, Japonsko<\/li>\n<li>Imperial College, Lond\u00fdn, Anglicko<\/li>\n<li>Materials Center, Leoben, Rak\u00fasko<\/li>\n<li>Technical University of Ko\u0161ice, Faculty of Mining, Ecology, Process Control and Geotechnology, Slovakia<\/li>\n<li>Institute of Catalysis, Bulgarian Academy of\u00a0 Sciences,\u00a0 Sofia, Bulgaria<\/li>\n<li>Universidade de Franca, Av. Armando Salles Oliveira, Franca, SP, Brazil<\/li>\n<li>\u00dastav makromolekul\u00e1rnej ch\u00e9mie\u00a0 AV\u010cR<\/li>\n<li>Akad\u00e9mia Vied Ma\u010farskej Republiky, Thin Film Physics Department of the Hungarian Academy of Sciences<\/li>\n<li>Institut f\u00fcr Elektrochemie, Technische Universit\u00e4t Clausthal, Clausthal-Zellerfeld, Germany<\/li>\n<li>Z\u00e1pado\u010desk\u00e1 univerzita v Plzni, Katedra materi\u00e1lu a stroj\u00edrensk\u00e9 metalurgie, \u010cesk\u00e1 republika<\/li>\n<li>Z\u00e1pado\u010desk\u00e1 univerzita v Plzni, Nov\u00e9 technol\u00f3gie &#8211; v\u00fdzkumn\u00ed centrum, \u010cesk\u00e1 republika<\/li>\n<\/ul>\n<p>&nbsp;<\/p>\n<p><strong>Priemysel:<\/strong><\/p>\n<ul>\n<li>Tesla Stropkov, a.s.<\/li>\n<li>W\u00fcrth Elektronik eiSos GmbH &amp; Co. KG, EMC &amp; Inductive Solutions, Germany<\/li>\n<li>Oerlikon Balzers Coating, Austria GmbH &#8211; organiza\u010dn\u00ed slo\u017eka, \u010cesk\u00e1 republika,<\/li>\n<li>SHM, s.r.o. \u010cesk\u00e1 republika,<\/li>\n<li>HEF &#8211; DURFERRIT s.r.o., \u010cesk\u00e1 republika<\/li>\n<li>MOPS PRESS .s.r.o. Slovensk\u00e1 republika<\/li>\n<li>MASAM, s.r.o.Slovensk\u00e1 republika,<\/li>\n<\/ul>\n","protected":false},"excerpt":{"rendered":"<p>Univerzita P.J. \u0160af\u00e1rika, \u00dastav chemick\u00fdch vied, Ko\u0161ice, SR TU Wien, Institut f\u00fcr Chemische Technologie Anorganischer Stoffe, Wien, \u00d6sterreich. Politecnico di Torino, Dipartimento di Scienza dei&#8230;<\/p>\n","protected":false},"author":1,"featured_media":0,"parent":110,"menu_order":40,"comment_status":"closed","ping_status":"closed","template":"","meta":{"footnotes":""},"class_list":["post-183","page","type-page","status-publish","hentry"],"_links":{"self":[{"href":"https:\/\/websrv.saske.sk\/imr\/wp-json\/wp\/v2\/pages\/183","targetHints":{"allow":["GET"]}}],"collection":[{"href":"https:\/\/websrv.saske.sk\/imr\/wp-json\/wp\/v2\/pages"}],"about":[{"href":"https:\/\/websrv.saske.sk\/imr\/wp-json\/wp\/v2\/types\/page"}],"author":[{"embeddable":true,"href":"https:\/\/websrv.saske.sk\/imr\/wp-json\/wp\/v2\/users\/1"}],"replies":[{"embeddable":true,"href":"https:\/\/websrv.saske.sk\/imr\/wp-json\/wp\/v2\/comments?post=183"}],"version-history":[{"count":3,"href":"https:\/\/websrv.saske.sk\/imr\/wp-json\/wp\/v2\/pages\/183\/revisions"}],"predecessor-version":[{"id":706,"href":"https:\/\/websrv.saske.sk\/imr\/wp-json\/wp\/v2\/pages\/183\/revisions\/706"}],"up":[{"embeddable":true,"href":"https:\/\/websrv.saske.sk\/imr\/wp-json\/wp\/v2\/pages\/110"}],"wp:attachment":[{"href":"https:\/\/websrv.saske.sk\/imr\/wp-json\/wp\/v2\/media?parent=183"}],"curies":[{"name":"wp","href":"https:\/\/api.w.org\/{rel}","templated":true}]}}