{"id":1826,"date":"2022-07-07T11:13:47","date_gmt":"2022-07-07T09:13:47","guid":{"rendered":"https:\/\/websrv.saske.sk\/imr\/?page_id=1826"},"modified":"2022-07-07T11:17:53","modified_gmt":"2022-07-07T09:17:53","slug":"akreditacie","status":"publish","type":"page","link":"https:\/\/websrv.saske.sk\/imr\/dokumenty\/akreditacie\/","title":{"rendered":"Akredit\u00e1cie"},"content":{"rendered":"<h3 style=\"text-align: center;\">Akredit\u00e1cie \u00dastavu Materi\u00e1lov\u00e9ho V\u00fdskumu, v. v. i.<\/h3>\n<h3 style=\"text-align: center;\">Slovenskej Akad\u00e9mie Vied v Ko\u0161iciach<\/h3>\n<p>Akredita\u010dn\u00e9 hodnotenie 2022 (obdobie rokov 2016 a\u017e 2021):<\/p>\n<p>Spr\u00e1va (v anglickom jazyku \u2013 \u201eQuestionnaire\u201c) k akredita\u010dn\u00e9mu hodnoteniu <a href=\"https:\/\/websrv.saske.sk\/imr\/wp-content\/uploads\/2022\/07\/UMV_SAV_Accreditation_2022.pdf\" target=\"_blank\" rel=\"noopener\">(.pdf)<\/a><\/p>\n","protected":false},"excerpt":{"rendered":"<p>Akredit\u00e1cie \u00dastavu Materi\u00e1lov\u00e9ho V\u00fdskumu, v. v. i. Slovenskej Akad\u00e9mie Vied v Ko\u0161iciach Akredita\u010dn\u00e9 hodnotenie 2022 (obdobie rokov 2016 a\u017e 2021): Spr\u00e1va (v anglickom jazyku \u2013&#8230;<\/p>\n","protected":false},"author":1,"featured_media":0,"parent":43,"menu_order":0,"comment_status":"closed","ping_status":"closed","template":"","meta":{"footnotes":""},"class_list":["post-1826","page","type-page","status-publish","hentry"],"_links":{"self":[{"href":"https:\/\/websrv.saske.sk\/imr\/wp-json\/wp\/v2\/pages\/1826","targetHints":{"allow":["GET"]}}],"collection":[{"href":"https:\/\/websrv.saske.sk\/imr\/wp-json\/wp\/v2\/pages"}],"about":[{"href":"https:\/\/websrv.saske.sk\/imr\/wp-json\/wp\/v2\/types\/page"}],"author":[{"embeddable":true,"href":"https:\/\/websrv.saske.sk\/imr\/wp-json\/wp\/v2\/users\/1"}],"replies":[{"embeddable":true,"href":"https:\/\/websrv.saske.sk\/imr\/wp-json\/wp\/v2\/comments?post=1826"}],"version-history":[{"count":4,"href":"https:\/\/websrv.saske.sk\/imr\/wp-json\/wp\/v2\/pages\/1826\/revisions"}],"predecessor-version":[{"id":1831,"href":"https:\/\/websrv.saske.sk\/imr\/wp-json\/wp\/v2\/pages\/1826\/revisions\/1831"}],"up":[{"embeddable":true,"href":"https:\/\/websrv.saske.sk\/imr\/wp-json\/wp\/v2\/pages\/43"}],"wp:attachment":[{"href":"https:\/\/websrv.saske.sk\/imr\/wp-json\/wp\/v2\/media?parent=1826"}],"curies":[{"name":"wp","href":"https:\/\/api.w.org\/{rel}","templated":true}]}}