{"id":1801,"date":"2022-03-31T09:47:56","date_gmt":"2022-03-31T07:47:56","guid":{"rendered":"https:\/\/websrv.saske.sk\/imr\/?page_id=1801"},"modified":"2024-02-16T08:56:07","modified_gmt":"2024-02-16T07:56:07","slug":"poriadky-a-predpisy-umv-sav-v-v-i","status":"publish","type":"page","link":"https:\/\/websrv.saske.sk\/imr\/dokumenty\/poriadky-a-predpisy-umv-sav-v-v-i\/","title":{"rendered":"Poriadky a predpisy \u00daMV SAV, v.v.i."},"content":{"rendered":"<p><a href=\"https:\/\/websrv.saske.sk\/imr\/wp-content\/uploads\/2024\/02\/Oznamenie-o-konani-volby-clenov-Vedeckej-rady_UMV-SAV-v.v.i.pdf\"><strong>Ozn\u00e1menie o konan\u00ed vo\u013eby \u010dlenov Vedeckej rady \u00dastavu materi\u00e1lov\u00e9ho v\u00fdskumu SAV, v. v. i.<\/strong><\/a><\/p>\n<p><a href=\"https:\/\/websrv.saske.sk\/imr\/wp-content\/uploads\/2022\/03\/3-UMV-vnutor-predpis-OZ-final-01.pdf\">Vn\u00fatorn\u00e9 predpisy<\/a><\/p>\n<p><a href=\"https:\/\/websrv.saske.sk\/imr\/wp-content\/uploads\/2022\/03\/2-pravidla-tvorby-rozpoctu_UMV_2022_final.pdf\">Pravidl\u00e1 tvorby rozpo\u010dtu<\/a><\/p>\n<p><a href=\"https:\/\/websrv.saske.sk\/imr\/wp-content\/uploads\/2022\/03\/1e-Hodnotenie-UMV-SAV_2022_final-01.pdf\">Hodnotenie \u00daMV SAV, v.v.i.<\/a><\/p>\n<p><a href=\"https:\/\/websrv.saske.sk\/imr\/wp-content\/uploads\/2022\/03\/1d-UMV-Pracovny_poriadok_2022_final-01.pdf\">Pracovn\u00fd poriadok<\/a><\/p>\n<p><a href=\"https:\/\/websrv.saske.sk\/imr\/wp-content\/uploads\/2022\/03\/1c-UMV-voleb.-a-nom.-poriadok-na-clen-VR_2022_final-01.pdf\">Volebn\u00fd a nomina\u010dn\u00fd poriadok na \u010dlena Vedeckej rady<\/a><\/p>\n<p><a href=\"https:\/\/websrv.saske.sk\/imr\/wp-content\/uploads\/2022\/03\/1b-UMV-voleb.-a-nom.-poriadok-na-clen-SR_2022_final-01.pdf\">Volebn\u00fd a nomina\u010dn\u00fd poriadok na \u010dlena Spr\u00e1vnej rady<\/a><\/p>\n<p><a href=\"https:\/\/websrv.saske.sk\/imr\/wp-content\/uploads\/2022\/03\/1a-UMV-THS-org_poriadok_2022_final-01.pdf\">Organiza\u010dn\u00fd poriadok<\/a><\/p>\n","protected":false},"excerpt":{"rendered":"<p>Ozn\u00e1menie o konan\u00ed vo\u013eby \u010dlenov Vedeckej rady \u00dastavu materi\u00e1lov\u00e9ho v\u00fdskumu SAV, v. v. i. Vn\u00fatorn\u00e9 predpisy Pravidl\u00e1 tvorby rozpo\u010dtu Hodnotenie \u00daMV SAV, v.v.i. Pracovn\u00fd poriadok&#8230;<\/p>\n","protected":false},"author":1,"featured_media":0,"parent":43,"menu_order":0,"comment_status":"closed","ping_status":"closed","template":"","meta":{"footnotes":""},"class_list":["post-1801","page","type-page","status-publish","hentry"],"_links":{"self":[{"href":"https:\/\/websrv.saske.sk\/imr\/wp-json\/wp\/v2\/pages\/1801","targetHints":{"allow":["GET"]}}],"collection":[{"href":"https:\/\/websrv.saske.sk\/imr\/wp-json\/wp\/v2\/pages"}],"about":[{"href":"https:\/\/websrv.saske.sk\/imr\/wp-json\/wp\/v2\/types\/page"}],"author":[{"embeddable":true,"href":"https:\/\/websrv.saske.sk\/imr\/wp-json\/wp\/v2\/users\/1"}],"replies":[{"embeddable":true,"href":"https:\/\/websrv.saske.sk\/imr\/wp-json\/wp\/v2\/comments?post=1801"}],"version-history":[{"count":7,"href":"https:\/\/websrv.saske.sk\/imr\/wp-json\/wp\/v2\/pages\/1801\/revisions"}],"predecessor-version":[{"id":2012,"href":"https:\/\/websrv.saske.sk\/imr\/wp-json\/wp\/v2\/pages\/1801\/revisions\/2012"}],"up":[{"embeddable":true,"href":"https:\/\/websrv.saske.sk\/imr\/wp-json\/wp\/v2\/pages\/43"}],"wp:attachment":[{"href":"https:\/\/websrv.saske.sk\/imr\/wp-json\/wp\/v2\/media?parent=1801"}],"curies":[{"name":"wp","href":"https:\/\/api.w.org\/{rel}","templated":true}]}}