{"id":1735,"date":"2022-02-18T13:00:28","date_gmt":"2022-02-18T12:00:28","guid":{"rendered":"https:\/\/websrv.saske.sk\/imr\/?page_id=1735"},"modified":"2025-08-08T08:01:09","modified_gmt":"2025-08-08T06:01:09","slug":"dozorna-rada","status":"publish","type":"page","link":"https:\/\/websrv.saske.sk\/imr\/o-nas\/struktura\/dozorna-rada\/","title":{"rendered":"Dozorn\u00e1 rada \u00daMV SAV, v.v.i."},"content":{"rendered":"<p><strong>Ing. Romana Jurkiewiczov\u00e1<\/strong><br \/>\n\u00darad Slovenskej akad\u00e9mie vied<br \/>\nTel: +421 2 57510 194<br \/>\nE-mail: jurkiewiczova(at)up.upsav.sk<\/p>\n<p><strong>RNDr. Pavol Siman, PhD.<\/strong><br \/>\n\u00darad Slovenskej akad\u00e9mie vied<br \/>\nTel: +421 905 336 021<br \/>\nE-mail: geolsima(at)savba.sk<\/p>\n<p><strong>prof. RNDr. Pavol Sov\u00e1k, CSc.<\/strong><br \/>\nRektor, Univerzita Pavla Jozefa \u0160af\u00e1rika v Ko\u0161iciach<br \/>\nTel: +421 55 6222 608<br \/>\nE-mail: pavol.sovak(at)upjs.sk<\/p>\n","protected":false},"excerpt":{"rendered":"<p>Ing. Romana Jurkiewiczov\u00e1 \u00darad Slovenskej akad\u00e9mie vied Tel: +421 2 57510 194 E-mail: jurkiewiczova(at)up.upsav.sk RNDr. Pavol Siman, PhD. \u00darad Slovenskej akad\u00e9mie vied Tel: +421 905&#8230;<\/p>\n","protected":false},"author":1,"featured_media":0,"parent":60,"menu_order":0,"comment_status":"closed","ping_status":"closed","template":"","meta":{"footnotes":""},"class_list":["post-1735","page","type-page","status-publish","hentry"],"_links":{"self":[{"href":"https:\/\/websrv.saske.sk\/imr\/wp-json\/wp\/v2\/pages\/1735","targetHints":{"allow":["GET"]}}],"collection":[{"href":"https:\/\/websrv.saske.sk\/imr\/wp-json\/wp\/v2\/pages"}],"about":[{"href":"https:\/\/websrv.saske.sk\/imr\/wp-json\/wp\/v2\/types\/page"}],"author":[{"embeddable":true,"href":"https:\/\/websrv.saske.sk\/imr\/wp-json\/wp\/v2\/users\/1"}],"replies":[{"embeddable":true,"href":"https:\/\/websrv.saske.sk\/imr\/wp-json\/wp\/v2\/comments?post=1735"}],"version-history":[{"count":4,"href":"https:\/\/websrv.saske.sk\/imr\/wp-json\/wp\/v2\/pages\/1735\/revisions"}],"predecessor-version":[{"id":2214,"href":"https:\/\/websrv.saske.sk\/imr\/wp-json\/wp\/v2\/pages\/1735\/revisions\/2214"}],"up":[{"embeddable":true,"href":"https:\/\/websrv.saske.sk\/imr\/wp-json\/wp\/v2\/pages\/60"}],"wp:attachment":[{"href":"https:\/\/websrv.saske.sk\/imr\/wp-json\/wp\/v2\/media?parent=1735"}],"curies":[{"name":"wp","href":"https:\/\/api.w.org\/{rel}","templated":true}]}}